{"id":58351,"date":"2021-06-08T09:50:57","date_gmt":"2021-06-08T13:50:57","guid":{"rendered":"https:\/\/machineriesbst.com\/?post_type=product&#038;p=58351"},"modified":"2024-07-29T11:07:20","modified_gmt":"2024-07-29T15:07:20","slug":"broyeur-zeno-usagee","status":"publish","type":"product","link":"https:\/\/machineriesbst.com\/en\/catalogue\/broyeur-zeno-usagee\/","title":{"rendered":"Used Zeno crusher"},"content":{"rendered":"<p id=\"tw-target-text\" class=\"tw-data-text tw-ta tw-text-small\" dir=\"ltr\" data-placeholder=\"Translation\"><span lang=\"fr\">Used Zeno shredder <\/span><\/p>\n<p class=\"tw-data-text tw-ta tw-text-small\" dir=\"ltr\" data-placeholder=\"Translation\"><span lang=\"fr\">- Low noise hopper fed waste shredder model ZTLL 1350\/1580 <\/span><\/p>\n<p class=\"tw-data-text tw-ta tw-text-small\" dir=\"ltr\" data-placeholder=\"Translation\"><span lang=\"fr\">- Vertical hopper feed, 70 HP rotor motor, 15 \u2033 dia. rotor with (28) reversible knives integrated in the rotor without knife holder, special cutting angle improving service life, tools can also be overturned. <\/span><\/p>\n<p class=\"tw-data-text tw-ta tw-text-small\" dir=\"ltr\" data-placeholder=\"Translation\"><span lang=\"fr\">- Heavy-duty 3\/4 \u2033 steel panel construction, double tapered roller bearings mounted in special steel housings, <\/span><\/p>\n<p class=\"tw-data-text tw-ta tw-text-small\" dir=\"ltr\" data-placeholder=\"Translation\"><span lang=\"fr\">- Ram ram with hydraulic control of 5 HP. <\/span><\/p>\n<p class=\"tw-data-text tw-ta tw-text-small\" dir=\"ltr\" data-placeholder=\"Translation\"><span lang=\"fr\">- Includes: control panel, discharge auger and conveyor. <\/span><\/p>\n<p class=\"tw-data-text tw-ta tw-text-small\" dir=\"ltr\" data-placeholder=\"Translation\"><span lang=\"fr\">- Includes: Approximately 5.5ft x 8.5ft x 10ft high hopper that mounts on top of base machine. <\/span><\/p>\n<p class=\"tw-data-text tw-ta tw-text-small\" dir=\"ltr\" data-placeholder=\"Translation\"><span lang=\"fr\">S \/ N 91A-3229, 1991<\/span><\/p>","protected":false},"excerpt":{"rendered":"<p>Used Zeno Disposer - Model ZTLL 1350\/1580 Low Noise Hopper Fed Waste Disposer - Vertical Hopper Feed, 70 HP Rotor Motor, 15\u2033 dia. rotor with (28) reversible knives integrated in the rotor without knife holders, special cutting angle improving service life, tools can also be [\u2026]<\/p>","protected":false},"author":3,"featured_media":52717,"comment_status":"open","ping_status":"closed","template":"","meta":[],"product_cat":[3016],"product_tag":[],"acf":[],"yoast_head":"<!-- This site is optimized with the Yoast SEO plugin v16.8 - https:\/\/yoast.com\/wordpress\/plugins\/seo\/ -->\n<title>Broyeur Zeno usag\u00e9e - Machineries BST<\/title>\n<meta name=\"robots\" content=\"index, follow, max-snippet:-1, max-image-preview:large, max-video-preview:-1\" \/>\n<link rel=\"canonical\" href=\"https:\/\/machineriesbst.com\/en\/catalogue\/broyeur-zeno-usagee\/\" \/>\n<meta property=\"og:locale\" content=\"en_US\" \/>\n<meta property=\"og:type\" content=\"article\" \/>\n<meta property=\"og:title\" content=\"Broyeur Zeno usag\u00e9e - Machineries BST\" \/>\n<meta property=\"og:description\" content=\"Broyeur Zeno d&#039;occasion - Broyeur de d\u00e9chets aliment\u00e9 par tr\u00e9mie \u00e0 faible bruit mod\u00e8le ZTLL 1350\/1580 - Alimentation verticale de la tr\u00e9mie, moteur de rotor de 70 CV, 15 \u2033 dia. rotor avec (28) couteaux r\u00e9versibles int\u00e9gr\u00e9s dans le rotor sans porte-couteaux, angle de coupe sp\u00e9cial am\u00e9liorant la dur\u00e9e de vie, outils pouvant \u00e9galement \u00eatre [&hellip;]\" \/>\n<meta property=\"og:url\" content=\"https:\/\/machineriesbst.com\/en\/catalogue\/broyeur-zeno-usagee\/\" \/>\n<meta property=\"og:site_name\" content=\"Machineries BST\" \/>\n<meta property=\"article:modified_time\" content=\"2024-07-29T15:07:20+00:00\" \/>\n<meta property=\"og:image\" content=\"https:\/\/machineriesbst.com\/wp-content\/uploads\/2021\/05\/Used-Zeno-Grinder.jpg\" \/>\n\t<meta property=\"og:image:width\" content=\"800\" \/>\n\t<meta property=\"og:image:height\" content=\"495\" \/>\n<meta name=\"twitter:card\" content=\"summary_large_image\" \/>\n<meta name=\"twitter:label1\" content=\"Est. reading time\" \/>\n\t<meta name=\"twitter:data1\" content=\"1 minute\" \/>\n<script type=\"application\/ld+json\" class=\"yoast-schema-graph\">{\"@context\":\"https:\/\/schema.org\",\"@graph\":[{\"@type\":\"WebSite\",\"@id\":\"https:\/\/machineriesbst.com\/en\/#website\",\"url\":\"https:\/\/machineriesbst.com\/en\/\",\"name\":\"Machineries BST\",\"description\":\"Machines neuves &amp; usag\\u00e9es\",\"potentialAction\":[{\"@type\":\"SearchAction\",\"target\":{\"@type\":\"EntryPoint\",\"urlTemplate\":\"https:\/\/machineriesbst.com\/en\/?s={search_term_string}\"},\"query-input\":\"required name=search_term_string\"}],\"inLanguage\":\"en-US\"},{\"@type\":\"ImageObject\",\"@id\":\"https:\/\/machineriesbst.com\/en\/catalogue\/broyeur-zeno-usagee\/#primaryimage\",\"inLanguage\":\"en-US\",\"url\":\"https:\/\/machineriesbst.com\/wp-content\/uploads\/2021\/05\/Used-Zeno-Grinder.jpg\",\"contentUrl\":\"https:\/\/machineriesbst.com\/wp-content\/uploads\/2021\/05\/Used-Zeno-Grinder.jpg\",\"width\":800,\"height\":495},{\"@type\":\"WebPage\",\"@id\":\"https:\/\/machineriesbst.com\/en\/catalogue\/broyeur-zeno-usagee\/#webpage\",\"url\":\"https:\/\/machineriesbst.com\/en\/catalogue\/broyeur-zeno-usagee\/\",\"name\":\"Broyeur Zeno usag\\u00e9e - Machineries BST\",\"isPartOf\":{\"@id\":\"https:\/\/machineriesbst.com\/en\/#website\"},\"primaryImageOfPage\":{\"@id\":\"https:\/\/machineriesbst.com\/en\/catalogue\/broyeur-zeno-usagee\/#primaryimage\"},\"datePublished\":\"2021-06-08T13:50:57+00:00\",\"dateModified\":\"2024-07-29T15:07:20+00:00\",\"breadcrumb\":{\"@id\":\"https:\/\/machineriesbst.com\/en\/catalogue\/broyeur-zeno-usagee\/#breadcrumb\"},\"inLanguage\":\"en-US\",\"potentialAction\":[{\"@type\":\"ReadAction\",\"target\":[\"https:\/\/machineriesbst.com\/en\/catalogue\/broyeur-zeno-usagee\/\"]}]},{\"@type\":\"BreadcrumbList\",\"@id\":\"https:\/\/machineriesbst.com\/en\/catalogue\/broyeur-zeno-usagee\/#breadcrumb\",\"itemListElement\":[{\"@type\":\"ListItem\",\"position\":1,\"name\":\"Accueil\",\"item\":\"https:\/\/machineriesbst.com\/en\/\"},{\"@type\":\"ListItem\",\"position\":2,\"name\":\"Catalogue\",\"item\":\"https:\/\/machineriesbst.com\/en\/catalog\/\"},{\"@type\":\"ListItem\",\"position\":3,\"name\":\"Broyeur Zeno usag\\u00e9e\"}]}]}<\/script>\n<!-- \/ Yoast SEO plugin. -->","yoast_head_json":{"title":"Broyeur Zeno usag\u00e9e - Machineries BST","robots":{"index":"index","follow":"follow","max-snippet":"max-snippet:-1","max-image-preview":"max-image-preview:large","max-video-preview":"max-video-preview:-1"},"canonical":"https:\/\/machineriesbst.com\/en\/catalogue\/broyeur-zeno-usagee\/","og_locale":"en_US","og_type":"article","og_title":"Broyeur Zeno usag\u00e9e - Machineries BST","og_description":"Broyeur Zeno d'occasion - Broyeur de d\u00e9chets aliment\u00e9 par tr\u00e9mie \u00e0 faible bruit mod\u00e8le ZTLL 1350\/1580 - Alimentation verticale de la tr\u00e9mie, moteur de rotor de 70 CV, 15 \u2033 dia. rotor avec (28) couteaux r\u00e9versibles int\u00e9gr\u00e9s dans le rotor sans porte-couteaux, angle de coupe sp\u00e9cial am\u00e9liorant la dur\u00e9e de vie, outils pouvant \u00e9galement \u00eatre [&hellip;]","og_url":"https:\/\/machineriesbst.com\/en\/catalogue\/broyeur-zeno-usagee\/","og_site_name":"Machineries BST","article_modified_time":"2024-07-29T15:07:20+00:00","og_image":[{"width":800,"height":495,"url":"https:\/\/machineriesbst.com\/wp-content\/uploads\/2021\/05\/Used-Zeno-Grinder.jpg","path":"\/home\/jepeto\/public_html\/wp-content\/uploads\/2021\/05\/Used-Zeno-Grinder.jpg","size":"full","id":52717,"alt":"","pixels":396000,"type":"image\/jpeg"}],"twitter_card":"summary_large_image","twitter_misc":{"Est. reading time":"1 minute"},"schema":{"@context":"https:\/\/schema.org","@graph":[{"@type":"WebSite","@id":"https:\/\/machineriesbst.com\/en\/#website","url":"https:\/\/machineriesbst.com\/en\/","name":"Machineries BST","description":"Machines neuves &amp; usag\u00e9es","potentialAction":[{"@type":"SearchAction","target":{"@type":"EntryPoint","urlTemplate":"https:\/\/machineriesbst.com\/en\/?s={search_term_string}"},"query-input":"required name=search_term_string"}],"inLanguage":"en-US"},{"@type":"ImageObject","@id":"https:\/\/machineriesbst.com\/en\/catalogue\/broyeur-zeno-usagee\/#primaryimage","inLanguage":"en-US","url":"https:\/\/machineriesbst.com\/wp-content\/uploads\/2021\/05\/Used-Zeno-Grinder.jpg","contentUrl":"https:\/\/machineriesbst.com\/wp-content\/uploads\/2021\/05\/Used-Zeno-Grinder.jpg","width":800,"height":495},{"@type":"WebPage","@id":"https:\/\/machineriesbst.com\/en\/catalogue\/broyeur-zeno-usagee\/#webpage","url":"https:\/\/machineriesbst.com\/en\/catalogue\/broyeur-zeno-usagee\/","name":"Broyeur Zeno usag\u00e9e - Machineries BST","isPartOf":{"@id":"https:\/\/machineriesbst.com\/en\/#website"},"primaryImageOfPage":{"@id":"https:\/\/machineriesbst.com\/en\/catalogue\/broyeur-zeno-usagee\/#primaryimage"},"datePublished":"2021-06-08T13:50:57+00:00","dateModified":"2024-07-29T15:07:20+00:00","breadcrumb":{"@id":"https:\/\/machineriesbst.com\/en\/catalogue\/broyeur-zeno-usagee\/#breadcrumb"},"inLanguage":"en-US","potentialAction":[{"@type":"ReadAction","target":["https:\/\/machineriesbst.com\/en\/catalogue\/broyeur-zeno-usagee\/"]}]},{"@type":"BreadcrumbList","@id":"https:\/\/machineriesbst.com\/en\/catalogue\/broyeur-zeno-usagee\/#breadcrumb","itemListElement":[{"@type":"ListItem","position":1,"name":"Accueil","item":"https:\/\/machineriesbst.com\/en\/"},{"@type":"ListItem","position":2,"name":"Catalogue","item":"https:\/\/machineriesbst.com\/en\/catalog\/"},{"@type":"ListItem","position":3,"name":"Broyeur Zeno usag\u00e9e"}]}]}},"_links":{"self":[{"href":"https:\/\/machineriesbst.com\/en\/wp-json\/wp\/v2\/product\/58351"}],"collection":[{"href":"https:\/\/machineriesbst.com\/en\/wp-json\/wp\/v2\/product"}],"about":[{"href":"https:\/\/machineriesbst.com\/en\/wp-json\/wp\/v2\/types\/product"}],"author":[{"embeddable":true,"href":"https:\/\/machineriesbst.com\/en\/wp-json\/wp\/v2\/users\/3"}],"replies":[{"embeddable":true,"href":"https:\/\/machineriesbst.com\/en\/wp-json\/wp\/v2\/comments?post=58351"}],"wp:featuredmedia":[{"embeddable":true,"href":"https:\/\/machineriesbst.com\/en\/wp-json\/wp\/v2\/media\/52717"}],"wp:attachment":[{"href":"https:\/\/machineriesbst.com\/en\/wp-json\/wp\/v2\/media?parent=58351"}],"wp:term":[{"taxonomy":"product_cat","embeddable":true,"href":"https:\/\/machineriesbst.com\/en\/wp-json\/wp\/v2\/product_cat?post=58351"},{"taxonomy":"product_tag","embeddable":true,"href":"https:\/\/machineriesbst.com\/en\/wp-json\/wp\/v2\/product_tag?post=58351"}],"curies":[{"name":"wp","href":"https:\/\/api.w.org\/{rel}","templated":true}]}}