{"id":58350,"date":"2021-06-08T09:50:57","date_gmt":"2021-06-08T13:50:57","guid":{"rendered":"https:\/\/machineriesbst.com\/?post_type=product&#038;p=58350"},"modified":"2023-11-30T20:23:51","modified_gmt":"2023-12-01T01:23:51","slug":"affuteuse-raboteuse-pinheiro-mf-ef-630-24","status":"publish","type":"product","link":"https:\/\/machineriesbst.com\/en\/catalogue\/affuteuse-raboteuse-pinheiro-mf-ef-630-24\/","title":{"rendered":"Pinheiro MF-EF-630 planer sharpener, 24 &quot;"},"content":{"rendered":"<p>Four-sided planer \/ matcher<\/p>\n<p>Maximum width capacity: 24 \u2033<\/p>\n<p>Planing thickness: 1\/2 &quot;- 8&quot;<\/p>\n<p>Four-knife cutting heads, TERSA style, top and bottom<\/p>\n<p>Cutting head speeds: 5,500 rpm<\/p>\n<p>Lower engine: approx. 15 HP<\/p>\n<p>Upper Main Motor: Approx. 25 HP<\/p>\n<p>Side Heads Each Approx. 7.5 HP<\/p>\n<p>Side Pin Diameters: 1-13 \/ 16 \u2033<\/p>\n<p>Feed motor: 4 HP<\/p>\n<p>Variable speed feed: 20 - 100 FPM<\/p>\n<p>Shortest part: 16 \u2033 (9 \u2033)<\/p>\n<p>Sectional feed rollers<\/p>\n<p>Motorized thickness adjustment<\/p>\n<p>Manual crank for fine thickness adjustment<\/p>\n<p>Crank for feeding adjustment<\/p>\n<p>Push button controls<\/p>","protected":false},"excerpt":{"rendered":"<p>Four-sided planer \/ matcher Maximum width capacity: 24 \u2033 Planer thickness: 1\/2 &quot;- 8&quot; Four-knife cutting heads, TERSA style, up and down Cutting head speeds: 5,500 rpm Motor lower: approx. 15 HP Upper Main Motor: Approx. 25 HP Side Heads Each Approx. [\u2026]<\/p>","protected":false},"author":3,"featured_media":52698,"comment_status":"open","ping_status":"closed","template":"","meta":[],"product_cat":[3025],"product_tag":[],"acf":[],"yoast_head":"<!-- This site is optimized with the Yoast SEO plugin v16.8 - https:\/\/yoast.com\/wordpress\/plugins\/seo\/ -->\n<title>Aff\u00fbteuse raboteuse Pinheiro MF-EF-630, 24 &quot; - Machineries BST<\/title>\n<meta name=\"robots\" content=\"index, follow, max-snippet:-1, max-image-preview:large, max-video-preview:-1\" \/>\n<link rel=\"canonical\" href=\"https:\/\/machineriesbst.com\/en\/catalogue\/affuteuse-raboteuse-pinheiro-mf-ef-630-24\/\" \/>\n<meta property=\"og:locale\" content=\"en_US\" \/>\n<meta property=\"og:type\" content=\"article\" \/>\n<meta property=\"og:title\" content=\"Aff\u00fbteuse raboteuse Pinheiro MF-EF-630, 24 &quot; - Machineries BST\" \/>\n<meta property=\"og:description\" content=\"Raboteuse \/ matcher \u00e0 quatre c\u00f4t\u00e9s Capacit\u00e9 de largeur maximale: 24 \u2033 \u00c9paisseur de rabotage: 1\/2 &quot;- 8&quot; T\u00eates de coupe \u00e0 quatre couteaux, style TERSA, haut et bas Vitesses de la t\u00eate de coupe: 5 500 tr \/ min Moteur inf\u00e9rieur: env. 15 HP Moteur principal sup\u00e9rieur: Env. 25 HP T\u00eates Lat\u00e9rales Chaque Approx. [&hellip;]\" \/>\n<meta property=\"og:url\" content=\"https:\/\/machineriesbst.com\/en\/catalogue\/affuteuse-raboteuse-pinheiro-mf-ef-630-24\/\" \/>\n<meta property=\"og:site_name\" content=\"Machineries BST\" \/>\n<meta property=\"article:modified_time\" content=\"2023-12-01T01:23:51+00:00\" \/>\n<meta property=\"og:image\" content=\"https:\/\/machineriesbst.com\/wp-content\/uploads\/2021\/05\/Used-Pinheiro-Model-MF-EF-630-2422-Four-Sided-Planer-Matcher.jpeg\" \/>\n\t<meta property=\"og:image:width\" content=\"800\" \/>\n\t<meta property=\"og:image:height\" content=\"533\" \/>\n<meta name=\"twitter:card\" content=\"summary_large_image\" \/>\n<meta name=\"twitter:label1\" content=\"Est. reading time\" \/>\n\t<meta name=\"twitter:data1\" content=\"1 minute\" \/>\n<script type=\"application\/ld+json\" class=\"yoast-schema-graph\">{\"@context\":\"https:\/\/schema.org\",\"@graph\":[{\"@type\":\"WebSite\",\"@id\":\"https:\/\/machineriesbst.com\/en\/#website\",\"url\":\"https:\/\/machineriesbst.com\/en\/\",\"name\":\"Machineries BST\",\"description\":\"Machines neuves &amp; usag\\u00e9es\",\"potentialAction\":[{\"@type\":\"SearchAction\",\"target\":{\"@type\":\"EntryPoint\",\"urlTemplate\":\"https:\/\/machineriesbst.com\/en\/?s={search_term_string}\"},\"query-input\":\"required name=search_term_string\"}],\"inLanguage\":\"en-US\"},{\"@type\":\"ImageObject\",\"@id\":\"https:\/\/machineriesbst.com\/en\/catalogue\/affuteuse-raboteuse-pinheiro-mf-ef-630-24\/#primaryimage\",\"inLanguage\":\"en-US\",\"url\":\"https:\/\/machineriesbst.com\/wp-content\/uploads\/2021\/05\/Used-Pinheiro-Model-MF-EF-630-2422-Four-Sided-Planer-Matcher.jpeg\",\"contentUrl\":\"https:\/\/machineriesbst.com\/wp-content\/uploads\/2021\/05\/Used-Pinheiro-Model-MF-EF-630-2422-Four-Sided-Planer-Matcher.jpeg\",\"width\":800,\"height\":533},{\"@type\":\"WebPage\",\"@id\":\"https:\/\/machineriesbst.com\/en\/catalogue\/affuteuse-raboteuse-pinheiro-mf-ef-630-24\/#webpage\",\"url\":\"https:\/\/machineriesbst.com\/en\/catalogue\/affuteuse-raboteuse-pinheiro-mf-ef-630-24\/\",\"name\":\"Aff\\u00fbteuse raboteuse Pinheiro MF-EF-630, 24 \\\" - Machineries BST\",\"isPartOf\":{\"@id\":\"https:\/\/machineriesbst.com\/en\/#website\"},\"primaryImageOfPage\":{\"@id\":\"https:\/\/machineriesbst.com\/en\/catalogue\/affuteuse-raboteuse-pinheiro-mf-ef-630-24\/#primaryimage\"},\"datePublished\":\"2021-06-08T13:50:57+00:00\",\"dateModified\":\"2023-12-01T01:23:51+00:00\",\"breadcrumb\":{\"@id\":\"https:\/\/machineriesbst.com\/en\/catalogue\/affuteuse-raboteuse-pinheiro-mf-ef-630-24\/#breadcrumb\"},\"inLanguage\":\"en-US\",\"potentialAction\":[{\"@type\":\"ReadAction\",\"target\":[\"https:\/\/machineriesbst.com\/en\/catalogue\/affuteuse-raboteuse-pinheiro-mf-ef-630-24\/\"]}]},{\"@type\":\"BreadcrumbList\",\"@id\":\"https:\/\/machineriesbst.com\/en\/catalogue\/affuteuse-raboteuse-pinheiro-mf-ef-630-24\/#breadcrumb\",\"itemListElement\":[{\"@type\":\"ListItem\",\"position\":1,\"name\":\"Accueil\",\"item\":\"https:\/\/machineriesbst.com\/en\/\"},{\"@type\":\"ListItem\",\"position\":2,\"name\":\"Catalogue\",\"item\":\"https:\/\/machineriesbst.com\/en\/catalog\/\"},{\"@type\":\"ListItem\",\"position\":3,\"name\":\"Aff\\u00fbteuse raboteuse Pinheiro MF-EF-630, 24 \\\"\"}]}]}<\/script>\n<!-- \/ Yoast SEO plugin. -->","yoast_head_json":{"title":"Aff\u00fbteuse raboteuse Pinheiro MF-EF-630, 24 \" - Machineries BST","robots":{"index":"index","follow":"follow","max-snippet":"max-snippet:-1","max-image-preview":"max-image-preview:large","max-video-preview":"max-video-preview:-1"},"canonical":"https:\/\/machineriesbst.com\/en\/catalogue\/affuteuse-raboteuse-pinheiro-mf-ef-630-24\/","og_locale":"en_US","og_type":"article","og_title":"Aff\u00fbteuse raboteuse Pinheiro MF-EF-630, 24 \" - Machineries BST","og_description":"Raboteuse \/ matcher \u00e0 quatre c\u00f4t\u00e9s Capacit\u00e9 de largeur maximale: 24 \u2033 \u00c9paisseur de rabotage: 1\/2 \"- 8\" T\u00eates de coupe \u00e0 quatre couteaux, style TERSA, haut et bas Vitesses de la t\u00eate de coupe: 5 500 tr \/ min Moteur inf\u00e9rieur: env. 15 HP Moteur principal sup\u00e9rieur: Env. 25 HP T\u00eates Lat\u00e9rales Chaque Approx. [&hellip;]","og_url":"https:\/\/machineriesbst.com\/en\/catalogue\/affuteuse-raboteuse-pinheiro-mf-ef-630-24\/","og_site_name":"Machineries BST","article_modified_time":"2023-12-01T01:23:51+00:00","og_image":[{"width":800,"height":533,"url":"https:\/\/machineriesbst.com\/wp-content\/uploads\/2021\/05\/Used-Pinheiro-Model-MF-EF-630-2422-Four-Sided-Planer-Matcher.jpeg","path":"\/home\/jepeto\/public_html\/wp-content\/uploads\/2021\/05\/Used-Pinheiro-Model-MF-EF-630-2422-Four-Sided-Planer-Matcher.jpeg","size":"full","id":52698,"alt":"","pixels":426400,"type":"image\/jpeg"}],"twitter_card":"summary_large_image","twitter_misc":{"Est. reading time":"1 minute"},"schema":{"@context":"https:\/\/schema.org","@graph":[{"@type":"WebSite","@id":"https:\/\/machineriesbst.com\/en\/#website","url":"https:\/\/machineriesbst.com\/en\/","name":"Machineries BST","description":"Machines neuves &amp; usag\u00e9es","potentialAction":[{"@type":"SearchAction","target":{"@type":"EntryPoint","urlTemplate":"https:\/\/machineriesbst.com\/en\/?s={search_term_string}"},"query-input":"required name=search_term_string"}],"inLanguage":"en-US"},{"@type":"ImageObject","@id":"https:\/\/machineriesbst.com\/en\/catalogue\/affuteuse-raboteuse-pinheiro-mf-ef-630-24\/#primaryimage","inLanguage":"en-US","url":"https:\/\/machineriesbst.com\/wp-content\/uploads\/2021\/05\/Used-Pinheiro-Model-MF-EF-630-2422-Four-Sided-Planer-Matcher.jpeg","contentUrl":"https:\/\/machineriesbst.com\/wp-content\/uploads\/2021\/05\/Used-Pinheiro-Model-MF-EF-630-2422-Four-Sided-Planer-Matcher.jpeg","width":800,"height":533},{"@type":"WebPage","@id":"https:\/\/machineriesbst.com\/en\/catalogue\/affuteuse-raboteuse-pinheiro-mf-ef-630-24\/#webpage","url":"https:\/\/machineriesbst.com\/en\/catalogue\/affuteuse-raboteuse-pinheiro-mf-ef-630-24\/","name":"Aff\u00fbteuse raboteuse Pinheiro MF-EF-630, 24 \" - Machineries BST","isPartOf":{"@id":"https:\/\/machineriesbst.com\/en\/#website"},"primaryImageOfPage":{"@id":"https:\/\/machineriesbst.com\/en\/catalogue\/affuteuse-raboteuse-pinheiro-mf-ef-630-24\/#primaryimage"},"datePublished":"2021-06-08T13:50:57+00:00","dateModified":"2023-12-01T01:23:51+00:00","breadcrumb":{"@id":"https:\/\/machineriesbst.com\/en\/catalogue\/affuteuse-raboteuse-pinheiro-mf-ef-630-24\/#breadcrumb"},"inLanguage":"en-US","potentialAction":[{"@type":"ReadAction","target":["https:\/\/machineriesbst.com\/en\/catalogue\/affuteuse-raboteuse-pinheiro-mf-ef-630-24\/"]}]},{"@type":"BreadcrumbList","@id":"https:\/\/machineriesbst.com\/en\/catalogue\/affuteuse-raboteuse-pinheiro-mf-ef-630-24\/#breadcrumb","itemListElement":[{"@type":"ListItem","position":1,"name":"Accueil","item":"https:\/\/machineriesbst.com\/en\/"},{"@type":"ListItem","position":2,"name":"Catalogue","item":"https:\/\/machineriesbst.com\/en\/catalog\/"},{"@type":"ListItem","position":3,"name":"Aff\u00fbteuse raboteuse Pinheiro MF-EF-630, 24 \""}]}]}},"_links":{"self":[{"href":"https:\/\/machineriesbst.com\/en\/wp-json\/wp\/v2\/product\/58350"}],"collection":[{"href":"https:\/\/machineriesbst.com\/en\/wp-json\/wp\/v2\/product"}],"about":[{"href":"https:\/\/machineriesbst.com\/en\/wp-json\/wp\/v2\/types\/product"}],"author":[{"embeddable":true,"href":"https:\/\/machineriesbst.com\/en\/wp-json\/wp\/v2\/users\/3"}],"replies":[{"embeddable":true,"href":"https:\/\/machineriesbst.com\/en\/wp-json\/wp\/v2\/comments?post=58350"}],"wp:featuredmedia":[{"embeddable":true,"href":"https:\/\/machineriesbst.com\/en\/wp-json\/wp\/v2\/media\/52698"}],"wp:attachment":[{"href":"https:\/\/machineriesbst.com\/en\/wp-json\/wp\/v2\/media?parent=58350"}],"wp:term":[{"taxonomy":"product_cat","embeddable":true,"href":"https:\/\/machineriesbst.com\/en\/wp-json\/wp\/v2\/product_cat?post=58350"},{"taxonomy":"product_tag","embeddable":true,"href":"https:\/\/machineriesbst.com\/en\/wp-json\/wp\/v2\/product_tag?post=58350"}],"curies":[{"name":"wp","href":"https:\/\/api.w.org\/{rel}","templated":true}]}}