{"id":58342,"date":"2021-06-08T09:50:33","date_gmt":"2021-06-08T13:50:33","guid":{"rendered":"https:\/\/machineriesbst.com\/?post_type=product&#038;p=58342"},"modified":"2024-03-28T09:28:40","modified_gmt":"2024-03-28T13:28:40","slug":"accu-systems-hvpp-cnc-goujon-alesage-encolleuse-de-colle-2","status":"publish","type":"product","link":"https:\/\/machineriesbst.com\/en\/catalogue\/accu-systems-hvpp-cnc-goujon-alesage-encolleuse-de-colle-2\/","title":{"rendered":"Accu-Systems HVPP CNC Dowel, Bore, Glue Spreader:"},"content":{"rendered":"<p>Accu-Systems HVPP CNC Dowel, Bore, Glue Spreader:<\/p>\n<ul>\n<li>(4) work areas,<\/li>\n<li>Overall 78 &quot;max. width hat .;<\/li>\n<li>(1) CNC controlled head assembly: (1) vertical (this head was removed, slipped and wired still there) and (1) horizontal head with rapid side-to-side rotation;<\/li>\n<li>Drill, glue and insert unit, 2 HP - 3.500 rpm drilling motor.<\/li>\n<li>Equipped with: (8) Pneumatic vertical retaining clamps, function selector control for drilling only or dowelling, adjustable drilling speed; 1-9 \/ 16 &quot;(40 mm) max. ankle length, fit for dia. 6 or 8mm dowel, (1) dowel inserter;<\/li>\n<li>Height adjustment for material thickness up to 1-1 \/ 8 &quot;with digital readout.<\/li>\n<\/ul>","protected":false},"excerpt":{"rendered":"<p>Accu-Systems HVPP CNC Dowel, Bore, Glue Spreader: (4) working areas, Overall 78 &quot;max. width hat .; (1) CNC controlled head assembly: (1) vertical (this head was removed, slipped and wired still there) and (1) horizontal head with rapid side-to-side rotation; Drilling unit, [\u2026]<\/p>","protected":false},"author":3,"featured_media":52625,"comment_status":"open","ping_status":"closed","template":"","meta":[],"product_cat":[86],"product_tag":[],"acf":[],"yoast_head":"<!-- This site is optimized with the Yoast SEO plugin v16.8 - https:\/\/yoast.com\/wordpress\/plugins\/seo\/ -->\n<title>Accu-Systems HVPP CNC Goujon, Al\u00e9sage, Encolleuse de colle: - Machineries BST<\/title>\n<meta name=\"robots\" content=\"index, follow, max-snippet:-1, max-image-preview:large, max-video-preview:-1\" \/>\n<link rel=\"canonical\" href=\"https:\/\/machineriesbst.com\/en\/catalogue\/accu-systems-hvpp-cnc-goujon-alesage-encolleuse-de-colle-2\/\" \/>\n<meta property=\"og:locale\" content=\"en_US\" \/>\n<meta property=\"og:type\" content=\"article\" \/>\n<meta property=\"og:title\" content=\"Accu-Systems HVPP CNC Goujon, Al\u00e9sage, Encolleuse de colle: - Machineries BST\" \/>\n<meta property=\"og:description\" content=\"Accu-Systems HVPP CNC Goujon, Al\u00e9sage, Encolleuse de colle: (4) zones de travail, Dans l\u2019ensemble 78 \u00ab\u00a0max. chapeau de largeur .; (1) Assemblage de la t\u00eate contr\u00f4l\u00e9e par CNC: (1) verticale (cette t\u00eate a \u00e9t\u00e9 retir\u00e9e, gliss\u00e9e et c\u00e2bl\u00e9e toujours l\u00e0) et (1) t\u00eate horizontale avec une rotation rapide d\u2019un c\u00f4t\u00e9 \u00e0 l\u2019autre; Unit\u00e9 de per\u00e7age, [&hellip;]\" \/>\n<meta property=\"og:url\" content=\"https:\/\/machineriesbst.com\/en\/catalogue\/accu-systems-hvpp-cnc-goujon-alesage-encolleuse-de-colle-2\/\" \/>\n<meta property=\"og:site_name\" content=\"Machineries BST\" \/>\n<meta property=\"article:modified_time\" content=\"2024-03-28T13:28:40+00:00\" \/>\n<meta property=\"og:image\" content=\"https:\/\/machineriesbst.com\/wp-content\/uploads\/2021\/05\/HVPP-Accu-system-01.jpg\" \/>\n\t<meta property=\"og:image:width\" content=\"2016\" \/>\n\t<meta property=\"og:image:height\" content=\"1512\" \/>\n<meta name=\"twitter:card\" content=\"summary_large_image\" \/>\n<meta name=\"twitter:label1\" content=\"Est. reading time\" \/>\n\t<meta name=\"twitter:data1\" content=\"1 minute\" \/>\n<script type=\"application\/ld+json\" class=\"yoast-schema-graph\">{\"@context\":\"https:\/\/schema.org\",\"@graph\":[{\"@type\":\"WebSite\",\"@id\":\"https:\/\/machineriesbst.com\/en\/#website\",\"url\":\"https:\/\/machineriesbst.com\/en\/\",\"name\":\"Machineries BST\",\"description\":\"Machines neuves &amp; usag\\u00e9es\",\"potentialAction\":[{\"@type\":\"SearchAction\",\"target\":{\"@type\":\"EntryPoint\",\"urlTemplate\":\"https:\/\/machineriesbst.com\/en\/?s={search_term_string}\"},\"query-input\":\"required name=search_term_string\"}],\"inLanguage\":\"en-US\"},{\"@type\":\"ImageObject\",\"@id\":\"https:\/\/machineriesbst.com\/en\/catalogue\/accu-systems-hvpp-cnc-goujon-alesage-encolleuse-de-colle-2\/#primaryimage\",\"inLanguage\":\"en-US\",\"url\":\"https:\/\/machineriesbst.com\/wp-content\/uploads\/2021\/05\/HVPP-Accu-system-01.jpg\",\"contentUrl\":\"https:\/\/machineriesbst.com\/wp-content\/uploads\/2021\/05\/HVPP-Accu-system-01.jpg\",\"width\":2016,\"height\":1512},{\"@type\":\"WebPage\",\"@id\":\"https:\/\/machineriesbst.com\/en\/catalogue\/accu-systems-hvpp-cnc-goujon-alesage-encolleuse-de-colle-2\/#webpage\",\"url\":\"https:\/\/machineriesbst.com\/en\/catalogue\/accu-systems-hvpp-cnc-goujon-alesage-encolleuse-de-colle-2\/\",\"name\":\"Accu-Systems HVPP CNC Goujon, Al\\u00e9sage, Encolleuse de colle: - Machineries BST\",\"isPartOf\":{\"@id\":\"https:\/\/machineriesbst.com\/en\/#website\"},\"primaryImageOfPage\":{\"@id\":\"https:\/\/machineriesbst.com\/en\/catalogue\/accu-systems-hvpp-cnc-goujon-alesage-encolleuse-de-colle-2\/#primaryimage\"},\"datePublished\":\"2021-06-08T13:50:33+00:00\",\"dateModified\":\"2024-03-28T13:28:40+00:00\",\"breadcrumb\":{\"@id\":\"https:\/\/machineriesbst.com\/en\/catalogue\/accu-systems-hvpp-cnc-goujon-alesage-encolleuse-de-colle-2\/#breadcrumb\"},\"inLanguage\":\"en-US\",\"potentialAction\":[{\"@type\":\"ReadAction\",\"target\":[\"https:\/\/machineriesbst.com\/en\/catalogue\/accu-systems-hvpp-cnc-goujon-alesage-encolleuse-de-colle-2\/\"]}]},{\"@type\":\"BreadcrumbList\",\"@id\":\"https:\/\/machineriesbst.com\/en\/catalogue\/accu-systems-hvpp-cnc-goujon-alesage-encolleuse-de-colle-2\/#breadcrumb\",\"itemListElement\":[{\"@type\":\"ListItem\",\"position\":1,\"name\":\"Accueil\",\"item\":\"https:\/\/machineriesbst.com\/en\/\"},{\"@type\":\"ListItem\",\"position\":2,\"name\":\"Catalogue\",\"item\":\"https:\/\/machineriesbst.com\/en\/catalog\/\"},{\"@type\":\"ListItem\",\"position\":3,\"name\":\"Accu-Systems HVPP CNC Goujon, Al\\u00e9sage, Encolleuse de colle:\"}]}]}<\/script>\n<!-- \/ Yoast SEO plugin. -->","yoast_head_json":{"title":"Accu-Systems HVPP CNC Goujon, Al\u00e9sage, Encolleuse de colle: - Machineries BST","robots":{"index":"index","follow":"follow","max-snippet":"max-snippet:-1","max-image-preview":"max-image-preview:large","max-video-preview":"max-video-preview:-1"},"canonical":"https:\/\/machineriesbst.com\/en\/catalogue\/accu-systems-hvpp-cnc-goujon-alesage-encolleuse-de-colle-2\/","og_locale":"en_US","og_type":"article","og_title":"Accu-Systems HVPP CNC Goujon, Al\u00e9sage, Encolleuse de colle: - Machineries BST","og_description":"Accu-Systems HVPP CNC Goujon, Al\u00e9sage, Encolleuse de colle: (4) zones de travail, Dans l\u2019ensemble 78 \u00ab\u00a0max. chapeau de largeur .; (1) Assemblage de la t\u00eate contr\u00f4l\u00e9e par CNC: (1) verticale (cette t\u00eate a \u00e9t\u00e9 retir\u00e9e, gliss\u00e9e et c\u00e2bl\u00e9e toujours l\u00e0) et (1) t\u00eate horizontale avec une rotation rapide d\u2019un c\u00f4t\u00e9 \u00e0 l\u2019autre; Unit\u00e9 de per\u00e7age, [&hellip;]","og_url":"https:\/\/machineriesbst.com\/en\/catalogue\/accu-systems-hvpp-cnc-goujon-alesage-encolleuse-de-colle-2\/","og_site_name":"Machineries BST","article_modified_time":"2024-03-28T13:28:40+00:00","og_image":[{"width":2016,"height":1512,"url":"https:\/\/machineriesbst.com\/wp-content\/uploads\/2021\/05\/HVPP-Accu-system-01.jpg","path":"\/home\/jepeto\/public_html\/wp-content\/uploads\/2021\/05\/HVPP-Accu-system-01.jpg","size":"full","id":52625,"alt":"","pixels":3048192,"type":"image\/jpeg"}],"twitter_card":"summary_large_image","twitter_misc":{"Est. reading time":"1 minute"},"schema":{"@context":"https:\/\/schema.org","@graph":[{"@type":"WebSite","@id":"https:\/\/machineriesbst.com\/en\/#website","url":"https:\/\/machineriesbst.com\/en\/","name":"Machineries BST","description":"Machines neuves &amp; usag\u00e9es","potentialAction":[{"@type":"SearchAction","target":{"@type":"EntryPoint","urlTemplate":"https:\/\/machineriesbst.com\/en\/?s={search_term_string}"},"query-input":"required name=search_term_string"}],"inLanguage":"en-US"},{"@type":"ImageObject","@id":"https:\/\/machineriesbst.com\/en\/catalogue\/accu-systems-hvpp-cnc-goujon-alesage-encolleuse-de-colle-2\/#primaryimage","inLanguage":"en-US","url":"https:\/\/machineriesbst.com\/wp-content\/uploads\/2021\/05\/HVPP-Accu-system-01.jpg","contentUrl":"https:\/\/machineriesbst.com\/wp-content\/uploads\/2021\/05\/HVPP-Accu-system-01.jpg","width":2016,"height":1512},{"@type":"WebPage","@id":"https:\/\/machineriesbst.com\/en\/catalogue\/accu-systems-hvpp-cnc-goujon-alesage-encolleuse-de-colle-2\/#webpage","url":"https:\/\/machineriesbst.com\/en\/catalogue\/accu-systems-hvpp-cnc-goujon-alesage-encolleuse-de-colle-2\/","name":"Accu-Systems HVPP CNC Goujon, Al\u00e9sage, Encolleuse de colle: - Machineries BST","isPartOf":{"@id":"https:\/\/machineriesbst.com\/en\/#website"},"primaryImageOfPage":{"@id":"https:\/\/machineriesbst.com\/en\/catalogue\/accu-systems-hvpp-cnc-goujon-alesage-encolleuse-de-colle-2\/#primaryimage"},"datePublished":"2021-06-08T13:50:33+00:00","dateModified":"2024-03-28T13:28:40+00:00","breadcrumb":{"@id":"https:\/\/machineriesbst.com\/en\/catalogue\/accu-systems-hvpp-cnc-goujon-alesage-encolleuse-de-colle-2\/#breadcrumb"},"inLanguage":"en-US","potentialAction":[{"@type":"ReadAction","target":["https:\/\/machineriesbst.com\/en\/catalogue\/accu-systems-hvpp-cnc-goujon-alesage-encolleuse-de-colle-2\/"]}]},{"@type":"BreadcrumbList","@id":"https:\/\/machineriesbst.com\/en\/catalogue\/accu-systems-hvpp-cnc-goujon-alesage-encolleuse-de-colle-2\/#breadcrumb","itemListElement":[{"@type":"ListItem","position":1,"name":"Accueil","item":"https:\/\/machineriesbst.com\/en\/"},{"@type":"ListItem","position":2,"name":"Catalogue","item":"https:\/\/machineriesbst.com\/en\/catalog\/"},{"@type":"ListItem","position":3,"name":"Accu-Systems HVPP CNC Goujon, Al\u00e9sage, Encolleuse de colle:"}]}]}},"_links":{"self":[{"href":"https:\/\/machineriesbst.com\/en\/wp-json\/wp\/v2\/product\/58342"}],"collection":[{"href":"https:\/\/machineriesbst.com\/en\/wp-json\/wp\/v2\/product"}],"about":[{"href":"https:\/\/machineriesbst.com\/en\/wp-json\/wp\/v2\/types\/product"}],"author":[{"embeddable":true,"href":"https:\/\/machineriesbst.com\/en\/wp-json\/wp\/v2\/users\/3"}],"replies":[{"embeddable":true,"href":"https:\/\/machineriesbst.com\/en\/wp-json\/wp\/v2\/comments?post=58342"}],"wp:featuredmedia":[{"embeddable":true,"href":"https:\/\/machineriesbst.com\/en\/wp-json\/wp\/v2\/media\/52625"}],"wp:attachment":[{"href":"https:\/\/machineriesbst.com\/en\/wp-json\/wp\/v2\/media?parent=58342"}],"wp:term":[{"taxonomy":"product_cat","embeddable":true,"href":"https:\/\/machineriesbst.com\/en\/wp-json\/wp\/v2\/product_cat?post=58342"},{"taxonomy":"product_tag","embeddable":true,"href":"https:\/\/machineriesbst.com\/en\/wp-json\/wp\/v2\/product_tag?post=58342"}],"curies":[{"name":"wp","href":"https:\/\/api.w.org\/{rel}","templated":true}]}}