{"id":58336,"date":"2021-06-08T09:50:32","date_gmt":"2021-06-08T13:50:32","guid":{"rendered":"https:\/\/machineriesbst.com\/?post_type=product&#038;p=58336"},"modified":"2023-11-30T20:23:52","modified_gmt":"2023-12-01T01:23:52","slug":"planeur-whitney-s-970-haut-et-bas","status":"publish","type":"product","link":"https:\/\/machineriesbst.com\/en\/catalogue\/planeur-whitney-s-970-haut-et-bas\/","title":{"rendered":"GLIDER WHITNEY S-970 TOP AND BOTTOM"},"content":{"rendered":"<p id=\"tw-target-text\" class=\"tw-data-text tw-ta tw-text-small\" dir=\"ltr\" data-placeholder=\"Translation\"><span lang=\"fr\">GLIDER WHITNEY S-970 TOP AND BOTTOM <\/span><\/p>\n<p class=\"tw-data-text tw-ta tw-text-small\" dir=\"ltr\" data-placeholder=\"Translation\"><span lang=\"fr\">This heavy-duty double resurfacer was made in North Carolina. <\/span><\/p>\n<p class=\"tw-data-text tw-ta tw-text-small\" dir=\"ltr\" data-placeholder=\"Translation\"><span lang=\"fr\">Newman - Whitney is the leading brand in high production wood planers. <\/span><\/p>\n<p class=\"tw-data-text tw-ta tw-text-small\" dir=\"ltr\" data-placeholder=\"Translation\"><span lang=\"fr\">The machine is equipped with Quiet Cut carbide cutting heads. <\/span><\/p>\n<p class=\"tw-data-text tw-ta tw-text-small\" dir=\"ltr\" data-placeholder=\"Translation\"><span lang=\"fr\">These heads give you a true shear cut, reducing surface blemishes and operating at a much lower noise level. <\/span><\/p>\n<p class=\"tw-data-text tw-ta tw-text-small\" dir=\"ltr\" data-placeholder=\"Translation\"><span lang=\"fr\">36 &quot;width capacity <\/span><\/p>\n<p class=\"tw-data-text tw-ta tw-text-small\" dir=\"ltr\" data-placeholder=\"Translation\"><span lang=\"fr\">Maximum thickness capacity of 7 &quot;Top head of 40 HP <\/span><\/p>\n<p class=\"tw-data-text tw-ta tw-text-small\" dir=\"ltr\" data-placeholder=\"Translation\"><span lang=\"fr\">30 HP lower head <\/span><\/p>\n<p class=\"tw-data-text tw-ta tw-text-small\" dir=\"ltr\" data-placeholder=\"Translation\"><span lang=\"fr\">Includes grinder<\/span><\/p>\n<p class=\"tw-data-text tw-ta tw-text-small\" dir=\"ltr\" data-placeholder=\"Translation\"><span lang=\"fr\">Power requirement of 460 volts three phase<\/span><\/p>","protected":false},"excerpt":{"rendered":"<p>WHITNEY S-970 UP AND DOWN GLIDER This rugged dual groomer was made in North Carolina. Newman - Whitney is the leading brand in high production wood planers. The machine is equipped with Quiet Cut carbide cutting heads. These heads give you a true shear cut, reducing flaws [\u2026]<\/p>","protected":false},"author":3,"featured_media":52586,"comment_status":"open","ping_status":"closed","template":"","meta":[],"product_cat":[3025],"product_tag":[],"acf":[],"yoast_head":"<!-- This site is optimized with the Yoast SEO plugin v16.8 - https:\/\/yoast.com\/wordpress\/plugins\/seo\/ -->\n<title>PLANEUR WHITNEY S-970 HAUT ET BAS - Machineries BST<\/title>\n<meta name=\"robots\" content=\"index, follow, max-snippet:-1, max-image-preview:large, max-video-preview:-1\" \/>\n<link rel=\"canonical\" href=\"https:\/\/machineriesbst.com\/en\/catalogue\/planeur-whitney-s-970-haut-et-bas\/\" \/>\n<meta property=\"og:locale\" content=\"en_US\" \/>\n<meta property=\"og:type\" content=\"article\" \/>\n<meta property=\"og:title\" content=\"PLANEUR WHITNEY S-970 HAUT ET BAS - Machineries BST\" \/>\n<meta property=\"og:description\" content=\"PLANEUR WHITNEY S-970 HAUT ET BAS Ce double surfaceur robuste a \u00e9t\u00e9 fabriqu\u00e9 en Caroline du Nord. Newman - Whitney est la marque leader dans les raboteuses pour bois \u00e0 haute production. La machine est \u00e9quip\u00e9e des t\u00eates de coupe en carbure Quiet Cut. Ces t\u00eates vous offrent une v\u00e9ritable coupe cisaill\u00e9e, r\u00e9duisant les d\u00e9fauts [&hellip;]\" \/>\n<meta property=\"og:url\" content=\"https:\/\/machineriesbst.com\/en\/catalogue\/planeur-whitney-s-970-haut-et-bas\/\" \/>\n<meta property=\"og:site_name\" content=\"Machineries BST\" \/>\n<meta property=\"article:modified_time\" content=\"2023-12-01T01:23:52+00:00\" \/>\n<meta property=\"og:image\" content=\"https:\/\/machineriesbst.com\/wp-content\/uploads\/2021\/05\/USED-WHITNEY-S-970-TOP-AND-BOTTOM-PLANER.jpg\" \/>\n\t<meta property=\"og:image:width\" content=\"785\" \/>\n\t<meta property=\"og:image:height\" content=\"573\" \/>\n<meta name=\"twitter:card\" content=\"summary_large_image\" \/>\n<script type=\"application\/ld+json\" class=\"yoast-schema-graph\">{\"@context\":\"https:\/\/schema.org\",\"@graph\":[{\"@type\":\"WebSite\",\"@id\":\"https:\/\/machineriesbst.com\/en\/#website\",\"url\":\"https:\/\/machineriesbst.com\/en\/\",\"name\":\"Machineries BST\",\"description\":\"Machines neuves &amp; usag\\u00e9es\",\"potentialAction\":[{\"@type\":\"SearchAction\",\"target\":{\"@type\":\"EntryPoint\",\"urlTemplate\":\"https:\/\/machineriesbst.com\/en\/?s={search_term_string}\"},\"query-input\":\"required name=search_term_string\"}],\"inLanguage\":\"en-US\"},{\"@type\":\"ImageObject\",\"@id\":\"https:\/\/machineriesbst.com\/en\/catalogue\/planeur-whitney-s-970-haut-et-bas\/#primaryimage\",\"inLanguage\":\"en-US\",\"url\":\"https:\/\/machineriesbst.com\/wp-content\/uploads\/2021\/05\/USED-WHITNEY-S-970-TOP-AND-BOTTOM-PLANER.jpg\",\"contentUrl\":\"https:\/\/machineriesbst.com\/wp-content\/uploads\/2021\/05\/USED-WHITNEY-S-970-TOP-AND-BOTTOM-PLANER.jpg\",\"width\":785,\"height\":573},{\"@type\":\"WebPage\",\"@id\":\"https:\/\/machineriesbst.com\/en\/catalogue\/planeur-whitney-s-970-haut-et-bas\/#webpage\",\"url\":\"https:\/\/machineriesbst.com\/en\/catalogue\/planeur-whitney-s-970-haut-et-bas\/\",\"name\":\"PLANEUR WHITNEY S-970 HAUT ET BAS - Machineries BST\",\"isPartOf\":{\"@id\":\"https:\/\/machineriesbst.com\/en\/#website\"},\"primaryImageOfPage\":{\"@id\":\"https:\/\/machineriesbst.com\/en\/catalogue\/planeur-whitney-s-970-haut-et-bas\/#primaryimage\"},\"datePublished\":\"2021-06-08T13:50:32+00:00\",\"dateModified\":\"2023-12-01T01:23:52+00:00\",\"breadcrumb\":{\"@id\":\"https:\/\/machineriesbst.com\/en\/catalogue\/planeur-whitney-s-970-haut-et-bas\/#breadcrumb\"},\"inLanguage\":\"en-US\",\"potentialAction\":[{\"@type\":\"ReadAction\",\"target\":[\"https:\/\/machineriesbst.com\/en\/catalogue\/planeur-whitney-s-970-haut-et-bas\/\"]}]},{\"@type\":\"BreadcrumbList\",\"@id\":\"https:\/\/machineriesbst.com\/en\/catalogue\/planeur-whitney-s-970-haut-et-bas\/#breadcrumb\",\"itemListElement\":[{\"@type\":\"ListItem\",\"position\":1,\"name\":\"Accueil\",\"item\":\"https:\/\/machineriesbst.com\/en\/\"},{\"@type\":\"ListItem\",\"position\":2,\"name\":\"Catalogue\",\"item\":\"https:\/\/machineriesbst.com\/en\/catalog\/\"},{\"@type\":\"ListItem\",\"position\":3,\"name\":\"PLANEUR WHITNEY S-970 HAUT ET BAS\"}]}]}<\/script>\n<!-- \/ Yoast SEO plugin. -->","yoast_head_json":{"title":"PLANEUR WHITNEY S-970 HAUT ET BAS - Machineries BST","robots":{"index":"index","follow":"follow","max-snippet":"max-snippet:-1","max-image-preview":"max-image-preview:large","max-video-preview":"max-video-preview:-1"},"canonical":"https:\/\/machineriesbst.com\/en\/catalogue\/planeur-whitney-s-970-haut-et-bas\/","og_locale":"en_US","og_type":"article","og_title":"PLANEUR WHITNEY S-970 HAUT ET BAS - Machineries BST","og_description":"PLANEUR WHITNEY S-970 HAUT ET BAS Ce double surfaceur robuste a \u00e9t\u00e9 fabriqu\u00e9 en Caroline du Nord. Newman - Whitney est la marque leader dans les raboteuses pour bois \u00e0 haute production. La machine est \u00e9quip\u00e9e des t\u00eates de coupe en carbure Quiet Cut. Ces t\u00eates vous offrent une v\u00e9ritable coupe cisaill\u00e9e, r\u00e9duisant les d\u00e9fauts [&hellip;]","og_url":"https:\/\/machineriesbst.com\/en\/catalogue\/planeur-whitney-s-970-haut-et-bas\/","og_site_name":"Machineries BST","article_modified_time":"2023-12-01T01:23:52+00:00","og_image":[{"width":785,"height":573,"url":"https:\/\/machineriesbst.com\/wp-content\/uploads\/2021\/05\/USED-WHITNEY-S-970-TOP-AND-BOTTOM-PLANER.jpg","path":"\/home\/jepeto\/public_html\/wp-content\/uploads\/2021\/05\/USED-WHITNEY-S-970-TOP-AND-BOTTOM-PLANER.jpg","size":"full","id":52586,"alt":"","pixels":449805,"type":"image\/jpeg"}],"twitter_card":"summary_large_image","schema":{"@context":"https:\/\/schema.org","@graph":[{"@type":"WebSite","@id":"https:\/\/machineriesbst.com\/en\/#website","url":"https:\/\/machineriesbst.com\/en\/","name":"Machineries BST","description":"Machines neuves &amp; usag\u00e9es","potentialAction":[{"@type":"SearchAction","target":{"@type":"EntryPoint","urlTemplate":"https:\/\/machineriesbst.com\/en\/?s={search_term_string}"},"query-input":"required name=search_term_string"}],"inLanguage":"en-US"},{"@type":"ImageObject","@id":"https:\/\/machineriesbst.com\/en\/catalogue\/planeur-whitney-s-970-haut-et-bas\/#primaryimage","inLanguage":"en-US","url":"https:\/\/machineriesbst.com\/wp-content\/uploads\/2021\/05\/USED-WHITNEY-S-970-TOP-AND-BOTTOM-PLANER.jpg","contentUrl":"https:\/\/machineriesbst.com\/wp-content\/uploads\/2021\/05\/USED-WHITNEY-S-970-TOP-AND-BOTTOM-PLANER.jpg","width":785,"height":573},{"@type":"WebPage","@id":"https:\/\/machineriesbst.com\/en\/catalogue\/planeur-whitney-s-970-haut-et-bas\/#webpage","url":"https:\/\/machineriesbst.com\/en\/catalogue\/planeur-whitney-s-970-haut-et-bas\/","name":"PLANEUR WHITNEY S-970 HAUT ET BAS - Machineries BST","isPartOf":{"@id":"https:\/\/machineriesbst.com\/en\/#website"},"primaryImageOfPage":{"@id":"https:\/\/machineriesbst.com\/en\/catalogue\/planeur-whitney-s-970-haut-et-bas\/#primaryimage"},"datePublished":"2021-06-08T13:50:32+00:00","dateModified":"2023-12-01T01:23:52+00:00","breadcrumb":{"@id":"https:\/\/machineriesbst.com\/en\/catalogue\/planeur-whitney-s-970-haut-et-bas\/#breadcrumb"},"inLanguage":"en-US","potentialAction":[{"@type":"ReadAction","target":["https:\/\/machineriesbst.com\/en\/catalogue\/planeur-whitney-s-970-haut-et-bas\/"]}]},{"@type":"BreadcrumbList","@id":"https:\/\/machineriesbst.com\/en\/catalogue\/planeur-whitney-s-970-haut-et-bas\/#breadcrumb","itemListElement":[{"@type":"ListItem","position":1,"name":"Accueil","item":"https:\/\/machineriesbst.com\/en\/"},{"@type":"ListItem","position":2,"name":"Catalogue","item":"https:\/\/machineriesbst.com\/en\/catalog\/"},{"@type":"ListItem","position":3,"name":"PLANEUR WHITNEY S-970 HAUT ET BAS"}]}]}},"_links":{"self":[{"href":"https:\/\/machineriesbst.com\/en\/wp-json\/wp\/v2\/product\/58336"}],"collection":[{"href":"https:\/\/machineriesbst.com\/en\/wp-json\/wp\/v2\/product"}],"about":[{"href":"https:\/\/machineriesbst.com\/en\/wp-json\/wp\/v2\/types\/product"}],"author":[{"embeddable":true,"href":"https:\/\/machineriesbst.com\/en\/wp-json\/wp\/v2\/users\/3"}],"replies":[{"embeddable":true,"href":"https:\/\/machineriesbst.com\/en\/wp-json\/wp\/v2\/comments?post=58336"}],"wp:featuredmedia":[{"embeddable":true,"href":"https:\/\/machineriesbst.com\/en\/wp-json\/wp\/v2\/media\/52586"}],"wp:attachment":[{"href":"https:\/\/machineriesbst.com\/en\/wp-json\/wp\/v2\/media?parent=58336"}],"wp:term":[{"taxonomy":"product_cat","embeddable":true,"href":"https:\/\/machineriesbst.com\/en\/wp-json\/wp\/v2\/product_cat?post=58336"},{"taxonomy":"product_tag","embeddable":true,"href":"https:\/\/machineriesbst.com\/en\/wp-json\/wp\/v2\/product_tag?post=58336"}],"curies":[{"name":"wp","href":"https:\/\/api.w.org\/{rel}","templated":true}]}}