{"id":58334,"date":"2021-06-08T09:50:31","date_gmt":"2021-06-08T13:50:31","guid":{"rendered":"https:\/\/machineriesbst.com\/?post_type=product&#038;p=58334"},"modified":"2023-11-30T20:23:52","modified_gmt":"2023-12-01T01:23:52","slug":"northtech-nt610-el-24-po-rabot-double-surface","status":"publish","type":"product","link":"https:\/\/machineriesbst.com\/en\/catalogue\/northtech-nt610-el-24-po-rabot-double-surface\/","title":{"rendered":"NORTHTECH NT610 EL 24 &#39;&#39; DOUBLE SURFACE PLANER"},"content":{"rendered":"<p id=\"tw-target-text\" class=\"tw-data-text tw-ta tw-text-small\" dir=\"ltr\" data-placeholder=\"Translation\"><span lang=\"fr\">NORDHTECH 24-in NT 610 EL DOUBLE SURFACE PLANER WITH INDEXABLE CARBIDE KNIVES! <\/span><\/p>\n<p class=\"tw-data-text tw-ta tw-text-small\" dir=\"ltr\" data-placeholder=\"Translation\"><span lang=\"fr\">NORTHTECH 24 &#39;&#39; DOUBLE SURFACE PLANTER NT-610 EL used <\/span><\/p>\n<p class=\"tw-data-text tw-ta tw-text-small\" dir=\"ltr\" data-placeholder=\"Translation\"><span lang=\"fr\">Helical heads <\/span><\/p>\n<p class=\"tw-data-text tw-ta tw-text-small\" dir=\"ltr\" data-placeholder=\"Translation\"><span lang=\"fr\">6 rows of spiral tungsten carbide knives <\/span><\/p>\n<p class=\"tw-data-text tw-ta tw-text-small\" dir=\"ltr\" data-placeholder=\"Translation\"><span lang=\"fr\">Top head: 25 HP <\/span><\/p>\n<p class=\"tw-data-text tw-ta tw-text-small\" dir=\"ltr\" data-placeholder=\"Translation\"><span lang=\"fr\">Lower head: 20 HP <\/span><\/p>\n<p class=\"tw-data-text tw-ta tw-text-small\" dir=\"ltr\" data-placeholder=\"Translation\"><span lang=\"fr\">Power motor: 3 HP, <\/span><\/p>\n<p class=\"tw-data-text tw-ta tw-text-small\" dir=\"ltr\" data-placeholder=\"Translation\"><span lang=\"fr\">Feed speeds: 20-75 FPM <\/span><\/p>\n<p class=\"tw-data-text tw-ta tw-text-small\" dir=\"ltr\" data-placeholder=\"Translation\"><span lang=\"fr\">Motorized raise and lower (motor: 1HP) <\/span><\/p>\n<p class=\"tw-data-text tw-ta tw-text-small\" dir=\"ltr\" data-placeholder=\"Translation\"><span lang=\"fr\">Cleaned and checked<\/span><\/p>","protected":false},"excerpt":{"rendered":"<p>NORDHTECH 24-in NT 610 EL DOUBLE SURFACE PLANER WITH INDEXABLE CARBIDE KNIVES! Used NORTHTECH 24 &#39;&#39; NT-610 EL DOUBLE SURFACE PLANER Used Helical Heads 6 Row Spiral Tungsten Carbide Knives Top Head: 25 HP Bottom Head: 20 HP Feed Motor: 3 HP, Feed Speeds: 20-75 Motorized increase and decrease FPM (motor: 1HP) [\u2026]<\/p>","protected":false},"author":3,"featured_media":52578,"comment_status":"open","ping_status":"closed","template":"","meta":[],"product_cat":[3025],"product_tag":[],"acf":[],"yoast_head":"<!-- This site is optimized with the Yoast SEO plugin v16.8 - https:\/\/yoast.com\/wordpress\/plugins\/seo\/ -->\n<title>NORTHTECH NT610 EL 24 po RABOT DOUBLE SURFACE - Machineries BST<\/title>\n<meta name=\"robots\" content=\"index, follow, max-snippet:-1, max-image-preview:large, max-video-preview:-1\" \/>\n<link rel=\"canonical\" href=\"https:\/\/machineriesbst.com\/en\/catalogue\/northtech-nt610-el-24-po-rabot-double-surface\/\" \/>\n<meta property=\"og:locale\" content=\"en_US\" \/>\n<meta property=\"og:type\" content=\"article\" \/>\n<meta property=\"og:title\" content=\"NORTHTECH NT610 EL 24 po RABOT DOUBLE SURFACE - Machineries BST\" \/>\n<meta property=\"og:description\" content=\"NORDHTECH 24-po NT 610 EL DOUBLE RABOT DE SURFACE AVEC COUTEAUX CARBURE INDEXABLES! PLANTEUSE DOUBLE SURFACE NORTHTECH 24 po NT-610 EL d&#039;occasion T\u00eates h\u00e9lico\u00efdales 6 rang\u00e9es de couteaux en carbure de tungst\u00e8ne spiral\u00e9s T\u00eate sup\u00e9rieure: 25 HP T\u00eate inf\u00e9rieure: 20 HP Moteur d&#039;alimentation: 3 HP, Vitesses d&#039;alimentation: 20-75 FPM Augmenter et baisser motoris\u00e9 (moteur: 1HP) [&hellip;]\" \/>\n<meta property=\"og:url\" content=\"https:\/\/machineriesbst.com\/en\/catalogue\/northtech-nt610-el-24-po-rabot-double-surface\/\" \/>\n<meta property=\"og:site_name\" content=\"Machineries BST\" \/>\n<meta property=\"article:modified_time\" content=\"2023-12-01T01:23:52+00:00\" \/>\n<meta property=\"og:image\" content=\"https:\/\/machineriesbst.com\/wp-content\/uploads\/2021\/05\/NORTHTECH-NT610-EL-24-in-DOUBLE-SURFACE-PLANER-PLANER.jpg\" \/>\n\t<meta property=\"og:image:width\" content=\"800\" \/>\n\t<meta property=\"og:image:height\" content=\"530\" \/>\n<meta name=\"twitter:card\" content=\"summary_large_image\" \/>\n<script type=\"application\/ld+json\" class=\"yoast-schema-graph\">{\"@context\":\"https:\/\/schema.org\",\"@graph\":[{\"@type\":\"WebSite\",\"@id\":\"https:\/\/machineriesbst.com\/en\/#website\",\"url\":\"https:\/\/machineriesbst.com\/en\/\",\"name\":\"Machineries BST\",\"description\":\"Machines neuves &amp; usag\\u00e9es\",\"potentialAction\":[{\"@type\":\"SearchAction\",\"target\":{\"@type\":\"EntryPoint\",\"urlTemplate\":\"https:\/\/machineriesbst.com\/en\/?s={search_term_string}\"},\"query-input\":\"required name=search_term_string\"}],\"inLanguage\":\"en-US\"},{\"@type\":\"ImageObject\",\"@id\":\"https:\/\/machineriesbst.com\/en\/catalogue\/northtech-nt610-el-24-po-rabot-double-surface\/#primaryimage\",\"inLanguage\":\"en-US\",\"url\":\"https:\/\/machineriesbst.com\/wp-content\/uploads\/2021\/05\/NORTHTECH-NT610-EL-24-in-DOUBLE-SURFACE-PLANER-PLANER.jpg\",\"contentUrl\":\"https:\/\/machineriesbst.com\/wp-content\/uploads\/2021\/05\/NORTHTECH-NT610-EL-24-in-DOUBLE-SURFACE-PLANER-PLANER.jpg\",\"width\":800,\"height\":530},{\"@type\":\"WebPage\",\"@id\":\"https:\/\/machineriesbst.com\/en\/catalogue\/northtech-nt610-el-24-po-rabot-double-surface\/#webpage\",\"url\":\"https:\/\/machineriesbst.com\/en\/catalogue\/northtech-nt610-el-24-po-rabot-double-surface\/\",\"name\":\"NORTHTECH NT610 EL 24 po RABOT DOUBLE SURFACE - Machineries BST\",\"isPartOf\":{\"@id\":\"https:\/\/machineriesbst.com\/en\/#website\"},\"primaryImageOfPage\":{\"@id\":\"https:\/\/machineriesbst.com\/en\/catalogue\/northtech-nt610-el-24-po-rabot-double-surface\/#primaryimage\"},\"datePublished\":\"2021-06-08T13:50:31+00:00\",\"dateModified\":\"2023-12-01T01:23:52+00:00\",\"breadcrumb\":{\"@id\":\"https:\/\/machineriesbst.com\/en\/catalogue\/northtech-nt610-el-24-po-rabot-double-surface\/#breadcrumb\"},\"inLanguage\":\"en-US\",\"potentialAction\":[{\"@type\":\"ReadAction\",\"target\":[\"https:\/\/machineriesbst.com\/en\/catalogue\/northtech-nt610-el-24-po-rabot-double-surface\/\"]}]},{\"@type\":\"BreadcrumbList\",\"@id\":\"https:\/\/machineriesbst.com\/en\/catalogue\/northtech-nt610-el-24-po-rabot-double-surface\/#breadcrumb\",\"itemListElement\":[{\"@type\":\"ListItem\",\"position\":1,\"name\":\"Accueil\",\"item\":\"https:\/\/machineriesbst.com\/en\/\"},{\"@type\":\"ListItem\",\"position\":2,\"name\":\"Catalogue\",\"item\":\"https:\/\/machineriesbst.com\/en\/catalog\/\"},{\"@type\":\"ListItem\",\"position\":3,\"name\":\"NORTHTECH NT610 EL 24 po RABOT DOUBLE SURFACE\"}]}]}<\/script>\n<!-- \/ Yoast SEO plugin. -->","yoast_head_json":{"title":"NORTHTECH NT610 EL 24 po RABOT DOUBLE SURFACE - Machineries BST","robots":{"index":"index","follow":"follow","max-snippet":"max-snippet:-1","max-image-preview":"max-image-preview:large","max-video-preview":"max-video-preview:-1"},"canonical":"https:\/\/machineriesbst.com\/en\/catalogue\/northtech-nt610-el-24-po-rabot-double-surface\/","og_locale":"en_US","og_type":"article","og_title":"NORTHTECH NT610 EL 24 po RABOT DOUBLE SURFACE - Machineries BST","og_description":"NORDHTECH 24-po NT 610 EL DOUBLE RABOT DE SURFACE AVEC COUTEAUX CARBURE INDEXABLES! PLANTEUSE DOUBLE SURFACE NORTHTECH 24 po NT-610 EL d'occasion T\u00eates h\u00e9lico\u00efdales 6 rang\u00e9es de couteaux en carbure de tungst\u00e8ne spiral\u00e9s T\u00eate sup\u00e9rieure: 25 HP T\u00eate inf\u00e9rieure: 20 HP Moteur d'alimentation: 3 HP, Vitesses d'alimentation: 20-75 FPM Augmenter et baisser motoris\u00e9 (moteur: 1HP) [&hellip;]","og_url":"https:\/\/machineriesbst.com\/en\/catalogue\/northtech-nt610-el-24-po-rabot-double-surface\/","og_site_name":"Machineries BST","article_modified_time":"2023-12-01T01:23:52+00:00","og_image":[{"width":800,"height":530,"url":"https:\/\/machineriesbst.com\/wp-content\/uploads\/2021\/05\/NORTHTECH-NT610-EL-24-in-DOUBLE-SURFACE-PLANER-PLANER.jpg","path":"\/home\/jepeto\/public_html\/wp-content\/uploads\/2021\/05\/NORTHTECH-NT610-EL-24-in-DOUBLE-SURFACE-PLANER-PLANER.jpg","size":"full","id":52578,"alt":"","pixels":424000,"type":"image\/jpeg"}],"twitter_card":"summary_large_image","schema":{"@context":"https:\/\/schema.org","@graph":[{"@type":"WebSite","@id":"https:\/\/machineriesbst.com\/en\/#website","url":"https:\/\/machineriesbst.com\/en\/","name":"Machineries BST","description":"Machines neuves &amp; usag\u00e9es","potentialAction":[{"@type":"SearchAction","target":{"@type":"EntryPoint","urlTemplate":"https:\/\/machineriesbst.com\/en\/?s={search_term_string}"},"query-input":"required name=search_term_string"}],"inLanguage":"en-US"},{"@type":"ImageObject","@id":"https:\/\/machineriesbst.com\/en\/catalogue\/northtech-nt610-el-24-po-rabot-double-surface\/#primaryimage","inLanguage":"en-US","url":"https:\/\/machineriesbst.com\/wp-content\/uploads\/2021\/05\/NORTHTECH-NT610-EL-24-in-DOUBLE-SURFACE-PLANER-PLANER.jpg","contentUrl":"https:\/\/machineriesbst.com\/wp-content\/uploads\/2021\/05\/NORTHTECH-NT610-EL-24-in-DOUBLE-SURFACE-PLANER-PLANER.jpg","width":800,"height":530},{"@type":"WebPage","@id":"https:\/\/machineriesbst.com\/en\/catalogue\/northtech-nt610-el-24-po-rabot-double-surface\/#webpage","url":"https:\/\/machineriesbst.com\/en\/catalogue\/northtech-nt610-el-24-po-rabot-double-surface\/","name":"NORTHTECH NT610 EL 24 po RABOT DOUBLE SURFACE - Machineries BST","isPartOf":{"@id":"https:\/\/machineriesbst.com\/en\/#website"},"primaryImageOfPage":{"@id":"https:\/\/machineriesbst.com\/en\/catalogue\/northtech-nt610-el-24-po-rabot-double-surface\/#primaryimage"},"datePublished":"2021-06-08T13:50:31+00:00","dateModified":"2023-12-01T01:23:52+00:00","breadcrumb":{"@id":"https:\/\/machineriesbst.com\/en\/catalogue\/northtech-nt610-el-24-po-rabot-double-surface\/#breadcrumb"},"inLanguage":"en-US","potentialAction":[{"@type":"ReadAction","target":["https:\/\/machineriesbst.com\/en\/catalogue\/northtech-nt610-el-24-po-rabot-double-surface\/"]}]},{"@type":"BreadcrumbList","@id":"https:\/\/machineriesbst.com\/en\/catalogue\/northtech-nt610-el-24-po-rabot-double-surface\/#breadcrumb","itemListElement":[{"@type":"ListItem","position":1,"name":"Accueil","item":"https:\/\/machineriesbst.com\/en\/"},{"@type":"ListItem","position":2,"name":"Catalogue","item":"https:\/\/machineriesbst.com\/en\/catalog\/"},{"@type":"ListItem","position":3,"name":"NORTHTECH NT610 EL 24 po RABOT DOUBLE SURFACE"}]}]}},"_links":{"self":[{"href":"https:\/\/machineriesbst.com\/en\/wp-json\/wp\/v2\/product\/58334"}],"collection":[{"href":"https:\/\/machineriesbst.com\/en\/wp-json\/wp\/v2\/product"}],"about":[{"href":"https:\/\/machineriesbst.com\/en\/wp-json\/wp\/v2\/types\/product"}],"author":[{"embeddable":true,"href":"https:\/\/machineriesbst.com\/en\/wp-json\/wp\/v2\/users\/3"}],"replies":[{"embeddable":true,"href":"https:\/\/machineriesbst.com\/en\/wp-json\/wp\/v2\/comments?post=58334"}],"wp:featuredmedia":[{"embeddable":true,"href":"https:\/\/machineriesbst.com\/en\/wp-json\/wp\/v2\/media\/52578"}],"wp:attachment":[{"href":"https:\/\/machineriesbst.com\/en\/wp-json\/wp\/v2\/media?parent=58334"}],"wp:term":[{"taxonomy":"product_cat","embeddable":true,"href":"https:\/\/machineriesbst.com\/en\/wp-json\/wp\/v2\/product_cat?post=58334"},{"taxonomy":"product_tag","embeddable":true,"href":"https:\/\/machineriesbst.com\/en\/wp-json\/wp\/v2\/product_tag?post=58334"}],"curies":[{"name":"wp","href":"https:\/\/api.w.org\/{rel}","templated":true}]}}