{"id":58330,"date":"2021-06-08T09:50:07","date_gmt":"2021-06-08T13:50:07","guid":{"rendered":"https:\/\/machineriesbst.com\/?post_type=product&#038;p=58330"},"modified":"2023-11-30T20:23:52","modified_gmt":"2023-12-01T01:23:52","slug":"pince-de-porte-5-pieces-rosenquist-2004","status":"publish","type":"product","link":"https:\/\/machineriesbst.com\/en\/catalogue\/pince-de-porte-5-pieces-rosenquist-2004\/","title":{"rendered":"Rosenquist 2004 5 Piece Door Clamp"},"content":{"rendered":"<p>Rosenquist 5 Piece Radio Frequency Cabinet Door Clamp.<\/p>\n<p>Capacity 36 &quot;x 70&quot;<\/p>\n<p>This clamp quadrille and tighten the door and sets the glue in 45-80 seconds.<\/p>\n<p>This is a very heavy production machine and in excellent condition.<\/p>\n<p>Takes up less floor space than rotary style grippers Very nice clean machine in excellent working condition<\/p>\n<p>The machine is in very good condition<\/p>","protected":false},"excerpt":{"rendered":"<p>Rosenquist Radio Frequency 5 Piece Cabinet Door Clamp. Capacity 36&quot; x 70&quot; This clamp crisscrosses and clamps the door and sets the glue in 45-80 seconds. This is a very heavy production machine and in excellent condition. Takes up less floor space than rotary style clamps very nice clean machine [\u2026]<\/p>","protected":false},"author":3,"featured_media":52574,"comment_status":"open","ping_status":"closed","template":"","meta":[],"product_cat":[3015],"product_tag":[],"acf":[],"yoast_head":"<!-- This site is optimized with the Yoast SEO plugin v16.8 - https:\/\/yoast.com\/wordpress\/plugins\/seo\/ -->\n<title>Pince de porte 5 pi\u00e8ces Rosenquist 2004 - Machineries BST<\/title>\n<meta name=\"robots\" content=\"index, follow, max-snippet:-1, max-image-preview:large, max-video-preview:-1\" \/>\n<link rel=\"canonical\" href=\"https:\/\/machineriesbst.com\/en\/catalogue\/pince-de-porte-5-pieces-rosenquist-2004\/\" \/>\n<meta property=\"og:locale\" content=\"en_US\" \/>\n<meta property=\"og:type\" content=\"article\" \/>\n<meta property=\"og:title\" content=\"Pince de porte 5 pi\u00e8ces Rosenquist 2004 - Machineries BST\" \/>\n<meta property=\"og:description\" content=\"Pince de porte d\u2019armoire 5 pi\u00e8ces radiofr\u00e9quence Rosenquist. Capacit\u00e9 36 &quot;x 70&quot; Cette pince quadrille et serre la porte et fixe la colle en 45 \u00e0 80 secondes. Il s\u2019agit d\u2019une machine de production tr\u00e8s lourde et en excellent \u00e9tat. Prend moins d&#039;espace au sol que les pinces de style rotatives tr\u00e8s belle machine propre [&hellip;]\" \/>\n<meta property=\"og:url\" content=\"https:\/\/machineriesbst.com\/en\/catalogue\/pince-de-porte-5-pieces-rosenquist-2004\/\" \/>\n<meta property=\"og:site_name\" content=\"Machineries BST\" \/>\n<meta property=\"article:modified_time\" content=\"2023-12-01T01:23:52+00:00\" \/>\n<meta property=\"og:image\" content=\"https:\/\/machineriesbst.com\/wp-content\/uploads\/2021\/05\/2004-Rosenquest-5-piece-door-clamp-1-1.png\" \/>\n\t<meta property=\"og:image:width\" content=\"399\" \/>\n\t<meta property=\"og:image:height\" content=\"225\" \/>\n<meta name=\"twitter:card\" content=\"summary_large_image\" \/>\n<script type=\"application\/ld+json\" class=\"yoast-schema-graph\">{\"@context\":\"https:\/\/schema.org\",\"@graph\":[{\"@type\":\"WebSite\",\"@id\":\"https:\/\/machineriesbst.com\/en\/#website\",\"url\":\"https:\/\/machineriesbst.com\/en\/\",\"name\":\"Machineries BST\",\"description\":\"Machines neuves &amp; usag\\u00e9es\",\"potentialAction\":[{\"@type\":\"SearchAction\",\"target\":{\"@type\":\"EntryPoint\",\"urlTemplate\":\"https:\/\/machineriesbst.com\/en\/?s={search_term_string}\"},\"query-input\":\"required name=search_term_string\"}],\"inLanguage\":\"en-US\"},{\"@type\":\"ImageObject\",\"@id\":\"https:\/\/machineriesbst.com\/en\/catalogue\/pince-de-porte-5-pieces-rosenquist-2004\/#primaryimage\",\"inLanguage\":\"en-US\",\"url\":\"https:\/\/machineriesbst.com\/wp-content\/uploads\/2021\/05\/2004-Rosenquest-5-piece-door-clamp-1-1.png\",\"contentUrl\":\"https:\/\/machineriesbst.com\/wp-content\/uploads\/2021\/05\/2004-Rosenquest-5-piece-door-clamp-1-1.png\",\"width\":399,\"height\":225},{\"@type\":\"WebPage\",\"@id\":\"https:\/\/machineriesbst.com\/en\/catalogue\/pince-de-porte-5-pieces-rosenquist-2004\/#webpage\",\"url\":\"https:\/\/machineriesbst.com\/en\/catalogue\/pince-de-porte-5-pieces-rosenquist-2004\/\",\"name\":\"Pince de porte 5 pi\\u00e8ces Rosenquist 2004 - Machineries BST\",\"isPartOf\":{\"@id\":\"https:\/\/machineriesbst.com\/en\/#website\"},\"primaryImageOfPage\":{\"@id\":\"https:\/\/machineriesbst.com\/en\/catalogue\/pince-de-porte-5-pieces-rosenquist-2004\/#primaryimage\"},\"datePublished\":\"2021-06-08T13:50:07+00:00\",\"dateModified\":\"2023-12-01T01:23:52+00:00\",\"breadcrumb\":{\"@id\":\"https:\/\/machineriesbst.com\/en\/catalogue\/pince-de-porte-5-pieces-rosenquist-2004\/#breadcrumb\"},\"inLanguage\":\"en-US\",\"potentialAction\":[{\"@type\":\"ReadAction\",\"target\":[\"https:\/\/machineriesbst.com\/en\/catalogue\/pince-de-porte-5-pieces-rosenquist-2004\/\"]}]},{\"@type\":\"BreadcrumbList\",\"@id\":\"https:\/\/machineriesbst.com\/en\/catalogue\/pince-de-porte-5-pieces-rosenquist-2004\/#breadcrumb\",\"itemListElement\":[{\"@type\":\"ListItem\",\"position\":1,\"name\":\"Accueil\",\"item\":\"https:\/\/machineriesbst.com\/en\/\"},{\"@type\":\"ListItem\",\"position\":2,\"name\":\"Catalogue\",\"item\":\"https:\/\/machineriesbst.com\/en\/catalog\/\"},{\"@type\":\"ListItem\",\"position\":3,\"name\":\"Pince de porte 5 pi\\u00e8ces Rosenquist 2004\"}]}]}<\/script>\n<!-- \/ Yoast SEO plugin. -->","yoast_head_json":{"title":"Pince de porte 5 pi\u00e8ces Rosenquist 2004 - Machineries BST","robots":{"index":"index","follow":"follow","max-snippet":"max-snippet:-1","max-image-preview":"max-image-preview:large","max-video-preview":"max-video-preview:-1"},"canonical":"https:\/\/machineriesbst.com\/en\/catalogue\/pince-de-porte-5-pieces-rosenquist-2004\/","og_locale":"en_US","og_type":"article","og_title":"Pince de porte 5 pi\u00e8ces Rosenquist 2004 - Machineries BST","og_description":"Pince de porte d\u2019armoire 5 pi\u00e8ces radiofr\u00e9quence Rosenquist. Capacit\u00e9 36 \"x 70\" Cette pince quadrille et serre la porte et fixe la colle en 45 \u00e0 80 secondes. Il s\u2019agit d\u2019une machine de production tr\u00e8s lourde et en excellent \u00e9tat. Prend moins d'espace au sol que les pinces de style rotatives tr\u00e8s belle machine propre [&hellip;]","og_url":"https:\/\/machineriesbst.com\/en\/catalogue\/pince-de-porte-5-pieces-rosenquist-2004\/","og_site_name":"Machineries BST","article_modified_time":"2023-12-01T01:23:52+00:00","og_image":[{"width":399,"height":225,"url":"https:\/\/machineriesbst.com\/wp-content\/uploads\/2021\/05\/2004-Rosenquest-5-piece-door-clamp-1-1.png","path":"\/home\/jepeto\/public_html\/wp-content\/uploads\/2021\/05\/2004-Rosenquest-5-piece-door-clamp-1-1.png","size":"full","id":52574,"alt":"","pixels":89775,"type":"image\/png"}],"twitter_card":"summary_large_image","schema":{"@context":"https:\/\/schema.org","@graph":[{"@type":"WebSite","@id":"https:\/\/machineriesbst.com\/en\/#website","url":"https:\/\/machineriesbst.com\/en\/","name":"Machineries BST","description":"Machines neuves &amp; usag\u00e9es","potentialAction":[{"@type":"SearchAction","target":{"@type":"EntryPoint","urlTemplate":"https:\/\/machineriesbst.com\/en\/?s={search_term_string}"},"query-input":"required name=search_term_string"}],"inLanguage":"en-US"},{"@type":"ImageObject","@id":"https:\/\/machineriesbst.com\/en\/catalogue\/pince-de-porte-5-pieces-rosenquist-2004\/#primaryimage","inLanguage":"en-US","url":"https:\/\/machineriesbst.com\/wp-content\/uploads\/2021\/05\/2004-Rosenquest-5-piece-door-clamp-1-1.png","contentUrl":"https:\/\/machineriesbst.com\/wp-content\/uploads\/2021\/05\/2004-Rosenquest-5-piece-door-clamp-1-1.png","width":399,"height":225},{"@type":"WebPage","@id":"https:\/\/machineriesbst.com\/en\/catalogue\/pince-de-porte-5-pieces-rosenquist-2004\/#webpage","url":"https:\/\/machineriesbst.com\/en\/catalogue\/pince-de-porte-5-pieces-rosenquist-2004\/","name":"Pince de porte 5 pi\u00e8ces Rosenquist 2004 - Machineries BST","isPartOf":{"@id":"https:\/\/machineriesbst.com\/en\/#website"},"primaryImageOfPage":{"@id":"https:\/\/machineriesbst.com\/en\/catalogue\/pince-de-porte-5-pieces-rosenquist-2004\/#primaryimage"},"datePublished":"2021-06-08T13:50:07+00:00","dateModified":"2023-12-01T01:23:52+00:00","breadcrumb":{"@id":"https:\/\/machineriesbst.com\/en\/catalogue\/pince-de-porte-5-pieces-rosenquist-2004\/#breadcrumb"},"inLanguage":"en-US","potentialAction":[{"@type":"ReadAction","target":["https:\/\/machineriesbst.com\/en\/catalogue\/pince-de-porte-5-pieces-rosenquist-2004\/"]}]},{"@type":"BreadcrumbList","@id":"https:\/\/machineriesbst.com\/en\/catalogue\/pince-de-porte-5-pieces-rosenquist-2004\/#breadcrumb","itemListElement":[{"@type":"ListItem","position":1,"name":"Accueil","item":"https:\/\/machineriesbst.com\/en\/"},{"@type":"ListItem","position":2,"name":"Catalogue","item":"https:\/\/machineriesbst.com\/en\/catalog\/"},{"@type":"ListItem","position":3,"name":"Pince de porte 5 pi\u00e8ces Rosenquist 2004"}]}]}},"_links":{"self":[{"href":"https:\/\/machineriesbst.com\/en\/wp-json\/wp\/v2\/product\/58330"}],"collection":[{"href":"https:\/\/machineriesbst.com\/en\/wp-json\/wp\/v2\/product"}],"about":[{"href":"https:\/\/machineriesbst.com\/en\/wp-json\/wp\/v2\/types\/product"}],"author":[{"embeddable":true,"href":"https:\/\/machineriesbst.com\/en\/wp-json\/wp\/v2\/users\/3"}],"replies":[{"embeddable":true,"href":"https:\/\/machineriesbst.com\/en\/wp-json\/wp\/v2\/comments?post=58330"}],"wp:featuredmedia":[{"embeddable":true,"href":"https:\/\/machineriesbst.com\/en\/wp-json\/wp\/v2\/media\/52574"}],"wp:attachment":[{"href":"https:\/\/machineriesbst.com\/en\/wp-json\/wp\/v2\/media?parent=58330"}],"wp:term":[{"taxonomy":"product_cat","embeddable":true,"href":"https:\/\/machineriesbst.com\/en\/wp-json\/wp\/v2\/product_cat?post=58330"},{"taxonomy":"product_tag","embeddable":true,"href":"https:\/\/machineriesbst.com\/en\/wp-json\/wp\/v2\/product_tag?post=58330"}],"curies":[{"name":"wp","href":"https:\/\/api.w.org\/{rel}","templated":true}]}}