{"id":58329,"date":"2021-06-08T09:50:07","date_gmt":"2021-06-08T13:50:07","guid":{"rendered":"https:\/\/machineriesbst.com\/?post_type=product&#038;p=58329"},"modified":"2023-11-30T20:23:52","modified_gmt":"2023-12-01T01:23:52","slug":"ponceuse-a-bande-large-a-tete-combinee-de-37-po-safety-speed-cut-2016","status":"publish","type":"product","link":"https:\/\/machineriesbst.com\/en\/catalogue\/ponceuse-a-bande-large-a-tete-combinee-de-37-po-safety-speed-cut-2016\/","title":{"rendered":"Safety Speed Cut 37 &#39;&#39; Combination Head Wide Belt Sander 2016"},"content":{"rendered":"<p>The 37 &quot;wide belt sander has less than 50 hours of use and comes with a digital workpiece thickness readout<\/p>\n<p>Electric belt photo tracking.<\/p>\n<p>2 1\/2 \u2033 removable tray.<\/p>\n<p>2 height adjustment indicators.<\/p>\n<p>5 emergency stops.<\/p>\n<p>2 rubber coated pinch rollers 1 1\/2 \u2033 OD.<\/p>\n<p>4 1\/4 \u2033 OD rubber coated contact roller with 13\/8 \u2033 drive bearing.<\/p>\n<p>2 machined free rollers 2 3\/16 \u2033 in diameter with 3\/4 \u2033 bearings.<\/p>\n<p>Conveyor table resting on four 3\/4 &quot;threaded corkscrews<\/p>\n<p>Pneumatic belt tension.<\/p>\n<p>3 year warranty.<\/p>\n<p>6 \u2033 internal dust chute.<\/p>\n<p>3\/4 HP conveyor motor with digital readout<\/p>\n<p>The machine is like new<\/p>\n<p>Less than 50 hours in total<\/p>","protected":false},"excerpt":{"rendered":"<p>The 37&quot; wide belt sander has less than 50 hours of use and comes with a digital readout of workpiece thickness Electric belt photo tracking. Removable 2 1\/2\u2033 pad. 2 adjustment indicators in height. 5 emergency stops. 2 rubber coated pinch rollers 1 1\/2\u2033 OD. [\u2026]<\/p>","protected":false},"author":3,"featured_media":52571,"comment_status":"open","ping_status":"closed","template":"","meta":[],"product_cat":[3055],"product_tag":[],"acf":[],"yoast_head":"<!-- This site is optimized with the Yoast SEO plugin v16.8 - https:\/\/yoast.com\/wordpress\/plugins\/seo\/ -->\n<title>Ponceuse \u00e0 bande large \u00e0 t\u00eate combin\u00e9e de 37 po Safety Speed Cut 2016 - Machineries BST<\/title>\n<meta name=\"robots\" content=\"index, follow, max-snippet:-1, max-image-preview:large, max-video-preview:-1\" \/>\n<link rel=\"canonical\" href=\"https:\/\/machineriesbst.com\/en\/catalogue\/ponceuse-a-bande-large-a-tete-combinee-de-37-po-safety-speed-cut-2016\/\" \/>\n<meta property=\"og:locale\" content=\"en_US\" \/>\n<meta property=\"og:type\" content=\"article\" \/>\n<meta property=\"og:title\" content=\"Ponceuse \u00e0 bande large \u00e0 t\u00eate combin\u00e9e de 37 po Safety Speed Cut 2016 - Machineries BST\" \/>\n<meta property=\"og:description\" content=\"La ponceuse \u00e0 bande de 37 &quot;de large a moins de 50 heures d&#039;utilisation et est fournie avec une lecture num\u00e9rique de l&#039;\u00e9paisseur de la pi\u00e8ce Suivi photo ceinture \u00e9lectrique. Plateau amovible de 2 1\/2 \u2033. 2 indicateurs de r\u00e9glage en hauteur. 5 arr\u00eats d&#039;urgence. 2 rouleaux pinceurs recouverts de caoutchouc 1 1\/2 \u2033 OD. [&hellip;]\" \/>\n<meta property=\"og:url\" content=\"https:\/\/machineriesbst.com\/en\/catalogue\/ponceuse-a-bande-large-a-tete-combinee-de-37-po-safety-speed-cut-2016\/\" \/>\n<meta property=\"og:site_name\" content=\"Machineries BST\" \/>\n<meta property=\"article:modified_time\" content=\"2023-12-01T01:23:52+00:00\" \/>\n<meta property=\"og:image\" content=\"https:\/\/machineriesbst.com\/wp-content\/uploads\/2021\/05\/2016-Safety-Speed-Cut-3722-Combi-Head-Wide-Belt-Sander-.png\" \/>\n\t<meta property=\"og:image:width\" content=\"312\" \/>\n\t<meta property=\"og:image:height\" content=\"416\" \/>\n<meta name=\"twitter:card\" content=\"summary_large_image\" \/>\n<meta name=\"twitter:label1\" content=\"Est. reading time\" \/>\n\t<meta name=\"twitter:data1\" content=\"1 minute\" \/>\n<script type=\"application\/ld+json\" class=\"yoast-schema-graph\">{\"@context\":\"https:\/\/schema.org\",\"@graph\":[{\"@type\":\"WebSite\",\"@id\":\"https:\/\/machineriesbst.com\/en\/#website\",\"url\":\"https:\/\/machineriesbst.com\/en\/\",\"name\":\"Machineries BST\",\"description\":\"Machines neuves &amp; usag\\u00e9es\",\"potentialAction\":[{\"@type\":\"SearchAction\",\"target\":{\"@type\":\"EntryPoint\",\"urlTemplate\":\"https:\/\/machineriesbst.com\/en\/?s={search_term_string}\"},\"query-input\":\"required name=search_term_string\"}],\"inLanguage\":\"en-US\"},{\"@type\":\"ImageObject\",\"@id\":\"https:\/\/machineriesbst.com\/en\/catalogue\/ponceuse-a-bande-large-a-tete-combinee-de-37-po-safety-speed-cut-2016\/#primaryimage\",\"inLanguage\":\"en-US\",\"url\":\"https:\/\/machineriesbst.com\/wp-content\/uploads\/2021\/05\/2016-Safety-Speed-Cut-3722-Combi-Head-Wide-Belt-Sander-.png\",\"contentUrl\":\"https:\/\/machineriesbst.com\/wp-content\/uploads\/2021\/05\/2016-Safety-Speed-Cut-3722-Combi-Head-Wide-Belt-Sander-.png\",\"width\":312,\"height\":416},{\"@type\":\"WebPage\",\"@id\":\"https:\/\/machineriesbst.com\/en\/catalogue\/ponceuse-a-bande-large-a-tete-combinee-de-37-po-safety-speed-cut-2016\/#webpage\",\"url\":\"https:\/\/machineriesbst.com\/en\/catalogue\/ponceuse-a-bande-large-a-tete-combinee-de-37-po-safety-speed-cut-2016\/\",\"name\":\"Ponceuse \\u00e0 bande large \\u00e0 t\\u00eate combin\\u00e9e de 37 po Safety Speed Cut 2016 - Machineries BST\",\"isPartOf\":{\"@id\":\"https:\/\/machineriesbst.com\/en\/#website\"},\"primaryImageOfPage\":{\"@id\":\"https:\/\/machineriesbst.com\/en\/catalogue\/ponceuse-a-bande-large-a-tete-combinee-de-37-po-safety-speed-cut-2016\/#primaryimage\"},\"datePublished\":\"2021-06-08T13:50:07+00:00\",\"dateModified\":\"2023-12-01T01:23:52+00:00\",\"breadcrumb\":{\"@id\":\"https:\/\/machineriesbst.com\/en\/catalogue\/ponceuse-a-bande-large-a-tete-combinee-de-37-po-safety-speed-cut-2016\/#breadcrumb\"},\"inLanguage\":\"en-US\",\"potentialAction\":[{\"@type\":\"ReadAction\",\"target\":[\"https:\/\/machineriesbst.com\/en\/catalogue\/ponceuse-a-bande-large-a-tete-combinee-de-37-po-safety-speed-cut-2016\/\"]}]},{\"@type\":\"BreadcrumbList\",\"@id\":\"https:\/\/machineriesbst.com\/en\/catalogue\/ponceuse-a-bande-large-a-tete-combinee-de-37-po-safety-speed-cut-2016\/#breadcrumb\",\"itemListElement\":[{\"@type\":\"ListItem\",\"position\":1,\"name\":\"Accueil\",\"item\":\"https:\/\/machineriesbst.com\/en\/\"},{\"@type\":\"ListItem\",\"position\":2,\"name\":\"Catalogue\",\"item\":\"https:\/\/machineriesbst.com\/en\/catalog\/\"},{\"@type\":\"ListItem\",\"position\":3,\"name\":\"Ponceuse \\u00e0 bande large \\u00e0 t\\u00eate combin\\u00e9e de 37 po Safety Speed Cut 2016\"}]}]}<\/script>\n<!-- \/ Yoast SEO plugin. -->","yoast_head_json":{"title":"Ponceuse \u00e0 bande large \u00e0 t\u00eate combin\u00e9e de 37 po Safety Speed Cut 2016 - Machineries BST","robots":{"index":"index","follow":"follow","max-snippet":"max-snippet:-1","max-image-preview":"max-image-preview:large","max-video-preview":"max-video-preview:-1"},"canonical":"https:\/\/machineriesbst.com\/en\/catalogue\/ponceuse-a-bande-large-a-tete-combinee-de-37-po-safety-speed-cut-2016\/","og_locale":"en_US","og_type":"article","og_title":"Ponceuse \u00e0 bande large \u00e0 t\u00eate combin\u00e9e de 37 po Safety Speed Cut 2016 - Machineries BST","og_description":"La ponceuse \u00e0 bande de 37 \"de large a moins de 50 heures d'utilisation et est fournie avec une lecture num\u00e9rique de l'\u00e9paisseur de la pi\u00e8ce Suivi photo ceinture \u00e9lectrique. Plateau amovible de 2 1\/2 \u2033. 2 indicateurs de r\u00e9glage en hauteur. 5 arr\u00eats d'urgence. 2 rouleaux pinceurs recouverts de caoutchouc 1 1\/2 \u2033 OD. [&hellip;]","og_url":"https:\/\/machineriesbst.com\/en\/catalogue\/ponceuse-a-bande-large-a-tete-combinee-de-37-po-safety-speed-cut-2016\/","og_site_name":"Machineries BST","article_modified_time":"2023-12-01T01:23:52+00:00","og_image":[{"width":312,"height":416,"url":"https:\/\/machineriesbst.com\/wp-content\/uploads\/2021\/05\/2016-Safety-Speed-Cut-3722-Combi-Head-Wide-Belt-Sander-.png","path":"\/home\/jepeto\/public_html\/wp-content\/uploads\/2021\/05\/2016-Safety-Speed-Cut-3722-Combi-Head-Wide-Belt-Sander-.png","size":"full","id":52571,"alt":"","pixels":129792,"type":"image\/png"}],"twitter_card":"summary_large_image","twitter_misc":{"Est. reading time":"1 minute"},"schema":{"@context":"https:\/\/schema.org","@graph":[{"@type":"WebSite","@id":"https:\/\/machineriesbst.com\/en\/#website","url":"https:\/\/machineriesbst.com\/en\/","name":"Machineries BST","description":"Machines neuves &amp; usag\u00e9es","potentialAction":[{"@type":"SearchAction","target":{"@type":"EntryPoint","urlTemplate":"https:\/\/machineriesbst.com\/en\/?s={search_term_string}"},"query-input":"required name=search_term_string"}],"inLanguage":"en-US"},{"@type":"ImageObject","@id":"https:\/\/machineriesbst.com\/en\/catalogue\/ponceuse-a-bande-large-a-tete-combinee-de-37-po-safety-speed-cut-2016\/#primaryimage","inLanguage":"en-US","url":"https:\/\/machineriesbst.com\/wp-content\/uploads\/2021\/05\/2016-Safety-Speed-Cut-3722-Combi-Head-Wide-Belt-Sander-.png","contentUrl":"https:\/\/machineriesbst.com\/wp-content\/uploads\/2021\/05\/2016-Safety-Speed-Cut-3722-Combi-Head-Wide-Belt-Sander-.png","width":312,"height":416},{"@type":"WebPage","@id":"https:\/\/machineriesbst.com\/en\/catalogue\/ponceuse-a-bande-large-a-tete-combinee-de-37-po-safety-speed-cut-2016\/#webpage","url":"https:\/\/machineriesbst.com\/en\/catalogue\/ponceuse-a-bande-large-a-tete-combinee-de-37-po-safety-speed-cut-2016\/","name":"Ponceuse \u00e0 bande large \u00e0 t\u00eate combin\u00e9e de 37 po Safety Speed Cut 2016 - Machineries BST","isPartOf":{"@id":"https:\/\/machineriesbst.com\/en\/#website"},"primaryImageOfPage":{"@id":"https:\/\/machineriesbst.com\/en\/catalogue\/ponceuse-a-bande-large-a-tete-combinee-de-37-po-safety-speed-cut-2016\/#primaryimage"},"datePublished":"2021-06-08T13:50:07+00:00","dateModified":"2023-12-01T01:23:52+00:00","breadcrumb":{"@id":"https:\/\/machineriesbst.com\/en\/catalogue\/ponceuse-a-bande-large-a-tete-combinee-de-37-po-safety-speed-cut-2016\/#breadcrumb"},"inLanguage":"en-US","potentialAction":[{"@type":"ReadAction","target":["https:\/\/machineriesbst.com\/en\/catalogue\/ponceuse-a-bande-large-a-tete-combinee-de-37-po-safety-speed-cut-2016\/"]}]},{"@type":"BreadcrumbList","@id":"https:\/\/machineriesbst.com\/en\/catalogue\/ponceuse-a-bande-large-a-tete-combinee-de-37-po-safety-speed-cut-2016\/#breadcrumb","itemListElement":[{"@type":"ListItem","position":1,"name":"Accueil","item":"https:\/\/machineriesbst.com\/en\/"},{"@type":"ListItem","position":2,"name":"Catalogue","item":"https:\/\/machineriesbst.com\/en\/catalog\/"},{"@type":"ListItem","position":3,"name":"Ponceuse \u00e0 bande large \u00e0 t\u00eate combin\u00e9e de 37 po Safety Speed Cut 2016"}]}]}},"_links":{"self":[{"href":"https:\/\/machineriesbst.com\/en\/wp-json\/wp\/v2\/product\/58329"}],"collection":[{"href":"https:\/\/machineriesbst.com\/en\/wp-json\/wp\/v2\/product"}],"about":[{"href":"https:\/\/machineriesbst.com\/en\/wp-json\/wp\/v2\/types\/product"}],"author":[{"embeddable":true,"href":"https:\/\/machineriesbst.com\/en\/wp-json\/wp\/v2\/users\/3"}],"replies":[{"embeddable":true,"href":"https:\/\/machineriesbst.com\/en\/wp-json\/wp\/v2\/comments?post=58329"}],"wp:featuredmedia":[{"embeddable":true,"href":"https:\/\/machineriesbst.com\/en\/wp-json\/wp\/v2\/media\/52571"}],"wp:attachment":[{"href":"https:\/\/machineriesbst.com\/en\/wp-json\/wp\/v2\/media?parent=58329"}],"wp:term":[{"taxonomy":"product_cat","embeddable":true,"href":"https:\/\/machineriesbst.com\/en\/wp-json\/wp\/v2\/product_cat?post=58329"},{"taxonomy":"product_tag","embeddable":true,"href":"https:\/\/machineriesbst.com\/en\/wp-json\/wp\/v2\/product_tag?post=58329"}],"curies":[{"name":"wp","href":"https:\/\/api.w.org\/{rel}","templated":true}]}}