{"id":58328,"date":"2021-06-08T09:50:07","date_gmt":"2021-06-08T13:50:07","guid":{"rendered":"https:\/\/machineriesbst.com\/?post_type=product&#038;p=58328"},"modified":"2023-11-30T20:23:52","modified_gmt":"2023-12-01T01:23:52","slug":"2003-jointeuse-crp-haute-vitesse","status":"publish","type":"product","link":"https:\/\/machineriesbst.com\/en\/catalogue\/2003-jointeuse-crp-haute-vitesse\/","title":{"rendered":"2003 High Speed CRP Jointing Machine"},"content":{"rendered":"<h2>Description<\/h2>\n<p>Design RP-CRP-2000 High Speed Jointing Machine<\/p>\n<p>Complete line with assembly press<\/p>\n<p>Model 2558D1<\/p>\n<p>J126D Series<\/p>\n<p>Year \/ 2003<\/p>\n<p>Press Model 4636D1<\/p>\n<p>J126-E Series<\/p>\n<p>Year 2003<\/p>\n<p>Thickness capacity 3\/4 &#39;&#39; A 2 &#39;&#39;<\/p>\n<p>Width 1 \u00bd &quot;A 8&quot;<\/p>\n<p>Length Capacity 4 \u00bd &quot;to 36&quot;<\/p>\n<p>Capacity of 180 Logs per Minute<\/p>\n<p>Automatic transfer for short parts<\/p>\n<p>Grayco Glue Pump<\/p>\n<p>Indicator for number of Pieces<\/p>\n<p>Hydraulic Jointing Press<\/p>\n<p>20 &#39;(feet) capacity with Movable Blades<\/p>","protected":false},"excerpt":{"rendered":"<p>Description Design RP-CRP-2000 Full Line High Speed Jointing Machine with Assembly Press Model 2558D1 Series J126D Year \/ 2003 Press Model 4636D1 Series J126-E Year 2003 Thickness Capacity 3\/4 &quot;A 2&quot; Width 1 \u00bd &quot; A 8 &quot;Length Capacity 4 \u00bd&quot; A 36 &quot;180 Logs Per Minute Capacity Automatic Transfer for Short Parts Grayco Glue Pump Indicator for [\u2026]<\/p>","protected":false},"author":3,"featured_media":52557,"comment_status":"open","ping_status":"closed","template":"","meta":[],"product_cat":[278],"product_tag":[],"acf":[],"yoast_head":"<!-- This site is optimized with the Yoast SEO plugin v16.8 - https:\/\/yoast.com\/wordpress\/plugins\/seo\/ -->\n<title>2003 Jointeuse CRP Haute Vitesse - Machineries BST<\/title>\n<meta name=\"robots\" content=\"index, follow, max-snippet:-1, max-image-preview:large, max-video-preview:-1\" \/>\n<link rel=\"canonical\" href=\"https:\/\/machineriesbst.com\/en\/catalogue\/2003-jointeuse-crp-haute-vitesse\/\" \/>\n<meta property=\"og:locale\" content=\"en_US\" \/>\n<meta property=\"og:type\" content=\"article\" \/>\n<meta property=\"og:title\" content=\"2003 Jointeuse CRP Haute Vitesse - Machineries BST\" \/>\n<meta property=\"og:description\" content=\"Description Conception RP-CRP-2000 Jointeuse Haute Vitesse Ligne Compl\u00e8te\u00a0 avec presse d\u2019assemblage Mod\u00e8le 2558D1 S\u00e9rie J126D Ann\u00e9e\/2003 Presse Mod\u00e8le 4636D1 S\u00e9rie J126-E Ann\u00e9e 2003 Capacit\u00e9 d\u2019\u00e9paisseur 3\/4\u2019\u2019 \u00a0A \u00a02\u2019\u2019 Largeur 1 \u00bd\u00ab\u00a0A 8\u00ab Capacit\u00e9 de Longueur \u00a04 \u00a0\u00bd\u00ab\u00a0A\u00a0 36\u00ab Capacit\u00e9 de 180 Logs par Minute Transfert Automatique pour pi\u00e8ces Courtes Pompe \u00e0 Colle Grayco Indicateur pour [&hellip;]\" \/>\n<meta property=\"og:url\" content=\"https:\/\/machineriesbst.com\/en\/catalogue\/2003-jointeuse-crp-haute-vitesse\/\" \/>\n<meta property=\"og:site_name\" content=\"Machineries BST\" \/>\n<meta property=\"article:modified_time\" content=\"2023-12-01T01:23:52+00:00\" \/>\n<meta property=\"og:image\" content=\"https:\/\/machineriesbst.com\/wp-content\/uploads\/2021\/05\/304-jointeuse.jpg\" \/>\n\t<meta property=\"og:image:width\" content=\"800\" \/>\n\t<meta property=\"og:image:height\" content=\"600\" \/>\n<meta name=\"twitter:card\" content=\"summary_large_image\" \/>\n<script type=\"application\/ld+json\" class=\"yoast-schema-graph\">{\"@context\":\"https:\/\/schema.org\",\"@graph\":[{\"@type\":\"WebSite\",\"@id\":\"https:\/\/machineriesbst.com\/en\/#website\",\"url\":\"https:\/\/machineriesbst.com\/en\/\",\"name\":\"Machineries BST\",\"description\":\"Machines neuves &amp; usag\\u00e9es\",\"potentialAction\":[{\"@type\":\"SearchAction\",\"target\":{\"@type\":\"EntryPoint\",\"urlTemplate\":\"https:\/\/machineriesbst.com\/en\/?s={search_term_string}\"},\"query-input\":\"required name=search_term_string\"}],\"inLanguage\":\"en-US\"},{\"@type\":\"ImageObject\",\"@id\":\"https:\/\/machineriesbst.com\/en\/catalogue\/2003-jointeuse-crp-haute-vitesse\/#primaryimage\",\"inLanguage\":\"en-US\",\"url\":\"https:\/\/machineriesbst.com\/wp-content\/uploads\/2021\/05\/304-jointeuse.jpg\",\"contentUrl\":\"https:\/\/machineriesbst.com\/wp-content\/uploads\/2021\/05\/304-jointeuse.jpg\",\"width\":800,\"height\":600},{\"@type\":\"WebPage\",\"@id\":\"https:\/\/machineriesbst.com\/en\/catalogue\/2003-jointeuse-crp-haute-vitesse\/#webpage\",\"url\":\"https:\/\/machineriesbst.com\/en\/catalogue\/2003-jointeuse-crp-haute-vitesse\/\",\"name\":\"2003 Jointeuse CRP Haute Vitesse - Machineries BST\",\"isPartOf\":{\"@id\":\"https:\/\/machineriesbst.com\/en\/#website\"},\"primaryImageOfPage\":{\"@id\":\"https:\/\/machineriesbst.com\/en\/catalogue\/2003-jointeuse-crp-haute-vitesse\/#primaryimage\"},\"datePublished\":\"2021-06-08T13:50:07+00:00\",\"dateModified\":\"2023-12-01T01:23:52+00:00\",\"breadcrumb\":{\"@id\":\"https:\/\/machineriesbst.com\/en\/catalogue\/2003-jointeuse-crp-haute-vitesse\/#breadcrumb\"},\"inLanguage\":\"en-US\",\"potentialAction\":[{\"@type\":\"ReadAction\",\"target\":[\"https:\/\/machineriesbst.com\/en\/catalogue\/2003-jointeuse-crp-haute-vitesse\/\"]}]},{\"@type\":\"BreadcrumbList\",\"@id\":\"https:\/\/machineriesbst.com\/en\/catalogue\/2003-jointeuse-crp-haute-vitesse\/#breadcrumb\",\"itemListElement\":[{\"@type\":\"ListItem\",\"position\":1,\"name\":\"Accueil\",\"item\":\"https:\/\/machineriesbst.com\/en\/\"},{\"@type\":\"ListItem\",\"position\":2,\"name\":\"Catalogue\",\"item\":\"https:\/\/machineriesbst.com\/en\/catalog\/\"},{\"@type\":\"ListItem\",\"position\":3,\"name\":\"2003 Jointeuse CRP Haute Vitesse\"}]}]}<\/script>\n<!-- \/ Yoast SEO plugin. -->","yoast_head_json":{"title":"2003 Jointeuse CRP Haute Vitesse - Machineries BST","robots":{"index":"index","follow":"follow","max-snippet":"max-snippet:-1","max-image-preview":"max-image-preview:large","max-video-preview":"max-video-preview:-1"},"canonical":"https:\/\/machineriesbst.com\/en\/catalogue\/2003-jointeuse-crp-haute-vitesse\/","og_locale":"en_US","og_type":"article","og_title":"2003 Jointeuse CRP Haute Vitesse - Machineries BST","og_description":"Description Conception RP-CRP-2000 Jointeuse Haute Vitesse Ligne Compl\u00e8te\u00a0 avec presse d\u2019assemblage Mod\u00e8le 2558D1 S\u00e9rie J126D Ann\u00e9e\/2003 Presse Mod\u00e8le 4636D1 S\u00e9rie J126-E Ann\u00e9e 2003 Capacit\u00e9 d\u2019\u00e9paisseur 3\/4\u2019\u2019 \u00a0A \u00a02\u2019\u2019 Largeur 1 \u00bd\u00ab\u00a0A 8\u00ab Capacit\u00e9 de Longueur \u00a04 \u00a0\u00bd\u00ab\u00a0A\u00a0 36\u00ab Capacit\u00e9 de 180 Logs par Minute Transfert Automatique pour pi\u00e8ces Courtes Pompe \u00e0 Colle Grayco Indicateur pour [&hellip;]","og_url":"https:\/\/machineriesbst.com\/en\/catalogue\/2003-jointeuse-crp-haute-vitesse\/","og_site_name":"Machineries BST","article_modified_time":"2023-12-01T01:23:52+00:00","og_image":[{"width":800,"height":600,"url":"https:\/\/machineriesbst.com\/wp-content\/uploads\/2021\/05\/304-jointeuse.jpg","path":"\/home\/jepeto\/public_html\/wp-content\/uploads\/2021\/05\/304-jointeuse.jpg","size":"full","id":52557,"alt":"","pixels":480000,"type":"image\/jpeg"}],"twitter_card":"summary_large_image","schema":{"@context":"https:\/\/schema.org","@graph":[{"@type":"WebSite","@id":"https:\/\/machineriesbst.com\/en\/#website","url":"https:\/\/machineriesbst.com\/en\/","name":"Machineries BST","description":"Machines neuves &amp; usag\u00e9es","potentialAction":[{"@type":"SearchAction","target":{"@type":"EntryPoint","urlTemplate":"https:\/\/machineriesbst.com\/en\/?s={search_term_string}"},"query-input":"required name=search_term_string"}],"inLanguage":"en-US"},{"@type":"ImageObject","@id":"https:\/\/machineriesbst.com\/en\/catalogue\/2003-jointeuse-crp-haute-vitesse\/#primaryimage","inLanguage":"en-US","url":"https:\/\/machineriesbst.com\/wp-content\/uploads\/2021\/05\/304-jointeuse.jpg","contentUrl":"https:\/\/machineriesbst.com\/wp-content\/uploads\/2021\/05\/304-jointeuse.jpg","width":800,"height":600},{"@type":"WebPage","@id":"https:\/\/machineriesbst.com\/en\/catalogue\/2003-jointeuse-crp-haute-vitesse\/#webpage","url":"https:\/\/machineriesbst.com\/en\/catalogue\/2003-jointeuse-crp-haute-vitesse\/","name":"2003 Jointeuse CRP Haute Vitesse - Machineries BST","isPartOf":{"@id":"https:\/\/machineriesbst.com\/en\/#website"},"primaryImageOfPage":{"@id":"https:\/\/machineriesbst.com\/en\/catalogue\/2003-jointeuse-crp-haute-vitesse\/#primaryimage"},"datePublished":"2021-06-08T13:50:07+00:00","dateModified":"2023-12-01T01:23:52+00:00","breadcrumb":{"@id":"https:\/\/machineriesbst.com\/en\/catalogue\/2003-jointeuse-crp-haute-vitesse\/#breadcrumb"},"inLanguage":"en-US","potentialAction":[{"@type":"ReadAction","target":["https:\/\/machineriesbst.com\/en\/catalogue\/2003-jointeuse-crp-haute-vitesse\/"]}]},{"@type":"BreadcrumbList","@id":"https:\/\/machineriesbst.com\/en\/catalogue\/2003-jointeuse-crp-haute-vitesse\/#breadcrumb","itemListElement":[{"@type":"ListItem","position":1,"name":"Accueil","item":"https:\/\/machineriesbst.com\/en\/"},{"@type":"ListItem","position":2,"name":"Catalogue","item":"https:\/\/machineriesbst.com\/en\/catalog\/"},{"@type":"ListItem","position":3,"name":"2003 Jointeuse CRP Haute Vitesse"}]}]}},"_links":{"self":[{"href":"https:\/\/machineriesbst.com\/en\/wp-json\/wp\/v2\/product\/58328"}],"collection":[{"href":"https:\/\/machineriesbst.com\/en\/wp-json\/wp\/v2\/product"}],"about":[{"href":"https:\/\/machineriesbst.com\/en\/wp-json\/wp\/v2\/types\/product"}],"author":[{"embeddable":true,"href":"https:\/\/machineriesbst.com\/en\/wp-json\/wp\/v2\/users\/3"}],"replies":[{"embeddable":true,"href":"https:\/\/machineriesbst.com\/en\/wp-json\/wp\/v2\/comments?post=58328"}],"wp:featuredmedia":[{"embeddable":true,"href":"https:\/\/machineriesbst.com\/en\/wp-json\/wp\/v2\/media\/52557"}],"wp:attachment":[{"href":"https:\/\/machineriesbst.com\/en\/wp-json\/wp\/v2\/media?parent=58328"}],"wp:term":[{"taxonomy":"product_cat","embeddable":true,"href":"https:\/\/machineriesbst.com\/en\/wp-json\/wp\/v2\/product_cat?post=58328"},{"taxonomy":"product_tag","embeddable":true,"href":"https:\/\/machineriesbst.com\/en\/wp-json\/wp\/v2\/product_tag?post=58328"}],"curies":[{"name":"wp","href":"https:\/\/api.w.org\/{rel}","templated":true}]}}