{"id":58310,"date":"2021-06-08T09:49:40","date_gmt":"2021-06-08T13:49:40","guid":{"rendered":"https:\/\/machineriesbst.com\/?post_type=product&#038;p=58310"},"modified":"2023-11-30T20:23:53","modified_gmt":"2023-12-01T01:23:53","slug":"2006-sableuse-a-bande-large-timesavers-2-tetes-37-de-large","status":"publish","type":"product","link":"https:\/\/machineriesbst.com\/en\/catalogue\/2006-sableuse-a-bande-large-timesavers-2-tetes-37-de-large\/","title":{"rendered":"2006 Timesavers 2 Head 37 &quot;Wide Wide Belt Sander"},"content":{"rendered":"<p>&#39;-2 head: drum (25HP) \/ combination (20HP)<\/p>\n<p>-230 volts three-phase<\/p>\n<p>-Machine width: 37 &quot;<\/p>\n<p>- Running hours: 7266<\/p>\n<p>- Minimum part length: 15 &quot;<\/p>\n<p>- Belt length: 75 &quot;<\/p>\n<p>-Quality indicators<\/p>\n<p>-Brake discs on the main motors Centralized control panel<\/p>\n<p>- Digital thickness reading<\/p>\n<p>- Double retaining rollers at entry and exit<\/p>\n<p>-15-45 FPM feed rate A \/ C<\/p>\n<p>-Main motor load meters<\/p>\n<p>-Automatic configuration device<\/p>\n<p>- motorized lift<\/p>\n<p>-0-5 &quot;opening (33-38&quot; pass line)<\/p>\n<p>-14 &quot;feed loading area<\/p>\n<p>- Four jacks<\/p>\n<p>- Support for quick unlock<\/p>\n<p>-Stop stop bars<\/p>","protected":false},"excerpt":{"rendered":"<p>-2 head: drum (25HP) \/ combination (20HP) -230 volt three phase -Machine width: 37&quot; -Run hours: 7266 -Minimum workpiece length: 15&quot; -Belt length: 75&quot; -The quality indicators -Brake discs on main motors Centralized control panel -Digital thickness reading -Holding rollers [\u2026]<\/p>","protected":false},"author":3,"featured_media":52484,"comment_status":"open","ping_status":"closed","template":"","meta":[],"product_cat":[3055],"product_tag":[],"acf":[],"yoast_head":"<!-- This site is optimized with the Yoast SEO plugin v16.8 - https:\/\/yoast.com\/wordpress\/plugins\/seo\/ -->\n<title>2006 Sableuse \u00e0 bande large Timesavers 2 t\u00eates 37 &quot;de large - Machineries BST<\/title>\n<meta name=\"robots\" content=\"index, follow, max-snippet:-1, max-image-preview:large, max-video-preview:-1\" \/>\n<link rel=\"canonical\" href=\"https:\/\/machineriesbst.com\/en\/catalogue\/2006-sableuse-a-bande-large-timesavers-2-tetes-37-de-large\/\" \/>\n<meta property=\"og:locale\" content=\"en_US\" \/>\n<meta property=\"og:type\" content=\"article\" \/>\n<meta property=\"og:title\" content=\"2006 Sableuse \u00e0 bande large Timesavers 2 t\u00eates 37 &quot;de large - Machineries BST\" \/>\n<meta property=\"og:description\" content=\"&#039;-2 t\u00eate: tambour (25HP) \/ combinaison (20HP) -230 volts triphas\u00e9 -Machine width: 37 &quot; -Heures d&#039;ex\u00e9cution: 7266 - Longueur minimale de la pi\u00e8ce: 15 &quot; -Longueur de la ceinture: 75 &quot; -Les indicateurs de qualit\u00e9 -Disques de freins sur les moteurs principaux Panneau de contr\u00f4le centralis\u00e9 - Lecture de l&#039;\u00e9paisseur num\u00e9rique - Rouleaux de maintien [&hellip;]\" \/>\n<meta property=\"og:url\" content=\"https:\/\/machineriesbst.com\/en\/catalogue\/2006-sableuse-a-bande-large-timesavers-2-tetes-37-de-large\/\" \/>\n<meta property=\"og:site_name\" content=\"Machineries BST\" \/>\n<meta property=\"article:modified_time\" content=\"2023-12-01T01:23:53+00:00\" \/>\n<meta property=\"og:image\" content=\"https:\/\/machineriesbst.com\/wp-content\/uploads\/2021\/05\/2006-Timesavers-2-head-wide-belt-sander-3722-wide.jpg\" \/>\n\t<meta property=\"og:image:width\" content=\"500\" \/>\n\t<meta property=\"og:image:height\" content=\"410\" \/>\n<meta name=\"twitter:card\" content=\"summary_large_image\" \/>\n<meta name=\"twitter:label1\" content=\"Est. reading time\" \/>\n\t<meta name=\"twitter:data1\" content=\"1 minute\" \/>\n<script type=\"application\/ld+json\" class=\"yoast-schema-graph\">{\"@context\":\"https:\/\/schema.org\",\"@graph\":[{\"@type\":\"WebSite\",\"@id\":\"https:\/\/machineriesbst.com\/en\/#website\",\"url\":\"https:\/\/machineriesbst.com\/en\/\",\"name\":\"Machineries BST\",\"description\":\"Machines neuves &amp; usag\\u00e9es\",\"potentialAction\":[{\"@type\":\"SearchAction\",\"target\":{\"@type\":\"EntryPoint\",\"urlTemplate\":\"https:\/\/machineriesbst.com\/en\/?s={search_term_string}\"},\"query-input\":\"required name=search_term_string\"}],\"inLanguage\":\"en-US\"},{\"@type\":\"ImageObject\",\"@id\":\"https:\/\/machineriesbst.com\/en\/catalogue\/2006-sableuse-a-bande-large-timesavers-2-tetes-37-de-large\/#primaryimage\",\"inLanguage\":\"en-US\",\"url\":\"https:\/\/machineriesbst.com\/wp-content\/uploads\/2021\/05\/2006-Timesavers-2-head-wide-belt-sander-3722-wide.jpg\",\"contentUrl\":\"https:\/\/machineriesbst.com\/wp-content\/uploads\/2021\/05\/2006-Timesavers-2-head-wide-belt-sander-3722-wide.jpg\",\"width\":500,\"height\":410},{\"@type\":\"WebPage\",\"@id\":\"https:\/\/machineriesbst.com\/en\/catalogue\/2006-sableuse-a-bande-large-timesavers-2-tetes-37-de-large\/#webpage\",\"url\":\"https:\/\/machineriesbst.com\/en\/catalogue\/2006-sableuse-a-bande-large-timesavers-2-tetes-37-de-large\/\",\"name\":\"2006 Sableuse \\u00e0 bande large Timesavers 2 t\\u00eates 37 \\\"de large - Machineries BST\",\"isPartOf\":{\"@id\":\"https:\/\/machineriesbst.com\/en\/#website\"},\"primaryImageOfPage\":{\"@id\":\"https:\/\/machineriesbst.com\/en\/catalogue\/2006-sableuse-a-bande-large-timesavers-2-tetes-37-de-large\/#primaryimage\"},\"datePublished\":\"2021-06-08T13:49:40+00:00\",\"dateModified\":\"2023-12-01T01:23:53+00:00\",\"breadcrumb\":{\"@id\":\"https:\/\/machineriesbst.com\/en\/catalogue\/2006-sableuse-a-bande-large-timesavers-2-tetes-37-de-large\/#breadcrumb\"},\"inLanguage\":\"en-US\",\"potentialAction\":[{\"@type\":\"ReadAction\",\"target\":[\"https:\/\/machineriesbst.com\/en\/catalogue\/2006-sableuse-a-bande-large-timesavers-2-tetes-37-de-large\/\"]}]},{\"@type\":\"BreadcrumbList\",\"@id\":\"https:\/\/machineriesbst.com\/en\/catalogue\/2006-sableuse-a-bande-large-timesavers-2-tetes-37-de-large\/#breadcrumb\",\"itemListElement\":[{\"@type\":\"ListItem\",\"position\":1,\"name\":\"Accueil\",\"item\":\"https:\/\/machineriesbst.com\/en\/\"},{\"@type\":\"ListItem\",\"position\":2,\"name\":\"Catalogue\",\"item\":\"https:\/\/machineriesbst.com\/en\/catalog\/\"},{\"@type\":\"ListItem\",\"position\":3,\"name\":\"2006 Sableuse \\u00e0 bande large Timesavers 2 t\\u00eates 37 \\\"de large\"}]}]}<\/script>\n<!-- \/ Yoast SEO plugin. -->","yoast_head_json":{"title":"2006 Sableuse \u00e0 bande large Timesavers 2 t\u00eates 37 \"de large - Machineries BST","robots":{"index":"index","follow":"follow","max-snippet":"max-snippet:-1","max-image-preview":"max-image-preview:large","max-video-preview":"max-video-preview:-1"},"canonical":"https:\/\/machineriesbst.com\/en\/catalogue\/2006-sableuse-a-bande-large-timesavers-2-tetes-37-de-large\/","og_locale":"en_US","og_type":"article","og_title":"2006 Sableuse \u00e0 bande large Timesavers 2 t\u00eates 37 \"de large - Machineries BST","og_description":"'-2 t\u00eate: tambour (25HP) \/ combinaison (20HP) -230 volts triphas\u00e9 -Machine width: 37 \" -Heures d'ex\u00e9cution: 7266 - Longueur minimale de la pi\u00e8ce: 15 \" -Longueur de la ceinture: 75 \" -Les indicateurs de qualit\u00e9 -Disques de freins sur les moteurs principaux Panneau de contr\u00f4le centralis\u00e9 - Lecture de l'\u00e9paisseur num\u00e9rique - Rouleaux de maintien [&hellip;]","og_url":"https:\/\/machineriesbst.com\/en\/catalogue\/2006-sableuse-a-bande-large-timesavers-2-tetes-37-de-large\/","og_site_name":"Machineries BST","article_modified_time":"2023-12-01T01:23:53+00:00","og_image":[{"width":500,"height":410,"url":"https:\/\/machineriesbst.com\/wp-content\/uploads\/2021\/05\/2006-Timesavers-2-head-wide-belt-sander-3722-wide.jpg","path":"\/home\/jepeto\/public_html\/wp-content\/uploads\/2021\/05\/2006-Timesavers-2-head-wide-belt-sander-3722-wide.jpg","size":"full","id":52484,"alt":"","pixels":205000,"type":"image\/jpeg"}],"twitter_card":"summary_large_image","twitter_misc":{"Est. reading time":"1 minute"},"schema":{"@context":"https:\/\/schema.org","@graph":[{"@type":"WebSite","@id":"https:\/\/machineriesbst.com\/en\/#website","url":"https:\/\/machineriesbst.com\/en\/","name":"Machineries BST","description":"Machines neuves &amp; usag\u00e9es","potentialAction":[{"@type":"SearchAction","target":{"@type":"EntryPoint","urlTemplate":"https:\/\/machineriesbst.com\/en\/?s={search_term_string}"},"query-input":"required name=search_term_string"}],"inLanguage":"en-US"},{"@type":"ImageObject","@id":"https:\/\/machineriesbst.com\/en\/catalogue\/2006-sableuse-a-bande-large-timesavers-2-tetes-37-de-large\/#primaryimage","inLanguage":"en-US","url":"https:\/\/machineriesbst.com\/wp-content\/uploads\/2021\/05\/2006-Timesavers-2-head-wide-belt-sander-3722-wide.jpg","contentUrl":"https:\/\/machineriesbst.com\/wp-content\/uploads\/2021\/05\/2006-Timesavers-2-head-wide-belt-sander-3722-wide.jpg","width":500,"height":410},{"@type":"WebPage","@id":"https:\/\/machineriesbst.com\/en\/catalogue\/2006-sableuse-a-bande-large-timesavers-2-tetes-37-de-large\/#webpage","url":"https:\/\/machineriesbst.com\/en\/catalogue\/2006-sableuse-a-bande-large-timesavers-2-tetes-37-de-large\/","name":"2006 Sableuse \u00e0 bande large Timesavers 2 t\u00eates 37 \"de large - Machineries BST","isPartOf":{"@id":"https:\/\/machineriesbst.com\/en\/#website"},"primaryImageOfPage":{"@id":"https:\/\/machineriesbst.com\/en\/catalogue\/2006-sableuse-a-bande-large-timesavers-2-tetes-37-de-large\/#primaryimage"},"datePublished":"2021-06-08T13:49:40+00:00","dateModified":"2023-12-01T01:23:53+00:00","breadcrumb":{"@id":"https:\/\/machineriesbst.com\/en\/catalogue\/2006-sableuse-a-bande-large-timesavers-2-tetes-37-de-large\/#breadcrumb"},"inLanguage":"en-US","potentialAction":[{"@type":"ReadAction","target":["https:\/\/machineriesbst.com\/en\/catalogue\/2006-sableuse-a-bande-large-timesavers-2-tetes-37-de-large\/"]}]},{"@type":"BreadcrumbList","@id":"https:\/\/machineriesbst.com\/en\/catalogue\/2006-sableuse-a-bande-large-timesavers-2-tetes-37-de-large\/#breadcrumb","itemListElement":[{"@type":"ListItem","position":1,"name":"Accueil","item":"https:\/\/machineriesbst.com\/en\/"},{"@type":"ListItem","position":2,"name":"Catalogue","item":"https:\/\/machineriesbst.com\/en\/catalog\/"},{"@type":"ListItem","position":3,"name":"2006 Sableuse \u00e0 bande large Timesavers 2 t\u00eates 37 \"de large"}]}]}},"_links":{"self":[{"href":"https:\/\/machineriesbst.com\/en\/wp-json\/wp\/v2\/product\/58310"}],"collection":[{"href":"https:\/\/machineriesbst.com\/en\/wp-json\/wp\/v2\/product"}],"about":[{"href":"https:\/\/machineriesbst.com\/en\/wp-json\/wp\/v2\/types\/product"}],"author":[{"embeddable":true,"href":"https:\/\/machineriesbst.com\/en\/wp-json\/wp\/v2\/users\/3"}],"replies":[{"embeddable":true,"href":"https:\/\/machineriesbst.com\/en\/wp-json\/wp\/v2\/comments?post=58310"}],"wp:featuredmedia":[{"embeddable":true,"href":"https:\/\/machineriesbst.com\/en\/wp-json\/wp\/v2\/media\/52484"}],"wp:attachment":[{"href":"https:\/\/machineriesbst.com\/en\/wp-json\/wp\/v2\/media?parent=58310"}],"wp:term":[{"taxonomy":"product_cat","embeddable":true,"href":"https:\/\/machineriesbst.com\/en\/wp-json\/wp\/v2\/product_cat?post=58310"},{"taxonomy":"product_tag","embeddable":true,"href":"https:\/\/machineriesbst.com\/en\/wp-json\/wp\/v2\/product_tag?post=58310"}],"curies":[{"name":"wp","href":"https:\/\/api.w.org\/{rel}","templated":true}]}}