{"id":58307,"date":"2021-06-08T09:49:40","date_gmt":"2021-06-08T13:49:40","guid":{"rendered":"https:\/\/machineriesbst.com\/?post_type=product&#038;p=58307"},"modified":"2023-11-30T20:23:52","modified_gmt":"2023-12-01T01:23:52","slug":"raboteuse-simple-surface-buss","status":"publish","type":"product","link":"https:\/\/machineriesbst.com\/en\/catalogue\/raboteuse-simple-surface-buss\/","title":{"rendered":"Buss single surface planer"},"content":{"rendered":"<p>Single surface planer 36 &quot;x 8&quot;, 40HP motor, new motor, delivered with sharpener. Micro adjustment for finishing or planing raw wood.<\/p>","protected":false},"excerpt":{"rendered":"<p>Single surface planer 36 &quot;x 8&quot;, 40HP motor, new motor, delivered with sharpener. Micro adjustment for finishing or planing raw wood.<\/p>","protected":false},"author":3,"featured_media":52470,"comment_status":"open","ping_status":"closed","template":"","meta":[],"product_cat":[3029],"product_tag":[],"acf":[],"yoast_head":"<!-- This site is optimized with the Yoast SEO plugin v16.8 - https:\/\/yoast.com\/wordpress\/plugins\/seo\/ -->\n<title>Raboteuse simple surface Buss - Machineries BST<\/title>\n<meta name=\"robots\" content=\"index, follow, max-snippet:-1, max-image-preview:large, max-video-preview:-1\" \/>\n<link rel=\"canonical\" href=\"https:\/\/machineriesbst.com\/en\/catalogue\/raboteuse-simple-surface-buss\/\" \/>\n<meta property=\"og:locale\" content=\"en_US\" \/>\n<meta property=\"og:type\" content=\"article\" \/>\n<meta property=\"og:title\" content=\"Raboteuse simple surface Buss - Machineries BST\" \/>\n<meta property=\"og:description\" content=\"Raboteuse \u00e0 surface unique 36 &quot;x 8 &quot;, moteur 40HP, moteur neuf, livr\u00e9 avec aff\u00fbteur. Micro ajustement pour la finition ou le rabotage du bois brut.\" \/>\n<meta property=\"og:url\" content=\"https:\/\/machineriesbst.com\/en\/catalogue\/raboteuse-simple-surface-buss\/\" \/>\n<meta property=\"og:site_name\" content=\"Machineries BST\" \/>\n<meta property=\"article:modified_time\" content=\"2023-12-01T01:23:52+00:00\" \/>\n<meta property=\"og:image\" content=\"https:\/\/machineriesbst.com\/wp-content\/uploads\/2021\/05\/Buss-Single-Surface-Roughing-Planer.jpg\" \/>\n\t<meta property=\"og:image:width\" content=\"500\" \/>\n\t<meta property=\"og:image:height\" content=\"500\" \/>\n<meta name=\"twitter:card\" content=\"summary_large_image\" \/>\n<script type=\"application\/ld+json\" class=\"yoast-schema-graph\">{\"@context\":\"https:\/\/schema.org\",\"@graph\":[{\"@type\":\"WebSite\",\"@id\":\"https:\/\/machineriesbst.com\/en\/#website\",\"url\":\"https:\/\/machineriesbst.com\/en\/\",\"name\":\"Machineries BST\",\"description\":\"Machines neuves &amp; usag\\u00e9es\",\"potentialAction\":[{\"@type\":\"SearchAction\",\"target\":{\"@type\":\"EntryPoint\",\"urlTemplate\":\"https:\/\/machineriesbst.com\/en\/?s={search_term_string}\"},\"query-input\":\"required name=search_term_string\"}],\"inLanguage\":\"en-US\"},{\"@type\":\"ImageObject\",\"@id\":\"https:\/\/machineriesbst.com\/en\/catalogue\/raboteuse-simple-surface-buss\/#primaryimage\",\"inLanguage\":\"en-US\",\"url\":\"https:\/\/machineriesbst.com\/wp-content\/uploads\/2021\/05\/Buss-Single-Surface-Roughing-Planer.jpg\",\"contentUrl\":\"https:\/\/machineriesbst.com\/wp-content\/uploads\/2021\/05\/Buss-Single-Surface-Roughing-Planer.jpg\",\"width\":500,\"height\":500},{\"@type\":\"WebPage\",\"@id\":\"https:\/\/machineriesbst.com\/en\/catalogue\/raboteuse-simple-surface-buss\/#webpage\",\"url\":\"https:\/\/machineriesbst.com\/en\/catalogue\/raboteuse-simple-surface-buss\/\",\"name\":\"Raboteuse simple surface Buss - Machineries BST\",\"isPartOf\":{\"@id\":\"https:\/\/machineriesbst.com\/en\/#website\"},\"primaryImageOfPage\":{\"@id\":\"https:\/\/machineriesbst.com\/en\/catalogue\/raboteuse-simple-surface-buss\/#primaryimage\"},\"datePublished\":\"2021-06-08T13:49:40+00:00\",\"dateModified\":\"2023-12-01T01:23:52+00:00\",\"breadcrumb\":{\"@id\":\"https:\/\/machineriesbst.com\/en\/catalogue\/raboteuse-simple-surface-buss\/#breadcrumb\"},\"inLanguage\":\"en-US\",\"potentialAction\":[{\"@type\":\"ReadAction\",\"target\":[\"https:\/\/machineriesbst.com\/en\/catalogue\/raboteuse-simple-surface-buss\/\"]}]},{\"@type\":\"BreadcrumbList\",\"@id\":\"https:\/\/machineriesbst.com\/en\/catalogue\/raboteuse-simple-surface-buss\/#breadcrumb\",\"itemListElement\":[{\"@type\":\"ListItem\",\"position\":1,\"name\":\"Accueil\",\"item\":\"https:\/\/machineriesbst.com\/en\/\"},{\"@type\":\"ListItem\",\"position\":2,\"name\":\"Catalogue\",\"item\":\"https:\/\/machineriesbst.com\/en\/catalog\/\"},{\"@type\":\"ListItem\",\"position\":3,\"name\":\"Raboteuse simple surface Buss\"}]}]}<\/script>\n<!-- \/ Yoast SEO plugin. -->","yoast_head_json":{"title":"Raboteuse simple surface Buss - Machineries BST","robots":{"index":"index","follow":"follow","max-snippet":"max-snippet:-1","max-image-preview":"max-image-preview:large","max-video-preview":"max-video-preview:-1"},"canonical":"https:\/\/machineriesbst.com\/en\/catalogue\/raboteuse-simple-surface-buss\/","og_locale":"en_US","og_type":"article","og_title":"Raboteuse simple surface Buss - Machineries BST","og_description":"Raboteuse \u00e0 surface unique 36 \"x 8 \", moteur 40HP, moteur neuf, livr\u00e9 avec aff\u00fbteur. Micro ajustement pour la finition ou le rabotage du bois brut.","og_url":"https:\/\/machineriesbst.com\/en\/catalogue\/raboteuse-simple-surface-buss\/","og_site_name":"Machineries BST","article_modified_time":"2023-12-01T01:23:52+00:00","og_image":[{"width":500,"height":500,"url":"https:\/\/machineriesbst.com\/wp-content\/uploads\/2021\/05\/Buss-Single-Surface-Roughing-Planer.jpg","path":"\/home\/jepeto\/public_html\/wp-content\/uploads\/2021\/05\/Buss-Single-Surface-Roughing-Planer.jpg","size":"full","id":52470,"alt":"","pixels":250000,"type":"image\/jpeg"}],"twitter_card":"summary_large_image","schema":{"@context":"https:\/\/schema.org","@graph":[{"@type":"WebSite","@id":"https:\/\/machineriesbst.com\/en\/#website","url":"https:\/\/machineriesbst.com\/en\/","name":"Machineries BST","description":"Machines neuves &amp; usag\u00e9es","potentialAction":[{"@type":"SearchAction","target":{"@type":"EntryPoint","urlTemplate":"https:\/\/machineriesbst.com\/en\/?s={search_term_string}"},"query-input":"required name=search_term_string"}],"inLanguage":"en-US"},{"@type":"ImageObject","@id":"https:\/\/machineriesbst.com\/en\/catalogue\/raboteuse-simple-surface-buss\/#primaryimage","inLanguage":"en-US","url":"https:\/\/machineriesbst.com\/wp-content\/uploads\/2021\/05\/Buss-Single-Surface-Roughing-Planer.jpg","contentUrl":"https:\/\/machineriesbst.com\/wp-content\/uploads\/2021\/05\/Buss-Single-Surface-Roughing-Planer.jpg","width":500,"height":500},{"@type":"WebPage","@id":"https:\/\/machineriesbst.com\/en\/catalogue\/raboteuse-simple-surface-buss\/#webpage","url":"https:\/\/machineriesbst.com\/en\/catalogue\/raboteuse-simple-surface-buss\/","name":"Raboteuse simple surface Buss - Machineries BST","isPartOf":{"@id":"https:\/\/machineriesbst.com\/en\/#website"},"primaryImageOfPage":{"@id":"https:\/\/machineriesbst.com\/en\/catalogue\/raboteuse-simple-surface-buss\/#primaryimage"},"datePublished":"2021-06-08T13:49:40+00:00","dateModified":"2023-12-01T01:23:52+00:00","breadcrumb":{"@id":"https:\/\/machineriesbst.com\/en\/catalogue\/raboteuse-simple-surface-buss\/#breadcrumb"},"inLanguage":"en-US","potentialAction":[{"@type":"ReadAction","target":["https:\/\/machineriesbst.com\/en\/catalogue\/raboteuse-simple-surface-buss\/"]}]},{"@type":"BreadcrumbList","@id":"https:\/\/machineriesbst.com\/en\/catalogue\/raboteuse-simple-surface-buss\/#breadcrumb","itemListElement":[{"@type":"ListItem","position":1,"name":"Accueil","item":"https:\/\/machineriesbst.com\/en\/"},{"@type":"ListItem","position":2,"name":"Catalogue","item":"https:\/\/machineriesbst.com\/en\/catalog\/"},{"@type":"ListItem","position":3,"name":"Raboteuse simple surface Buss"}]}]}},"_links":{"self":[{"href":"https:\/\/machineriesbst.com\/en\/wp-json\/wp\/v2\/product\/58307"}],"collection":[{"href":"https:\/\/machineriesbst.com\/en\/wp-json\/wp\/v2\/product"}],"about":[{"href":"https:\/\/machineriesbst.com\/en\/wp-json\/wp\/v2\/types\/product"}],"author":[{"embeddable":true,"href":"https:\/\/machineriesbst.com\/en\/wp-json\/wp\/v2\/users\/3"}],"replies":[{"embeddable":true,"href":"https:\/\/machineriesbst.com\/en\/wp-json\/wp\/v2\/comments?post=58307"}],"wp:featuredmedia":[{"embeddable":true,"href":"https:\/\/machineriesbst.com\/en\/wp-json\/wp\/v2\/media\/52470"}],"wp:attachment":[{"href":"https:\/\/machineriesbst.com\/en\/wp-json\/wp\/v2\/media?parent=58307"}],"wp:term":[{"taxonomy":"product_cat","embeddable":true,"href":"https:\/\/machineriesbst.com\/en\/wp-json\/wp\/v2\/product_cat?post=58307"},{"taxonomy":"product_tag","embeddable":true,"href":"https:\/\/machineriesbst.com\/en\/wp-json\/wp\/v2\/product_tag?post=58307"}],"curies":[{"name":"wp","href":"https:\/\/api.w.org\/{rel}","templated":true}]}}