{"id":58297,"date":"2021-06-08T09:49:37","date_gmt":"2021-06-08T13:49:37","guid":{"rendered":"https:\/\/machineriesbst.com\/?post_type=product&#038;p=58297"},"modified":"2023-11-30T20:23:53","modified_gmt":"2023-12-01T01:23:53","slug":"2013-grizzly-g5850z-planeur-20-avec-moteur-monophase-5-cv","status":"publish","type":"product","link":"https:\/\/machineriesbst.com\/en\/catalogue\/2013-grizzly-g5850z-planeur-20-avec-moteur-monophase-5-cv\/","title":{"rendered":"2013 Grizzly G5850Z - 20 &quot;glider with 5 HP single phase motor"},"content":{"rendered":"<ul>\n<li>5 hp 1 phase<\/li>\n<li>Feed motor: 2 HP<\/li>\n<li>Precision cast iron table<\/li>\n<li>Table size: 31-1 \/ 8 &quot;L x 24-1 \/ 8&quot; W<\/li>\n<li>Maximum cutting width: 24 &quot;<\/li>\n<li>Maximum stock thickness: 7 &quot;<\/li>\n<li>Maximum cutting depth: 1\/8 &quot;<\/li>\n<li>Minimum stock thickness: 1\/4 &quot;<\/li>\n<li>Minimum stock length: 7-1 \/ 2 &quot;<\/li>\n<li>Feed rate: 17-26 FPM<\/li>\n<li>Number of knives: 4 HSS<\/li>\n<li>Knife size: 24 &quot;x 1&quot; x 1\/8 &quot;<\/li>\n<li>Cutting head speed: 5200 RPM<\/li>\n<li>Number of Cuts Per Inch: 67-102<\/li>\n<li>Number of cuts per minute: 20,800<\/li>\n<li>Power transfer: double V-belt drive<\/li>\n<li>Overall size: 33 &quot;wide x 37&quot; high x 27-1 \/ 2 &quot;deep<\/li>\n<li>Footprint: 30 &quot;x 20-1 \/ 2&quot;<\/li>\n<li>Approximate Shipping Weight: 1130 lbs.<\/li>\n<\/ul>","protected":false},"excerpt":{"rendered":"<p>5 hp 1 stage Feed motor: 2 HP Precision cast iron table Table size: 31-1 \/ 8 &quot;L x 24-1 \/ 8&quot; W Maximum cutting width: 24 &quot;Maximum stock thickness: 7 &quot;Maximum cutting depth: 1\/8&quot; Minimum stock thickness: 1\/4 &quot;Minimum stock length: 7-1 \/ 2&quot; Feed rate: 17-26 FPM [\u2026]<\/p>","protected":false},"author":3,"featured_media":52443,"comment_status":"open","ping_status":"closed","template":"","meta":[],"product_cat":[211],"product_tag":[],"acf":[],"yoast_head":"<!-- This site is optimized with the Yoast SEO plugin v16.8 - https:\/\/yoast.com\/wordpress\/plugins\/seo\/ -->\n<title>2013 Grizzly G5850Z - Planeur 20&quot; avec moteur monophas\u00e9 5 CV - Machineries BST<\/title>\n<meta name=\"robots\" content=\"index, follow, max-snippet:-1, max-image-preview:large, max-video-preview:-1\" \/>\n<link rel=\"canonical\" href=\"https:\/\/machineriesbst.com\/en\/catalogue\/2013-grizzly-g5850z-planeur-20-avec-moteur-monophase-5-cv\/\" \/>\n<meta property=\"og:locale\" content=\"en_US\" \/>\n<meta property=\"og:type\" content=\"article\" \/>\n<meta property=\"og:title\" content=\"2013 Grizzly G5850Z - Planeur 20&quot; avec moteur monophas\u00e9 5 CV - Machineries BST\" \/>\n<meta property=\"og:description\" content=\"5 hp 1 phase Moteur d&#039;alimentation: 2 HP Table en fonte moul\u00e9e avec pr\u00e9cision Taille de la table: 31-1 \/8&quot; L x 24-1 \/8&quot; W Largeur de coupe maximale: 24&quot; \u00c9paisseur maximale du stock: 7&quot; Profondeur de coupe maximale: 1\/8&quot; \u00c9paisseur minimum du stock: 1\/4&quot; Longueur de stock minimum: 7-1 \/2&quot; Taux d&#039;alimentation: 17-26 FPM [&hellip;]\" \/>\n<meta property=\"og:url\" content=\"https:\/\/machineriesbst.com\/en\/catalogue\/2013-grizzly-g5850z-planeur-20-avec-moteur-monophase-5-cv\/\" \/>\n<meta property=\"og:site_name\" content=\"Machineries BST\" \/>\n<meta property=\"article:modified_time\" content=\"2023-12-01T01:23:53+00:00\" \/>\n<meta property=\"og:image\" content=\"https:\/\/machineriesbst.com\/wp-content\/uploads\/2021\/05\/Grizzly-G5850Z-planer-4.png\" \/>\n\t<meta property=\"og:image:width\" content=\"303\" \/>\n\t<meta property=\"og:image:height\" content=\"404\" \/>\n<meta name=\"twitter:card\" content=\"summary_large_image\" \/>\n<meta name=\"twitter:label1\" content=\"Est. reading time\" \/>\n\t<meta name=\"twitter:data1\" content=\"1 minute\" \/>\n<script type=\"application\/ld+json\" class=\"yoast-schema-graph\">{\"@context\":\"https:\/\/schema.org\",\"@graph\":[{\"@type\":\"WebSite\",\"@id\":\"https:\/\/machineriesbst.com\/en\/#website\",\"url\":\"https:\/\/machineriesbst.com\/en\/\",\"name\":\"Machineries BST\",\"description\":\"Machines neuves &amp; usag\\u00e9es\",\"potentialAction\":[{\"@type\":\"SearchAction\",\"target\":{\"@type\":\"EntryPoint\",\"urlTemplate\":\"https:\/\/machineriesbst.com\/en\/?s={search_term_string}\"},\"query-input\":\"required name=search_term_string\"}],\"inLanguage\":\"en-US\"},{\"@type\":\"ImageObject\",\"@id\":\"https:\/\/machineriesbst.com\/en\/catalogue\/2013-grizzly-g5850z-planeur-20-avec-moteur-monophase-5-cv\/#primaryimage\",\"inLanguage\":\"en-US\",\"url\":\"https:\/\/machineriesbst.com\/wp-content\/uploads\/2021\/05\/Grizzly-G5850Z-planer-4.png\",\"contentUrl\":\"https:\/\/machineriesbst.com\/wp-content\/uploads\/2021\/05\/Grizzly-G5850Z-planer-4.png\",\"width\":303,\"height\":404},{\"@type\":\"WebPage\",\"@id\":\"https:\/\/machineriesbst.com\/en\/catalogue\/2013-grizzly-g5850z-planeur-20-avec-moteur-monophase-5-cv\/#webpage\",\"url\":\"https:\/\/machineriesbst.com\/en\/catalogue\/2013-grizzly-g5850z-planeur-20-avec-moteur-monophase-5-cv\/\",\"name\":\"2013 Grizzly G5850Z - Planeur 20\\\" avec moteur monophas\\u00e9 5 CV - Machineries BST\",\"isPartOf\":{\"@id\":\"https:\/\/machineriesbst.com\/en\/#website\"},\"primaryImageOfPage\":{\"@id\":\"https:\/\/machineriesbst.com\/en\/catalogue\/2013-grizzly-g5850z-planeur-20-avec-moteur-monophase-5-cv\/#primaryimage\"},\"datePublished\":\"2021-06-08T13:49:37+00:00\",\"dateModified\":\"2023-12-01T01:23:53+00:00\",\"breadcrumb\":{\"@id\":\"https:\/\/machineriesbst.com\/en\/catalogue\/2013-grizzly-g5850z-planeur-20-avec-moteur-monophase-5-cv\/#breadcrumb\"},\"inLanguage\":\"en-US\",\"potentialAction\":[{\"@type\":\"ReadAction\",\"target\":[\"https:\/\/machineriesbst.com\/en\/catalogue\/2013-grizzly-g5850z-planeur-20-avec-moteur-monophase-5-cv\/\"]}]},{\"@type\":\"BreadcrumbList\",\"@id\":\"https:\/\/machineriesbst.com\/en\/catalogue\/2013-grizzly-g5850z-planeur-20-avec-moteur-monophase-5-cv\/#breadcrumb\",\"itemListElement\":[{\"@type\":\"ListItem\",\"position\":1,\"name\":\"Accueil\",\"item\":\"https:\/\/machineriesbst.com\/en\/\"},{\"@type\":\"ListItem\",\"position\":2,\"name\":\"Catalogue\",\"item\":\"https:\/\/machineriesbst.com\/en\/catalog\/\"},{\"@type\":\"ListItem\",\"position\":3,\"name\":\"2013 Grizzly G5850Z - Planeur 20\\\" avec moteur monophas\\u00e9 5 CV\"}]}]}<\/script>\n<!-- \/ Yoast SEO plugin. -->","yoast_head_json":{"title":"2013 Grizzly G5850Z - Planeur 20\" avec moteur monophas\u00e9 5 CV - Machineries BST","robots":{"index":"index","follow":"follow","max-snippet":"max-snippet:-1","max-image-preview":"max-image-preview:large","max-video-preview":"max-video-preview:-1"},"canonical":"https:\/\/machineriesbst.com\/en\/catalogue\/2013-grizzly-g5850z-planeur-20-avec-moteur-monophase-5-cv\/","og_locale":"en_US","og_type":"article","og_title":"2013 Grizzly G5850Z - Planeur 20\" avec moteur monophas\u00e9 5 CV - Machineries BST","og_description":"5 hp 1 phase Moteur d'alimentation: 2 HP Table en fonte moul\u00e9e avec pr\u00e9cision Taille de la table: 31-1 \/8\" L x 24-1 \/8\" W Largeur de coupe maximale: 24\" \u00c9paisseur maximale du stock: 7\" Profondeur de coupe maximale: 1\/8\" \u00c9paisseur minimum du stock: 1\/4\" Longueur de stock minimum: 7-1 \/2\" Taux d'alimentation: 17-26 FPM [&hellip;]","og_url":"https:\/\/machineriesbst.com\/en\/catalogue\/2013-grizzly-g5850z-planeur-20-avec-moteur-monophase-5-cv\/","og_site_name":"Machineries BST","article_modified_time":"2023-12-01T01:23:53+00:00","og_image":[{"width":303,"height":404,"url":"https:\/\/machineriesbst.com\/wp-content\/uploads\/2021\/05\/Grizzly-G5850Z-planer-4.png","path":"\/home\/jepeto\/public_html\/wp-content\/uploads\/2021\/05\/Grizzly-G5850Z-planer-4.png","size":"full","id":52443,"alt":"","pixels":122412,"type":"image\/png"}],"twitter_card":"summary_large_image","twitter_misc":{"Est. reading time":"1 minute"},"schema":{"@context":"https:\/\/schema.org","@graph":[{"@type":"WebSite","@id":"https:\/\/machineriesbst.com\/en\/#website","url":"https:\/\/machineriesbst.com\/en\/","name":"Machineries BST","description":"Machines neuves &amp; usag\u00e9es","potentialAction":[{"@type":"SearchAction","target":{"@type":"EntryPoint","urlTemplate":"https:\/\/machineriesbst.com\/en\/?s={search_term_string}"},"query-input":"required name=search_term_string"}],"inLanguage":"en-US"},{"@type":"ImageObject","@id":"https:\/\/machineriesbst.com\/en\/catalogue\/2013-grizzly-g5850z-planeur-20-avec-moteur-monophase-5-cv\/#primaryimage","inLanguage":"en-US","url":"https:\/\/machineriesbst.com\/wp-content\/uploads\/2021\/05\/Grizzly-G5850Z-planer-4.png","contentUrl":"https:\/\/machineriesbst.com\/wp-content\/uploads\/2021\/05\/Grizzly-G5850Z-planer-4.png","width":303,"height":404},{"@type":"WebPage","@id":"https:\/\/machineriesbst.com\/en\/catalogue\/2013-grizzly-g5850z-planeur-20-avec-moteur-monophase-5-cv\/#webpage","url":"https:\/\/machineriesbst.com\/en\/catalogue\/2013-grizzly-g5850z-planeur-20-avec-moteur-monophase-5-cv\/","name":"2013 Grizzly G5850Z - Planeur 20\" avec moteur monophas\u00e9 5 CV - Machineries BST","isPartOf":{"@id":"https:\/\/machineriesbst.com\/en\/#website"},"primaryImageOfPage":{"@id":"https:\/\/machineriesbst.com\/en\/catalogue\/2013-grizzly-g5850z-planeur-20-avec-moteur-monophase-5-cv\/#primaryimage"},"datePublished":"2021-06-08T13:49:37+00:00","dateModified":"2023-12-01T01:23:53+00:00","breadcrumb":{"@id":"https:\/\/machineriesbst.com\/en\/catalogue\/2013-grizzly-g5850z-planeur-20-avec-moteur-monophase-5-cv\/#breadcrumb"},"inLanguage":"en-US","potentialAction":[{"@type":"ReadAction","target":["https:\/\/machineriesbst.com\/en\/catalogue\/2013-grizzly-g5850z-planeur-20-avec-moteur-monophase-5-cv\/"]}]},{"@type":"BreadcrumbList","@id":"https:\/\/machineriesbst.com\/en\/catalogue\/2013-grizzly-g5850z-planeur-20-avec-moteur-monophase-5-cv\/#breadcrumb","itemListElement":[{"@type":"ListItem","position":1,"name":"Accueil","item":"https:\/\/machineriesbst.com\/en\/"},{"@type":"ListItem","position":2,"name":"Catalogue","item":"https:\/\/machineriesbst.com\/en\/catalog\/"},{"@type":"ListItem","position":3,"name":"2013 Grizzly G5850Z - Planeur 20\" avec moteur monophas\u00e9 5 CV"}]}]}},"_links":{"self":[{"href":"https:\/\/machineriesbst.com\/en\/wp-json\/wp\/v2\/product\/58297"}],"collection":[{"href":"https:\/\/machineriesbst.com\/en\/wp-json\/wp\/v2\/product"}],"about":[{"href":"https:\/\/machineriesbst.com\/en\/wp-json\/wp\/v2\/types\/product"}],"author":[{"embeddable":true,"href":"https:\/\/machineriesbst.com\/en\/wp-json\/wp\/v2\/users\/3"}],"replies":[{"embeddable":true,"href":"https:\/\/machineriesbst.com\/en\/wp-json\/wp\/v2\/comments?post=58297"}],"wp:featuredmedia":[{"embeddable":true,"href":"https:\/\/machineriesbst.com\/en\/wp-json\/wp\/v2\/media\/52443"}],"wp:attachment":[{"href":"https:\/\/machineriesbst.com\/en\/wp-json\/wp\/v2\/media?parent=58297"}],"wp:term":[{"taxonomy":"product_cat","embeddable":true,"href":"https:\/\/machineriesbst.com\/en\/wp-json\/wp\/v2\/product_cat?post=58297"},{"taxonomy":"product_tag","embeddable":true,"href":"https:\/\/machineriesbst.com\/en\/wp-json\/wp\/v2\/product_tag?post=58297"}],"curies":[{"name":"wp","href":"https:\/\/api.w.org\/{rel}","templated":true}]}}