{"id":58294,"date":"2021-06-08T09:49:36","date_gmt":"2021-06-08T13:49:36","guid":{"rendered":"https:\/\/machineriesbst.com\/?post_type=product&#038;p=58294"},"modified":"2023-11-30T20:23:53","modified_gmt":"2023-12-01T01:23:53","slug":"ponceuse-de-moulage-timesaver-cd2300","status":"publish","type":"product","link":"https:\/\/machineriesbst.com\/en\/catalogue\/ponceuse-de-moulage-timesaver-cd2300\/","title":{"rendered":"Timesaver CD2300 Mold Sander"},"content":{"rendered":"<p>Timesaver CD2300 Mold Sander:<\/p>\n<ul>\n<li>(2) the upper brush heads each powered by a 3\/4 HP motor,<\/li>\n<li>Variable speed from 200 to 1000 rpm,<\/li>\n<li>(1) left side and (1) right side brush head,<\/li>\n<li>Each powered by a 1\/2 HP motor,<\/li>\n<li>Variable speed 200 to 1000 FPM,<\/li>\n<li>1\/2 HP variable speed power supply from 10 to 60 FPM via the AC inverter,<\/li>\n<li>Max. Part thickness: 3 &#39;&#39;,<\/li>\n<li>Max. workpiece width: 12 &#39;&#39;,<\/li>\n<li>The pins have a diameter of 50 mm,<\/li>\n<li>The pressure rollers are manually adjustable for the thickness of the workpiece,<\/li>\n<li>(3) 3.5 &#39;&#39; dust outlets and (1) 2.5 &#39;&#39; diameter.<\/li>\n<\/ul>","protected":false},"excerpt":{"rendered":"<p>Timesaver CD2300 Molding Sander: (2) top brush heads each powered by 3\/4 HP motor, Variable speed 200-1000 RPM, (1) left side and (1) right side brush head, Each powered by a 1\/2 HP motor, Variable speed 200 to 1000 FPM, Speed feed [\u2026]<\/p>","protected":false},"author":3,"featured_media":52418,"comment_status":"open","ping_status":"closed","template":"","meta":[],"product_cat":[3055],"product_tag":[],"acf":[],"yoast_head":"<!-- This site is optimized with the Yoast SEO plugin v16.8 - https:\/\/yoast.com\/wordpress\/plugins\/seo\/ -->\n<title>Ponceuse de moulage Timesaver CD2300 - Machineries BST<\/title>\n<meta name=\"robots\" content=\"index, follow, max-snippet:-1, max-image-preview:large, max-video-preview:-1\" \/>\n<link rel=\"canonical\" href=\"https:\/\/machineriesbst.com\/en\/catalogue\/ponceuse-de-moulage-timesaver-cd2300\/\" \/>\n<meta property=\"og:locale\" content=\"en_US\" \/>\n<meta property=\"og:type\" content=\"article\" \/>\n<meta property=\"og:title\" content=\"Ponceuse de moulage Timesaver CD2300 - Machineries BST\" \/>\n<meta property=\"og:description\" content=\"Ponceuse de moulage Timesaver CD2300: (2) les t\u00eates de brosse sup\u00e9rieures actionn\u00e9es chacune par un moteur de 3\/4 HP, Vitesse variable de 200 \u00e0 1000 tr \/ min, (1) c\u00f4t\u00e9 gauche et (1) t\u00eate de brosse lat\u00e9rale droite, Chacun aliment\u00e9 par un moteur de 1\/2 HP, Vitesse variable 200 \u00e0 1000 FPM, Alimentation \u00e0 vitesse [&hellip;]\" \/>\n<meta property=\"og:url\" content=\"https:\/\/machineriesbst.com\/en\/catalogue\/ponceuse-de-moulage-timesaver-cd2300\/\" \/>\n<meta property=\"og:site_name\" content=\"Machineries BST\" \/>\n<meta property=\"article:modified_time\" content=\"2023-12-01T01:23:53+00:00\" \/>\n<meta property=\"og:image\" content=\"https:\/\/machineriesbst.com\/wp-content\/uploads\/2021\/05\/TIMESAVER-CD2300-Moulding-Sander-1530645672_800.jpg\" \/>\n\t<meta property=\"og:image:width\" content=\"800\" \/>\n\t<meta property=\"og:image:height\" content=\"530\" \/>\n<meta name=\"twitter:card\" content=\"summary_large_image\" \/>\n<meta name=\"twitter:label1\" content=\"Est. reading time\" \/>\n\t<meta name=\"twitter:data1\" content=\"1 minute\" \/>\n<script type=\"application\/ld+json\" class=\"yoast-schema-graph\">{\"@context\":\"https:\/\/schema.org\",\"@graph\":[{\"@type\":\"WebSite\",\"@id\":\"https:\/\/machineriesbst.com\/en\/#website\",\"url\":\"https:\/\/machineriesbst.com\/en\/\",\"name\":\"Machineries BST\",\"description\":\"Machines neuves &amp; usag\\u00e9es\",\"potentialAction\":[{\"@type\":\"SearchAction\",\"target\":{\"@type\":\"EntryPoint\",\"urlTemplate\":\"https:\/\/machineriesbst.com\/en\/?s={search_term_string}\"},\"query-input\":\"required name=search_term_string\"}],\"inLanguage\":\"en-US\"},{\"@type\":\"ImageObject\",\"@id\":\"https:\/\/machineriesbst.com\/en\/catalogue\/ponceuse-de-moulage-timesaver-cd2300\/#primaryimage\",\"inLanguage\":\"en-US\",\"url\":\"https:\/\/machineriesbst.com\/wp-content\/uploads\/2021\/05\/TIMESAVER-CD2300-Moulding-Sander-1530645672_800.jpg\",\"contentUrl\":\"https:\/\/machineriesbst.com\/wp-content\/uploads\/2021\/05\/TIMESAVER-CD2300-Moulding-Sander-1530645672_800.jpg\",\"width\":800,\"height\":530},{\"@type\":\"WebPage\",\"@id\":\"https:\/\/machineriesbst.com\/en\/catalogue\/ponceuse-de-moulage-timesaver-cd2300\/#webpage\",\"url\":\"https:\/\/machineriesbst.com\/en\/catalogue\/ponceuse-de-moulage-timesaver-cd2300\/\",\"name\":\"Ponceuse de moulage Timesaver CD2300 - Machineries BST\",\"isPartOf\":{\"@id\":\"https:\/\/machineriesbst.com\/en\/#website\"},\"primaryImageOfPage\":{\"@id\":\"https:\/\/machineriesbst.com\/en\/catalogue\/ponceuse-de-moulage-timesaver-cd2300\/#primaryimage\"},\"datePublished\":\"2021-06-08T13:49:36+00:00\",\"dateModified\":\"2023-12-01T01:23:53+00:00\",\"breadcrumb\":{\"@id\":\"https:\/\/machineriesbst.com\/en\/catalogue\/ponceuse-de-moulage-timesaver-cd2300\/#breadcrumb\"},\"inLanguage\":\"en-US\",\"potentialAction\":[{\"@type\":\"ReadAction\",\"target\":[\"https:\/\/machineriesbst.com\/en\/catalogue\/ponceuse-de-moulage-timesaver-cd2300\/\"]}]},{\"@type\":\"BreadcrumbList\",\"@id\":\"https:\/\/machineriesbst.com\/en\/catalogue\/ponceuse-de-moulage-timesaver-cd2300\/#breadcrumb\",\"itemListElement\":[{\"@type\":\"ListItem\",\"position\":1,\"name\":\"Accueil\",\"item\":\"https:\/\/machineriesbst.com\/en\/\"},{\"@type\":\"ListItem\",\"position\":2,\"name\":\"Catalogue\",\"item\":\"https:\/\/machineriesbst.com\/en\/catalog\/\"},{\"@type\":\"ListItem\",\"position\":3,\"name\":\"Ponceuse de moulage Timesaver CD2300\"}]}]}<\/script>\n<!-- \/ Yoast SEO plugin. -->","yoast_head_json":{"title":"Ponceuse de moulage Timesaver CD2300 - Machineries BST","robots":{"index":"index","follow":"follow","max-snippet":"max-snippet:-1","max-image-preview":"max-image-preview:large","max-video-preview":"max-video-preview:-1"},"canonical":"https:\/\/machineriesbst.com\/en\/catalogue\/ponceuse-de-moulage-timesaver-cd2300\/","og_locale":"en_US","og_type":"article","og_title":"Ponceuse de moulage Timesaver CD2300 - Machineries BST","og_description":"Ponceuse de moulage Timesaver CD2300: (2) les t\u00eates de brosse sup\u00e9rieures actionn\u00e9es chacune par un moteur de 3\/4 HP, Vitesse variable de 200 \u00e0 1000 tr \/ min, (1) c\u00f4t\u00e9 gauche et (1) t\u00eate de brosse lat\u00e9rale droite, Chacun aliment\u00e9 par un moteur de 1\/2 HP, Vitesse variable 200 \u00e0 1000 FPM, Alimentation \u00e0 vitesse [&hellip;]","og_url":"https:\/\/machineriesbst.com\/en\/catalogue\/ponceuse-de-moulage-timesaver-cd2300\/","og_site_name":"Machineries BST","article_modified_time":"2023-12-01T01:23:53+00:00","og_image":[{"width":800,"height":530,"url":"https:\/\/machineriesbst.com\/wp-content\/uploads\/2021\/05\/TIMESAVER-CD2300-Moulding-Sander-1530645672_800.jpg","path":"\/home\/jepeto\/public_html\/wp-content\/uploads\/2021\/05\/TIMESAVER-CD2300-Moulding-Sander-1530645672_800.jpg","size":"full","id":52418,"alt":"","pixels":424000,"type":"image\/jpeg"}],"twitter_card":"summary_large_image","twitter_misc":{"Est. reading time":"1 minute"},"schema":{"@context":"https:\/\/schema.org","@graph":[{"@type":"WebSite","@id":"https:\/\/machineriesbst.com\/en\/#website","url":"https:\/\/machineriesbst.com\/en\/","name":"Machineries BST","description":"Machines neuves &amp; usag\u00e9es","potentialAction":[{"@type":"SearchAction","target":{"@type":"EntryPoint","urlTemplate":"https:\/\/machineriesbst.com\/en\/?s={search_term_string}"},"query-input":"required name=search_term_string"}],"inLanguage":"en-US"},{"@type":"ImageObject","@id":"https:\/\/machineriesbst.com\/en\/catalogue\/ponceuse-de-moulage-timesaver-cd2300\/#primaryimage","inLanguage":"en-US","url":"https:\/\/machineriesbst.com\/wp-content\/uploads\/2021\/05\/TIMESAVER-CD2300-Moulding-Sander-1530645672_800.jpg","contentUrl":"https:\/\/machineriesbst.com\/wp-content\/uploads\/2021\/05\/TIMESAVER-CD2300-Moulding-Sander-1530645672_800.jpg","width":800,"height":530},{"@type":"WebPage","@id":"https:\/\/machineriesbst.com\/en\/catalogue\/ponceuse-de-moulage-timesaver-cd2300\/#webpage","url":"https:\/\/machineriesbst.com\/en\/catalogue\/ponceuse-de-moulage-timesaver-cd2300\/","name":"Ponceuse de moulage Timesaver CD2300 - Machineries BST","isPartOf":{"@id":"https:\/\/machineriesbst.com\/en\/#website"},"primaryImageOfPage":{"@id":"https:\/\/machineriesbst.com\/en\/catalogue\/ponceuse-de-moulage-timesaver-cd2300\/#primaryimage"},"datePublished":"2021-06-08T13:49:36+00:00","dateModified":"2023-12-01T01:23:53+00:00","breadcrumb":{"@id":"https:\/\/machineriesbst.com\/en\/catalogue\/ponceuse-de-moulage-timesaver-cd2300\/#breadcrumb"},"inLanguage":"en-US","potentialAction":[{"@type":"ReadAction","target":["https:\/\/machineriesbst.com\/en\/catalogue\/ponceuse-de-moulage-timesaver-cd2300\/"]}]},{"@type":"BreadcrumbList","@id":"https:\/\/machineriesbst.com\/en\/catalogue\/ponceuse-de-moulage-timesaver-cd2300\/#breadcrumb","itemListElement":[{"@type":"ListItem","position":1,"name":"Accueil","item":"https:\/\/machineriesbst.com\/en\/"},{"@type":"ListItem","position":2,"name":"Catalogue","item":"https:\/\/machineriesbst.com\/en\/catalog\/"},{"@type":"ListItem","position":3,"name":"Ponceuse de moulage Timesaver CD2300"}]}]}},"_links":{"self":[{"href":"https:\/\/machineriesbst.com\/en\/wp-json\/wp\/v2\/product\/58294"}],"collection":[{"href":"https:\/\/machineriesbst.com\/en\/wp-json\/wp\/v2\/product"}],"about":[{"href":"https:\/\/machineriesbst.com\/en\/wp-json\/wp\/v2\/types\/product"}],"author":[{"embeddable":true,"href":"https:\/\/machineriesbst.com\/en\/wp-json\/wp\/v2\/users\/3"}],"replies":[{"embeddable":true,"href":"https:\/\/machineriesbst.com\/en\/wp-json\/wp\/v2\/comments?post=58294"}],"wp:featuredmedia":[{"embeddable":true,"href":"https:\/\/machineriesbst.com\/en\/wp-json\/wp\/v2\/media\/52418"}],"wp:attachment":[{"href":"https:\/\/machineriesbst.com\/en\/wp-json\/wp\/v2\/media?parent=58294"}],"wp:term":[{"taxonomy":"product_cat","embeddable":true,"href":"https:\/\/machineriesbst.com\/en\/wp-json\/wp\/v2\/product_cat?post=58294"},{"taxonomy":"product_tag","embeddable":true,"href":"https:\/\/machineriesbst.com\/en\/wp-json\/wp\/v2\/product_tag?post=58294"}],"curies":[{"name":"wp","href":"https:\/\/api.w.org\/{rel}","templated":true}]}}