{"id":58284,"date":"2021-06-08T09:49:13","date_gmt":"2021-06-08T13:49:13","guid":{"rendered":"https:\/\/machineriesbst.com\/?post_type=product&#038;p=58284"},"modified":"2023-11-30T20:23:53","modified_gmt":"2023-12-01T01:23:53","slug":"homag-butfering-swt-113","status":"publish","type":"product","link":"https:\/\/machineriesbst.com\/en\/catalogue\/homag-butfering-swt-113\/","title":{"rendered":"Homag Butfering SWT 113"},"content":{"rendered":"<p>Homag Butfering SWT 113:<\/p>\n<ul>\n<li>37 &quot;combination head<\/li>\n<li>Touch screen controls<\/li>\n<li>As a new condition<\/li>\n<li>Please inquire for more specifications<\/li>\n<\/ul>","protected":false},"excerpt":{"rendered":"<p>Homag Butfering SWT 113: 37&quot; Combo Head Touch Screen Controls Like New Condition Please inquire for more specs<\/p>","protected":false},"author":3,"featured_media":52359,"comment_status":"open","ping_status":"closed","template":"","meta":[],"product_cat":[3055],"product_tag":[],"acf":[],"yoast_head":"<!-- This site is optimized with the Yoast SEO plugin v16.8 - https:\/\/yoast.com\/wordpress\/plugins\/seo\/ -->\n<title>Homag Butfering SWT 113 - Machineries BST<\/title>\n<meta name=\"robots\" content=\"index, follow, max-snippet:-1, max-image-preview:large, max-video-preview:-1\" \/>\n<link rel=\"canonical\" href=\"https:\/\/machineriesbst.com\/en\/catalogue\/homag-butfering-swt-113\/\" \/>\n<meta property=\"og:locale\" content=\"en_US\" \/>\n<meta property=\"og:type\" content=\"article\" \/>\n<meta property=\"og:title\" content=\"Homag Butfering SWT 113 - Machineries BST\" \/>\n<meta property=\"og:description\" content=\"Homag Butfering SWT 113: T\u00eate combin\u00e9e de 37 &quot; Commandes d&#039;\u00e9cran tactile Comme nouvelle condition S&#039;il vous pla\u00eet se renseigner pour plus de sp\u00e9cifications\" \/>\n<meta property=\"og:url\" content=\"https:\/\/machineriesbst.com\/en\/catalogue\/homag-butfering-swt-113\/\" \/>\n<meta property=\"og:site_name\" content=\"Machineries BST\" \/>\n<meta property=\"article:modified_time\" content=\"2023-12-01T01:23:53+00:00\" \/>\n<meta property=\"og:image\" content=\"https:\/\/machineriesbst.com\/wp-content\/uploads\/2021\/05\/2013-buftering-37.png\" \/>\n\t<meta property=\"og:image:width\" content=\"325\" \/>\n\t<meta property=\"og:image:height\" content=\"244\" \/>\n<meta name=\"twitter:card\" content=\"summary_large_image\" \/>\n<script type=\"application\/ld+json\" class=\"yoast-schema-graph\">{\"@context\":\"https:\/\/schema.org\",\"@graph\":[{\"@type\":\"WebSite\",\"@id\":\"https:\/\/machineriesbst.com\/en\/#website\",\"url\":\"https:\/\/machineriesbst.com\/en\/\",\"name\":\"Machineries BST\",\"description\":\"Machines neuves &amp; usag\\u00e9es\",\"potentialAction\":[{\"@type\":\"SearchAction\",\"target\":{\"@type\":\"EntryPoint\",\"urlTemplate\":\"https:\/\/machineriesbst.com\/en\/?s={search_term_string}\"},\"query-input\":\"required name=search_term_string\"}],\"inLanguage\":\"en-US\"},{\"@type\":\"ImageObject\",\"@id\":\"https:\/\/machineriesbst.com\/en\/catalogue\/homag-butfering-swt-113\/#primaryimage\",\"inLanguage\":\"en-US\",\"url\":\"https:\/\/machineriesbst.com\/wp-content\/uploads\/2021\/05\/2013-buftering-37.png\",\"contentUrl\":\"https:\/\/machineriesbst.com\/wp-content\/uploads\/2021\/05\/2013-buftering-37.png\",\"width\":325,\"height\":244},{\"@type\":\"WebPage\",\"@id\":\"https:\/\/machineriesbst.com\/en\/catalogue\/homag-butfering-swt-113\/#webpage\",\"url\":\"https:\/\/machineriesbst.com\/en\/catalogue\/homag-butfering-swt-113\/\",\"name\":\"Homag Butfering SWT 113 - Machineries BST\",\"isPartOf\":{\"@id\":\"https:\/\/machineriesbst.com\/en\/#website\"},\"primaryImageOfPage\":{\"@id\":\"https:\/\/machineriesbst.com\/en\/catalogue\/homag-butfering-swt-113\/#primaryimage\"},\"datePublished\":\"2021-06-08T13:49:13+00:00\",\"dateModified\":\"2023-12-01T01:23:53+00:00\",\"breadcrumb\":{\"@id\":\"https:\/\/machineriesbst.com\/en\/catalogue\/homag-butfering-swt-113\/#breadcrumb\"},\"inLanguage\":\"en-US\",\"potentialAction\":[{\"@type\":\"ReadAction\",\"target\":[\"https:\/\/machineriesbst.com\/en\/catalogue\/homag-butfering-swt-113\/\"]}]},{\"@type\":\"BreadcrumbList\",\"@id\":\"https:\/\/machineriesbst.com\/en\/catalogue\/homag-butfering-swt-113\/#breadcrumb\",\"itemListElement\":[{\"@type\":\"ListItem\",\"position\":1,\"name\":\"Accueil\",\"item\":\"https:\/\/machineriesbst.com\/en\/\"},{\"@type\":\"ListItem\",\"position\":2,\"name\":\"Catalogue\",\"item\":\"https:\/\/machineriesbst.com\/en\/catalog\/\"},{\"@type\":\"ListItem\",\"position\":3,\"name\":\"Homag Butfering SWT 113\"}]}]}<\/script>\n<!-- \/ Yoast SEO plugin. -->","yoast_head_json":{"title":"Homag Butfering SWT 113 - Machineries BST","robots":{"index":"index","follow":"follow","max-snippet":"max-snippet:-1","max-image-preview":"max-image-preview:large","max-video-preview":"max-video-preview:-1"},"canonical":"https:\/\/machineriesbst.com\/en\/catalogue\/homag-butfering-swt-113\/","og_locale":"en_US","og_type":"article","og_title":"Homag Butfering SWT 113 - Machineries BST","og_description":"Homag Butfering SWT 113: T\u00eate combin\u00e9e de 37 \" Commandes d'\u00e9cran tactile Comme nouvelle condition S'il vous pla\u00eet se renseigner pour plus de sp\u00e9cifications","og_url":"https:\/\/machineriesbst.com\/en\/catalogue\/homag-butfering-swt-113\/","og_site_name":"Machineries BST","article_modified_time":"2023-12-01T01:23:53+00:00","og_image":[{"width":325,"height":244,"url":"https:\/\/machineriesbst.com\/wp-content\/uploads\/2021\/05\/2013-buftering-37.png","path":"\/home\/jepeto\/public_html\/wp-content\/uploads\/2021\/05\/2013-buftering-37.png","size":"full","id":52359,"alt":"","pixels":79300,"type":"image\/png"}],"twitter_card":"summary_large_image","schema":{"@context":"https:\/\/schema.org","@graph":[{"@type":"WebSite","@id":"https:\/\/machineriesbst.com\/en\/#website","url":"https:\/\/machineriesbst.com\/en\/","name":"Machineries BST","description":"Machines neuves &amp; usag\u00e9es","potentialAction":[{"@type":"SearchAction","target":{"@type":"EntryPoint","urlTemplate":"https:\/\/machineriesbst.com\/en\/?s={search_term_string}"},"query-input":"required name=search_term_string"}],"inLanguage":"en-US"},{"@type":"ImageObject","@id":"https:\/\/machineriesbst.com\/en\/catalogue\/homag-butfering-swt-113\/#primaryimage","inLanguage":"en-US","url":"https:\/\/machineriesbst.com\/wp-content\/uploads\/2021\/05\/2013-buftering-37.png","contentUrl":"https:\/\/machineriesbst.com\/wp-content\/uploads\/2021\/05\/2013-buftering-37.png","width":325,"height":244},{"@type":"WebPage","@id":"https:\/\/machineriesbst.com\/en\/catalogue\/homag-butfering-swt-113\/#webpage","url":"https:\/\/machineriesbst.com\/en\/catalogue\/homag-butfering-swt-113\/","name":"Homag Butfering SWT 113 - Machineries BST","isPartOf":{"@id":"https:\/\/machineriesbst.com\/en\/#website"},"primaryImageOfPage":{"@id":"https:\/\/machineriesbst.com\/en\/catalogue\/homag-butfering-swt-113\/#primaryimage"},"datePublished":"2021-06-08T13:49:13+00:00","dateModified":"2023-12-01T01:23:53+00:00","breadcrumb":{"@id":"https:\/\/machineriesbst.com\/en\/catalogue\/homag-butfering-swt-113\/#breadcrumb"},"inLanguage":"en-US","potentialAction":[{"@type":"ReadAction","target":["https:\/\/machineriesbst.com\/en\/catalogue\/homag-butfering-swt-113\/"]}]},{"@type":"BreadcrumbList","@id":"https:\/\/machineriesbst.com\/en\/catalogue\/homag-butfering-swt-113\/#breadcrumb","itemListElement":[{"@type":"ListItem","position":1,"name":"Accueil","item":"https:\/\/machineriesbst.com\/en\/"},{"@type":"ListItem","position":2,"name":"Catalogue","item":"https:\/\/machineriesbst.com\/en\/catalog\/"},{"@type":"ListItem","position":3,"name":"Homag Butfering SWT 113"}]}]}},"_links":{"self":[{"href":"https:\/\/machineriesbst.com\/en\/wp-json\/wp\/v2\/product\/58284"}],"collection":[{"href":"https:\/\/machineriesbst.com\/en\/wp-json\/wp\/v2\/product"}],"about":[{"href":"https:\/\/machineriesbst.com\/en\/wp-json\/wp\/v2\/types\/product"}],"author":[{"embeddable":true,"href":"https:\/\/machineriesbst.com\/en\/wp-json\/wp\/v2\/users\/3"}],"replies":[{"embeddable":true,"href":"https:\/\/machineriesbst.com\/en\/wp-json\/wp\/v2\/comments?post=58284"}],"wp:featuredmedia":[{"embeddable":true,"href":"https:\/\/machineriesbst.com\/en\/wp-json\/wp\/v2\/media\/52359"}],"wp:attachment":[{"href":"https:\/\/machineriesbst.com\/en\/wp-json\/wp\/v2\/media?parent=58284"}],"wp:term":[{"taxonomy":"product_cat","embeddable":true,"href":"https:\/\/machineriesbst.com\/en\/wp-json\/wp\/v2\/product_cat?post=58284"},{"taxonomy":"product_tag","embeddable":true,"href":"https:\/\/machineriesbst.com\/en\/wp-json\/wp\/v2\/product_tag?post=58284"}],"curies":[{"name":"wp","href":"https:\/\/api.w.org\/{rel}","templated":true}]}}