{"id":58276,"date":"2021-06-08T09:49:11","date_gmt":"2021-06-08T13:49:11","guid":{"rendered":"https:\/\/machineriesbst.com\/?post_type=product&#038;p=58276"},"modified":"2023-11-30T20:23:53","modified_gmt":"2023-12-01T01:23:53","slug":"accu-system-h-49-perceuse-gougeonneuse","status":"publish","type":"product","link":"https:\/\/machineriesbst.com\/en\/catalogue\/accu-system-h-49-perceuse-gougeonneuse\/","title":{"rendered":"Accu System H 49 Drill Gougeonneuse"},"content":{"rendered":"<p>Dowelling machines<\/p>\n<ul>\n<li>Accu-system<\/li>\n<li>Model H 49<\/li>\n<li>Drill and cutter<\/li>\n<li>Year 2012<\/li>\n<li>Can be converted to the required voltage at minimal cost.<\/li>\n<li>Single phase available through phase converter<\/li>\n<li>Horizontal bore and stud<\/li>\n<li>49 &quot;wide worktable made from 1\/2&quot; thick machined aluminum to ensure a reliable and reliable reference point<\/li>\n<li>1 HP Single-spindle drill 18,000 rpm<\/li>\n<li>Cycle time of approx. 1-1 \/ 2 seconds for each bore insert stud and dowel when holes are 64mm apart (4) vertical quick-adjust pliers<\/li>\n<li>Adjustable rear fence 1\/2 &quot;minimum material thickness<\/li>\n<li>Glue gluing machine with water or &quot;Direct Reject&quot; glue capacity<\/li>\n<li>8mm diameter dowel insertion system vibratory dowel<\/li>\n<li>PC operator interface with 12 &quot;touch screen<\/li>\n<li>2 work zones allowing pendulum treatment<\/li>\n<li>The operator interface of the H-49 has been designed to allow quick programming on the machine. activate a new program in less than a minute<\/li>\n<\/ul>","protected":false},"excerpt":{"rendered":"<p>Doweling machines Accu-system Model H 49 Drilling and doweling machine Year 2012 Can be transformed to the required tension for a minimal price. Single phase available through phase converter Horizontal bore and stud 49&quot; wide work table made of 1\/2&quot; thick machined aluminum to ensure a reference point [\u2026]<\/p>","protected":false},"author":3,"featured_media":52330,"comment_status":"open","ping_status":"closed","template":"","meta":[],"product_cat":[86],"product_tag":[],"acf":[],"yoast_head":"<!-- This site is optimized with the Yoast SEO plugin v16.8 - https:\/\/yoast.com\/wordpress\/plugins\/seo\/ -->\n<title>Accu System H 49 Per\u00e7euse Gougeonneuse - Machineries BST<\/title>\n<meta name=\"robots\" content=\"index, follow, max-snippet:-1, max-image-preview:large, max-video-preview:-1\" \/>\n<link rel=\"canonical\" href=\"https:\/\/machineriesbst.com\/en\/catalogue\/accu-system-h-49-perceuse-gougeonneuse\/\" \/>\n<meta property=\"og:locale\" content=\"en_US\" \/>\n<meta property=\"og:type\" content=\"article\" \/>\n<meta property=\"og:title\" content=\"Accu System H 49 Per\u00e7euse Gougeonneuse - Machineries BST\" \/>\n<meta property=\"og:description\" content=\"Machines \u00e0 goujonner Syst\u00e8me Accu-system Mod\u00e8le H 49 Perceuse et gougeonneuse Ann\u00e9e 2012 Peut \u00eatre transform\u00e9e \u00e0 la tension requise pour un prix minime. Monophas\u00e9 disponible \u00e0 travers un convertisseur de phase Al\u00e9sage et goujon horizontaux Table de travail de 49 &quot;de large en aluminium usin\u00e9 de 1\/2&quot; d&#039;\u00e9paisseur pour assurer un point de r\u00e9f\u00e9rence [&hellip;]\" \/>\n<meta property=\"og:url\" content=\"https:\/\/machineriesbst.com\/en\/catalogue\/accu-system-h-49-perceuse-gougeonneuse\/\" \/>\n<meta property=\"og:site_name\" content=\"Machineries BST\" \/>\n<meta property=\"article:modified_time\" content=\"2023-12-01T01:23:53+00:00\" \/>\n<meta property=\"og:image\" content=\"https:\/\/machineriesbst.com\/wp-content\/uploads\/2021\/05\/Accu-System-H-49-Drill-and-Dowel-2012-1.jpg\" \/>\n\t<meta property=\"og:image:width\" content=\"1024\" \/>\n\t<meta property=\"og:image:height\" content=\"768\" \/>\n<meta name=\"twitter:card\" content=\"summary_large_image\" \/>\n<meta name=\"twitter:label1\" content=\"Est. reading time\" \/>\n\t<meta name=\"twitter:data1\" content=\"1 minute\" \/>\n<script type=\"application\/ld+json\" class=\"yoast-schema-graph\">{\"@context\":\"https:\/\/schema.org\",\"@graph\":[{\"@type\":\"WebSite\",\"@id\":\"https:\/\/machineriesbst.com\/en\/#website\",\"url\":\"https:\/\/machineriesbst.com\/en\/\",\"name\":\"Machineries BST\",\"description\":\"Machines neuves &amp; usag\\u00e9es\",\"potentialAction\":[{\"@type\":\"SearchAction\",\"target\":{\"@type\":\"EntryPoint\",\"urlTemplate\":\"https:\/\/machineriesbst.com\/en\/?s={search_term_string}\"},\"query-input\":\"required name=search_term_string\"}],\"inLanguage\":\"en-US\"},{\"@type\":\"ImageObject\",\"@id\":\"https:\/\/machineriesbst.com\/en\/catalogue\/accu-system-h-49-perceuse-gougeonneuse\/#primaryimage\",\"inLanguage\":\"en-US\",\"url\":\"https:\/\/machineriesbst.com\/wp-content\/uploads\/2021\/05\/Accu-System-H-49-Drill-and-Dowel-2012-1.jpg\",\"contentUrl\":\"https:\/\/machineriesbst.com\/wp-content\/uploads\/2021\/05\/Accu-System-H-49-Drill-and-Dowel-2012-1.jpg\",\"width\":1024,\"height\":768},{\"@type\":\"WebPage\",\"@id\":\"https:\/\/machineriesbst.com\/en\/catalogue\/accu-system-h-49-perceuse-gougeonneuse\/#webpage\",\"url\":\"https:\/\/machineriesbst.com\/en\/catalogue\/accu-system-h-49-perceuse-gougeonneuse\/\",\"name\":\"Accu System H 49 Per\\u00e7euse Gougeonneuse - Machineries BST\",\"isPartOf\":{\"@id\":\"https:\/\/machineriesbst.com\/en\/#website\"},\"primaryImageOfPage\":{\"@id\":\"https:\/\/machineriesbst.com\/en\/catalogue\/accu-system-h-49-perceuse-gougeonneuse\/#primaryimage\"},\"datePublished\":\"2021-06-08T13:49:11+00:00\",\"dateModified\":\"2023-12-01T01:23:53+00:00\",\"breadcrumb\":{\"@id\":\"https:\/\/machineriesbst.com\/en\/catalogue\/accu-system-h-49-perceuse-gougeonneuse\/#breadcrumb\"},\"inLanguage\":\"en-US\",\"potentialAction\":[{\"@type\":\"ReadAction\",\"target\":[\"https:\/\/machineriesbst.com\/en\/catalogue\/accu-system-h-49-perceuse-gougeonneuse\/\"]}]},{\"@type\":\"BreadcrumbList\",\"@id\":\"https:\/\/machineriesbst.com\/en\/catalogue\/accu-system-h-49-perceuse-gougeonneuse\/#breadcrumb\",\"itemListElement\":[{\"@type\":\"ListItem\",\"position\":1,\"name\":\"Accueil\",\"item\":\"https:\/\/machineriesbst.com\/en\/\"},{\"@type\":\"ListItem\",\"position\":2,\"name\":\"Catalogue\",\"item\":\"https:\/\/machineriesbst.com\/en\/catalog\/\"},{\"@type\":\"ListItem\",\"position\":3,\"name\":\"Accu System H 49 Per\\u00e7euse Gougeonneuse\"}]}]}<\/script>\n<!-- \/ Yoast SEO plugin. -->","yoast_head_json":{"title":"Accu System H 49 Per\u00e7euse Gougeonneuse - Machineries BST","robots":{"index":"index","follow":"follow","max-snippet":"max-snippet:-1","max-image-preview":"max-image-preview:large","max-video-preview":"max-video-preview:-1"},"canonical":"https:\/\/machineriesbst.com\/en\/catalogue\/accu-system-h-49-perceuse-gougeonneuse\/","og_locale":"en_US","og_type":"article","og_title":"Accu System H 49 Per\u00e7euse Gougeonneuse - Machineries BST","og_description":"Machines \u00e0 goujonner Syst\u00e8me Accu-system Mod\u00e8le H 49 Perceuse et gougeonneuse Ann\u00e9e 2012 Peut \u00eatre transform\u00e9e \u00e0 la tension requise pour un prix minime. Monophas\u00e9 disponible \u00e0 travers un convertisseur de phase Al\u00e9sage et goujon horizontaux Table de travail de 49 \"de large en aluminium usin\u00e9 de 1\/2\" d'\u00e9paisseur pour assurer un point de r\u00e9f\u00e9rence [&hellip;]","og_url":"https:\/\/machineriesbst.com\/en\/catalogue\/accu-system-h-49-perceuse-gougeonneuse\/","og_site_name":"Machineries BST","article_modified_time":"2023-12-01T01:23:53+00:00","og_image":[{"width":1024,"height":768,"url":"https:\/\/machineriesbst.com\/wp-content\/uploads\/2021\/05\/Accu-System-H-49-Drill-and-Dowel-2012-1.jpg","path":"\/home\/jepeto\/public_html\/wp-content\/uploads\/2021\/05\/Accu-System-H-49-Drill-and-Dowel-2012-1.jpg","size":"full","id":52330,"alt":"","pixels":786432,"type":"image\/jpeg"}],"twitter_card":"summary_large_image","twitter_misc":{"Est. reading time":"1 minute"},"schema":{"@context":"https:\/\/schema.org","@graph":[{"@type":"WebSite","@id":"https:\/\/machineriesbst.com\/en\/#website","url":"https:\/\/machineriesbst.com\/en\/","name":"Machineries BST","description":"Machines neuves &amp; usag\u00e9es","potentialAction":[{"@type":"SearchAction","target":{"@type":"EntryPoint","urlTemplate":"https:\/\/machineriesbst.com\/en\/?s={search_term_string}"},"query-input":"required name=search_term_string"}],"inLanguage":"en-US"},{"@type":"ImageObject","@id":"https:\/\/machineriesbst.com\/en\/catalogue\/accu-system-h-49-perceuse-gougeonneuse\/#primaryimage","inLanguage":"en-US","url":"https:\/\/machineriesbst.com\/wp-content\/uploads\/2021\/05\/Accu-System-H-49-Drill-and-Dowel-2012-1.jpg","contentUrl":"https:\/\/machineriesbst.com\/wp-content\/uploads\/2021\/05\/Accu-System-H-49-Drill-and-Dowel-2012-1.jpg","width":1024,"height":768},{"@type":"WebPage","@id":"https:\/\/machineriesbst.com\/en\/catalogue\/accu-system-h-49-perceuse-gougeonneuse\/#webpage","url":"https:\/\/machineriesbst.com\/en\/catalogue\/accu-system-h-49-perceuse-gougeonneuse\/","name":"Accu System H 49 Per\u00e7euse Gougeonneuse - Machineries BST","isPartOf":{"@id":"https:\/\/machineriesbst.com\/en\/#website"},"primaryImageOfPage":{"@id":"https:\/\/machineriesbst.com\/en\/catalogue\/accu-system-h-49-perceuse-gougeonneuse\/#primaryimage"},"datePublished":"2021-06-08T13:49:11+00:00","dateModified":"2023-12-01T01:23:53+00:00","breadcrumb":{"@id":"https:\/\/machineriesbst.com\/en\/catalogue\/accu-system-h-49-perceuse-gougeonneuse\/#breadcrumb"},"inLanguage":"en-US","potentialAction":[{"@type":"ReadAction","target":["https:\/\/machineriesbst.com\/en\/catalogue\/accu-system-h-49-perceuse-gougeonneuse\/"]}]},{"@type":"BreadcrumbList","@id":"https:\/\/machineriesbst.com\/en\/catalogue\/accu-system-h-49-perceuse-gougeonneuse\/#breadcrumb","itemListElement":[{"@type":"ListItem","position":1,"name":"Accueil","item":"https:\/\/machineriesbst.com\/en\/"},{"@type":"ListItem","position":2,"name":"Catalogue","item":"https:\/\/machineriesbst.com\/en\/catalog\/"},{"@type":"ListItem","position":3,"name":"Accu System H 49 Per\u00e7euse Gougeonneuse"}]}]}},"_links":{"self":[{"href":"https:\/\/machineriesbst.com\/en\/wp-json\/wp\/v2\/product\/58276"}],"collection":[{"href":"https:\/\/machineriesbst.com\/en\/wp-json\/wp\/v2\/product"}],"about":[{"href":"https:\/\/machineriesbst.com\/en\/wp-json\/wp\/v2\/types\/product"}],"author":[{"embeddable":true,"href":"https:\/\/machineriesbst.com\/en\/wp-json\/wp\/v2\/users\/3"}],"replies":[{"embeddable":true,"href":"https:\/\/machineriesbst.com\/en\/wp-json\/wp\/v2\/comments?post=58276"}],"wp:featuredmedia":[{"embeddable":true,"href":"https:\/\/machineriesbst.com\/en\/wp-json\/wp\/v2\/media\/52330"}],"wp:attachment":[{"href":"https:\/\/machineriesbst.com\/en\/wp-json\/wp\/v2\/media?parent=58276"}],"wp:term":[{"taxonomy":"product_cat","embeddable":true,"href":"https:\/\/machineriesbst.com\/en\/wp-json\/wp\/v2\/product_cat?post=58276"},{"taxonomy":"product_tag","embeddable":true,"href":"https:\/\/machineriesbst.com\/en\/wp-json\/wp\/v2\/product_tag?post=58276"}],"curies":[{"name":"wp","href":"https:\/\/api.w.org\/{rel}","templated":true}]}}