{"id":58263,"date":"2021-06-08T09:48:46","date_gmt":"2021-06-08T13:48:46","guid":{"rendered":"https:\/\/machineriesbst.com\/?post_type=product&#038;p=58263"},"modified":"2023-11-30T20:23:54","modified_gmt":"2023-12-01T01:23:54","slug":"aleseuse-verticale-cemco-mvb84","status":"publish","type":"product","link":"https:\/\/machineriesbst.com\/en\/catalogue\/aleseuse-verticale-cemco-mvb84\/","title":{"rendered":"Cemco MVB84 vertical boring machine"},"content":{"rendered":"<p>Cemco MVB84 vertical boring machine:<\/p>\n<ul>\n<li>84 x 24 table with 84 x 24 drilling area,<\/li>\n<li>71 &#39;&#39; between column,<\/li>\n<li>(8) 3 HP pins with on \/ off switch control,<\/li>\n<li>1-1 \/ 2 &#39;&#39; min. center-to-center distance on the vertical spindle,<\/li>\n<li>2 HP hydraulic fuel pump with variable speed regulation and 18 gallon tank,<\/li>\n<li>(3) spring retainers,<\/li>\n<li>Mobile table with 6 inches of stroke and up to 30 strokes per minute,<\/li>\n<li>Manual or automatic operating mode,<\/li>\n<li>W \/ 2 push button activating palm activation and metal mesh protective guard<\/li>\n<\/ul>","protected":false},"excerpt":{"rendered":"<p>Al\u00e9seuse verticale Cemco MVB84: Table 84 x 24 avec zone de forage 84 x 24, 71 po entre la colonne, (8) 3 broches HP avec commande d'interrupteur marche \/ arr\u00eat, 1-1 \/ 2 po min. distance centre-\u00e0-centre sur la broche verticale, Pompe d'alimentation hydraulique 2 CV avec r\u00e9gulation de vitesse variable et r\u00e9servoir de 18 [&hellip;]<\/p>","protected":false},"author":3,"featured_media":52275,"comment_status":"open","ping_status":"closed","template":"","meta":[],"product_cat":[86],"product_tag":[],"acf":[],"yoast_head":"<!-- This site is optimized with the Yoast SEO plugin v16.8 - https:\/\/yoast.com\/wordpress\/plugins\/seo\/ -->\n<title>Al\u00e9seuse verticale Cemco MVB84 - Machineries BST<\/title>\n<meta name=\"robots\" content=\"index, follow, max-snippet:-1, max-image-preview:large, max-video-preview:-1\" \/>\n<link rel=\"canonical\" href=\"https:\/\/machineriesbst.com\/en\/catalogue\/aleseuse-verticale-cemco-mvb84\/\" \/>\n<meta property=\"og:locale\" content=\"en_US\" \/>\n<meta property=\"og:type\" content=\"article\" \/>\n<meta property=\"og:title\" content=\"Al\u00e9seuse verticale Cemco MVB84 - Machineries BST\" \/>\n<meta property=\"og:description\" content=\"Al\u00e9seuse verticale Cemco MVB84: Table 84 x 24 avec zone de forage 84 x 24, 71 po entre la colonne, (8) 3 broches HP avec commande d&#039;interrupteur marche \/ arr\u00eat, 1-1 \/ 2 po min. distance centre-\u00e0-centre sur la broche verticale, Pompe d&#039;alimentation hydraulique 2 CV avec r\u00e9gulation de vitesse variable et r\u00e9servoir de 18 [&hellip;]\" \/>\n<meta property=\"og:url\" content=\"https:\/\/machineriesbst.com\/en\/catalogue\/aleseuse-verticale-cemco-mvb84\/\" \/>\n<meta property=\"og:site_name\" content=\"Machineries BST\" \/>\n<meta property=\"article:modified_time\" content=\"2023-12-01T01:23:54+00:00\" \/>\n<meta property=\"og:image\" content=\"https:\/\/machineriesbst.com\/wp-content\/uploads\/2021\/05\/CEMCO-MVB84-Vertical-BORING-MACHINE-1528382422_800.jpg\" \/>\n\t<meta property=\"og:image:width\" content=\"800\" \/>\n\t<meta property=\"og:image:height\" content=\"530\" \/>\n<meta name=\"twitter:card\" content=\"summary_large_image\" \/>\n<script type=\"application\/ld+json\" class=\"yoast-schema-graph\">{\"@context\":\"https:\/\/schema.org\",\"@graph\":[{\"@type\":\"WebSite\",\"@id\":\"https:\/\/machineriesbst.com\/en\/#website\",\"url\":\"https:\/\/machineriesbst.com\/en\/\",\"name\":\"Machineries BST\",\"description\":\"Machines neuves &amp; usag\\u00e9es\",\"potentialAction\":[{\"@type\":\"SearchAction\",\"target\":{\"@type\":\"EntryPoint\",\"urlTemplate\":\"https:\/\/machineriesbst.com\/en\/?s={search_term_string}\"},\"query-input\":\"required name=search_term_string\"}],\"inLanguage\":\"en-US\"},{\"@type\":\"ImageObject\",\"@id\":\"https:\/\/machineriesbst.com\/en\/catalogue\/aleseuse-verticale-cemco-mvb84\/#primaryimage\",\"inLanguage\":\"en-US\",\"url\":\"https:\/\/machineriesbst.com\/wp-content\/uploads\/2021\/05\/CEMCO-MVB84-Vertical-BORING-MACHINE-1528382422_800.jpg\",\"contentUrl\":\"https:\/\/machineriesbst.com\/wp-content\/uploads\/2021\/05\/CEMCO-MVB84-Vertical-BORING-MACHINE-1528382422_800.jpg\",\"width\":800,\"height\":530},{\"@type\":\"WebPage\",\"@id\":\"https:\/\/machineriesbst.com\/en\/catalogue\/aleseuse-verticale-cemco-mvb84\/#webpage\",\"url\":\"https:\/\/machineriesbst.com\/en\/catalogue\/aleseuse-verticale-cemco-mvb84\/\",\"name\":\"Al\\u00e9seuse verticale Cemco MVB84 - Machineries BST\",\"isPartOf\":{\"@id\":\"https:\/\/machineriesbst.com\/en\/#website\"},\"primaryImageOfPage\":{\"@id\":\"https:\/\/machineriesbst.com\/en\/catalogue\/aleseuse-verticale-cemco-mvb84\/#primaryimage\"},\"datePublished\":\"2021-06-08T13:48:46+00:00\",\"dateModified\":\"2023-12-01T01:23:54+00:00\",\"breadcrumb\":{\"@id\":\"https:\/\/machineriesbst.com\/en\/catalogue\/aleseuse-verticale-cemco-mvb84\/#breadcrumb\"},\"inLanguage\":\"en-US\",\"potentialAction\":[{\"@type\":\"ReadAction\",\"target\":[\"https:\/\/machineriesbst.com\/en\/catalogue\/aleseuse-verticale-cemco-mvb84\/\"]}]},{\"@type\":\"BreadcrumbList\",\"@id\":\"https:\/\/machineriesbst.com\/en\/catalogue\/aleseuse-verticale-cemco-mvb84\/#breadcrumb\",\"itemListElement\":[{\"@type\":\"ListItem\",\"position\":1,\"name\":\"Accueil\",\"item\":\"https:\/\/machineriesbst.com\/en\/\"},{\"@type\":\"ListItem\",\"position\":2,\"name\":\"Catalogue\",\"item\":\"https:\/\/machineriesbst.com\/en\/catalog\/\"},{\"@type\":\"ListItem\",\"position\":3,\"name\":\"Al\\u00e9seuse verticale Cemco MVB84\"}]}]}<\/script>\n<!-- \/ Yoast SEO plugin. -->","yoast_head_json":{"title":"Al\u00e9seuse verticale Cemco MVB84 - Machineries BST","robots":{"index":"index","follow":"follow","max-snippet":"max-snippet:-1","max-image-preview":"max-image-preview:large","max-video-preview":"max-video-preview:-1"},"canonical":"https:\/\/machineriesbst.com\/en\/catalogue\/aleseuse-verticale-cemco-mvb84\/","og_locale":"en_US","og_type":"article","og_title":"Al\u00e9seuse verticale Cemco MVB84 - Machineries BST","og_description":"Al\u00e9seuse verticale Cemco MVB84: Table 84 x 24 avec zone de forage 84 x 24, 71 po entre la colonne, (8) 3 broches HP avec commande d'interrupteur marche \/ arr\u00eat, 1-1 \/ 2 po min. distance centre-\u00e0-centre sur la broche verticale, Pompe d'alimentation hydraulique 2 CV avec r\u00e9gulation de vitesse variable et r\u00e9servoir de 18 [&hellip;]","og_url":"https:\/\/machineriesbst.com\/en\/catalogue\/aleseuse-verticale-cemco-mvb84\/","og_site_name":"Machineries BST","article_modified_time":"2023-12-01T01:23:54+00:00","og_image":[{"width":800,"height":530,"url":"https:\/\/machineriesbst.com\/wp-content\/uploads\/2021\/05\/CEMCO-MVB84-Vertical-BORING-MACHINE-1528382422_800.jpg","path":"\/home\/jepeto\/public_html\/wp-content\/uploads\/2021\/05\/CEMCO-MVB84-Vertical-BORING-MACHINE-1528382422_800.jpg","size":"full","id":52275,"alt":"","pixels":424000,"type":"image\/jpeg"}],"twitter_card":"summary_large_image","schema":{"@context":"https:\/\/schema.org","@graph":[{"@type":"WebSite","@id":"https:\/\/machineriesbst.com\/en\/#website","url":"https:\/\/machineriesbst.com\/en\/","name":"Machineries BST","description":"Machines neuves &amp; usag\u00e9es","potentialAction":[{"@type":"SearchAction","target":{"@type":"EntryPoint","urlTemplate":"https:\/\/machineriesbst.com\/en\/?s={search_term_string}"},"query-input":"required name=search_term_string"}],"inLanguage":"en-US"},{"@type":"ImageObject","@id":"https:\/\/machineriesbst.com\/en\/catalogue\/aleseuse-verticale-cemco-mvb84\/#primaryimage","inLanguage":"en-US","url":"https:\/\/machineriesbst.com\/wp-content\/uploads\/2021\/05\/CEMCO-MVB84-Vertical-BORING-MACHINE-1528382422_800.jpg","contentUrl":"https:\/\/machineriesbst.com\/wp-content\/uploads\/2021\/05\/CEMCO-MVB84-Vertical-BORING-MACHINE-1528382422_800.jpg","width":800,"height":530},{"@type":"WebPage","@id":"https:\/\/machineriesbst.com\/en\/catalogue\/aleseuse-verticale-cemco-mvb84\/#webpage","url":"https:\/\/machineriesbst.com\/en\/catalogue\/aleseuse-verticale-cemco-mvb84\/","name":"Al\u00e9seuse verticale Cemco MVB84 - Machineries BST","isPartOf":{"@id":"https:\/\/machineriesbst.com\/en\/#website"},"primaryImageOfPage":{"@id":"https:\/\/machineriesbst.com\/en\/catalogue\/aleseuse-verticale-cemco-mvb84\/#primaryimage"},"datePublished":"2021-06-08T13:48:46+00:00","dateModified":"2023-12-01T01:23:54+00:00","breadcrumb":{"@id":"https:\/\/machineriesbst.com\/en\/catalogue\/aleseuse-verticale-cemco-mvb84\/#breadcrumb"},"inLanguage":"en-US","potentialAction":[{"@type":"ReadAction","target":["https:\/\/machineriesbst.com\/en\/catalogue\/aleseuse-verticale-cemco-mvb84\/"]}]},{"@type":"BreadcrumbList","@id":"https:\/\/machineriesbst.com\/en\/catalogue\/aleseuse-verticale-cemco-mvb84\/#breadcrumb","itemListElement":[{"@type":"ListItem","position":1,"name":"Accueil","item":"https:\/\/machineriesbst.com\/en\/"},{"@type":"ListItem","position":2,"name":"Catalogue","item":"https:\/\/machineriesbst.com\/en\/catalog\/"},{"@type":"ListItem","position":3,"name":"Al\u00e9seuse verticale Cemco MVB84"}]}]}},"_links":{"self":[{"href":"https:\/\/machineriesbst.com\/en\/wp-json\/wp\/v2\/product\/58263"}],"collection":[{"href":"https:\/\/machineriesbst.com\/en\/wp-json\/wp\/v2\/product"}],"about":[{"href":"https:\/\/machineriesbst.com\/en\/wp-json\/wp\/v2\/types\/product"}],"author":[{"embeddable":true,"href":"https:\/\/machineriesbst.com\/en\/wp-json\/wp\/v2\/users\/3"}],"replies":[{"embeddable":true,"href":"https:\/\/machineriesbst.com\/en\/wp-json\/wp\/v2\/comments?post=58263"}],"wp:featuredmedia":[{"embeddable":true,"href":"https:\/\/machineriesbst.com\/en\/wp-json\/wp\/v2\/media\/52275"}],"wp:attachment":[{"href":"https:\/\/machineriesbst.com\/en\/wp-json\/wp\/v2\/media?parent=58263"}],"wp:term":[{"taxonomy":"product_cat","embeddable":true,"href":"https:\/\/machineriesbst.com\/en\/wp-json\/wp\/v2\/product_cat?post=58263"},{"taxonomy":"product_tag","embeddable":true,"href":"https:\/\/machineriesbst.com\/en\/wp-json\/wp\/v2\/product_tag?post=58263"}],"curies":[{"name":"wp","href":"https:\/\/api.w.org\/{rel}","templated":true}]}}