{"id":58242,"date":"2021-06-08T09:48:20","date_gmt":"2021-06-08T13:48:20","guid":{"rendered":"https:\/\/machineriesbst.com\/?post_type=product&#038;p=58242"},"modified":"2023-11-30T20:23:54","modified_gmt":"2023-12-01T01:23:54","slug":"weinig-rondamat-r960","status":"publish","type":"product","link":"https:\/\/machineriesbst.com\/en\/catalogue\/weinig-rondamat-r960\/","title":{"rendered":"Weinig Rondamat R960"},"content":{"rendered":"<p>Weinig Rondamat R960:<\/p>\n<ul>\n<li>High precision profile grinder for straight and straight knives.<\/li>\n<li>Machine reconditioned by a technician<\/li>\n<li>Weinig - cleaned and checked; NEW Table bearings.<\/li>\n<li>Working cap: Length 9-3 \/ 8 &quot;, cutting circle 4&quot; to 11-1 \/ 2 &quot;<\/li>\n<li>Hydraulic clamping of the grinding wheel.<\/li>\n<li>Grinding wheel speed 1,500-3,000 rpm<\/li>\n<li>1.5 HP Grinding Spindle<\/li>\n<li>Cooling system with 0.5 HP pump and 13 gal. tank<\/li>\n<li>Performance pack: Motorized positioning of the grinding wheel angles - lateral clearance, motorized knife advance and pneumatic adjustment of the back clearance angle.<\/li>\n<li>Motorized axial table feed (0-142 mm \/ min.)<\/li>\n<li>Electric meter for automatic races<\/li>\n<li>Radial table clamping with fine adjustment.<\/li>\n<li>Includes: Arbor of choice<\/li>\n<\/ul>","protected":false},"excerpt":{"rendered":"<p>Weinig Rondamat R960: High-precision profile grinder for straight and straight knives. Machine reconditioned by a Weinig technician - cleaned and checked; NEW Table bearings. Work cap: Length 9-3\/8&quot;, cutting circle 4&quot; to 11-1\/2&quot; Hydraulic wheel clamping. Wheel speed 1,500-3 [\u2026]<\/p>","protected":false},"author":3,"featured_media":52177,"comment_status":"open","ping_status":"closed","template":"","meta":[],"product_cat":[2277],"product_tag":[],"acf":[],"yoast_head":"<!-- This site is optimized with the Yoast SEO plugin v16.8 - https:\/\/yoast.com\/wordpress\/plugins\/seo\/ -->\n<title>Weinig Rondamat R960 - Machineries BST<\/title>\n<meta name=\"robots\" content=\"index, follow, max-snippet:-1, max-image-preview:large, max-video-preview:-1\" \/>\n<link rel=\"canonical\" href=\"https:\/\/machineriesbst.com\/en\/catalogue\/weinig-rondamat-r960\/\" \/>\n<meta property=\"og:locale\" content=\"en_US\" \/>\n<meta property=\"og:type\" content=\"article\" \/>\n<meta property=\"og:title\" content=\"Weinig Rondamat R960 - Machineries BST\" \/>\n<meta property=\"og:description\" content=\"Weinig Rondamat R960: Meuleuse de profil haute pr\u00e9cision pour couteaux droits et droits. Machine reconditionn\u00e9e par un technicien Weinig - nettoy\u00e9e et v\u00e9rifi\u00e9e; NOUVEAU Roulements de table. Capuchon de travail: Longueur 9-3 \/ 8 &quot;, cercle de coupe 4&quot; \u00e0 11-1 \/ 2 &quot; Serrage hydraulique de la meule. Vitesse de la meule 1 500-3 [&hellip;]\" \/>\n<meta property=\"og:url\" content=\"https:\/\/machineriesbst.com\/en\/catalogue\/weinig-rondamat-r960\/\" \/>\n<meta property=\"og:site_name\" content=\"Machineries BST\" \/>\n<meta property=\"article:modified_time\" content=\"2023-12-01T01:23:54+00:00\" \/>\n<meta property=\"og:image\" content=\"https:\/\/machineriesbst.com\/wp-content\/uploads\/2021\/05\/WEINIG-RONDAMAT-R960-PROFILE-GRINDER-1527104034_800.jpg\" \/>\n\t<meta property=\"og:image:width\" content=\"930\" \/>\n\t<meta property=\"og:image:height\" content=\"1240\" \/>\n<meta name=\"twitter:card\" content=\"summary_large_image\" \/>\n<meta name=\"twitter:label1\" content=\"Est. reading time\" \/>\n\t<meta name=\"twitter:data1\" content=\"1 minute\" \/>\n<script type=\"application\/ld+json\" class=\"yoast-schema-graph\">{\"@context\":\"https:\/\/schema.org\",\"@graph\":[{\"@type\":\"WebSite\",\"@id\":\"https:\/\/machineriesbst.com\/en\/#website\",\"url\":\"https:\/\/machineriesbst.com\/en\/\",\"name\":\"Machineries BST\",\"description\":\"Machines neuves &amp; usag\\u00e9es\",\"potentialAction\":[{\"@type\":\"SearchAction\",\"target\":{\"@type\":\"EntryPoint\",\"urlTemplate\":\"https:\/\/machineriesbst.com\/en\/?s={search_term_string}\"},\"query-input\":\"required name=search_term_string\"}],\"inLanguage\":\"en-US\"},{\"@type\":\"ImageObject\",\"@id\":\"https:\/\/machineriesbst.com\/en\/catalogue\/weinig-rondamat-r960\/#primaryimage\",\"inLanguage\":\"en-US\",\"url\":\"https:\/\/machineriesbst.com\/wp-content\/uploads\/2021\/05\/WEINIG-RONDAMAT-R960-PROFILE-GRINDER-1527104034_800.jpg\",\"contentUrl\":\"https:\/\/machineriesbst.com\/wp-content\/uploads\/2021\/05\/WEINIG-RONDAMAT-R960-PROFILE-GRINDER-1527104034_800.jpg\",\"width\":930,\"height\":1240},{\"@type\":\"WebPage\",\"@id\":\"https:\/\/machineriesbst.com\/en\/catalogue\/weinig-rondamat-r960\/#webpage\",\"url\":\"https:\/\/machineriesbst.com\/en\/catalogue\/weinig-rondamat-r960\/\",\"name\":\"Weinig Rondamat R960 - Machineries BST\",\"isPartOf\":{\"@id\":\"https:\/\/machineriesbst.com\/en\/#website\"},\"primaryImageOfPage\":{\"@id\":\"https:\/\/machineriesbst.com\/en\/catalogue\/weinig-rondamat-r960\/#primaryimage\"},\"datePublished\":\"2021-06-08T13:48:20+00:00\",\"dateModified\":\"2023-12-01T01:23:54+00:00\",\"breadcrumb\":{\"@id\":\"https:\/\/machineriesbst.com\/en\/catalogue\/weinig-rondamat-r960\/#breadcrumb\"},\"inLanguage\":\"en-US\",\"potentialAction\":[{\"@type\":\"ReadAction\",\"target\":[\"https:\/\/machineriesbst.com\/en\/catalogue\/weinig-rondamat-r960\/\"]}]},{\"@type\":\"BreadcrumbList\",\"@id\":\"https:\/\/machineriesbst.com\/en\/catalogue\/weinig-rondamat-r960\/#breadcrumb\",\"itemListElement\":[{\"@type\":\"ListItem\",\"position\":1,\"name\":\"Accueil\",\"item\":\"https:\/\/machineriesbst.com\/en\/\"},{\"@type\":\"ListItem\",\"position\":2,\"name\":\"Catalogue\",\"item\":\"https:\/\/machineriesbst.com\/en\/catalog\/\"},{\"@type\":\"ListItem\",\"position\":3,\"name\":\"Weinig Rondamat R960\"}]}]}<\/script>\n<!-- \/ Yoast SEO plugin. -->","yoast_head_json":{"title":"Weinig Rondamat R960 - Machineries BST","robots":{"index":"index","follow":"follow","max-snippet":"max-snippet:-1","max-image-preview":"max-image-preview:large","max-video-preview":"max-video-preview:-1"},"canonical":"https:\/\/machineriesbst.com\/en\/catalogue\/weinig-rondamat-r960\/","og_locale":"en_US","og_type":"article","og_title":"Weinig Rondamat R960 - Machineries BST","og_description":"Weinig Rondamat R960: Meuleuse de profil haute pr\u00e9cision pour couteaux droits et droits. Machine reconditionn\u00e9e par un technicien Weinig - nettoy\u00e9e et v\u00e9rifi\u00e9e; NOUVEAU Roulements de table. Capuchon de travail: Longueur 9-3 \/ 8 \", cercle de coupe 4\" \u00e0 11-1 \/ 2 \" Serrage hydraulique de la meule. Vitesse de la meule 1 500-3 [&hellip;]","og_url":"https:\/\/machineriesbst.com\/en\/catalogue\/weinig-rondamat-r960\/","og_site_name":"Machineries BST","article_modified_time":"2023-12-01T01:23:54+00:00","og_image":[{"width":930,"height":1240,"url":"https:\/\/machineriesbst.com\/wp-content\/uploads\/2021\/05\/WEINIG-RONDAMAT-R960-PROFILE-GRINDER-1527104034_800.jpg","path":"\/home\/jepeto\/public_html\/wp-content\/uploads\/2021\/05\/WEINIG-RONDAMAT-R960-PROFILE-GRINDER-1527104034_800.jpg","size":"full","id":52177,"alt":"","pixels":1153200,"type":"image\/jpeg"}],"twitter_card":"summary_large_image","twitter_misc":{"Est. reading time":"1 minute"},"schema":{"@context":"https:\/\/schema.org","@graph":[{"@type":"WebSite","@id":"https:\/\/machineriesbst.com\/en\/#website","url":"https:\/\/machineriesbst.com\/en\/","name":"Machineries BST","description":"Machines neuves &amp; usag\u00e9es","potentialAction":[{"@type":"SearchAction","target":{"@type":"EntryPoint","urlTemplate":"https:\/\/machineriesbst.com\/en\/?s={search_term_string}"},"query-input":"required name=search_term_string"}],"inLanguage":"en-US"},{"@type":"ImageObject","@id":"https:\/\/machineriesbst.com\/en\/catalogue\/weinig-rondamat-r960\/#primaryimage","inLanguage":"en-US","url":"https:\/\/machineriesbst.com\/wp-content\/uploads\/2021\/05\/WEINIG-RONDAMAT-R960-PROFILE-GRINDER-1527104034_800.jpg","contentUrl":"https:\/\/machineriesbst.com\/wp-content\/uploads\/2021\/05\/WEINIG-RONDAMAT-R960-PROFILE-GRINDER-1527104034_800.jpg","width":930,"height":1240},{"@type":"WebPage","@id":"https:\/\/machineriesbst.com\/en\/catalogue\/weinig-rondamat-r960\/#webpage","url":"https:\/\/machineriesbst.com\/en\/catalogue\/weinig-rondamat-r960\/","name":"Weinig Rondamat R960 - Machineries BST","isPartOf":{"@id":"https:\/\/machineriesbst.com\/en\/#website"},"primaryImageOfPage":{"@id":"https:\/\/machineriesbst.com\/en\/catalogue\/weinig-rondamat-r960\/#primaryimage"},"datePublished":"2021-06-08T13:48:20+00:00","dateModified":"2023-12-01T01:23:54+00:00","breadcrumb":{"@id":"https:\/\/machineriesbst.com\/en\/catalogue\/weinig-rondamat-r960\/#breadcrumb"},"inLanguage":"en-US","potentialAction":[{"@type":"ReadAction","target":["https:\/\/machineriesbst.com\/en\/catalogue\/weinig-rondamat-r960\/"]}]},{"@type":"BreadcrumbList","@id":"https:\/\/machineriesbst.com\/en\/catalogue\/weinig-rondamat-r960\/#breadcrumb","itemListElement":[{"@type":"ListItem","position":1,"name":"Accueil","item":"https:\/\/machineriesbst.com\/en\/"},{"@type":"ListItem","position":2,"name":"Catalogue","item":"https:\/\/machineriesbst.com\/en\/catalog\/"},{"@type":"ListItem","position":3,"name":"Weinig Rondamat R960"}]}]}},"_links":{"self":[{"href":"https:\/\/machineriesbst.com\/en\/wp-json\/wp\/v2\/product\/58242"}],"collection":[{"href":"https:\/\/machineriesbst.com\/en\/wp-json\/wp\/v2\/product"}],"about":[{"href":"https:\/\/machineriesbst.com\/en\/wp-json\/wp\/v2\/types\/product"}],"author":[{"embeddable":true,"href":"https:\/\/machineriesbst.com\/en\/wp-json\/wp\/v2\/users\/3"}],"replies":[{"embeddable":true,"href":"https:\/\/machineriesbst.com\/en\/wp-json\/wp\/v2\/comments?post=58242"}],"wp:featuredmedia":[{"embeddable":true,"href":"https:\/\/machineriesbst.com\/en\/wp-json\/wp\/v2\/media\/52177"}],"wp:attachment":[{"href":"https:\/\/machineriesbst.com\/en\/wp-json\/wp\/v2\/media?parent=58242"}],"wp:term":[{"taxonomy":"product_cat","embeddable":true,"href":"https:\/\/machineriesbst.com\/en\/wp-json\/wp\/v2\/product_cat?post=58242"},{"taxonomy":"product_tag","embeddable":true,"href":"https:\/\/machineriesbst.com\/en\/wp-json\/wp\/v2\/product_tag?post=58242"}],"curies":[{"name":"wp","href":"https:\/\/api.w.org\/{rel}","templated":true}]}}