{"id":58223,"date":"2021-06-08T09:47:54","date_gmt":"2021-06-08T13:47:54","guid":{"rendered":"https:\/\/machineriesbst.com\/?post_type=product&#038;p=58223"},"modified":"2023-11-30T20:23:54","modified_gmt":"2023-12-01T01:23:54","slug":"1-sableuse-scm-rrt-130-52po","status":"publish","type":"product","link":"https:\/\/machineriesbst.com\/en\/catalogue\/1-sableuse-scm-rrt-130-52po\/","title":{"rendered":"1 SCM RRT-130 52PO sandblaster"},"content":{"rendered":"<h2>Product Description<\/h2>\n<p>SCM Sandya Sableuse 3 belts 52 &#39;&#39;<\/p>\n<p>Model RRT-130<\/p>\n<p>AE005767 Series<\/p>\n<p>Ref. 070 526<\/p>\n<p>52 &#39;&#39; working width<\/p>\n<p>Head sequences<\/p>\n<p>NO-1 Rubber roller motor 26 kw (35 hp.)<\/p>\n<p>NO-2 Rubber roller motor 26 kw (35 hp.)<\/p>\n<p>NO-3 Electronic sectional slider motor 13 kw (18 hp.)<\/p>\n<p>NO-4 Cleaning brush<\/p>\n<p>Volts 600 3 ph.<\/p>\n<p>Vacuum mat for parts training<\/p>\n<p>Weight 4645 kg (10,220 lbs.)<\/p>","protected":false},"excerpt":{"rendered":"<p>Product Description SCM Sandya 3-belt sanding machine 52 &#39;&#39; Model RRT-130 Series AE005767 Ref. 070 526 Working width 52 &#39;&#39; Head sequences NO-1 Motor rubber roller 26 kw (35 hp.) NO-2 Motor rubber roller 26 kw (35 hp.) NO-3 Electronic sectional pad motor 13 kw (18 hp.) NO-4 Cleaning brush Volts 600 3 ph. Vacuum mat [\u2026]<\/p>","protected":false},"author":3,"featured_media":52103,"comment_status":"open","ping_status":"closed","template":"","meta":[],"product_cat":[1731,3055],"product_tag":[],"acf":[],"yoast_head":"<!-- This site is optimized with the Yoast SEO plugin v16.8 - https:\/\/yoast.com\/wordpress\/plugins\/seo\/ -->\n<title>1 Sableuse SCM RRT-130 52PO - Machineries BST<\/title>\n<meta name=\"robots\" content=\"index, follow, max-snippet:-1, max-image-preview:large, max-video-preview:-1\" \/>\n<link rel=\"canonical\" href=\"https:\/\/machineriesbst.com\/en\/catalogue\/1-sableuse-scm-rrt-130-52po\/\" \/>\n<meta property=\"og:locale\" content=\"en_US\" \/>\n<meta property=\"og:type\" content=\"article\" \/>\n<meta property=\"og:title\" content=\"1 Sableuse SCM RRT-130 52PO - Machineries BST\" \/>\n<meta property=\"og:description\" content=\"Product Description SCM \u00a0Sandya Sableuse\u00a0 3 courroies 52&#039;&#039; Mod\u00e8le RRT-130 S\u00e9rie AE005767 Ref.070 526 Largeur de travail 52&#039;&#039; S\u00e9quences des t\u00eates NO-1 Rouleau caoutchouc moteur 26 kw (35 hp.) NO-2 Rouleau caoutchouc moteur 26 kw (35 hp.) NO-3 Patin \u00e9lectronique sectionnel\u00a0moteur 13 kw (18 hp.) NO-4 Brosse de nettoyage Volts 600 3 ph. Tapis vacuum [&hellip;]\" \/>\n<meta property=\"og:url\" content=\"https:\/\/machineriesbst.com\/en\/catalogue\/1-sableuse-scm-rrt-130-52po\/\" \/>\n<meta property=\"og:site_name\" content=\"Machineries BST\" \/>\n<meta property=\"article:modified_time\" content=\"2023-12-01T01:23:54+00:00\" \/>\n<meta property=\"og:image\" content=\"https:\/\/machineriesbst.com\/wp-content\/uploads\/2021\/05\/S1.jpg\" \/>\n\t<meta property=\"og:image:width\" content=\"240\" \/>\n\t<meta property=\"og:image:height\" content=\"320\" \/>\n<meta name=\"twitter:card\" content=\"summary_large_image\" \/>\n<script type=\"application\/ld+json\" class=\"yoast-schema-graph\">{\"@context\":\"https:\/\/schema.org\",\"@graph\":[{\"@type\":\"WebSite\",\"@id\":\"https:\/\/machineriesbst.com\/en\/#website\",\"url\":\"https:\/\/machineriesbst.com\/en\/\",\"name\":\"Machineries BST\",\"description\":\"Machines neuves &amp; usag\\u00e9es\",\"potentialAction\":[{\"@type\":\"SearchAction\",\"target\":{\"@type\":\"EntryPoint\",\"urlTemplate\":\"https:\/\/machineriesbst.com\/en\/?s={search_term_string}\"},\"query-input\":\"required name=search_term_string\"}],\"inLanguage\":\"en-US\"},{\"@type\":\"ImageObject\",\"@id\":\"https:\/\/machineriesbst.com\/en\/catalogue\/1-sableuse-scm-rrt-130-52po\/#primaryimage\",\"inLanguage\":\"en-US\",\"url\":\"https:\/\/machineriesbst.com\/wp-content\/uploads\/2021\/05\/S1.jpg\",\"contentUrl\":\"https:\/\/machineriesbst.com\/wp-content\/uploads\/2021\/05\/S1.jpg\",\"width\":240,\"height\":320},{\"@type\":\"WebPage\",\"@id\":\"https:\/\/machineriesbst.com\/en\/catalogue\/1-sableuse-scm-rrt-130-52po\/#webpage\",\"url\":\"https:\/\/machineriesbst.com\/en\/catalogue\/1-sableuse-scm-rrt-130-52po\/\",\"name\":\"1 Sableuse SCM RRT-130 52PO - Machineries BST\",\"isPartOf\":{\"@id\":\"https:\/\/machineriesbst.com\/en\/#website\"},\"primaryImageOfPage\":{\"@id\":\"https:\/\/machineriesbst.com\/en\/catalogue\/1-sableuse-scm-rrt-130-52po\/#primaryimage\"},\"datePublished\":\"2021-06-08T13:47:54+00:00\",\"dateModified\":\"2023-12-01T01:23:54+00:00\",\"breadcrumb\":{\"@id\":\"https:\/\/machineriesbst.com\/en\/catalogue\/1-sableuse-scm-rrt-130-52po\/#breadcrumb\"},\"inLanguage\":\"en-US\",\"potentialAction\":[{\"@type\":\"ReadAction\",\"target\":[\"https:\/\/machineriesbst.com\/en\/catalogue\/1-sableuse-scm-rrt-130-52po\/\"]}]},{\"@type\":\"BreadcrumbList\",\"@id\":\"https:\/\/machineriesbst.com\/en\/catalogue\/1-sableuse-scm-rrt-130-52po\/#breadcrumb\",\"itemListElement\":[{\"@type\":\"ListItem\",\"position\":1,\"name\":\"Accueil\",\"item\":\"https:\/\/machineriesbst.com\/en\/\"},{\"@type\":\"ListItem\",\"position\":2,\"name\":\"Catalogue\",\"item\":\"https:\/\/machineriesbst.com\/en\/catalog\/\"},{\"@type\":\"ListItem\",\"position\":3,\"name\":\"1 Sableuse SCM RRT-130 52PO\"}]}]}<\/script>\n<!-- \/ Yoast SEO plugin. -->","yoast_head_json":{"title":"1 Sableuse SCM RRT-130 52PO - Machineries BST","robots":{"index":"index","follow":"follow","max-snippet":"max-snippet:-1","max-image-preview":"max-image-preview:large","max-video-preview":"max-video-preview:-1"},"canonical":"https:\/\/machineriesbst.com\/en\/catalogue\/1-sableuse-scm-rrt-130-52po\/","og_locale":"en_US","og_type":"article","og_title":"1 Sableuse SCM RRT-130 52PO - Machineries BST","og_description":"Product Description SCM \u00a0Sandya Sableuse\u00a0 3 courroies 52'' Mod\u00e8le RRT-130 S\u00e9rie AE005767 Ref.070 526 Largeur de travail 52'' S\u00e9quences des t\u00eates NO-1 Rouleau caoutchouc moteur 26 kw (35 hp.) NO-2 Rouleau caoutchouc moteur 26 kw (35 hp.) NO-3 Patin \u00e9lectronique sectionnel\u00a0moteur 13 kw (18 hp.) NO-4 Brosse de nettoyage Volts 600 3 ph. Tapis vacuum [&hellip;]","og_url":"https:\/\/machineriesbst.com\/en\/catalogue\/1-sableuse-scm-rrt-130-52po\/","og_site_name":"Machineries BST","article_modified_time":"2023-12-01T01:23:54+00:00","og_image":[{"width":240,"height":320,"url":"https:\/\/machineriesbst.com\/wp-content\/uploads\/2021\/05\/S1.jpg","path":"\/home\/jepeto\/public_html\/wp-content\/uploads\/2021\/05\/S1.jpg","size":"full","id":52103,"alt":"","pixels":76800,"type":"image\/jpeg"}],"twitter_card":"summary_large_image","schema":{"@context":"https:\/\/schema.org","@graph":[{"@type":"WebSite","@id":"https:\/\/machineriesbst.com\/en\/#website","url":"https:\/\/machineriesbst.com\/en\/","name":"Machineries BST","description":"Machines neuves &amp; usag\u00e9es","potentialAction":[{"@type":"SearchAction","target":{"@type":"EntryPoint","urlTemplate":"https:\/\/machineriesbst.com\/en\/?s={search_term_string}"},"query-input":"required name=search_term_string"}],"inLanguage":"en-US"},{"@type":"ImageObject","@id":"https:\/\/machineriesbst.com\/en\/catalogue\/1-sableuse-scm-rrt-130-52po\/#primaryimage","inLanguage":"en-US","url":"https:\/\/machineriesbst.com\/wp-content\/uploads\/2021\/05\/S1.jpg","contentUrl":"https:\/\/machineriesbst.com\/wp-content\/uploads\/2021\/05\/S1.jpg","width":240,"height":320},{"@type":"WebPage","@id":"https:\/\/machineriesbst.com\/en\/catalogue\/1-sableuse-scm-rrt-130-52po\/#webpage","url":"https:\/\/machineriesbst.com\/en\/catalogue\/1-sableuse-scm-rrt-130-52po\/","name":"1 Sableuse SCM RRT-130 52PO - Machineries BST","isPartOf":{"@id":"https:\/\/machineriesbst.com\/en\/#website"},"primaryImageOfPage":{"@id":"https:\/\/machineriesbst.com\/en\/catalogue\/1-sableuse-scm-rrt-130-52po\/#primaryimage"},"datePublished":"2021-06-08T13:47:54+00:00","dateModified":"2023-12-01T01:23:54+00:00","breadcrumb":{"@id":"https:\/\/machineriesbst.com\/en\/catalogue\/1-sableuse-scm-rrt-130-52po\/#breadcrumb"},"inLanguage":"en-US","potentialAction":[{"@type":"ReadAction","target":["https:\/\/machineriesbst.com\/en\/catalogue\/1-sableuse-scm-rrt-130-52po\/"]}]},{"@type":"BreadcrumbList","@id":"https:\/\/machineriesbst.com\/en\/catalogue\/1-sableuse-scm-rrt-130-52po\/#breadcrumb","itemListElement":[{"@type":"ListItem","position":1,"name":"Accueil","item":"https:\/\/machineriesbst.com\/en\/"},{"@type":"ListItem","position":2,"name":"Catalogue","item":"https:\/\/machineriesbst.com\/en\/catalog\/"},{"@type":"ListItem","position":3,"name":"1 Sableuse SCM RRT-130 52PO"}]}]}},"_links":{"self":[{"href":"https:\/\/machineriesbst.com\/en\/wp-json\/wp\/v2\/product\/58223"}],"collection":[{"href":"https:\/\/machineriesbst.com\/en\/wp-json\/wp\/v2\/product"}],"about":[{"href":"https:\/\/machineriesbst.com\/en\/wp-json\/wp\/v2\/types\/product"}],"author":[{"embeddable":true,"href":"https:\/\/machineriesbst.com\/en\/wp-json\/wp\/v2\/users\/3"}],"replies":[{"embeddable":true,"href":"https:\/\/machineriesbst.com\/en\/wp-json\/wp\/v2\/comments?post=58223"}],"wp:featuredmedia":[{"embeddable":true,"href":"https:\/\/machineriesbst.com\/en\/wp-json\/wp\/v2\/media\/52103"}],"wp:attachment":[{"href":"https:\/\/machineriesbst.com\/en\/wp-json\/wp\/v2\/media?parent=58223"}],"wp:term":[{"taxonomy":"product_cat","embeddable":true,"href":"https:\/\/machineriesbst.com\/en\/wp-json\/wp\/v2\/product_cat?post=58223"},{"taxonomy":"product_tag","embeddable":true,"href":"https:\/\/machineriesbst.com\/en\/wp-json\/wp\/v2\/product_tag?post=58223"}],"curies":[{"name":"wp","href":"https:\/\/api.w.org\/{rel}","templated":true}]}}