{"id":58210,"date":"2021-06-08T09:47:30","date_gmt":"2021-06-08T13:47:30","guid":{"rendered":"https:\/\/machineriesbst.com\/?post_type=product&#038;p=58210"},"modified":"2023-11-30T20:23:55","modified_gmt":"2023-12-01T01:23:55","slug":"bailer-presse-a-bout-ferme-continental-carton","status":"publish","type":"product","link":"https:\/\/machineriesbst.com\/en\/catalogue\/bailer-presse-a-bout-ferme-continental-carton\/","title":{"rendered":"Bailer Closed-end press Continental carton"},"content":{"rendered":"<p>CONTINENTAL CLOSED END PRESS<br \/>\n20 HP 600 VOLT MOTOR<br \/>\n6 &#39;&#39; CYLINDER<br \/>\nAUTOMATIC MODE<br \/>\nFUNCTIONAL<br \/>\nRECONDITIONED 2017<\/p>","protected":false},"excerpt":{"rendered":"<p>CONTINENTAL CLOSED END PRESS 20 HP 600 VOLT ENGINE 6 &#39;&#39; CYLINDER AUTOMATIC MODE FUNCTIONAL RECONDITIONED 2017<\/p>","protected":false},"author":3,"featured_media":52057,"comment_status":"open","ping_status":"closed","template":"","meta":[],"product_cat":[229],"product_tag":[],"acf":[],"yoast_head":"<!-- This site is optimized with the Yoast SEO plugin v16.8 - https:\/\/yoast.com\/wordpress\/plugins\/seo\/ -->\n<title>Bailer Presse \u00e0 bout ferm\u00e9 Continental carton - Machineries BST<\/title>\n<meta name=\"robots\" content=\"index, follow, max-snippet:-1, max-image-preview:large, max-video-preview:-1\" \/>\n<link rel=\"canonical\" href=\"https:\/\/machineriesbst.com\/en\/catalogue\/bailer-presse-a-bout-ferme-continental-carton\/\" \/>\n<meta property=\"og:locale\" content=\"en_US\" \/>\n<meta property=\"og:type\" content=\"article\" \/>\n<meta property=\"og:title\" content=\"Bailer Presse \u00e0 bout ferm\u00e9 Continental carton - Machineries BST\" \/>\n<meta property=\"og:description\" content=\"PRESSE A BOUT FERM\u00c9 CONTINENTAL MOTEUR 20 HP 600 VOLT CYLINDRE DE 6\u2019\u2019 MODE AUTOMATIQUE FONCTIONNEL RECONDITIONN\u00c9 2017\" \/>\n<meta property=\"og:url\" content=\"https:\/\/machineriesbst.com\/en\/catalogue\/bailer-presse-a-bout-ferme-continental-carton\/\" \/>\n<meta property=\"og:site_name\" content=\"Machineries BST\" \/>\n<meta property=\"article:modified_time\" content=\"2023-12-01T01:23:55+00:00\" \/>\n<meta property=\"og:image\" content=\"https:\/\/machineriesbst.com\/wp-content\/uploads\/2021\/05\/497742800.jpg\" \/>\n\t<meta property=\"og:image:width\" content=\"425\" \/>\n\t<meta property=\"og:image:height\" content=\"279\" \/>\n<meta name=\"twitter:card\" content=\"summary_large_image\" \/>\n<script type=\"application\/ld+json\" class=\"yoast-schema-graph\">{\"@context\":\"https:\/\/schema.org\",\"@graph\":[{\"@type\":\"WebSite\",\"@id\":\"https:\/\/machineriesbst.com\/en\/#website\",\"url\":\"https:\/\/machineriesbst.com\/en\/\",\"name\":\"Machineries BST\",\"description\":\"Machines neuves &amp; usag\\u00e9es\",\"potentialAction\":[{\"@type\":\"SearchAction\",\"target\":{\"@type\":\"EntryPoint\",\"urlTemplate\":\"https:\/\/machineriesbst.com\/en\/?s={search_term_string}\"},\"query-input\":\"required name=search_term_string\"}],\"inLanguage\":\"en-US\"},{\"@type\":\"ImageObject\",\"@id\":\"https:\/\/machineriesbst.com\/en\/catalogue\/bailer-presse-a-bout-ferme-continental-carton\/#primaryimage\",\"inLanguage\":\"en-US\",\"url\":\"https:\/\/machineriesbst.com\/wp-content\/uploads\/2021\/05\/497742800.jpg\",\"contentUrl\":\"https:\/\/machineriesbst.com\/wp-content\/uploads\/2021\/05\/497742800.jpg\",\"width\":425,\"height\":279},{\"@type\":\"WebPage\",\"@id\":\"https:\/\/machineriesbst.com\/en\/catalogue\/bailer-presse-a-bout-ferme-continental-carton\/#webpage\",\"url\":\"https:\/\/machineriesbst.com\/en\/catalogue\/bailer-presse-a-bout-ferme-continental-carton\/\",\"name\":\"Bailer Presse \\u00e0 bout ferm\\u00e9 Continental carton - Machineries BST\",\"isPartOf\":{\"@id\":\"https:\/\/machineriesbst.com\/en\/#website\"},\"primaryImageOfPage\":{\"@id\":\"https:\/\/machineriesbst.com\/en\/catalogue\/bailer-presse-a-bout-ferme-continental-carton\/#primaryimage\"},\"datePublished\":\"2021-06-08T13:47:30+00:00\",\"dateModified\":\"2023-12-01T01:23:55+00:00\",\"breadcrumb\":{\"@id\":\"https:\/\/machineriesbst.com\/en\/catalogue\/bailer-presse-a-bout-ferme-continental-carton\/#breadcrumb\"},\"inLanguage\":\"en-US\",\"potentialAction\":[{\"@type\":\"ReadAction\",\"target\":[\"https:\/\/machineriesbst.com\/en\/catalogue\/bailer-presse-a-bout-ferme-continental-carton\/\"]}]},{\"@type\":\"BreadcrumbList\",\"@id\":\"https:\/\/machineriesbst.com\/en\/catalogue\/bailer-presse-a-bout-ferme-continental-carton\/#breadcrumb\",\"itemListElement\":[{\"@type\":\"ListItem\",\"position\":1,\"name\":\"Accueil\",\"item\":\"https:\/\/machineriesbst.com\/en\/\"},{\"@type\":\"ListItem\",\"position\":2,\"name\":\"Catalogue\",\"item\":\"https:\/\/machineriesbst.com\/en\/catalog\/\"},{\"@type\":\"ListItem\",\"position\":3,\"name\":\"Bailer Presse \\u00e0 bout ferm\\u00e9 Continental carton\"}]}]}<\/script>\n<!-- \/ Yoast SEO plugin. -->","yoast_head_json":{"title":"Bailer Presse \u00e0 bout ferm\u00e9 Continental carton - Machineries BST","robots":{"index":"index","follow":"follow","max-snippet":"max-snippet:-1","max-image-preview":"max-image-preview:large","max-video-preview":"max-video-preview:-1"},"canonical":"https:\/\/machineriesbst.com\/en\/catalogue\/bailer-presse-a-bout-ferme-continental-carton\/","og_locale":"en_US","og_type":"article","og_title":"Bailer Presse \u00e0 bout ferm\u00e9 Continental carton - Machineries BST","og_description":"PRESSE A BOUT FERM\u00c9 CONTINENTAL MOTEUR 20 HP 600 VOLT CYLINDRE DE 6\u2019\u2019 MODE AUTOMATIQUE FONCTIONNEL RECONDITIONN\u00c9 2017","og_url":"https:\/\/machineriesbst.com\/en\/catalogue\/bailer-presse-a-bout-ferme-continental-carton\/","og_site_name":"Machineries BST","article_modified_time":"2023-12-01T01:23:55+00:00","og_image":[{"width":425,"height":279,"url":"https:\/\/machineriesbst.com\/wp-content\/uploads\/2021\/05\/497742800.jpg","path":"\/home\/jepeto\/public_html\/wp-content\/uploads\/2021\/05\/497742800.jpg","size":"full","id":52057,"alt":"","pixels":118575,"type":"image\/jpeg"}],"twitter_card":"summary_large_image","schema":{"@context":"https:\/\/schema.org","@graph":[{"@type":"WebSite","@id":"https:\/\/machineriesbst.com\/en\/#website","url":"https:\/\/machineriesbst.com\/en\/","name":"Machineries BST","description":"Machines neuves &amp; usag\u00e9es","potentialAction":[{"@type":"SearchAction","target":{"@type":"EntryPoint","urlTemplate":"https:\/\/machineriesbst.com\/en\/?s={search_term_string}"},"query-input":"required name=search_term_string"}],"inLanguage":"en-US"},{"@type":"ImageObject","@id":"https:\/\/machineriesbst.com\/en\/catalogue\/bailer-presse-a-bout-ferme-continental-carton\/#primaryimage","inLanguage":"en-US","url":"https:\/\/machineriesbst.com\/wp-content\/uploads\/2021\/05\/497742800.jpg","contentUrl":"https:\/\/machineriesbst.com\/wp-content\/uploads\/2021\/05\/497742800.jpg","width":425,"height":279},{"@type":"WebPage","@id":"https:\/\/machineriesbst.com\/en\/catalogue\/bailer-presse-a-bout-ferme-continental-carton\/#webpage","url":"https:\/\/machineriesbst.com\/en\/catalogue\/bailer-presse-a-bout-ferme-continental-carton\/","name":"Bailer Presse \u00e0 bout ferm\u00e9 Continental carton - Machineries BST","isPartOf":{"@id":"https:\/\/machineriesbst.com\/en\/#website"},"primaryImageOfPage":{"@id":"https:\/\/machineriesbst.com\/en\/catalogue\/bailer-presse-a-bout-ferme-continental-carton\/#primaryimage"},"datePublished":"2021-06-08T13:47:30+00:00","dateModified":"2023-12-01T01:23:55+00:00","breadcrumb":{"@id":"https:\/\/machineriesbst.com\/en\/catalogue\/bailer-presse-a-bout-ferme-continental-carton\/#breadcrumb"},"inLanguage":"en-US","potentialAction":[{"@type":"ReadAction","target":["https:\/\/machineriesbst.com\/en\/catalogue\/bailer-presse-a-bout-ferme-continental-carton\/"]}]},{"@type":"BreadcrumbList","@id":"https:\/\/machineriesbst.com\/en\/catalogue\/bailer-presse-a-bout-ferme-continental-carton\/#breadcrumb","itemListElement":[{"@type":"ListItem","position":1,"name":"Accueil","item":"https:\/\/machineriesbst.com\/en\/"},{"@type":"ListItem","position":2,"name":"Catalogue","item":"https:\/\/machineriesbst.com\/en\/catalog\/"},{"@type":"ListItem","position":3,"name":"Bailer Presse \u00e0 bout ferm\u00e9 Continental carton"}]}]}},"_links":{"self":[{"href":"https:\/\/machineriesbst.com\/en\/wp-json\/wp\/v2\/product\/58210"}],"collection":[{"href":"https:\/\/machineriesbst.com\/en\/wp-json\/wp\/v2\/product"}],"about":[{"href":"https:\/\/machineriesbst.com\/en\/wp-json\/wp\/v2\/types\/product"}],"author":[{"embeddable":true,"href":"https:\/\/machineriesbst.com\/en\/wp-json\/wp\/v2\/users\/3"}],"replies":[{"embeddable":true,"href":"https:\/\/machineriesbst.com\/en\/wp-json\/wp\/v2\/comments?post=58210"}],"wp:featuredmedia":[{"embeddable":true,"href":"https:\/\/machineriesbst.com\/en\/wp-json\/wp\/v2\/media\/52057"}],"wp:attachment":[{"href":"https:\/\/machineriesbst.com\/en\/wp-json\/wp\/v2\/media?parent=58210"}],"wp:term":[{"taxonomy":"product_cat","embeddable":true,"href":"https:\/\/machineriesbst.com\/en\/wp-json\/wp\/v2\/product_cat?post=58210"},{"taxonomy":"product_tag","embeddable":true,"href":"https:\/\/machineriesbst.com\/en\/wp-json\/wp\/v2\/product_tag?post=58210"}],"curies":[{"name":"wp","href":"https:\/\/api.w.org\/{rel}","templated":true}]}}