{"id":58209,"date":"2021-06-08T09:47:30","date_gmt":"2021-06-08T13:47:30","guid":{"rendered":"https:\/\/machineriesbst.com\/?post_type=product&#038;p=58209"},"modified":"2023-11-30T20:23:55","modified_gmt":"2023-12-01T01:23:55","slug":"presse-a-carton","status":"publish","type":"product","link":"https:\/\/machineriesbst.com\/en\/catalogue\/presse-a-carton\/","title":{"rendered":"Cardboard press"},"content":{"rendered":"<p>Marathon brand cardboard press<br \/>\nModel V-6042-XLP<br \/>\nSeries: 74471<br \/>\n575 Volts<br \/>\nHydraulic cylinder to eject the bale<br \/>\nGuide for passing the pins<br \/>\nThe motor as well as the contactors are new<br \/>\nCylinder redone and hydraulic hoses<br \/>\nball 60 x 42 x 36 high<\/p>","protected":false},"excerpt":{"rendered":"<p>Marathon brand cardboard press Model V-6042-XLP Series: 74471 575 Volts Hydraulic cylinder to eject the bale Guide to pass the spindles The motor as well as the contactors are new Cylinder redone and the ball hydraulic hoses 60 x 42 x 36 from above<\/p>","protected":false},"author":3,"featured_media":52056,"comment_status":"open","ping_status":"closed","template":"","meta":[],"product_cat":[229],"product_tag":[],"acf":[],"yoast_head":"<!-- This site is optimized with the Yoast SEO plugin v16.8 - https:\/\/yoast.com\/wordpress\/plugins\/seo\/ -->\n<title>Presse \u00e0 Carton - Machineries BST<\/title>\n<meta name=\"robots\" content=\"index, follow, max-snippet:-1, max-image-preview:large, max-video-preview:-1\" \/>\n<link rel=\"canonical\" href=\"https:\/\/machineriesbst.com\/en\/catalogue\/presse-a-carton\/\" \/>\n<meta property=\"og:locale\" content=\"en_US\" \/>\n<meta property=\"og:type\" content=\"article\" \/>\n<meta property=\"og:title\" content=\"Presse \u00e0 Carton - Machineries BST\" \/>\n<meta property=\"og:description\" content=\"Presse a Carton de marque Marathon Model V-6042-XLP S\u00e9rie : 74471 575 Volts Cylindre Hydraulique pour \u00e9jecter le ballot Guide pour passer les broches Le moteur ainsi que les contacteurs sont neufs Cylindre refais a neur et les hoses hydrauliques balle 60 x 42 x 36 de haut\" \/>\n<meta property=\"og:url\" content=\"https:\/\/machineriesbst.com\/en\/catalogue\/presse-a-carton\/\" \/>\n<meta property=\"og:site_name\" content=\"Machineries BST\" \/>\n<meta property=\"article:modified_time\" content=\"2023-12-01T01:23:55+00:00\" \/>\n<meta property=\"og:image\" content=\"https:\/\/machineriesbst.com\/wp-content\/uploads\/2021\/05\/486199188-1.jpg\" \/>\n\t<meta property=\"og:image:width\" content=\"483\" \/>\n\t<meta property=\"og:image:height\" content=\"488\" \/>\n<meta name=\"twitter:card\" content=\"summary_large_image\" \/>\n<script type=\"application\/ld+json\" class=\"yoast-schema-graph\">{\"@context\":\"https:\/\/schema.org\",\"@graph\":[{\"@type\":\"WebSite\",\"@id\":\"https:\/\/machineriesbst.com\/en\/#website\",\"url\":\"https:\/\/machineriesbst.com\/en\/\",\"name\":\"Machineries BST\",\"description\":\"Machines neuves &amp; usag\\u00e9es\",\"potentialAction\":[{\"@type\":\"SearchAction\",\"target\":{\"@type\":\"EntryPoint\",\"urlTemplate\":\"https:\/\/machineriesbst.com\/en\/?s={search_term_string}\"},\"query-input\":\"required name=search_term_string\"}],\"inLanguage\":\"en-US\"},{\"@type\":\"ImageObject\",\"@id\":\"https:\/\/machineriesbst.com\/en\/catalogue\/presse-a-carton\/#primaryimage\",\"inLanguage\":\"en-US\",\"url\":\"https:\/\/machineriesbst.com\/wp-content\/uploads\/2021\/05\/486199188-1.jpg\",\"contentUrl\":\"https:\/\/machineriesbst.com\/wp-content\/uploads\/2021\/05\/486199188-1.jpg\",\"width\":483,\"height\":488},{\"@type\":\"WebPage\",\"@id\":\"https:\/\/machineriesbst.com\/en\/catalogue\/presse-a-carton\/#webpage\",\"url\":\"https:\/\/machineriesbst.com\/en\/catalogue\/presse-a-carton\/\",\"name\":\"Presse \\u00e0 Carton - Machineries BST\",\"isPartOf\":{\"@id\":\"https:\/\/machineriesbst.com\/en\/#website\"},\"primaryImageOfPage\":{\"@id\":\"https:\/\/machineriesbst.com\/en\/catalogue\/presse-a-carton\/#primaryimage\"},\"datePublished\":\"2021-06-08T13:47:30+00:00\",\"dateModified\":\"2023-12-01T01:23:55+00:00\",\"breadcrumb\":{\"@id\":\"https:\/\/machineriesbst.com\/en\/catalogue\/presse-a-carton\/#breadcrumb\"},\"inLanguage\":\"en-US\",\"potentialAction\":[{\"@type\":\"ReadAction\",\"target\":[\"https:\/\/machineriesbst.com\/en\/catalogue\/presse-a-carton\/\"]}]},{\"@type\":\"BreadcrumbList\",\"@id\":\"https:\/\/machineriesbst.com\/en\/catalogue\/presse-a-carton\/#breadcrumb\",\"itemListElement\":[{\"@type\":\"ListItem\",\"position\":1,\"name\":\"Accueil\",\"item\":\"https:\/\/machineriesbst.com\/en\/\"},{\"@type\":\"ListItem\",\"position\":2,\"name\":\"Catalogue\",\"item\":\"https:\/\/machineriesbst.com\/en\/catalog\/\"},{\"@type\":\"ListItem\",\"position\":3,\"name\":\"Presse \\u00e0 Carton\"}]}]}<\/script>\n<!-- \/ Yoast SEO plugin. -->","yoast_head_json":{"title":"Presse \u00e0 Carton - Machineries BST","robots":{"index":"index","follow":"follow","max-snippet":"max-snippet:-1","max-image-preview":"max-image-preview:large","max-video-preview":"max-video-preview:-1"},"canonical":"https:\/\/machineriesbst.com\/en\/catalogue\/presse-a-carton\/","og_locale":"en_US","og_type":"article","og_title":"Presse \u00e0 Carton - Machineries BST","og_description":"Presse a Carton de marque Marathon Model V-6042-XLP S\u00e9rie : 74471 575 Volts Cylindre Hydraulique pour \u00e9jecter le ballot Guide pour passer les broches Le moteur ainsi que les contacteurs sont neufs Cylindre refais a neur et les hoses hydrauliques balle 60 x 42 x 36 de haut","og_url":"https:\/\/machineriesbst.com\/en\/catalogue\/presse-a-carton\/","og_site_name":"Machineries BST","article_modified_time":"2023-12-01T01:23:55+00:00","og_image":[{"width":483,"height":488,"url":"https:\/\/machineriesbst.com\/wp-content\/uploads\/2021\/05\/486199188-1.jpg","path":"\/home\/jepeto\/public_html\/wp-content\/uploads\/2021\/05\/486199188-1.jpg","size":"full","id":52056,"alt":"","pixels":235704,"type":"image\/jpeg"}],"twitter_card":"summary_large_image","schema":{"@context":"https:\/\/schema.org","@graph":[{"@type":"WebSite","@id":"https:\/\/machineriesbst.com\/en\/#website","url":"https:\/\/machineriesbst.com\/en\/","name":"Machineries BST","description":"Machines neuves &amp; usag\u00e9es","potentialAction":[{"@type":"SearchAction","target":{"@type":"EntryPoint","urlTemplate":"https:\/\/machineriesbst.com\/en\/?s={search_term_string}"},"query-input":"required name=search_term_string"}],"inLanguage":"en-US"},{"@type":"ImageObject","@id":"https:\/\/machineriesbst.com\/en\/catalogue\/presse-a-carton\/#primaryimage","inLanguage":"en-US","url":"https:\/\/machineriesbst.com\/wp-content\/uploads\/2021\/05\/486199188-1.jpg","contentUrl":"https:\/\/machineriesbst.com\/wp-content\/uploads\/2021\/05\/486199188-1.jpg","width":483,"height":488},{"@type":"WebPage","@id":"https:\/\/machineriesbst.com\/en\/catalogue\/presse-a-carton\/#webpage","url":"https:\/\/machineriesbst.com\/en\/catalogue\/presse-a-carton\/","name":"Presse \u00e0 Carton - Machineries BST","isPartOf":{"@id":"https:\/\/machineriesbst.com\/en\/#website"},"primaryImageOfPage":{"@id":"https:\/\/machineriesbst.com\/en\/catalogue\/presse-a-carton\/#primaryimage"},"datePublished":"2021-06-08T13:47:30+00:00","dateModified":"2023-12-01T01:23:55+00:00","breadcrumb":{"@id":"https:\/\/machineriesbst.com\/en\/catalogue\/presse-a-carton\/#breadcrumb"},"inLanguage":"en-US","potentialAction":[{"@type":"ReadAction","target":["https:\/\/machineriesbst.com\/en\/catalogue\/presse-a-carton\/"]}]},{"@type":"BreadcrumbList","@id":"https:\/\/machineriesbst.com\/en\/catalogue\/presse-a-carton\/#breadcrumb","itemListElement":[{"@type":"ListItem","position":1,"name":"Accueil","item":"https:\/\/machineriesbst.com\/en\/"},{"@type":"ListItem","position":2,"name":"Catalogue","item":"https:\/\/machineriesbst.com\/en\/catalog\/"},{"@type":"ListItem","position":3,"name":"Presse \u00e0 Carton"}]}]}},"_links":{"self":[{"href":"https:\/\/machineriesbst.com\/en\/wp-json\/wp\/v2\/product\/58209"}],"collection":[{"href":"https:\/\/machineriesbst.com\/en\/wp-json\/wp\/v2\/product"}],"about":[{"href":"https:\/\/machineriesbst.com\/en\/wp-json\/wp\/v2\/types\/product"}],"author":[{"embeddable":true,"href":"https:\/\/machineriesbst.com\/en\/wp-json\/wp\/v2\/users\/3"}],"replies":[{"embeddable":true,"href":"https:\/\/machineriesbst.com\/en\/wp-json\/wp\/v2\/comments?post=58209"}],"wp:featuredmedia":[{"embeddable":true,"href":"https:\/\/machineriesbst.com\/en\/wp-json\/wp\/v2\/media\/52056"}],"wp:attachment":[{"href":"https:\/\/machineriesbst.com\/en\/wp-json\/wp\/v2\/media?parent=58209"}],"wp:term":[{"taxonomy":"product_cat","embeddable":true,"href":"https:\/\/machineriesbst.com\/en\/wp-json\/wp\/v2\/product_cat?post=58209"},{"taxonomy":"product_tag","embeddable":true,"href":"https:\/\/machineriesbst.com\/en\/wp-json\/wp\/v2\/product_tag?post=58209"}],"curies":[{"name":"wp","href":"https:\/\/api.w.org\/{rel}","templated":true}]}}