{"id":58198,"date":"2021-06-08T09:47:27","date_gmt":"2021-06-08T13:47:27","guid":{"rendered":"https:\/\/machineriesbst.com\/?post_type=product&#038;p=58198"},"modified":"2023-11-30T20:23:55","modified_gmt":"2023-12-01T01:23:55","slug":"friulmac-randomax-evo-200-003-b","status":"publish","type":"product","link":"https:\/\/machineriesbst.com\/en\/catalogue\/friulmac-randomax-evo-200-003-b\/","title":{"rendered":"Friulmac Randomax Evo 200-003 \/ B"},"content":{"rendered":"<p>Friulmac Randomax Evo 200-003 \/ B:<\/p>\n<ul>\n<li>Working capacity: Length 7-7 \/ 8 &quot;(200 mm) to 78&quot; (2000 mm);<\/li>\n<li>Width -2 &quot;(50mm) to 15-3 \/ 4&quot; (400mm);<\/li>\n<li>Min thickness 3\/8 &quot;(10 mm) to 1-1 \/ 2&quot; (40 mm.)<\/li>\n<li>Automatic end corresponding and defection all in one.<\/li>\n<li>7.5 hp (5.5kw) cutting units<\/li>\n<li>Rating units 3 hp (1.2) kw<\/li>\n<li>9 HP profiling units (6.0kw)<\/li>\n<li>Work measures<\/li>\n<li>Conveyor belt rotates at 90-600 FPM<\/li>\n<li>(30-200m \/ min.) With 4 HP<\/li>\n<li>(2.7 kw) motor.<\/li>\n<li>Installed new in September 2014<\/li>\n<\/ul>","protected":false},"excerpt":{"rendered":"<p>Friulmac Randomax Evo 200-003 \/ B: Working capacity: Length 7-7 \/ 8 &quot;(200 mm) to 78&quot; (2000 mm); Width-2 &quot;(50mm) to 15-3 \/ 4&quot; (400mm); Min thickness 3\/8 &quot;(10 mm) to 1-1 \/ 2&quot; (40 mm.) Automatic matching end and defection all in one. 7.5 hp (5.5kw) cutting units 3 hp (1.2) scoring units [\u2026]<\/p>","protected":false},"author":3,"featured_media":51985,"comment_status":"open","ping_status":"closed","template":"","meta":[],"product_cat":[303],"product_tag":[],"acf":[],"yoast_head":"<!-- This site is optimized with the Yoast SEO plugin v16.8 - https:\/\/yoast.com\/wordpress\/plugins\/seo\/ -->\n<title>Friulmac Randomax Evo 200-003\/B - Machineries BST<\/title>\n<meta name=\"robots\" content=\"index, follow, max-snippet:-1, max-image-preview:large, max-video-preview:-1\" \/>\n<link rel=\"canonical\" href=\"https:\/\/machineriesbst.com\/en\/catalogue\/friulmac-randomax-evo-200-003-b\/\" \/>\n<meta property=\"og:locale\" content=\"en_US\" \/>\n<meta property=\"og:type\" content=\"article\" \/>\n<meta property=\"og:title\" content=\"Friulmac Randomax Evo 200-003\/B - Machineries BST\" \/>\n<meta property=\"og:description\" content=\"Friulmac Randomax Evo 200-003\/B: Capacit\u00e9 de travail: Longueur 7-7 \/ 8 &quot;(200 mm) \u00e0 78&quot; (2000 mm); Largeur-2 &quot;(50 mm) \u00e015-3 \/ 4&quot; (400mm); \u00c9paisseur min. 3\/8 &quot;(10 mm) \u00e0 1-1 \/ 2&quot; (40 mm.) Fin automatique correspondant et d\u00e9fection tout en un. Unit\u00e9s de coupe 7.5 hp (5.5kw) Unit\u00e9s de notation 3 hp (1.2) [&hellip;]\" \/>\n<meta property=\"og:url\" content=\"https:\/\/machineriesbst.com\/en\/catalogue\/friulmac-randomax-evo-200-003-b\/\" \/>\n<meta property=\"og:site_name\" content=\"Machineries BST\" \/>\n<meta property=\"article:modified_time\" content=\"2023-12-01T01:23:55+00:00\" \/>\n<meta property=\"og:image\" content=\"https:\/\/machineriesbst.com\/wp-content\/uploads\/2021\/05\/Friulmac-EVO-Automatic-end-matching-and-defecting-all-in-one-1523878734_800.jpg\" \/>\n\t<meta property=\"og:image:width\" content=\"1512\" \/>\n\t<meta property=\"og:image:height\" content=\"2016\" \/>\n<meta name=\"twitter:card\" content=\"summary_large_image\" \/>\n<script type=\"application\/ld+json\" class=\"yoast-schema-graph\">{\"@context\":\"https:\/\/schema.org\",\"@graph\":[{\"@type\":\"WebSite\",\"@id\":\"https:\/\/machineriesbst.com\/en\/#website\",\"url\":\"https:\/\/machineriesbst.com\/en\/\",\"name\":\"Machineries BST\",\"description\":\"Machines neuves &amp; usag\\u00e9es\",\"potentialAction\":[{\"@type\":\"SearchAction\",\"target\":{\"@type\":\"EntryPoint\",\"urlTemplate\":\"https:\/\/machineriesbst.com\/en\/?s={search_term_string}\"},\"query-input\":\"required name=search_term_string\"}],\"inLanguage\":\"en-US\"},{\"@type\":\"ImageObject\",\"@id\":\"https:\/\/machineriesbst.com\/en\/catalogue\/friulmac-randomax-evo-200-003-b\/#primaryimage\",\"inLanguage\":\"en-US\",\"url\":\"https:\/\/machineriesbst.com\/wp-content\/uploads\/2021\/05\/Friulmac-EVO-Automatic-end-matching-and-defecting-all-in-one-1523878734_800.jpg\",\"contentUrl\":\"https:\/\/machineriesbst.com\/wp-content\/uploads\/2021\/05\/Friulmac-EVO-Automatic-end-matching-and-defecting-all-in-one-1523878734_800.jpg\",\"width\":1512,\"height\":2016},{\"@type\":\"WebPage\",\"@id\":\"https:\/\/machineriesbst.com\/en\/catalogue\/friulmac-randomax-evo-200-003-b\/#webpage\",\"url\":\"https:\/\/machineriesbst.com\/en\/catalogue\/friulmac-randomax-evo-200-003-b\/\",\"name\":\"Friulmac Randomax Evo 200-003\/B - Machineries BST\",\"isPartOf\":{\"@id\":\"https:\/\/machineriesbst.com\/en\/#website\"},\"primaryImageOfPage\":{\"@id\":\"https:\/\/machineriesbst.com\/en\/catalogue\/friulmac-randomax-evo-200-003-b\/#primaryimage\"},\"datePublished\":\"2021-06-08T13:47:27+00:00\",\"dateModified\":\"2023-12-01T01:23:55+00:00\",\"breadcrumb\":{\"@id\":\"https:\/\/machineriesbst.com\/en\/catalogue\/friulmac-randomax-evo-200-003-b\/#breadcrumb\"},\"inLanguage\":\"en-US\",\"potentialAction\":[{\"@type\":\"ReadAction\",\"target\":[\"https:\/\/machineriesbst.com\/en\/catalogue\/friulmac-randomax-evo-200-003-b\/\"]}]},{\"@type\":\"BreadcrumbList\",\"@id\":\"https:\/\/machineriesbst.com\/en\/catalogue\/friulmac-randomax-evo-200-003-b\/#breadcrumb\",\"itemListElement\":[{\"@type\":\"ListItem\",\"position\":1,\"name\":\"Accueil\",\"item\":\"https:\/\/machineriesbst.com\/en\/\"},{\"@type\":\"ListItem\",\"position\":2,\"name\":\"Catalogue\",\"item\":\"https:\/\/machineriesbst.com\/en\/catalog\/\"},{\"@type\":\"ListItem\",\"position\":3,\"name\":\"Friulmac Randomax Evo 200-003\/B\"}]}]}<\/script>\n<!-- \/ Yoast SEO plugin. -->","yoast_head_json":{"title":"Friulmac Randomax Evo 200-003\/B - Machineries BST","robots":{"index":"index","follow":"follow","max-snippet":"max-snippet:-1","max-image-preview":"max-image-preview:large","max-video-preview":"max-video-preview:-1"},"canonical":"https:\/\/machineriesbst.com\/en\/catalogue\/friulmac-randomax-evo-200-003-b\/","og_locale":"en_US","og_type":"article","og_title":"Friulmac Randomax Evo 200-003\/B - Machineries BST","og_description":"Friulmac Randomax Evo 200-003\/B: Capacit\u00e9 de travail: Longueur 7-7 \/ 8 \"(200 mm) \u00e0 78\" (2000 mm); Largeur-2 \"(50 mm) \u00e015-3 \/ 4\" (400mm); \u00c9paisseur min. 3\/8 \"(10 mm) \u00e0 1-1 \/ 2\" (40 mm.) Fin automatique correspondant et d\u00e9fection tout en un. Unit\u00e9s de coupe 7.5 hp (5.5kw) Unit\u00e9s de notation 3 hp (1.2) [&hellip;]","og_url":"https:\/\/machineriesbst.com\/en\/catalogue\/friulmac-randomax-evo-200-003-b\/","og_site_name":"Machineries BST","article_modified_time":"2023-12-01T01:23:55+00:00","og_image":[{"width":1512,"height":2016,"url":"https:\/\/machineriesbst.com\/wp-content\/uploads\/2021\/05\/Friulmac-EVO-Automatic-end-matching-and-defecting-all-in-one-1523878734_800.jpg","path":"\/home\/jepeto\/public_html\/wp-content\/uploads\/2021\/05\/Friulmac-EVO-Automatic-end-matching-and-defecting-all-in-one-1523878734_800.jpg","size":"full","id":51985,"alt":"","pixels":3048192,"type":"image\/jpeg"}],"twitter_card":"summary_large_image","schema":{"@context":"https:\/\/schema.org","@graph":[{"@type":"WebSite","@id":"https:\/\/machineriesbst.com\/en\/#website","url":"https:\/\/machineriesbst.com\/en\/","name":"Machineries BST","description":"Machines neuves &amp; usag\u00e9es","potentialAction":[{"@type":"SearchAction","target":{"@type":"EntryPoint","urlTemplate":"https:\/\/machineriesbst.com\/en\/?s={search_term_string}"},"query-input":"required name=search_term_string"}],"inLanguage":"en-US"},{"@type":"ImageObject","@id":"https:\/\/machineriesbst.com\/en\/catalogue\/friulmac-randomax-evo-200-003-b\/#primaryimage","inLanguage":"en-US","url":"https:\/\/machineriesbst.com\/wp-content\/uploads\/2021\/05\/Friulmac-EVO-Automatic-end-matching-and-defecting-all-in-one-1523878734_800.jpg","contentUrl":"https:\/\/machineriesbst.com\/wp-content\/uploads\/2021\/05\/Friulmac-EVO-Automatic-end-matching-and-defecting-all-in-one-1523878734_800.jpg","width":1512,"height":2016},{"@type":"WebPage","@id":"https:\/\/machineriesbst.com\/en\/catalogue\/friulmac-randomax-evo-200-003-b\/#webpage","url":"https:\/\/machineriesbst.com\/en\/catalogue\/friulmac-randomax-evo-200-003-b\/","name":"Friulmac Randomax Evo 200-003\/B - Machineries BST","isPartOf":{"@id":"https:\/\/machineriesbst.com\/en\/#website"},"primaryImageOfPage":{"@id":"https:\/\/machineriesbst.com\/en\/catalogue\/friulmac-randomax-evo-200-003-b\/#primaryimage"},"datePublished":"2021-06-08T13:47:27+00:00","dateModified":"2023-12-01T01:23:55+00:00","breadcrumb":{"@id":"https:\/\/machineriesbst.com\/en\/catalogue\/friulmac-randomax-evo-200-003-b\/#breadcrumb"},"inLanguage":"en-US","potentialAction":[{"@type":"ReadAction","target":["https:\/\/machineriesbst.com\/en\/catalogue\/friulmac-randomax-evo-200-003-b\/"]}]},{"@type":"BreadcrumbList","@id":"https:\/\/machineriesbst.com\/en\/catalogue\/friulmac-randomax-evo-200-003-b\/#breadcrumb","itemListElement":[{"@type":"ListItem","position":1,"name":"Accueil","item":"https:\/\/machineriesbst.com\/en\/"},{"@type":"ListItem","position":2,"name":"Catalogue","item":"https:\/\/machineriesbst.com\/en\/catalog\/"},{"@type":"ListItem","position":3,"name":"Friulmac Randomax Evo 200-003\/B"}]}]}},"_links":{"self":[{"href":"https:\/\/machineriesbst.com\/en\/wp-json\/wp\/v2\/product\/58198"}],"collection":[{"href":"https:\/\/machineriesbst.com\/en\/wp-json\/wp\/v2\/product"}],"about":[{"href":"https:\/\/machineriesbst.com\/en\/wp-json\/wp\/v2\/types\/product"}],"author":[{"embeddable":true,"href":"https:\/\/machineriesbst.com\/en\/wp-json\/wp\/v2\/users\/3"}],"replies":[{"embeddable":true,"href":"https:\/\/machineriesbst.com\/en\/wp-json\/wp\/v2\/comments?post=58198"}],"wp:featuredmedia":[{"embeddable":true,"href":"https:\/\/machineriesbst.com\/en\/wp-json\/wp\/v2\/media\/51985"}],"wp:attachment":[{"href":"https:\/\/machineriesbst.com\/en\/wp-json\/wp\/v2\/media?parent=58198"}],"wp:term":[{"taxonomy":"product_cat","embeddable":true,"href":"https:\/\/machineriesbst.com\/en\/wp-json\/wp\/v2\/product_cat?post=58198"},{"taxonomy":"product_tag","embeddable":true,"href":"https:\/\/machineriesbst.com\/en\/wp-json\/wp\/v2\/product_tag?post=58198"}],"curies":[{"name":"wp","href":"https:\/\/api.w.org\/{rel}","templated":true}]}}