{"id":58179,"date":"2021-06-08T09:47:02","date_gmt":"2021-06-08T13:47:02","guid":{"rendered":"https:\/\/machineriesbst.com\/?post_type=product&#038;p=58179"},"modified":"2023-11-30T20:23:55","modified_gmt":"2023-12-01T01:23:55","slug":"friulmac-floormat-eq","status":"publish","type":"product","link":"https:\/\/machineriesbst.com\/en\/catalogue\/friulmac-floormat-eq\/","title":{"rendered":"Friulmac Floormat EQ"},"content":{"rendered":"<p>Friulmac Floormat EQ:<\/p>\n<ul>\n<li>Double-sided longitudinal cut roll-to-length roll forming machine for profiling workpieces.<\/li>\n<li>The parts are transported on a sturdy chain with an adjustable feed rate.<\/li>\n<li>Workpiece length: 190 - 1000 mm<\/li>\n<li>Workpiece width: 30 - 250 mm (200 mm on compositions 005 and 006)<\/li>\n<li>Workpiece thickness: 12 - 35 mm<\/li>\n<li>Power motor: 2.2 Kw, electric-hydraulic drive<\/li>\n<li>Feed speed: 6 - 25 m \/ min<\/li>\n<li>Spindle motors: rating units 2.2 Kw - 7350 Rpm<\/li>\n<li>Cutting units 2,2 Kw - 7350 Rpm<\/li>\n<li>Profiling units 3 Kw - 7200 Rpm<\/li>\n<li>Jumping profiling units 3 Kw - 7200 Rpm<\/li>\n<li>Spindle diameter: Scoring - Cutting units 30 mm<\/li>\n<li>40 mm profiling units<\/li>\n<li>Tool cutting circles: Scoring - Trimming units 150 - 180 mm<\/li>\n<li>Roll forming units 160 - 220 mm<\/li>\n<li>Scoring - Cutting spindle: tiltable +\/- 3 \u00b0<\/li>\n<li>Capacity: max. 75 pieces \/ min (standard pusher center distance 320 mm)<\/li>\n<li>Max. 130 pieces \/ min. (optional center distance of the pusher 160 mm)<\/li>\n<li>Max. 60 pieces \/ min. for machine versions 005 and 006<\/li>\n<li>Voltage: 400 V \/ 50 Hz<\/li>\n<\/ul>","protected":false},"excerpt":{"rendered":"<p>Friulmac Floormat EQ: Double-sided longitudinal cut forming machine, cut to length, for profiling workpieces. The parts are transported on a sturdy chain with an adjustable feed rate. Workpiece length: 190 - 1000 mm Workpiece width: 30 - 250 mm (200 mm [\u2026]<\/p>","protected":false},"author":3,"featured_media":51939,"comment_status":"open","ping_status":"closed","template":"","meta":[],"product_cat":[308],"product_tag":[],"acf":[],"yoast_head":"<!-- This site is optimized with the Yoast SEO plugin v16.8 - https:\/\/yoast.com\/wordpress\/plugins\/seo\/ -->\n<title>Friulmac Floormat EQ - Machineries BST<\/title>\n<meta name=\"robots\" content=\"index, follow, max-snippet:-1, max-image-preview:large, max-video-preview:-1\" \/>\n<link rel=\"canonical\" href=\"https:\/\/machineriesbst.com\/en\/catalogue\/friulmac-floormat-eq\/\" \/>\n<meta property=\"og:locale\" content=\"en_US\" \/>\n<meta property=\"og:type\" content=\"article\" \/>\n<meta property=\"og:title\" content=\"Friulmac Floormat EQ - Machineries BST\" \/>\n<meta property=\"og:description\" content=\"Friulmac Floormat EQ: Profileuse \u00e0 double face \u00e0 coupe longitudinale, \u00e0 couper \u00e0 longueur, pour profiler les pi\u00e8ces \u00e0 usiner. Les pi\u00e8ces sont transport\u00e9es sur une cha\u00eene robuste avec une vitesse d&#039;avance r\u00e9glable. Longueur de la pi\u00e8ce \u00e0 usiner: 190 - 1000 mm Largeur de la pi\u00e8ce \u00e0 usiner: 30 - 250 mm (200 mm [&hellip;]\" \/>\n<meta property=\"og:url\" content=\"https:\/\/machineriesbst.com\/en\/catalogue\/friulmac-floormat-eq\/\" \/>\n<meta property=\"og:site_name\" content=\"Machineries BST\" \/>\n<meta property=\"article:modified_time\" content=\"2023-12-01T01:23:55+00:00\" \/>\n<meta property=\"og:image\" content=\"https:\/\/machineriesbst.com\/wp-content\/uploads\/2021\/05\/685-500x500-1.jpg\" \/>\n\t<meta property=\"og:image:width\" content=\"500\" \/>\n\t<meta property=\"og:image:height\" content=\"500\" \/>\n<meta name=\"twitter:card\" content=\"summary_large_image\" \/>\n<meta name=\"twitter:label1\" content=\"Est. reading time\" \/>\n\t<meta name=\"twitter:data1\" content=\"1 minute\" \/>\n<script type=\"application\/ld+json\" class=\"yoast-schema-graph\">{\"@context\":\"https:\/\/schema.org\",\"@graph\":[{\"@type\":\"WebSite\",\"@id\":\"https:\/\/machineriesbst.com\/en\/#website\",\"url\":\"https:\/\/machineriesbst.com\/en\/\",\"name\":\"Machineries BST\",\"description\":\"Machines neuves &amp; usag\\u00e9es\",\"potentialAction\":[{\"@type\":\"SearchAction\",\"target\":{\"@type\":\"EntryPoint\",\"urlTemplate\":\"https:\/\/machineriesbst.com\/en\/?s={search_term_string}\"},\"query-input\":\"required name=search_term_string\"}],\"inLanguage\":\"en-US\"},{\"@type\":\"ImageObject\",\"@id\":\"https:\/\/machineriesbst.com\/en\/catalogue\/friulmac-floormat-eq\/#primaryimage\",\"inLanguage\":\"en-US\",\"url\":\"https:\/\/machineriesbst.com\/wp-content\/uploads\/2021\/05\/685-500x500-1.jpg\",\"contentUrl\":\"https:\/\/machineriesbst.com\/wp-content\/uploads\/2021\/05\/685-500x500-1.jpg\",\"width\":500,\"height\":500},{\"@type\":\"WebPage\",\"@id\":\"https:\/\/machineriesbst.com\/en\/catalogue\/friulmac-floormat-eq\/#webpage\",\"url\":\"https:\/\/machineriesbst.com\/en\/catalogue\/friulmac-floormat-eq\/\",\"name\":\"Friulmac Floormat EQ - Machineries BST\",\"isPartOf\":{\"@id\":\"https:\/\/machineriesbst.com\/en\/#website\"},\"primaryImageOfPage\":{\"@id\":\"https:\/\/machineriesbst.com\/en\/catalogue\/friulmac-floormat-eq\/#primaryimage\"},\"datePublished\":\"2021-06-08T13:47:02+00:00\",\"dateModified\":\"2023-12-01T01:23:55+00:00\",\"breadcrumb\":{\"@id\":\"https:\/\/machineriesbst.com\/en\/catalogue\/friulmac-floormat-eq\/#breadcrumb\"},\"inLanguage\":\"en-US\",\"potentialAction\":[{\"@type\":\"ReadAction\",\"target\":[\"https:\/\/machineriesbst.com\/en\/catalogue\/friulmac-floormat-eq\/\"]}]},{\"@type\":\"BreadcrumbList\",\"@id\":\"https:\/\/machineriesbst.com\/en\/catalogue\/friulmac-floormat-eq\/#breadcrumb\",\"itemListElement\":[{\"@type\":\"ListItem\",\"position\":1,\"name\":\"Accueil\",\"item\":\"https:\/\/machineriesbst.com\/en\/\"},{\"@type\":\"ListItem\",\"position\":2,\"name\":\"Catalogue\",\"item\":\"https:\/\/machineriesbst.com\/en\/catalog\/\"},{\"@type\":\"ListItem\",\"position\":3,\"name\":\"Friulmac Floormat EQ\"}]}]}<\/script>\n<!-- \/ Yoast SEO plugin. -->","yoast_head_json":{"title":"Friulmac Floormat EQ - Machineries BST","robots":{"index":"index","follow":"follow","max-snippet":"max-snippet:-1","max-image-preview":"max-image-preview:large","max-video-preview":"max-video-preview:-1"},"canonical":"https:\/\/machineriesbst.com\/en\/catalogue\/friulmac-floormat-eq\/","og_locale":"en_US","og_type":"article","og_title":"Friulmac Floormat EQ - Machineries BST","og_description":"Friulmac Floormat EQ: Profileuse \u00e0 double face \u00e0 coupe longitudinale, \u00e0 couper \u00e0 longueur, pour profiler les pi\u00e8ces \u00e0 usiner. Les pi\u00e8ces sont transport\u00e9es sur une cha\u00eene robuste avec une vitesse d'avance r\u00e9glable. Longueur de la pi\u00e8ce \u00e0 usiner: 190 - 1000 mm Largeur de la pi\u00e8ce \u00e0 usiner: 30 - 250 mm (200 mm [&hellip;]","og_url":"https:\/\/machineriesbst.com\/en\/catalogue\/friulmac-floormat-eq\/","og_site_name":"Machineries BST","article_modified_time":"2023-12-01T01:23:55+00:00","og_image":[{"width":500,"height":500,"url":"https:\/\/machineriesbst.com\/wp-content\/uploads\/2021\/05\/685-500x500-1.jpg","path":"\/home\/jepeto\/public_html\/wp-content\/uploads\/2021\/05\/685-500x500-1.jpg","size":"full","id":51939,"alt":"","pixels":250000,"type":"image\/jpeg"}],"twitter_card":"summary_large_image","twitter_misc":{"Est. reading time":"1 minute"},"schema":{"@context":"https:\/\/schema.org","@graph":[{"@type":"WebSite","@id":"https:\/\/machineriesbst.com\/en\/#website","url":"https:\/\/machineriesbst.com\/en\/","name":"Machineries BST","description":"Machines neuves &amp; usag\u00e9es","potentialAction":[{"@type":"SearchAction","target":{"@type":"EntryPoint","urlTemplate":"https:\/\/machineriesbst.com\/en\/?s={search_term_string}"},"query-input":"required name=search_term_string"}],"inLanguage":"en-US"},{"@type":"ImageObject","@id":"https:\/\/machineriesbst.com\/en\/catalogue\/friulmac-floormat-eq\/#primaryimage","inLanguage":"en-US","url":"https:\/\/machineriesbst.com\/wp-content\/uploads\/2021\/05\/685-500x500-1.jpg","contentUrl":"https:\/\/machineriesbst.com\/wp-content\/uploads\/2021\/05\/685-500x500-1.jpg","width":500,"height":500},{"@type":"WebPage","@id":"https:\/\/machineriesbst.com\/en\/catalogue\/friulmac-floormat-eq\/#webpage","url":"https:\/\/machineriesbst.com\/en\/catalogue\/friulmac-floormat-eq\/","name":"Friulmac Floormat EQ - Machineries BST","isPartOf":{"@id":"https:\/\/machineriesbst.com\/en\/#website"},"primaryImageOfPage":{"@id":"https:\/\/machineriesbst.com\/en\/catalogue\/friulmac-floormat-eq\/#primaryimage"},"datePublished":"2021-06-08T13:47:02+00:00","dateModified":"2023-12-01T01:23:55+00:00","breadcrumb":{"@id":"https:\/\/machineriesbst.com\/en\/catalogue\/friulmac-floormat-eq\/#breadcrumb"},"inLanguage":"en-US","potentialAction":[{"@type":"ReadAction","target":["https:\/\/machineriesbst.com\/en\/catalogue\/friulmac-floormat-eq\/"]}]},{"@type":"BreadcrumbList","@id":"https:\/\/machineriesbst.com\/en\/catalogue\/friulmac-floormat-eq\/#breadcrumb","itemListElement":[{"@type":"ListItem","position":1,"name":"Accueil","item":"https:\/\/machineriesbst.com\/en\/"},{"@type":"ListItem","position":2,"name":"Catalogue","item":"https:\/\/machineriesbst.com\/en\/catalog\/"},{"@type":"ListItem","position":3,"name":"Friulmac Floormat EQ"}]}]}},"_links":{"self":[{"href":"https:\/\/machineriesbst.com\/en\/wp-json\/wp\/v2\/product\/58179"}],"collection":[{"href":"https:\/\/machineriesbst.com\/en\/wp-json\/wp\/v2\/product"}],"about":[{"href":"https:\/\/machineriesbst.com\/en\/wp-json\/wp\/v2\/types\/product"}],"author":[{"embeddable":true,"href":"https:\/\/machineriesbst.com\/en\/wp-json\/wp\/v2\/users\/3"}],"replies":[{"embeddable":true,"href":"https:\/\/machineriesbst.com\/en\/wp-json\/wp\/v2\/comments?post=58179"}],"wp:featuredmedia":[{"embeddable":true,"href":"https:\/\/machineriesbst.com\/en\/wp-json\/wp\/v2\/media\/51939"}],"wp:attachment":[{"href":"https:\/\/machineriesbst.com\/en\/wp-json\/wp\/v2\/media?parent=58179"}],"wp:term":[{"taxonomy":"product_cat","embeddable":true,"href":"https:\/\/machineriesbst.com\/en\/wp-json\/wp\/v2\/product_cat?post=58179"},{"taxonomy":"product_tag","embeddable":true,"href":"https:\/\/machineriesbst.com\/en\/wp-json\/wp\/v2\/product_tag?post=58179"}],"curies":[{"name":"wp","href":"https:\/\/api.w.org\/{rel}","templated":true}]}}