{"id":58171,"date":"2021-06-08T09:46:38","date_gmt":"2021-06-08T13:46:38","guid":{"rendered":"https:\/\/machineriesbst.com\/?post_type=product&#038;p=58171"},"modified":"2023-11-30T20:23:55","modified_gmt":"2023-12-01T01:23:55","slug":"machine-a-coller-et-a-goujonner-omal-hbd-1550","status":"publish","type":"product","link":"https:\/\/machineriesbst.com\/en\/catalogue\/machine-a-coller-et-a-goujonner-omal-hbd-1550\/","title":{"rendered":"Omal HBD 1550 gluing and doweling machine"},"content":{"rendered":"<p>Omal HBD 1550 gluing and doweling machine:<\/p>\n<ul>\n<li>Four work areas<\/li>\n<li>Automatic selection of the work reference (left, center left, center right, right)<\/li>\n<li>Exclusive central and side reference fences<\/li>\n<li>Four double clamps to hold panels vertically or horizontally for edge or face treatment<\/li>\n<li>Glue injection system with precise dosing of glue and verification of glue quality<br \/>\nStandard mounting for 8 x 35mm stud<\/li>\n<li>The OMAL &quot;SURE SHOT&quot; revolver system guarantees the insertion of an ankle every time!<\/li>\n<li>Fiber optic sensor to check if the next peg is ready<\/li>\n<li>Programmable on X axis - equipped with brushless motor and alpha gear reducer for precise and fast positioning<\/li>\n<li>The movement of the carriage is on linear rails with square guides and the rack and pinion transmission.<\/li>\n<li>10 &#39;long game using alternative referencing<\/li>\n<li>Single or double drill, glue and dowel insert unit<\/li>\n<li>Two-way grippers hold panels horizontally and vertically to bore the face<\/li>\n<li>Bore reaming, grooving, multiple horizontal drills, CNC Z and Y axes, large size studs optional<\/li>\n<li>5 &#39;work table with FOUR loading zones<\/li>\n<li>WIDTH Working area of the &quot;X&quot; axis 1550 mm (61 &quot;)<\/li>\n<li>DEPTH Working stroke of the &quot;Y&quot; axis 40 mm (1.57 &quot;)<\/li>\n<li>40 mm (1.57 &quot;) VERTICAL&quot; Z &quot;working axis<\/li>\n<li>Voltage 220\/60\/3<\/li>\n<li>Net weight 1300 kg (2866lbs)<\/li>\n<li>All specifications are subject to change, This machine is offered in: ASIS, Where is, Condition. No warranty is implied or offered<\/li>\n<\/ul>","protected":false},"excerpt":{"rendered":"<p>Omal HBD 1550 Gluing and Doweling Machine: Four working areas Automatic working reference selection (left, center left, center right, right) Exclusive center and side reference fences Four double clamps to hold panels vertically or horizontally for edge or face processing Glue injection system [\u2026]<\/p>","protected":false},"author":3,"featured_media":51892,"comment_status":"open","ping_status":"closed","template":"","meta":[],"product_cat":[86],"product_tag":[],"acf":[],"yoast_head":"<!-- This site is optimized with the Yoast SEO plugin v16.8 - https:\/\/yoast.com\/wordpress\/plugins\/seo\/ -->\n<title>Machine \u00e0 coller et \u00e0 goujonner Omal HBD 1550 - Machineries BST<\/title>\n<meta name=\"robots\" content=\"index, follow, max-snippet:-1, max-image-preview:large, max-video-preview:-1\" \/>\n<link rel=\"canonical\" href=\"https:\/\/machineriesbst.com\/en\/catalogue\/machine-a-coller-et-a-goujonner-omal-hbd-1550\/\" \/>\n<meta property=\"og:locale\" content=\"en_US\" \/>\n<meta property=\"og:type\" content=\"article\" \/>\n<meta property=\"og:title\" content=\"Machine \u00e0 coller et \u00e0 goujonner Omal HBD 1550 - Machineries BST\" \/>\n<meta property=\"og:description\" content=\"Machine \u00e0 coller et \u00e0 goujonner Omal HBD 1550: Quatre zones de travail S\u00e9lection automatique de la r\u00e9f\u00e9rence de travail (gauche, centre gauche, centre droite, droite) Cl\u00f4tures de r\u00e9f\u00e9rence centrales et lat\u00e9rales exclusives Quatre pinces doubles pour maintenir les panneaux verticalement ou horizontalement pour le traitement des bords ou du visage Syst\u00e8me d&#039;injection de colle [&hellip;]\" \/>\n<meta property=\"og:url\" content=\"https:\/\/machineriesbst.com\/en\/catalogue\/machine-a-coller-et-a-goujonner-omal-hbd-1550\/\" \/>\n<meta property=\"og:site_name\" content=\"Machineries BST\" \/>\n<meta property=\"article:modified_time\" content=\"2023-12-01T01:23:55+00:00\" \/>\n<meta property=\"og:image\" content=\"https:\/\/machineriesbst.com\/wp-content\/uploads\/2021\/05\/4HVqPh1S_800.jpg\" \/>\n\t<meta property=\"og:image:width\" content=\"800\" \/>\n\t<meta property=\"og:image:height\" content=\"600\" \/>\n<meta name=\"twitter:card\" content=\"summary_large_image\" \/>\n<meta name=\"twitter:label1\" content=\"Est. reading time\" \/>\n\t<meta name=\"twitter:data1\" content=\"1 minute\" \/>\n<script type=\"application\/ld+json\" class=\"yoast-schema-graph\">{\"@context\":\"https:\/\/schema.org\",\"@graph\":[{\"@type\":\"WebSite\",\"@id\":\"https:\/\/machineriesbst.com\/en\/#website\",\"url\":\"https:\/\/machineriesbst.com\/en\/\",\"name\":\"Machineries BST\",\"description\":\"Machines neuves &amp; usag\\u00e9es\",\"potentialAction\":[{\"@type\":\"SearchAction\",\"target\":{\"@type\":\"EntryPoint\",\"urlTemplate\":\"https:\/\/machineriesbst.com\/en\/?s={search_term_string}\"},\"query-input\":\"required name=search_term_string\"}],\"inLanguage\":\"en-US\"},{\"@type\":\"ImageObject\",\"@id\":\"https:\/\/machineriesbst.com\/en\/catalogue\/machine-a-coller-et-a-goujonner-omal-hbd-1550\/#primaryimage\",\"inLanguage\":\"en-US\",\"url\":\"https:\/\/machineriesbst.com\/wp-content\/uploads\/2021\/05\/4HVqPh1S_800.jpg\",\"contentUrl\":\"https:\/\/machineriesbst.com\/wp-content\/uploads\/2021\/05\/4HVqPh1S_800.jpg\",\"width\":800,\"height\":600},{\"@type\":\"WebPage\",\"@id\":\"https:\/\/machineriesbst.com\/en\/catalogue\/machine-a-coller-et-a-goujonner-omal-hbd-1550\/#webpage\",\"url\":\"https:\/\/machineriesbst.com\/en\/catalogue\/machine-a-coller-et-a-goujonner-omal-hbd-1550\/\",\"name\":\"Machine \\u00e0 coller et \\u00e0 goujonner Omal HBD 1550 - Machineries BST\",\"isPartOf\":{\"@id\":\"https:\/\/machineriesbst.com\/en\/#website\"},\"primaryImageOfPage\":{\"@id\":\"https:\/\/machineriesbst.com\/en\/catalogue\/machine-a-coller-et-a-goujonner-omal-hbd-1550\/#primaryimage\"},\"datePublished\":\"2021-06-08T13:46:38+00:00\",\"dateModified\":\"2023-12-01T01:23:55+00:00\",\"breadcrumb\":{\"@id\":\"https:\/\/machineriesbst.com\/en\/catalogue\/machine-a-coller-et-a-goujonner-omal-hbd-1550\/#breadcrumb\"},\"inLanguage\":\"en-US\",\"potentialAction\":[{\"@type\":\"ReadAction\",\"target\":[\"https:\/\/machineriesbst.com\/en\/catalogue\/machine-a-coller-et-a-goujonner-omal-hbd-1550\/\"]}]},{\"@type\":\"BreadcrumbList\",\"@id\":\"https:\/\/machineriesbst.com\/en\/catalogue\/machine-a-coller-et-a-goujonner-omal-hbd-1550\/#breadcrumb\",\"itemListElement\":[{\"@type\":\"ListItem\",\"position\":1,\"name\":\"Accueil\",\"item\":\"https:\/\/machineriesbst.com\/en\/\"},{\"@type\":\"ListItem\",\"position\":2,\"name\":\"Catalogue\",\"item\":\"https:\/\/machineriesbst.com\/en\/catalog\/\"},{\"@type\":\"ListItem\",\"position\":3,\"name\":\"Machine \\u00e0 coller et \\u00e0 goujonner Omal HBD 1550\"}]}]}<\/script>\n<!-- \/ Yoast SEO plugin. -->","yoast_head_json":{"title":"Machine \u00e0 coller et \u00e0 goujonner Omal HBD 1550 - Machineries BST","robots":{"index":"index","follow":"follow","max-snippet":"max-snippet:-1","max-image-preview":"max-image-preview:large","max-video-preview":"max-video-preview:-1"},"canonical":"https:\/\/machineriesbst.com\/en\/catalogue\/machine-a-coller-et-a-goujonner-omal-hbd-1550\/","og_locale":"en_US","og_type":"article","og_title":"Machine \u00e0 coller et \u00e0 goujonner Omal HBD 1550 - Machineries BST","og_description":"Machine \u00e0 coller et \u00e0 goujonner Omal HBD 1550: Quatre zones de travail S\u00e9lection automatique de la r\u00e9f\u00e9rence de travail (gauche, centre gauche, centre droite, droite) Cl\u00f4tures de r\u00e9f\u00e9rence centrales et lat\u00e9rales exclusives Quatre pinces doubles pour maintenir les panneaux verticalement ou horizontalement pour le traitement des bords ou du visage Syst\u00e8me d'injection de colle [&hellip;]","og_url":"https:\/\/machineriesbst.com\/en\/catalogue\/machine-a-coller-et-a-goujonner-omal-hbd-1550\/","og_site_name":"Machineries BST","article_modified_time":"2023-12-01T01:23:55+00:00","og_image":[{"width":800,"height":600,"url":"https:\/\/machineriesbst.com\/wp-content\/uploads\/2021\/05\/4HVqPh1S_800.jpg","path":"\/home\/jepeto\/public_html\/wp-content\/uploads\/2021\/05\/4HVqPh1S_800.jpg","size":"full","id":51892,"alt":"","pixels":480000,"type":"image\/jpeg"}],"twitter_card":"summary_large_image","twitter_misc":{"Est. reading time":"1 minute"},"schema":{"@context":"https:\/\/schema.org","@graph":[{"@type":"WebSite","@id":"https:\/\/machineriesbst.com\/en\/#website","url":"https:\/\/machineriesbst.com\/en\/","name":"Machineries BST","description":"Machines neuves &amp; usag\u00e9es","potentialAction":[{"@type":"SearchAction","target":{"@type":"EntryPoint","urlTemplate":"https:\/\/machineriesbst.com\/en\/?s={search_term_string}"},"query-input":"required name=search_term_string"}],"inLanguage":"en-US"},{"@type":"ImageObject","@id":"https:\/\/machineriesbst.com\/en\/catalogue\/machine-a-coller-et-a-goujonner-omal-hbd-1550\/#primaryimage","inLanguage":"en-US","url":"https:\/\/machineriesbst.com\/wp-content\/uploads\/2021\/05\/4HVqPh1S_800.jpg","contentUrl":"https:\/\/machineriesbst.com\/wp-content\/uploads\/2021\/05\/4HVqPh1S_800.jpg","width":800,"height":600},{"@type":"WebPage","@id":"https:\/\/machineriesbst.com\/en\/catalogue\/machine-a-coller-et-a-goujonner-omal-hbd-1550\/#webpage","url":"https:\/\/machineriesbst.com\/en\/catalogue\/machine-a-coller-et-a-goujonner-omal-hbd-1550\/","name":"Machine \u00e0 coller et \u00e0 goujonner Omal HBD 1550 - Machineries BST","isPartOf":{"@id":"https:\/\/machineriesbst.com\/en\/#website"},"primaryImageOfPage":{"@id":"https:\/\/machineriesbst.com\/en\/catalogue\/machine-a-coller-et-a-goujonner-omal-hbd-1550\/#primaryimage"},"datePublished":"2021-06-08T13:46:38+00:00","dateModified":"2023-12-01T01:23:55+00:00","breadcrumb":{"@id":"https:\/\/machineriesbst.com\/en\/catalogue\/machine-a-coller-et-a-goujonner-omal-hbd-1550\/#breadcrumb"},"inLanguage":"en-US","potentialAction":[{"@type":"ReadAction","target":["https:\/\/machineriesbst.com\/en\/catalogue\/machine-a-coller-et-a-goujonner-omal-hbd-1550\/"]}]},{"@type":"BreadcrumbList","@id":"https:\/\/machineriesbst.com\/en\/catalogue\/machine-a-coller-et-a-goujonner-omal-hbd-1550\/#breadcrumb","itemListElement":[{"@type":"ListItem","position":1,"name":"Accueil","item":"https:\/\/machineriesbst.com\/en\/"},{"@type":"ListItem","position":2,"name":"Catalogue","item":"https:\/\/machineriesbst.com\/en\/catalog\/"},{"@type":"ListItem","position":3,"name":"Machine \u00e0 coller et \u00e0 goujonner Omal HBD 1550"}]}]}},"_links":{"self":[{"href":"https:\/\/machineriesbst.com\/en\/wp-json\/wp\/v2\/product\/58171"}],"collection":[{"href":"https:\/\/machineriesbst.com\/en\/wp-json\/wp\/v2\/product"}],"about":[{"href":"https:\/\/machineriesbst.com\/en\/wp-json\/wp\/v2\/types\/product"}],"author":[{"embeddable":true,"href":"https:\/\/machineriesbst.com\/en\/wp-json\/wp\/v2\/users\/3"}],"replies":[{"embeddable":true,"href":"https:\/\/machineriesbst.com\/en\/wp-json\/wp\/v2\/comments?post=58171"}],"wp:featuredmedia":[{"embeddable":true,"href":"https:\/\/machineriesbst.com\/en\/wp-json\/wp\/v2\/media\/51892"}],"wp:attachment":[{"href":"https:\/\/machineriesbst.com\/en\/wp-json\/wp\/v2\/media?parent=58171"}],"wp:term":[{"taxonomy":"product_cat","embeddable":true,"href":"https:\/\/machineriesbst.com\/en\/wp-json\/wp\/v2\/product_cat?post=58171"},{"taxonomy":"product_tag","embeddable":true,"href":"https:\/\/machineriesbst.com\/en\/wp-json\/wp\/v2\/product_tag?post=58171"}],"curies":[{"name":"wp","href":"https:\/\/api.w.org\/{rel}","templated":true}]}}