{"id":58160,"date":"2021-06-08T09:46:36","date_gmt":"2021-06-08T13:46:36","guid":{"rendered":"https:\/\/machineriesbst.com\/?post_type=product&#038;p=58160"},"modified":"2023-11-30T20:23:55","modified_gmt":"2023-12-01T01:23:55","slug":"equipement-pour-porte-cnc-800a-nc","status":"publish","type":"product","link":"https:\/\/machineriesbst.com\/en\/catalogue\/equipement-pour-porte-cnc-800a-nc\/","title":{"rendered":"CNC-800A NC door equipment"},"content":{"rendered":"<p>Equipment for CNC-800A NC door:<\/p>\n<ul>\n<li>CNC-800A is processing equipment can process any kind of tenon and mortise combination.<\/li>\n<li>This is a best choice of cabinet, closet, photo frames, photo frames, desk, doors and windows, and other 45 \u00b0 and 135 \u00b0 splicing products producing equipment .<\/li>\n<li>Shaft dimensions: \u03c630mm<\/li>\n<li>Dimensions of the claw cutter: (max) \u03c6130mm<\/li>\n<li>Tenoning tool body: (max) \u03c690mm<\/li>\n<li>Driller rotation speed: 9000\/12000 \/ 18000rpm<\/li>\n<li>Mortising jaws ER25 glue: (min) \u03c63mm (max) \u03c616mm<\/li>\n<li>Angle 45 \u00b0 tenoning width: 0-150mm<\/li>\n<li>Angle135 \u00b0 tenoning width: 0-120mm<\/li>\n<li>Angle45 tenoning depth: 10-45mm<\/li>\n<li>Angle135 \u00b0 tenoning depth: 10-20mm<\/li>\n<li>Worktable size: 1200 x 450mm<\/li>\n<li>Fance Angle: 45 \u00b0 \/ 90 \u00b0<\/li>\n<li>Total power: 12.12KW<\/li>\n<li>Overall size: 2450 x 1200 x 1700mm<\/li>\n<li>N \/ W: 1500 kg<\/li>\n<\/ul>","protected":false},"excerpt":{"rendered":"<p>CNC-800A NC Door Equipment: CNC-800A is a processing equipment that can process any kind of tenon and mortise combination. This is a best choice of cabinet, closet, photo frames, photo frames, desk, doors and windows, and other 45 \u00b0 and 135 \u00b0 splicing products producing equipment . [\u2026]<\/p>","protected":false},"author":3,"featured_media":51849,"comment_status":"open","ping_status":"closed","template":"","meta":[],"product_cat":[221],"product_tag":[],"acf":[],"yoast_head":"<!-- This site is optimized with the Yoast SEO plugin v16.8 - https:\/\/yoast.com\/wordpress\/plugins\/seo\/ -->\n<title>\u00c9quipement pour porte CNC-800A NC - Machineries BST<\/title>\n<meta name=\"robots\" content=\"index, follow, max-snippet:-1, max-image-preview:large, max-video-preview:-1\" \/>\n<link rel=\"canonical\" href=\"https:\/\/machineriesbst.com\/en\/catalogue\/equipement-pour-porte-cnc-800a-nc\/\" \/>\n<meta property=\"og:locale\" content=\"en_US\" \/>\n<meta property=\"og:type\" content=\"article\" \/>\n<meta property=\"og:title\" content=\"\u00c9quipement pour porte CNC-800A NC - Machineries BST\" \/>\n<meta property=\"og:description\" content=\"\u00c9quipement pour porte CNC-800A NC: CNC-800A est un \u00e9quipement de traitement peut traiter tout type de combinaison de tenon et mortaise. Il s&#039;agit d&#039;un meilleur choix d&#039;armoires, de penderie, de cadres photo, de cadres photo, de bureau, de portes et de fen\u00eatres, et d&#039;autres produits d&#039;\u00e9pissurage \u00e0 45 \u00b0 et 135 \u00b0 produisant des \u00e9quipements. [&hellip;]\" \/>\n<meta property=\"og:url\" content=\"https:\/\/machineriesbst.com\/en\/catalogue\/equipement-pour-porte-cnc-800a-nc\/\" \/>\n<meta property=\"og:site_name\" content=\"Machineries BST\" \/>\n<meta property=\"article:modified_time\" content=\"2023-12-01T01:23:55+00:00\" \/>\n<meta property=\"og:image\" content=\"https:\/\/machineriesbst.com\/wp-content\/uploads\/2021\/05\/2-500x500-1.jpg\" \/>\n\t<meta property=\"og:image:width\" content=\"500\" \/>\n\t<meta property=\"og:image:height\" content=\"500\" \/>\n<meta name=\"twitter:card\" content=\"summary_large_image\" \/>\n<meta name=\"twitter:label1\" content=\"Est. reading time\" \/>\n\t<meta name=\"twitter:data1\" content=\"1 minute\" \/>\n<script type=\"application\/ld+json\" class=\"yoast-schema-graph\">{\"@context\":\"https:\/\/schema.org\",\"@graph\":[{\"@type\":\"WebSite\",\"@id\":\"https:\/\/machineriesbst.com\/en\/#website\",\"url\":\"https:\/\/machineriesbst.com\/en\/\",\"name\":\"Machineries BST\",\"description\":\"Machines neuves &amp; usag\\u00e9es\",\"potentialAction\":[{\"@type\":\"SearchAction\",\"target\":{\"@type\":\"EntryPoint\",\"urlTemplate\":\"https:\/\/machineriesbst.com\/en\/?s={search_term_string}\"},\"query-input\":\"required name=search_term_string\"}],\"inLanguage\":\"en-US\"},{\"@type\":\"ImageObject\",\"@id\":\"https:\/\/machineriesbst.com\/en\/catalogue\/equipement-pour-porte-cnc-800a-nc\/#primaryimage\",\"inLanguage\":\"en-US\",\"url\":\"https:\/\/machineriesbst.com\/wp-content\/uploads\/2021\/05\/2-500x500-1.jpg\",\"contentUrl\":\"https:\/\/machineriesbst.com\/wp-content\/uploads\/2021\/05\/2-500x500-1.jpg\",\"width\":500,\"height\":500},{\"@type\":\"WebPage\",\"@id\":\"https:\/\/machineriesbst.com\/en\/catalogue\/equipement-pour-porte-cnc-800a-nc\/#webpage\",\"url\":\"https:\/\/machineriesbst.com\/en\/catalogue\/equipement-pour-porte-cnc-800a-nc\/\",\"name\":\"\\u00c9quipement pour porte CNC-800A NC - Machineries BST\",\"isPartOf\":{\"@id\":\"https:\/\/machineriesbst.com\/en\/#website\"},\"primaryImageOfPage\":{\"@id\":\"https:\/\/machineriesbst.com\/en\/catalogue\/equipement-pour-porte-cnc-800a-nc\/#primaryimage\"},\"datePublished\":\"2021-06-08T13:46:36+00:00\",\"dateModified\":\"2023-12-01T01:23:55+00:00\",\"breadcrumb\":{\"@id\":\"https:\/\/machineriesbst.com\/en\/catalogue\/equipement-pour-porte-cnc-800a-nc\/#breadcrumb\"},\"inLanguage\":\"en-US\",\"potentialAction\":[{\"@type\":\"ReadAction\",\"target\":[\"https:\/\/machineriesbst.com\/en\/catalogue\/equipement-pour-porte-cnc-800a-nc\/\"]}]},{\"@type\":\"BreadcrumbList\",\"@id\":\"https:\/\/machineriesbst.com\/en\/catalogue\/equipement-pour-porte-cnc-800a-nc\/#breadcrumb\",\"itemListElement\":[{\"@type\":\"ListItem\",\"position\":1,\"name\":\"Accueil\",\"item\":\"https:\/\/machineriesbst.com\/en\/\"},{\"@type\":\"ListItem\",\"position\":2,\"name\":\"Catalogue\",\"item\":\"https:\/\/machineriesbst.com\/en\/catalog\/\"},{\"@type\":\"ListItem\",\"position\":3,\"name\":\"\\u00c9quipement pour porte CNC-800A NC\"}]}]}<\/script>\n<!-- \/ Yoast SEO plugin. -->","yoast_head_json":{"title":"\u00c9quipement pour porte CNC-800A NC - Machineries BST","robots":{"index":"index","follow":"follow","max-snippet":"max-snippet:-1","max-image-preview":"max-image-preview:large","max-video-preview":"max-video-preview:-1"},"canonical":"https:\/\/machineriesbst.com\/en\/catalogue\/equipement-pour-porte-cnc-800a-nc\/","og_locale":"en_US","og_type":"article","og_title":"\u00c9quipement pour porte CNC-800A NC - Machineries BST","og_description":"\u00c9quipement pour porte CNC-800A NC: CNC-800A est un \u00e9quipement de traitement peut traiter tout type de combinaison de tenon et mortaise. Il s'agit d'un meilleur choix d'armoires, de penderie, de cadres photo, de cadres photo, de bureau, de portes et de fen\u00eatres, et d'autres produits d'\u00e9pissurage \u00e0 45 \u00b0 et 135 \u00b0 produisant des \u00e9quipements. [&hellip;]","og_url":"https:\/\/machineriesbst.com\/en\/catalogue\/equipement-pour-porte-cnc-800a-nc\/","og_site_name":"Machineries BST","article_modified_time":"2023-12-01T01:23:55+00:00","og_image":[{"width":500,"height":500,"url":"https:\/\/machineriesbst.com\/wp-content\/uploads\/2021\/05\/2-500x500-1.jpg","path":"\/home\/jepeto\/public_html\/wp-content\/uploads\/2021\/05\/2-500x500-1.jpg","size":"full","id":51849,"alt":"","pixels":250000,"type":"image\/jpeg"}],"twitter_card":"summary_large_image","twitter_misc":{"Est. reading time":"1 minute"},"schema":{"@context":"https:\/\/schema.org","@graph":[{"@type":"WebSite","@id":"https:\/\/machineriesbst.com\/en\/#website","url":"https:\/\/machineriesbst.com\/en\/","name":"Machineries BST","description":"Machines neuves &amp; usag\u00e9es","potentialAction":[{"@type":"SearchAction","target":{"@type":"EntryPoint","urlTemplate":"https:\/\/machineriesbst.com\/en\/?s={search_term_string}"},"query-input":"required name=search_term_string"}],"inLanguage":"en-US"},{"@type":"ImageObject","@id":"https:\/\/machineriesbst.com\/en\/catalogue\/equipement-pour-porte-cnc-800a-nc\/#primaryimage","inLanguage":"en-US","url":"https:\/\/machineriesbst.com\/wp-content\/uploads\/2021\/05\/2-500x500-1.jpg","contentUrl":"https:\/\/machineriesbst.com\/wp-content\/uploads\/2021\/05\/2-500x500-1.jpg","width":500,"height":500},{"@type":"WebPage","@id":"https:\/\/machineriesbst.com\/en\/catalogue\/equipement-pour-porte-cnc-800a-nc\/#webpage","url":"https:\/\/machineriesbst.com\/en\/catalogue\/equipement-pour-porte-cnc-800a-nc\/","name":"\u00c9quipement pour porte CNC-800A NC - Machineries BST","isPartOf":{"@id":"https:\/\/machineriesbst.com\/en\/#website"},"primaryImageOfPage":{"@id":"https:\/\/machineriesbst.com\/en\/catalogue\/equipement-pour-porte-cnc-800a-nc\/#primaryimage"},"datePublished":"2021-06-08T13:46:36+00:00","dateModified":"2023-12-01T01:23:55+00:00","breadcrumb":{"@id":"https:\/\/machineriesbst.com\/en\/catalogue\/equipement-pour-porte-cnc-800a-nc\/#breadcrumb"},"inLanguage":"en-US","potentialAction":[{"@type":"ReadAction","target":["https:\/\/machineriesbst.com\/en\/catalogue\/equipement-pour-porte-cnc-800a-nc\/"]}]},{"@type":"BreadcrumbList","@id":"https:\/\/machineriesbst.com\/en\/catalogue\/equipement-pour-porte-cnc-800a-nc\/#breadcrumb","itemListElement":[{"@type":"ListItem","position":1,"name":"Accueil","item":"https:\/\/machineriesbst.com\/en\/"},{"@type":"ListItem","position":2,"name":"Catalogue","item":"https:\/\/machineriesbst.com\/en\/catalog\/"},{"@type":"ListItem","position":3,"name":"\u00c9quipement pour porte CNC-800A NC"}]}]}},"_links":{"self":[{"href":"https:\/\/machineriesbst.com\/en\/wp-json\/wp\/v2\/product\/58160"}],"collection":[{"href":"https:\/\/machineriesbst.com\/en\/wp-json\/wp\/v2\/product"}],"about":[{"href":"https:\/\/machineriesbst.com\/en\/wp-json\/wp\/v2\/types\/product"}],"author":[{"embeddable":true,"href":"https:\/\/machineriesbst.com\/en\/wp-json\/wp\/v2\/users\/3"}],"replies":[{"embeddable":true,"href":"https:\/\/machineriesbst.com\/en\/wp-json\/wp\/v2\/comments?post=58160"}],"wp:featuredmedia":[{"embeddable":true,"href":"https:\/\/machineriesbst.com\/en\/wp-json\/wp\/v2\/media\/51849"}],"wp:attachment":[{"href":"https:\/\/machineriesbst.com\/en\/wp-json\/wp\/v2\/media?parent=58160"}],"wp:term":[{"taxonomy":"product_cat","embeddable":true,"href":"https:\/\/machineriesbst.com\/en\/wp-json\/wp\/v2\/product_cat?post=58160"},{"taxonomy":"product_tag","embeddable":true,"href":"https:\/\/machineriesbst.com\/en\/wp-json\/wp\/v2\/product_tag?post=58160"}],"curies":[{"name":"wp","href":"https:\/\/api.w.org\/{rel}","templated":true}]}}