{"id":58159,"date":"2021-06-08T09:46:36","date_gmt":"2021-06-08T13:46:36","guid":{"rendered":"https:\/\/machineriesbst.com\/?post_type=product&#038;p=58159"},"modified":"2023-11-30T20:23:55","modified_gmt":"2023-12-01T01:23:55","slug":"presse-a-caisson-cpc","status":"publish","type":"product","link":"https:\/\/machineriesbst.com\/en\/catalogue\/presse-a-caisson-cpc\/","title":{"rendered":"CPC box press"},"content":{"rendered":"<p>CPC box press:<\/p>\n<ul>\n<li>The SAP 3L - ARM press with hydraulic function reinforced by thick steel, protected with an epoxy and polyurethane primer.<\/li>\n<li>The conveyor belt is made of polyester with a low friction PVC coating.<\/li>\n<li>If the positioning speed (which is faster than the time required to dry the glue) was not sufficient to determine the actual loading time of the pieces of furniture, then we found an alternative to do on the part while it is between the pressure surfaces. Only then we took into account a hydraulic press capable of operating pressures that allow intervention in the panties, maintaining a perfect square object, cannot be deformed at the end of the pressing cycle, even if the glue does not not dry completely.<\/li>\n<li>The perfect grid of the box is a pinion system to obtain a perfect parallelism between the retaining elements of the machine.<\/li>\n<li>The SAP 3L ARM model also offers, besides the high pressure characteristic, all the advantages of electronics. The dimensions of the reading box in real time, thanks to electronic systems. The result is no need for manual adjustment, leaving the mass production of boxes of different sizes.<\/li>\n<li>The horizontal and vertical pressure is regulated depending on the type of furniture material, which will be edited.<\/li>\n<li>The retention time of the furniture, define a screen mounted in the control panel.<\/li>\n<\/ul>","protected":false},"excerpt":{"rendered":"<p>CPC box press: The SAP 3L - ARM press with hydraulic function reinforced by thick steel, protected with an epoxy and polyurethane primer. The conveyor belt is made of polyester with a low friction PVC coating. If the positioning speed (which is faster than the time required to dry the [\u2026]<\/p>","protected":false},"author":3,"featured_media":51848,"comment_status":"open","ping_status":"closed","template":"","meta":[],"product_cat":[3081],"product_tag":[],"acf":[],"yoast_head":"<!-- This site is optimized with the Yoast SEO plugin v16.8 - https:\/\/yoast.com\/wordpress\/plugins\/seo\/ -->\n<title>Presse \u00e0 caisson CPC - Machineries BST<\/title>\n<meta name=\"robots\" content=\"index, follow, max-snippet:-1, max-image-preview:large, max-video-preview:-1\" \/>\n<link rel=\"canonical\" href=\"https:\/\/machineriesbst.com\/en\/catalogue\/presse-a-caisson-cpc\/\" \/>\n<meta property=\"og:locale\" content=\"en_US\" \/>\n<meta property=\"og:type\" content=\"article\" \/>\n<meta property=\"og:title\" content=\"Presse \u00e0 caisson CPC - Machineries BST\" \/>\n<meta property=\"og:description\" content=\"Presse \u00e0 caisson CPC: La presse SAP 3L - BRAS avec fonction hydraulique renforc\u00e9e par de l&#039;acier \u00e9pais, prot\u00e9g\u00e9 avec un primaire \u00e9poxy et polyur\u00e9thane. La bande transporteuse est en polyester avec un rev\u00eatement en PVC \u00e0 faible friction. Si la vitesse de positionnement (qui est plus rapide que le temps exig\u00e9 pour s\u00e9cher la [&hellip;]\" \/>\n<meta property=\"og:url\" content=\"https:\/\/machineriesbst.com\/en\/catalogue\/presse-a-caisson-cpc\/\" \/>\n<meta property=\"og:site_name\" content=\"Machineries BST\" \/>\n<meta property=\"article:modified_time\" content=\"2023-12-01T01:23:55+00:00\" \/>\n<meta property=\"og:image\" content=\"https:\/\/machineriesbst.com\/wp-content\/uploads\/2021\/05\/cpc-500x500-1.jpg\" \/>\n\t<meta property=\"og:image:width\" content=\"500\" \/>\n\t<meta property=\"og:image:height\" content=\"500\" \/>\n<meta name=\"twitter:card\" content=\"summary_large_image\" \/>\n<meta name=\"twitter:label1\" content=\"Est. reading time\" \/>\n\t<meta name=\"twitter:data1\" content=\"1 minute\" \/>\n<script type=\"application\/ld+json\" class=\"yoast-schema-graph\">{\"@context\":\"https:\/\/schema.org\",\"@graph\":[{\"@type\":\"WebSite\",\"@id\":\"https:\/\/machineriesbst.com\/en\/#website\",\"url\":\"https:\/\/machineriesbst.com\/en\/\",\"name\":\"Machineries BST\",\"description\":\"Machines neuves &amp; usag\\u00e9es\",\"potentialAction\":[{\"@type\":\"SearchAction\",\"target\":{\"@type\":\"EntryPoint\",\"urlTemplate\":\"https:\/\/machineriesbst.com\/en\/?s={search_term_string}\"},\"query-input\":\"required name=search_term_string\"}],\"inLanguage\":\"en-US\"},{\"@type\":\"ImageObject\",\"@id\":\"https:\/\/machineriesbst.com\/en\/catalogue\/presse-a-caisson-cpc\/#primaryimage\",\"inLanguage\":\"en-US\",\"url\":\"https:\/\/machineriesbst.com\/wp-content\/uploads\/2021\/05\/cpc-500x500-1.jpg\",\"contentUrl\":\"https:\/\/machineriesbst.com\/wp-content\/uploads\/2021\/05\/cpc-500x500-1.jpg\",\"width\":500,\"height\":500},{\"@type\":\"WebPage\",\"@id\":\"https:\/\/machineriesbst.com\/en\/catalogue\/presse-a-caisson-cpc\/#webpage\",\"url\":\"https:\/\/machineriesbst.com\/en\/catalogue\/presse-a-caisson-cpc\/\",\"name\":\"Presse \\u00e0 caisson CPC - Machineries BST\",\"isPartOf\":{\"@id\":\"https:\/\/machineriesbst.com\/en\/#website\"},\"primaryImageOfPage\":{\"@id\":\"https:\/\/machineriesbst.com\/en\/catalogue\/presse-a-caisson-cpc\/#primaryimage\"},\"datePublished\":\"2021-06-08T13:46:36+00:00\",\"dateModified\":\"2023-12-01T01:23:55+00:00\",\"breadcrumb\":{\"@id\":\"https:\/\/machineriesbst.com\/en\/catalogue\/presse-a-caisson-cpc\/#breadcrumb\"},\"inLanguage\":\"en-US\",\"potentialAction\":[{\"@type\":\"ReadAction\",\"target\":[\"https:\/\/machineriesbst.com\/en\/catalogue\/presse-a-caisson-cpc\/\"]}]},{\"@type\":\"BreadcrumbList\",\"@id\":\"https:\/\/machineriesbst.com\/en\/catalogue\/presse-a-caisson-cpc\/#breadcrumb\",\"itemListElement\":[{\"@type\":\"ListItem\",\"position\":1,\"name\":\"Accueil\",\"item\":\"https:\/\/machineriesbst.com\/en\/\"},{\"@type\":\"ListItem\",\"position\":2,\"name\":\"Catalogue\",\"item\":\"https:\/\/machineriesbst.com\/en\/catalog\/\"},{\"@type\":\"ListItem\",\"position\":3,\"name\":\"Presse \\u00e0 caisson CPC\"}]}]}<\/script>\n<!-- \/ Yoast SEO plugin. -->","yoast_head_json":{"title":"Presse \u00e0 caisson CPC - Machineries BST","robots":{"index":"index","follow":"follow","max-snippet":"max-snippet:-1","max-image-preview":"max-image-preview:large","max-video-preview":"max-video-preview:-1"},"canonical":"https:\/\/machineriesbst.com\/en\/catalogue\/presse-a-caisson-cpc\/","og_locale":"en_US","og_type":"article","og_title":"Presse \u00e0 caisson CPC - Machineries BST","og_description":"Presse \u00e0 caisson CPC: La presse SAP 3L - BRAS avec fonction hydraulique renforc\u00e9e par de l'acier \u00e9pais, prot\u00e9g\u00e9 avec un primaire \u00e9poxy et polyur\u00e9thane. La bande transporteuse est en polyester avec un rev\u00eatement en PVC \u00e0 faible friction. Si la vitesse de positionnement (qui est plus rapide que le temps exig\u00e9 pour s\u00e9cher la [&hellip;]","og_url":"https:\/\/machineriesbst.com\/en\/catalogue\/presse-a-caisson-cpc\/","og_site_name":"Machineries BST","article_modified_time":"2023-12-01T01:23:55+00:00","og_image":[{"width":500,"height":500,"url":"https:\/\/machineriesbst.com\/wp-content\/uploads\/2021\/05\/cpc-500x500-1.jpg","path":"\/home\/jepeto\/public_html\/wp-content\/uploads\/2021\/05\/cpc-500x500-1.jpg","size":"full","id":51848,"alt":"","pixels":250000,"type":"image\/jpeg"}],"twitter_card":"summary_large_image","twitter_misc":{"Est. reading time":"1 minute"},"schema":{"@context":"https:\/\/schema.org","@graph":[{"@type":"WebSite","@id":"https:\/\/machineriesbst.com\/en\/#website","url":"https:\/\/machineriesbst.com\/en\/","name":"Machineries BST","description":"Machines neuves &amp; usag\u00e9es","potentialAction":[{"@type":"SearchAction","target":{"@type":"EntryPoint","urlTemplate":"https:\/\/machineriesbst.com\/en\/?s={search_term_string}"},"query-input":"required name=search_term_string"}],"inLanguage":"en-US"},{"@type":"ImageObject","@id":"https:\/\/machineriesbst.com\/en\/catalogue\/presse-a-caisson-cpc\/#primaryimage","inLanguage":"en-US","url":"https:\/\/machineriesbst.com\/wp-content\/uploads\/2021\/05\/cpc-500x500-1.jpg","contentUrl":"https:\/\/machineriesbst.com\/wp-content\/uploads\/2021\/05\/cpc-500x500-1.jpg","width":500,"height":500},{"@type":"WebPage","@id":"https:\/\/machineriesbst.com\/en\/catalogue\/presse-a-caisson-cpc\/#webpage","url":"https:\/\/machineriesbst.com\/en\/catalogue\/presse-a-caisson-cpc\/","name":"Presse \u00e0 caisson CPC - Machineries BST","isPartOf":{"@id":"https:\/\/machineriesbst.com\/en\/#website"},"primaryImageOfPage":{"@id":"https:\/\/machineriesbst.com\/en\/catalogue\/presse-a-caisson-cpc\/#primaryimage"},"datePublished":"2021-06-08T13:46:36+00:00","dateModified":"2023-12-01T01:23:55+00:00","breadcrumb":{"@id":"https:\/\/machineriesbst.com\/en\/catalogue\/presse-a-caisson-cpc\/#breadcrumb"},"inLanguage":"en-US","potentialAction":[{"@type":"ReadAction","target":["https:\/\/machineriesbst.com\/en\/catalogue\/presse-a-caisson-cpc\/"]}]},{"@type":"BreadcrumbList","@id":"https:\/\/machineriesbst.com\/en\/catalogue\/presse-a-caisson-cpc\/#breadcrumb","itemListElement":[{"@type":"ListItem","position":1,"name":"Accueil","item":"https:\/\/machineriesbst.com\/en\/"},{"@type":"ListItem","position":2,"name":"Catalogue","item":"https:\/\/machineriesbst.com\/en\/catalog\/"},{"@type":"ListItem","position":3,"name":"Presse \u00e0 caisson CPC"}]}]}},"_links":{"self":[{"href":"https:\/\/machineriesbst.com\/en\/wp-json\/wp\/v2\/product\/58159"}],"collection":[{"href":"https:\/\/machineriesbst.com\/en\/wp-json\/wp\/v2\/product"}],"about":[{"href":"https:\/\/machineriesbst.com\/en\/wp-json\/wp\/v2\/types\/product"}],"author":[{"embeddable":true,"href":"https:\/\/machineriesbst.com\/en\/wp-json\/wp\/v2\/users\/3"}],"replies":[{"embeddable":true,"href":"https:\/\/machineriesbst.com\/en\/wp-json\/wp\/v2\/comments?post=58159"}],"wp:featuredmedia":[{"embeddable":true,"href":"https:\/\/machineriesbst.com\/en\/wp-json\/wp\/v2\/media\/51848"}],"wp:attachment":[{"href":"https:\/\/machineriesbst.com\/en\/wp-json\/wp\/v2\/media?parent=58159"}],"wp:term":[{"taxonomy":"product_cat","embeddable":true,"href":"https:\/\/machineriesbst.com\/en\/wp-json\/wp\/v2\/product_cat?post=58159"},{"taxonomy":"product_tag","embeddable":true,"href":"https:\/\/machineriesbst.com\/en\/wp-json\/wp\/v2\/product_tag?post=58159"}],"curies":[{"name":"wp","href":"https:\/\/api.w.org\/{rel}","templated":true}]}}