{"id":58153,"date":"2021-06-08T09:46:13","date_gmt":"2021-06-08T13:46:13","guid":{"rendered":"https:\/\/machineriesbst.com\/?post_type=product&#038;p=58153"},"modified":"2023-11-30T20:23:56","modified_gmt":"2023-12-01T01:23:56","slug":"2006-sableuse-a-bande-large-timeseaver","status":"publish","type":"product","link":"https:\/\/machineriesbst.com\/en\/catalogue\/2006-sableuse-a-bande-large-timeseaver\/","title":{"rendered":"2006 Timeseaver Wide Belt Sandblaster"},"content":{"rendered":"<p>51 &quot;2 station wide belt sandblaster. 1.798 HRS. Like new.<\/p>\n<p>Speed of 15-45 PMP at inversion. 1ST: 30HP Rubber Roll. 2 Station \/ Combi Roller \/ Skate.<\/p>\n<p>&nbsp;<\/p>\n<p>&nbsp;<\/p>","protected":false},"excerpt":{"rendered":"<p>51 &quot;2 station wide belt sandblaster. 1.798 HRS. Like new. 15-45 PMP speed inversion. 1ST: 30HP Rubber Roll. 2 Station \/ Combi Roller \/ Pad. &nbsp; &nbsp;<\/p>","protected":false},"author":3,"featured_media":51824,"comment_status":"open","ping_status":"closed","template":"","meta":[],"product_cat":[1731,3055],"product_tag":[],"acf":[],"yoast_head":"<!-- This site is optimized with the Yoast SEO plugin v16.8 - https:\/\/yoast.com\/wordpress\/plugins\/seo\/ -->\n<title>2006 Sableuse \u00e0 Bande large Timeseaver - Machineries BST<\/title>\n<meta name=\"robots\" content=\"index, follow, max-snippet:-1, max-image-preview:large, max-video-preview:-1\" \/>\n<link rel=\"canonical\" href=\"https:\/\/machineriesbst.com\/en\/catalogue\/2006-sableuse-a-bande-large-timeseaver\/\" \/>\n<meta property=\"og:locale\" content=\"en_US\" \/>\n<meta property=\"og:type\" content=\"article\" \/>\n<meta property=\"og:title\" content=\"2006 Sableuse \u00e0 Bande large Timeseaver - Machineries BST\" \/>\n<meta property=\"og:description\" content=\"Sableuse\u00a0 \u00e0 bande large \u00e0 2 stations de 51&quot; . 1,798 HRS. Comme neuve. Vitesse de 15-45 PMP \u00e0 invertion . 1ST: Rouleau de Rubber 30HP. 2 Station \/Combi Rouleau \/ Patin . &nbsp; &nbsp;\" \/>\n<meta property=\"og:url\" content=\"https:\/\/machineriesbst.com\/en\/catalogue\/2006-sableuse-a-bande-large-timeseaver\/\" \/>\n<meta property=\"og:site_name\" content=\"Machineries BST\" \/>\n<meta property=\"article:modified_time\" content=\"2023-12-01T01:23:56+00:00\" \/>\n<meta property=\"og:image\" content=\"https:\/\/machineriesbst.com\/wp-content\/uploads\/2021\/05\/IMG_1314-1.jpeg\" \/>\n\t<meta property=\"og:image:width\" content=\"395\" \/>\n\t<meta property=\"og:image:height\" content=\"412\" \/>\n<meta name=\"twitter:card\" content=\"summary_large_image\" \/>\n<script type=\"application\/ld+json\" class=\"yoast-schema-graph\">{\"@context\":\"https:\/\/schema.org\",\"@graph\":[{\"@type\":\"WebSite\",\"@id\":\"https:\/\/machineriesbst.com\/en\/#website\",\"url\":\"https:\/\/machineriesbst.com\/en\/\",\"name\":\"Machineries BST\",\"description\":\"Machines neuves &amp; usag\\u00e9es\",\"potentialAction\":[{\"@type\":\"SearchAction\",\"target\":{\"@type\":\"EntryPoint\",\"urlTemplate\":\"https:\/\/machineriesbst.com\/en\/?s={search_term_string}\"},\"query-input\":\"required name=search_term_string\"}],\"inLanguage\":\"en-US\"},{\"@type\":\"ImageObject\",\"@id\":\"https:\/\/machineriesbst.com\/en\/catalogue\/2006-sableuse-a-bande-large-timeseaver\/#primaryimage\",\"inLanguage\":\"en-US\",\"url\":\"https:\/\/machineriesbst.com\/wp-content\/uploads\/2021\/05\/IMG_1314-1.jpeg\",\"contentUrl\":\"https:\/\/machineriesbst.com\/wp-content\/uploads\/2021\/05\/IMG_1314-1.jpeg\",\"width\":395,\"height\":412},{\"@type\":\"WebPage\",\"@id\":\"https:\/\/machineriesbst.com\/en\/catalogue\/2006-sableuse-a-bande-large-timeseaver\/#webpage\",\"url\":\"https:\/\/machineriesbst.com\/en\/catalogue\/2006-sableuse-a-bande-large-timeseaver\/\",\"name\":\"2006 Sableuse \\u00e0 Bande large Timeseaver - Machineries BST\",\"isPartOf\":{\"@id\":\"https:\/\/machineriesbst.com\/en\/#website\"},\"primaryImageOfPage\":{\"@id\":\"https:\/\/machineriesbst.com\/en\/catalogue\/2006-sableuse-a-bande-large-timeseaver\/#primaryimage\"},\"datePublished\":\"2021-06-08T13:46:13+00:00\",\"dateModified\":\"2023-12-01T01:23:56+00:00\",\"breadcrumb\":{\"@id\":\"https:\/\/machineriesbst.com\/en\/catalogue\/2006-sableuse-a-bande-large-timeseaver\/#breadcrumb\"},\"inLanguage\":\"en-US\",\"potentialAction\":[{\"@type\":\"ReadAction\",\"target\":[\"https:\/\/machineriesbst.com\/en\/catalogue\/2006-sableuse-a-bande-large-timeseaver\/\"]}]},{\"@type\":\"BreadcrumbList\",\"@id\":\"https:\/\/machineriesbst.com\/en\/catalogue\/2006-sableuse-a-bande-large-timeseaver\/#breadcrumb\",\"itemListElement\":[{\"@type\":\"ListItem\",\"position\":1,\"name\":\"Accueil\",\"item\":\"https:\/\/machineriesbst.com\/en\/\"},{\"@type\":\"ListItem\",\"position\":2,\"name\":\"Catalogue\",\"item\":\"https:\/\/machineriesbst.com\/en\/catalog\/\"},{\"@type\":\"ListItem\",\"position\":3,\"name\":\"2006 Sableuse \\u00e0 Bande large Timeseaver\"}]}]}<\/script>\n<!-- \/ Yoast SEO plugin. -->","yoast_head_json":{"title":"2006 Sableuse \u00e0 Bande large Timeseaver - Machineries BST","robots":{"index":"index","follow":"follow","max-snippet":"max-snippet:-1","max-image-preview":"max-image-preview:large","max-video-preview":"max-video-preview:-1"},"canonical":"https:\/\/machineriesbst.com\/en\/catalogue\/2006-sableuse-a-bande-large-timeseaver\/","og_locale":"en_US","og_type":"article","og_title":"2006 Sableuse \u00e0 Bande large Timeseaver - Machineries BST","og_description":"Sableuse\u00a0 \u00e0 bande large \u00e0 2 stations de 51\" . 1,798 HRS. Comme neuve. Vitesse de 15-45 PMP \u00e0 invertion . 1ST: Rouleau de Rubber 30HP. 2 Station \/Combi Rouleau \/ Patin . &nbsp; &nbsp;","og_url":"https:\/\/machineriesbst.com\/en\/catalogue\/2006-sableuse-a-bande-large-timeseaver\/","og_site_name":"Machineries BST","article_modified_time":"2023-12-01T01:23:56+00:00","og_image":[{"width":395,"height":412,"url":"https:\/\/machineriesbst.com\/wp-content\/uploads\/2021\/05\/IMG_1314-1.jpeg","path":"\/home\/jepeto\/public_html\/wp-content\/uploads\/2021\/05\/IMG_1314-1.jpeg","size":"full","id":51824,"alt":"","pixels":162740,"type":"image\/jpeg"}],"twitter_card":"summary_large_image","schema":{"@context":"https:\/\/schema.org","@graph":[{"@type":"WebSite","@id":"https:\/\/machineriesbst.com\/en\/#website","url":"https:\/\/machineriesbst.com\/en\/","name":"Machineries BST","description":"Machines neuves &amp; usag\u00e9es","potentialAction":[{"@type":"SearchAction","target":{"@type":"EntryPoint","urlTemplate":"https:\/\/machineriesbst.com\/en\/?s={search_term_string}"},"query-input":"required name=search_term_string"}],"inLanguage":"en-US"},{"@type":"ImageObject","@id":"https:\/\/machineriesbst.com\/en\/catalogue\/2006-sableuse-a-bande-large-timeseaver\/#primaryimage","inLanguage":"en-US","url":"https:\/\/machineriesbst.com\/wp-content\/uploads\/2021\/05\/IMG_1314-1.jpeg","contentUrl":"https:\/\/machineriesbst.com\/wp-content\/uploads\/2021\/05\/IMG_1314-1.jpeg","width":395,"height":412},{"@type":"WebPage","@id":"https:\/\/machineriesbst.com\/en\/catalogue\/2006-sableuse-a-bande-large-timeseaver\/#webpage","url":"https:\/\/machineriesbst.com\/en\/catalogue\/2006-sableuse-a-bande-large-timeseaver\/","name":"2006 Sableuse \u00e0 Bande large Timeseaver - Machineries BST","isPartOf":{"@id":"https:\/\/machineriesbst.com\/en\/#website"},"primaryImageOfPage":{"@id":"https:\/\/machineriesbst.com\/en\/catalogue\/2006-sableuse-a-bande-large-timeseaver\/#primaryimage"},"datePublished":"2021-06-08T13:46:13+00:00","dateModified":"2023-12-01T01:23:56+00:00","breadcrumb":{"@id":"https:\/\/machineriesbst.com\/en\/catalogue\/2006-sableuse-a-bande-large-timeseaver\/#breadcrumb"},"inLanguage":"en-US","potentialAction":[{"@type":"ReadAction","target":["https:\/\/machineriesbst.com\/en\/catalogue\/2006-sableuse-a-bande-large-timeseaver\/"]}]},{"@type":"BreadcrumbList","@id":"https:\/\/machineriesbst.com\/en\/catalogue\/2006-sableuse-a-bande-large-timeseaver\/#breadcrumb","itemListElement":[{"@type":"ListItem","position":1,"name":"Accueil","item":"https:\/\/machineriesbst.com\/en\/"},{"@type":"ListItem","position":2,"name":"Catalogue","item":"https:\/\/machineriesbst.com\/en\/catalog\/"},{"@type":"ListItem","position":3,"name":"2006 Sableuse \u00e0 Bande large Timeseaver"}]}]}},"_links":{"self":[{"href":"https:\/\/machineriesbst.com\/en\/wp-json\/wp\/v2\/product\/58153"}],"collection":[{"href":"https:\/\/machineriesbst.com\/en\/wp-json\/wp\/v2\/product"}],"about":[{"href":"https:\/\/machineriesbst.com\/en\/wp-json\/wp\/v2\/types\/product"}],"author":[{"embeddable":true,"href":"https:\/\/machineriesbst.com\/en\/wp-json\/wp\/v2\/users\/3"}],"replies":[{"embeddable":true,"href":"https:\/\/machineriesbst.com\/en\/wp-json\/wp\/v2\/comments?post=58153"}],"wp:featuredmedia":[{"embeddable":true,"href":"https:\/\/machineriesbst.com\/en\/wp-json\/wp\/v2\/media\/51824"}],"wp:attachment":[{"href":"https:\/\/machineriesbst.com\/en\/wp-json\/wp\/v2\/media?parent=58153"}],"wp:term":[{"taxonomy":"product_cat","embeddable":true,"href":"https:\/\/machineriesbst.com\/en\/wp-json\/wp\/v2\/product_cat?post=58153"},{"taxonomy":"product_tag","embeddable":true,"href":"https:\/\/machineriesbst.com\/en\/wp-json\/wp\/v2\/product_tag?post=58153"}],"curies":[{"name":"wp","href":"https:\/\/api.w.org\/{rel}","templated":true}]}}