{"id":58149,"date":"2021-06-08T09:46:12","date_gmt":"2021-06-08T13:46:12","guid":{"rendered":"https:\/\/machineriesbst.com\/?post_type=product&#038;p=58149"},"modified":"2023-11-30T20:23:56","modified_gmt":"2023-12-01T01:23:56","slug":"powermat-1000-9-tetes","status":"publish","type":"product","link":"https:\/\/machineriesbst.com\/en\/catalogue\/powermat-1000-9-tetes\/","title":{"rendered":"Powermat 1000 - 9 Head"},"content":{"rendered":"<ul>\n<li>2010 Unit in very good condition<\/li>\n<li>Few Hours<\/li>\n<li>9 heads<\/li>\n<li>Located in Canada<\/li>\n<\/ul>\n<p>Specifications:<\/p>\n<p><strong>1st head - Bottom -<\/strong> 40mm spindle - 11kw<\/p>\n<p>8000 rpm<\/p>\n<p>Electronic digital display for radial adjustment MarathonCoating - Table plates<\/p>\n<p><strong>2nd head - Right -<\/strong> 40mm Spindle - 11kw<\/p>\n<p>8000 rpm<\/p>\n<p><strong>3rd Head - Left -<\/strong> Powerlock spindle - 15kw<\/p>\n<p>8000 rpm<\/p>\n<p>Pressure pad in front of the left tool holder, incl. 2 lateral Pressure rollers, pneumatic.<\/p>\n<p>Vario hood (2 axes)<\/p>\n<p>Central adjustment of the pressure and guide elements before and after the tool holder incl. electronic digital display.<\/p>\n<p><strong>4th head - Right -<\/strong> Powerlock - 11kw<\/p>\n<p>8000 RPM<\/p>\n<p><strong>5th head - Top -<\/strong> Powerlock - 15kw<\/p>\n<p>8000 RPM<\/p>\n<p>Vario hood (2 axes) Central adjustment of the pressure and guide elements before and after the tool holder incl. electronic digital display.<\/p>\n<p>Slotted pressure shoe in front of the upper tool holder, pneumatic<\/p>\n<p>Oscillating axial adjustment<\/p>\n<p><strong>6th head - Top -<\/strong> Powerlock - 11kw<\/p>\n<p>8000 RPM<\/p>\n<p>Vario hood (2 axes) Central adjustment of the pressure and guide elements before and after the tool holder incl. electronic digital display<\/p>\n<p>Slotted pressure shoe in front of the upper tool holder, pneumatic<\/p>\n<p>Oscillating axial adjustment<\/p>\n<p><strong>7th head - Bottom -<\/strong> Powerlock - 11kw<\/p>\n<p>8000 RPM<\/p>\n<p><strong>8th head - Right -<\/strong> Powerlock - 11kw<\/p>\n<p>8000 RPM<\/p>\n<p>An additional pressure roller from the opposite top right 3rd<\/p>\n<p>Tool holder, swivel for easy tool change, pneumatic<\/p>\n<p><strong>9th head - Left<\/strong> - Powerlock - 11kw<\/p>\n<p>8000 RPM<\/p>\n<p>Vario hood (2 axes) Central pressure adjustment and front and rear left guide elements<\/p>\n<p>Tool holder incl.<\/p>\n<p>Electronic digital display. Frequency controlled advance, 11 KW (feed table 6.66 m \/ min 2.5 meters)<\/p>\n<p>Automatic lubrication pump Two rollers driven in the machine table, hardened<\/p>\n<p>Top pressure rollers, pneumatic PowerCom Plus software CNC controlled adjustment and positioning.<\/p>\n<p>Axial CNC - controlled adjustment and positioning of tool holders in conjunction with memory or PowerCom function.<\/p>\n<p>For tool holder no. 2,3,4,5,6,7<\/p>\n<p>Radial adjustment and CNC control of tool holders in combination with memory or PowerCom function.<\/p>\n<p>For tool holder n \u00b0 3,4,5,6,7<\/p>\n<p>CNC controlled adjustment and feed positioning Automatic central lubrication of oscillating tool holders<\/p>\n<p>Two interior lights in the safety hood<\/p>","protected":false},"excerpt":{"rendered":"<p>2010 Unit in very good condition Few Hours 9 heads Located in Canada Specifications: 1st head - Bottom - 40mm spindle - 11kw 8000rpm Electronic digital display for radial adjustment MarathonCoating - Table plates 2nd head - Right - 40mm Spindle - 11kw 8000 rpm 3rd [\u2026]<\/p>","protected":false},"author":3,"featured_media":51794,"comment_status":"open","ping_status":"closed","template":"","meta":[],"product_cat":[125],"product_tag":[],"acf":[],"yoast_head":"<!-- This site is optimized with the Yoast SEO plugin v16.8 - https:\/\/yoast.com\/wordpress\/plugins\/seo\/ -->\n<title>Powermat 1000 - 9 T\u00eates - Machineries BST<\/title>\n<meta name=\"robots\" content=\"index, follow, max-snippet:-1, max-image-preview:large, max-video-preview:-1\" \/>\n<link rel=\"canonical\" href=\"https:\/\/machineriesbst.com\/en\/catalogue\/powermat-1000-9-tetes\/\" \/>\n<meta property=\"og:locale\" content=\"en_US\" \/>\n<meta property=\"og:type\" content=\"article\" \/>\n<meta property=\"og:title\" content=\"Powermat 1000 - 9 T\u00eates - Machineries BST\" \/>\n<meta property=\"og:description\" content=\"2010 Unit\u00e9 en tr\u00e8s bon \u00e9tat Peu d&#039;Heures 9 t\u00eates Situ\u00e9e au Canada Sp\u00e9cifications: 1\u00e8re t\u00eate - Bottom - 40mm broche - 11kw 8 000 tr \/ min Affichage num\u00e9rique \u00e9lectronique pour le r\u00e9glage radial MarathonCoating - Plaques de table 2\u00e8me t\u00eate - Droite - 40mm Broche - 11kw 8 000 tr \/ min 3\u00e8me [&hellip;]\" \/>\n<meta property=\"og:url\" content=\"https:\/\/machineriesbst.com\/en\/catalogue\/powermat-1000-9-tetes\/\" \/>\n<meta property=\"og:site_name\" content=\"Machineries BST\" \/>\n<meta property=\"article:modified_time\" content=\"2023-12-01T01:23:56+00:00\" \/>\n<meta property=\"og:image\" content=\"https:\/\/machineriesbst.com\/wp-content\/uploads\/2021\/05\/Weinig-Powermat-1000-Moulders-9-Heads-2-scaled.jpg\" \/>\n\t<meta property=\"og:image:width\" content=\"2560\" \/>\n\t<meta property=\"og:image:height\" content=\"1920\" \/>\n<meta name=\"twitter:card\" content=\"summary_large_image\" \/>\n<meta name=\"twitter:label1\" content=\"Est. reading time\" \/>\n\t<meta name=\"twitter:data1\" content=\"2 minutes\" \/>\n<script type=\"application\/ld+json\" class=\"yoast-schema-graph\">{\"@context\":\"https:\/\/schema.org\",\"@graph\":[{\"@type\":\"WebSite\",\"@id\":\"https:\/\/machineriesbst.com\/en\/#website\",\"url\":\"https:\/\/machineriesbst.com\/en\/\",\"name\":\"Machineries BST\",\"description\":\"Machines neuves &amp; usag\\u00e9es\",\"potentialAction\":[{\"@type\":\"SearchAction\",\"target\":{\"@type\":\"EntryPoint\",\"urlTemplate\":\"https:\/\/machineriesbst.com\/en\/?s={search_term_string}\"},\"query-input\":\"required name=search_term_string\"}],\"inLanguage\":\"en-US\"},{\"@type\":\"ImageObject\",\"@id\":\"https:\/\/machineriesbst.com\/en\/catalogue\/powermat-1000-9-tetes\/#primaryimage\",\"inLanguage\":\"en-US\",\"url\":\"https:\/\/machineriesbst.com\/wp-content\/uploads\/2021\/05\/Weinig-Powermat-1000-Moulders-9-Heads-2-scaled.jpg\",\"contentUrl\":\"https:\/\/machineriesbst.com\/wp-content\/uploads\/2021\/05\/Weinig-Powermat-1000-Moulders-9-Heads-2-scaled.jpg\",\"width\":2560,\"height\":1920},{\"@type\":\"WebPage\",\"@id\":\"https:\/\/machineriesbst.com\/en\/catalogue\/powermat-1000-9-tetes\/#webpage\",\"url\":\"https:\/\/machineriesbst.com\/en\/catalogue\/powermat-1000-9-tetes\/\",\"name\":\"Powermat 1000 - 9 T\\u00eates - Machineries BST\",\"isPartOf\":{\"@id\":\"https:\/\/machineriesbst.com\/en\/#website\"},\"primaryImageOfPage\":{\"@id\":\"https:\/\/machineriesbst.com\/en\/catalogue\/powermat-1000-9-tetes\/#primaryimage\"},\"datePublished\":\"2021-06-08T13:46:12+00:00\",\"dateModified\":\"2023-12-01T01:23:56+00:00\",\"breadcrumb\":{\"@id\":\"https:\/\/machineriesbst.com\/en\/catalogue\/powermat-1000-9-tetes\/#breadcrumb\"},\"inLanguage\":\"en-US\",\"potentialAction\":[{\"@type\":\"ReadAction\",\"target\":[\"https:\/\/machineriesbst.com\/en\/catalogue\/powermat-1000-9-tetes\/\"]}]},{\"@type\":\"BreadcrumbList\",\"@id\":\"https:\/\/machineriesbst.com\/en\/catalogue\/powermat-1000-9-tetes\/#breadcrumb\",\"itemListElement\":[{\"@type\":\"ListItem\",\"position\":1,\"name\":\"Accueil\",\"item\":\"https:\/\/machineriesbst.com\/en\/\"},{\"@type\":\"ListItem\",\"position\":2,\"name\":\"Catalogue\",\"item\":\"https:\/\/machineriesbst.com\/en\/catalog\/\"},{\"@type\":\"ListItem\",\"position\":3,\"name\":\"Powermat 1000 - 9 T\\u00eates\"}]}]}<\/script>\n<!-- \/ Yoast SEO plugin. -->","yoast_head_json":{"title":"Powermat 1000 - 9 T\u00eates - Machineries BST","robots":{"index":"index","follow":"follow","max-snippet":"max-snippet:-1","max-image-preview":"max-image-preview:large","max-video-preview":"max-video-preview:-1"},"canonical":"https:\/\/machineriesbst.com\/en\/catalogue\/powermat-1000-9-tetes\/","og_locale":"en_US","og_type":"article","og_title":"Powermat 1000 - 9 T\u00eates - Machineries BST","og_description":"2010 Unit\u00e9 en tr\u00e8s bon \u00e9tat Peu d'Heures 9 t\u00eates Situ\u00e9e au Canada Sp\u00e9cifications: 1\u00e8re t\u00eate - Bottom - 40mm broche - 11kw 8 000 tr \/ min Affichage num\u00e9rique \u00e9lectronique pour le r\u00e9glage radial MarathonCoating - Plaques de table 2\u00e8me t\u00eate - Droite - 40mm Broche - 11kw 8 000 tr \/ min 3\u00e8me [&hellip;]","og_url":"https:\/\/machineriesbst.com\/en\/catalogue\/powermat-1000-9-tetes\/","og_site_name":"Machineries BST","article_modified_time":"2023-12-01T01:23:56+00:00","og_image":[{"width":2560,"height":1920,"url":"https:\/\/machineriesbst.com\/wp-content\/uploads\/2021\/05\/Weinig-Powermat-1000-Moulders-9-Heads-2-scaled.jpg","path":"\/home\/jepeto\/public_html\/wp-content\/uploads\/2021\/05\/Weinig-Powermat-1000-Moulders-9-Heads-2-scaled.jpg","size":"full","id":51794,"alt":"","pixels":4915200,"type":"image\/jpeg"}],"twitter_card":"summary_large_image","twitter_misc":{"Est. reading time":"2 minutes"},"schema":{"@context":"https:\/\/schema.org","@graph":[{"@type":"WebSite","@id":"https:\/\/machineriesbst.com\/en\/#website","url":"https:\/\/machineriesbst.com\/en\/","name":"Machineries BST","description":"Machines neuves &amp; usag\u00e9es","potentialAction":[{"@type":"SearchAction","target":{"@type":"EntryPoint","urlTemplate":"https:\/\/machineriesbst.com\/en\/?s={search_term_string}"},"query-input":"required name=search_term_string"}],"inLanguage":"en-US"},{"@type":"ImageObject","@id":"https:\/\/machineriesbst.com\/en\/catalogue\/powermat-1000-9-tetes\/#primaryimage","inLanguage":"en-US","url":"https:\/\/machineriesbst.com\/wp-content\/uploads\/2021\/05\/Weinig-Powermat-1000-Moulders-9-Heads-2-scaled.jpg","contentUrl":"https:\/\/machineriesbst.com\/wp-content\/uploads\/2021\/05\/Weinig-Powermat-1000-Moulders-9-Heads-2-scaled.jpg","width":2560,"height":1920},{"@type":"WebPage","@id":"https:\/\/machineriesbst.com\/en\/catalogue\/powermat-1000-9-tetes\/#webpage","url":"https:\/\/machineriesbst.com\/en\/catalogue\/powermat-1000-9-tetes\/","name":"Powermat 1000 - 9 T\u00eates - Machineries BST","isPartOf":{"@id":"https:\/\/machineriesbst.com\/en\/#website"},"primaryImageOfPage":{"@id":"https:\/\/machineriesbst.com\/en\/catalogue\/powermat-1000-9-tetes\/#primaryimage"},"datePublished":"2021-06-08T13:46:12+00:00","dateModified":"2023-12-01T01:23:56+00:00","breadcrumb":{"@id":"https:\/\/machineriesbst.com\/en\/catalogue\/powermat-1000-9-tetes\/#breadcrumb"},"inLanguage":"en-US","potentialAction":[{"@type":"ReadAction","target":["https:\/\/machineriesbst.com\/en\/catalogue\/powermat-1000-9-tetes\/"]}]},{"@type":"BreadcrumbList","@id":"https:\/\/machineriesbst.com\/en\/catalogue\/powermat-1000-9-tetes\/#breadcrumb","itemListElement":[{"@type":"ListItem","position":1,"name":"Accueil","item":"https:\/\/machineriesbst.com\/en\/"},{"@type":"ListItem","position":2,"name":"Catalogue","item":"https:\/\/machineriesbst.com\/en\/catalog\/"},{"@type":"ListItem","position":3,"name":"Powermat 1000 - 9 T\u00eates"}]}]}},"_links":{"self":[{"href":"https:\/\/machineriesbst.com\/en\/wp-json\/wp\/v2\/product\/58149"}],"collection":[{"href":"https:\/\/machineriesbst.com\/en\/wp-json\/wp\/v2\/product"}],"about":[{"href":"https:\/\/machineriesbst.com\/en\/wp-json\/wp\/v2\/types\/product"}],"author":[{"embeddable":true,"href":"https:\/\/machineriesbst.com\/en\/wp-json\/wp\/v2\/users\/3"}],"replies":[{"embeddable":true,"href":"https:\/\/machineriesbst.com\/en\/wp-json\/wp\/v2\/comments?post=58149"}],"wp:featuredmedia":[{"embeddable":true,"href":"https:\/\/machineriesbst.com\/en\/wp-json\/wp\/v2\/media\/51794"}],"wp:attachment":[{"href":"https:\/\/machineriesbst.com\/en\/wp-json\/wp\/v2\/media?parent=58149"}],"wp:term":[{"taxonomy":"product_cat","embeddable":true,"href":"https:\/\/machineriesbst.com\/en\/wp-json\/wp\/v2\/product_cat?post=58149"},{"taxonomy":"product_tag","embeddable":true,"href":"https:\/\/machineriesbst.com\/en\/wp-json\/wp\/v2\/product_tag?post=58149"}],"curies":[{"name":"wp","href":"https:\/\/api.w.org\/{rel}","templated":true}]}}