{"id":58121,"date":"2021-06-08T09:45:44","date_gmt":"2021-06-08T13:45:44","guid":{"rendered":"https:\/\/machineriesbst.com\/?post_type=product&#038;p=58121"},"modified":"2023-11-30T20:23:56","modified_gmt":"2023-12-01T01:23:56","slug":"doucert-rdm","status":"publish","type":"product","link":"https:\/\/machineriesbst.com\/en\/catalogue\/doucert-rdm\/","title":{"rendered":"Doucert RDM"},"content":{"rendered":"<p>Doucert RDM:<\/p>\n<ul>\n<li>6 sections<\/li>\n<li>6 clamps per section<\/li>\n<li>Maximum clamping capacity: 54 &quot;x 126&quot;<\/li>\n<li>Minimum clamping capacity: 5.5 &quot;x 24&quot;<\/li>\n<li>2.5 &quot;jaws<\/li>\n<li>1 fixed vertical clamp<\/li>\n<li>3 adjustable vertical clamps<\/li>\n<li>1 fixed horizontal clamp<\/li>\n<li>1 adjustable horizontal clamp per section<\/li>\n<li>Automatic indexing<\/li>\n<li>Multiple dimensions: 17` wide x 13` deep x<\/li>\n<li>14` high<\/li>\n<li>Has miter corner clamping controls<\/li>\n<\/ul>","protected":false},"excerpt":{"rendered":"<p>Doucert RDM: 6 sections 6 clamps per section Maximum clamping capacity: 54 &quot;x 126&quot; Minimum clamping capacity: 5.5 &quot;x 24&quot; 2.5 &quot;jaws 1 fixed vertical clamp 3 adjustable vertical clamps 1 fixed horizontal clamp 1 adjustable horizontal clamp per section Automatic indexing Multiple dimensions: 17` wide x 13` deep x 14` high [\u2026]<\/p>","protected":false},"author":3,"featured_media":51700,"comment_status":"open","ping_status":"closed","template":"","meta":[],"product_cat":[3015],"product_tag":[],"acf":[],"yoast_head":"<!-- This site is optimized with the Yoast SEO plugin v16.8 - https:\/\/yoast.com\/wordpress\/plugins\/seo\/ -->\n<title>Doucert RDM - Machineries BST<\/title>\n<meta name=\"robots\" content=\"index, follow, max-snippet:-1, max-image-preview:large, max-video-preview:-1\" \/>\n<link rel=\"canonical\" href=\"https:\/\/machineriesbst.com\/en\/catalogue\/doucert-rdm\/\" \/>\n<meta property=\"og:locale\" content=\"en_US\" \/>\n<meta property=\"og:type\" content=\"article\" \/>\n<meta property=\"og:title\" content=\"Doucert RDM - Machineries BST\" \/>\n<meta property=\"og:description\" content=\"Doucert RDM: 6 sections 6 pinces par section Capacit\u00e9 de serrage maximale: 54 &quot;x 126&quot; Capacit\u00e9 de serrage minimale: 5.5 &quot;x 24&quot; M\u00e2choires 2.5 &quot; 1 pince verticale fixe 3 pinces verticales r\u00e9glables 1 pince horizontale fixe 1 pince horizontale r\u00e9glable par section Indexation automatique Dimensions multiples: 17` large x 13` profond x 14` haut [&hellip;]\" \/>\n<meta property=\"og:url\" content=\"https:\/\/machineriesbst.com\/en\/catalogue\/doucert-rdm\/\" \/>\n<meta property=\"og:site_name\" content=\"Machineries BST\" \/>\n<meta property=\"article:modified_time\" content=\"2023-12-01T01:23:56+00:00\" \/>\n<meta property=\"og:image\" content=\"https:\/\/machineriesbst.com\/wp-content\/uploads\/2021\/05\/doucet-3-medium.jpg\" \/>\n\t<meta property=\"og:image:width\" content=\"1365\" \/>\n\t<meta property=\"og:image:height\" content=\"768\" \/>\n<meta name=\"twitter:card\" content=\"summary_large_image\" \/>\n<script type=\"application\/ld+json\" class=\"yoast-schema-graph\">{\"@context\":\"https:\/\/schema.org\",\"@graph\":[{\"@type\":\"WebSite\",\"@id\":\"https:\/\/machineriesbst.com\/en\/#website\",\"url\":\"https:\/\/machineriesbst.com\/en\/\",\"name\":\"Machineries BST\",\"description\":\"Machines neuves &amp; usag\\u00e9es\",\"potentialAction\":[{\"@type\":\"SearchAction\",\"target\":{\"@type\":\"EntryPoint\",\"urlTemplate\":\"https:\/\/machineriesbst.com\/en\/?s={search_term_string}\"},\"query-input\":\"required name=search_term_string\"}],\"inLanguage\":\"en-US\"},{\"@type\":\"ImageObject\",\"@id\":\"https:\/\/machineriesbst.com\/en\/catalogue\/doucert-rdm\/#primaryimage\",\"inLanguage\":\"en-US\",\"url\":\"https:\/\/machineriesbst.com\/wp-content\/uploads\/2021\/05\/doucet-3-medium.jpg\",\"contentUrl\":\"https:\/\/machineriesbst.com\/wp-content\/uploads\/2021\/05\/doucet-3-medium.jpg\",\"width\":1365,\"height\":768},{\"@type\":\"WebPage\",\"@id\":\"https:\/\/machineriesbst.com\/en\/catalogue\/doucert-rdm\/#webpage\",\"url\":\"https:\/\/machineriesbst.com\/en\/catalogue\/doucert-rdm\/\",\"name\":\"Doucert RDM - Machineries BST\",\"isPartOf\":{\"@id\":\"https:\/\/machineriesbst.com\/en\/#website\"},\"primaryImageOfPage\":{\"@id\":\"https:\/\/machineriesbst.com\/en\/catalogue\/doucert-rdm\/#primaryimage\"},\"datePublished\":\"2021-06-08T13:45:44+00:00\",\"dateModified\":\"2023-12-01T01:23:56+00:00\",\"breadcrumb\":{\"@id\":\"https:\/\/machineriesbst.com\/en\/catalogue\/doucert-rdm\/#breadcrumb\"},\"inLanguage\":\"en-US\",\"potentialAction\":[{\"@type\":\"ReadAction\",\"target\":[\"https:\/\/machineriesbst.com\/en\/catalogue\/doucert-rdm\/\"]}]},{\"@type\":\"BreadcrumbList\",\"@id\":\"https:\/\/machineriesbst.com\/en\/catalogue\/doucert-rdm\/#breadcrumb\",\"itemListElement\":[{\"@type\":\"ListItem\",\"position\":1,\"name\":\"Accueil\",\"item\":\"https:\/\/machineriesbst.com\/en\/\"},{\"@type\":\"ListItem\",\"position\":2,\"name\":\"Catalogue\",\"item\":\"https:\/\/machineriesbst.com\/en\/catalog\/\"},{\"@type\":\"ListItem\",\"position\":3,\"name\":\"Doucert RDM\"}]}]}<\/script>\n<!-- \/ Yoast SEO plugin. -->","yoast_head_json":{"title":"Doucert RDM - Machineries BST","robots":{"index":"index","follow":"follow","max-snippet":"max-snippet:-1","max-image-preview":"max-image-preview:large","max-video-preview":"max-video-preview:-1"},"canonical":"https:\/\/machineriesbst.com\/en\/catalogue\/doucert-rdm\/","og_locale":"en_US","og_type":"article","og_title":"Doucert RDM - Machineries BST","og_description":"Doucert RDM: 6 sections 6 pinces par section Capacit\u00e9 de serrage maximale: 54 \"x 126\" Capacit\u00e9 de serrage minimale: 5.5 \"x 24\" M\u00e2choires 2.5 \" 1 pince verticale fixe 3 pinces verticales r\u00e9glables 1 pince horizontale fixe 1 pince horizontale r\u00e9glable par section Indexation automatique Dimensions multiples: 17` large x 13` profond x 14` haut [&hellip;]","og_url":"https:\/\/machineriesbst.com\/en\/catalogue\/doucert-rdm\/","og_site_name":"Machineries BST","article_modified_time":"2023-12-01T01:23:56+00:00","og_image":[{"width":1365,"height":768,"url":"https:\/\/machineriesbst.com\/wp-content\/uploads\/2021\/05\/doucet-3-medium.jpg","path":"\/home\/jepeto\/public_html\/wp-content\/uploads\/2021\/05\/doucet-3-medium.jpg","size":"full","id":51700,"alt":"","pixels":1048320,"type":"image\/jpeg"}],"twitter_card":"summary_large_image","schema":{"@context":"https:\/\/schema.org","@graph":[{"@type":"WebSite","@id":"https:\/\/machineriesbst.com\/en\/#website","url":"https:\/\/machineriesbst.com\/en\/","name":"Machineries BST","description":"Machines neuves &amp; usag\u00e9es","potentialAction":[{"@type":"SearchAction","target":{"@type":"EntryPoint","urlTemplate":"https:\/\/machineriesbst.com\/en\/?s={search_term_string}"},"query-input":"required name=search_term_string"}],"inLanguage":"en-US"},{"@type":"ImageObject","@id":"https:\/\/machineriesbst.com\/en\/catalogue\/doucert-rdm\/#primaryimage","inLanguage":"en-US","url":"https:\/\/machineriesbst.com\/wp-content\/uploads\/2021\/05\/doucet-3-medium.jpg","contentUrl":"https:\/\/machineriesbst.com\/wp-content\/uploads\/2021\/05\/doucet-3-medium.jpg","width":1365,"height":768},{"@type":"WebPage","@id":"https:\/\/machineriesbst.com\/en\/catalogue\/doucert-rdm\/#webpage","url":"https:\/\/machineriesbst.com\/en\/catalogue\/doucert-rdm\/","name":"Doucert RDM - Machineries BST","isPartOf":{"@id":"https:\/\/machineriesbst.com\/en\/#website"},"primaryImageOfPage":{"@id":"https:\/\/machineriesbst.com\/en\/catalogue\/doucert-rdm\/#primaryimage"},"datePublished":"2021-06-08T13:45:44+00:00","dateModified":"2023-12-01T01:23:56+00:00","breadcrumb":{"@id":"https:\/\/machineriesbst.com\/en\/catalogue\/doucert-rdm\/#breadcrumb"},"inLanguage":"en-US","potentialAction":[{"@type":"ReadAction","target":["https:\/\/machineriesbst.com\/en\/catalogue\/doucert-rdm\/"]}]},{"@type":"BreadcrumbList","@id":"https:\/\/machineriesbst.com\/en\/catalogue\/doucert-rdm\/#breadcrumb","itemListElement":[{"@type":"ListItem","position":1,"name":"Accueil","item":"https:\/\/machineriesbst.com\/en\/"},{"@type":"ListItem","position":2,"name":"Catalogue","item":"https:\/\/machineriesbst.com\/en\/catalog\/"},{"@type":"ListItem","position":3,"name":"Doucert RDM"}]}]}},"_links":{"self":[{"href":"https:\/\/machineriesbst.com\/en\/wp-json\/wp\/v2\/product\/58121"}],"collection":[{"href":"https:\/\/machineriesbst.com\/en\/wp-json\/wp\/v2\/product"}],"about":[{"href":"https:\/\/machineriesbst.com\/en\/wp-json\/wp\/v2\/types\/product"}],"author":[{"embeddable":true,"href":"https:\/\/machineriesbst.com\/en\/wp-json\/wp\/v2\/users\/3"}],"replies":[{"embeddable":true,"href":"https:\/\/machineriesbst.com\/en\/wp-json\/wp\/v2\/comments?post=58121"}],"wp:featuredmedia":[{"embeddable":true,"href":"https:\/\/machineriesbst.com\/en\/wp-json\/wp\/v2\/media\/51700"}],"wp:attachment":[{"href":"https:\/\/machineriesbst.com\/en\/wp-json\/wp\/v2\/media?parent=58121"}],"wp:term":[{"taxonomy":"product_cat","embeddable":true,"href":"https:\/\/machineriesbst.com\/en\/wp-json\/wp\/v2\/product_cat?post=58121"},{"taxonomy":"product_tag","embeddable":true,"href":"https:\/\/machineriesbst.com\/en\/wp-json\/wp\/v2\/product_tag?post=58121"}],"curies":[{"name":"wp","href":"https:\/\/api.w.org\/{rel}","templated":true}]}}