{"id":58115,"date":"2021-06-08T09:45:42","date_gmt":"2021-06-08T13:45:42","guid":{"rendered":"https:\/\/machineriesbst.com\/?post_type=product&#038;p=58115"},"modified":"2023-11-30T20:24:13","modified_gmt":"2023-12-01T01:24:13","slug":"machine-a-vaporiser-reciproque-superfici-compact-spray-v3","status":"publish","type":"product","link":"https:\/\/machineriesbst.com\/en\/catalogue\/machine-a-vaporiser-reciproque-superfici-compact-spray-v3\/","title":{"rendered":"Superfici Compact Spray V3 Reciprocal Spraying Machine"},"content":{"rendered":"<p>Superfici Compact Spray V3 reciprocal spraying machine:<\/p>\n<ul>\n<li>Products: Kitchen cabinet components, panels, furniture components, doors, joinery, etc.<br \/>\n\u2022 Pass height: 35-7 \/ 16 &quot;<br \/>\n\u2022 Minimum material length: 12 &quot;<br \/>\n\u2022 Maximum material length: 16<br \/>\n\u2022 Minimum material width: 1 &quot;<br \/>\n\u2022 Maximum material width: 51 &quot;<br \/>\n\u2022 Minimum material thickness: 1\/8 &quot;<br \/>\n\u2022 Maximum material thickness: 3-1 \/ 2 &quot;<br \/>\n\u2022 Feed rate: from 2 to 6 meters per minute<br \/>\n\u2022 Double arm sprayer<br \/>\n\u2022 With combined lacquer cleaning \/ recovery system<br \/>\n\u2022 Lacquer application system consisting of a double arm reciprocator driven by a brushless motor and sliding on a high precision prismatic guide<br \/>\n\u2022 Both arms are fitted with a barrel holder supporting up to 4 guns maximum with 2 active varnish circuits<br \/>\n\u2022 A third fluid circuit can be added as a spare part<br \/>\n\u2022 All fittings are stainless steel<br \/>\n\u2022 Based on the type of product as well as the weight of coating to be applied, it is possible to use 3 different types of guns (not included)<br \/>\n\u2022 The compact sprayer has a real pressure spray booth<br \/>\n\u2022 The booth is also equipped with an inspection window on the entry side of the workpiece as well as a lighted wall on the exit side of the workpiece.<br \/>\n\u2022 The pressurization system consists of two air intake blower fans combined with a pre-filter system, allowing easy access for inspection, as well as an additional filter roof inside the cab.<br \/>\n\u2022 The exhaust system has dual stage dry filters (paper and fiberglass) and a large, heavy-duty exhaust fan<br \/>\n\u2022 Includes a photocell bar reading system with electronic control by PLC with touch screen mounted on board the machine<br \/>\n\u2022 Spray arms move back and forth via a brushless motor<br \/>\n\u2022 The photocell bar detects the following elements to be painted: Dimensions, positions, shapes<br \/>\n\u2022 The automatic regulator regulates and controls the opening and closing of the automatic spray guns in accordance with the transport speed and with the position, length and width of the parts.<br \/>\n\u2022 Software with the possibility of storing up to 99 recipes<br \/>\n\u2022 Installed power: 15 KW (20 amps)<br \/>\n\u2022 Compressed air consumption: 15 CFM @ 90 PSI<br \/>\n\u2022 Cabin height: 9<br \/>\n\u2022 Cabin width: 12<br \/>\n\u2022 Cabin length: 6<br \/>\n\u2022 Extract air volume: 4,600 CFM<br \/>\n\u2022 Control side: Right hand<br \/>\n\u2022 Includes: Medium pressure pump, (4) airless airless guns with (1) nozzle assembly (Kremlin AVX-LAB guns), fluid regulator, black flow regulator, and mounted pneumatic valve and tubing<br \/>\nvery low hours<\/li>\n<\/ul>","protected":false},"excerpt":{"rendered":"<p>Superfici Compact Spray V3 reciprocal spray machine: Products: Kitchen cabinet components, panels, furniture components, doors, joinery, etc. \u2022 Pass height: 35-7\/16\u201d \u2022 Minimum material length: 12\u201d \u2022 Maximum material length: 16 \u2022 Minimum material width: 1\u201d \u2022 Maximum material width: 51 [\u2026]<\/p>","protected":false},"author":3,"featured_media":51694,"comment_status":"open","ping_status":"closed","template":"","meta":[],"product_cat":[3069],"product_tag":[],"acf":[],"yoast_head":"<!-- This site is optimized with the Yoast SEO plugin v16.8 - https:\/\/yoast.com\/wordpress\/plugins\/seo\/ -->\n<title>Machine \u00e0 vaporiser r\u00e9ciproque Superfici Compact Spray V3 - Machineries BST<\/title>\n<meta name=\"robots\" content=\"index, follow, max-snippet:-1, max-image-preview:large, max-video-preview:-1\" \/>\n<link rel=\"canonical\" href=\"https:\/\/machineriesbst.com\/en\/catalogue\/machine-a-vaporiser-reciproque-superfici-compact-spray-v3\/\" \/>\n<meta property=\"og:locale\" content=\"en_US\" \/>\n<meta property=\"og:type\" content=\"article\" \/>\n<meta property=\"og:title\" content=\"Machine \u00e0 vaporiser r\u00e9ciproque Superfici Compact Spray V3 - Machineries BST\" \/>\n<meta property=\"og:description\" content=\"Machine \u00e0 vaporiser r\u00e9ciproque Superfici Compact Spray V3: Produits: Composants d&#039;armoires de cuisine, panneaux, composants de meubles, portes, menuiseries, etc. \u2022 Hauteur de la passe: 35-7 \/ 16 &quot; \u2022 Longueur minimale du mat\u00e9riau: 12 &quot; \u2022 Longueur maximale du mat\u00e9riau: 16 \u2022 Largeur minimale du mat\u00e9riau: 1 &quot; \u2022 Largeur maximale du mat\u00e9riau: 51 [&hellip;]\" \/>\n<meta property=\"og:url\" content=\"https:\/\/machineriesbst.com\/en\/catalogue\/machine-a-vaporiser-reciproque-superfici-compact-spray-v3\/\" \/>\n<meta property=\"og:site_name\" content=\"Machineries BST\" \/>\n<meta property=\"article:modified_time\" content=\"2023-12-01T01:24:13+00:00\" \/>\n<meta property=\"og:image\" content=\"https:\/\/machineriesbst.com\/wp-content\/uploads\/2021\/05\/superf-m1.jpg\" \/>\n\t<meta property=\"og:image:width\" content=\"640\" \/>\n\t<meta property=\"og:image:height\" content=\"480\" \/>\n<meta name=\"twitter:card\" content=\"summary_large_image\" \/>\n<meta name=\"twitter:label1\" content=\"Est. reading time\" \/>\n\t<meta name=\"twitter:data1\" content=\"2 minutes\" \/>\n<script type=\"application\/ld+json\" class=\"yoast-schema-graph\">{\"@context\":\"https:\/\/schema.org\",\"@graph\":[{\"@type\":\"WebSite\",\"@id\":\"https:\/\/machineriesbst.com\/en\/#website\",\"url\":\"https:\/\/machineriesbst.com\/en\/\",\"name\":\"Machineries BST\",\"description\":\"Machines neuves &amp; usag\\u00e9es\",\"potentialAction\":[{\"@type\":\"SearchAction\",\"target\":{\"@type\":\"EntryPoint\",\"urlTemplate\":\"https:\/\/machineriesbst.com\/en\/?s={search_term_string}\"},\"query-input\":\"required name=search_term_string\"}],\"inLanguage\":\"en-US\"},{\"@type\":\"ImageObject\",\"@id\":\"https:\/\/machineriesbst.com\/en\/catalogue\/machine-a-vaporiser-reciproque-superfici-compact-spray-v3\/#primaryimage\",\"inLanguage\":\"en-US\",\"url\":\"https:\/\/machineriesbst.com\/wp-content\/uploads\/2021\/05\/superf-m1.jpg\",\"contentUrl\":\"https:\/\/machineriesbst.com\/wp-content\/uploads\/2021\/05\/superf-m1.jpg\",\"width\":640,\"height\":480},{\"@type\":\"WebPage\",\"@id\":\"https:\/\/machineriesbst.com\/en\/catalogue\/machine-a-vaporiser-reciproque-superfici-compact-spray-v3\/#webpage\",\"url\":\"https:\/\/machineriesbst.com\/en\/catalogue\/machine-a-vaporiser-reciproque-superfici-compact-spray-v3\/\",\"name\":\"Machine \\u00e0 vaporiser r\\u00e9ciproque Superfici Compact Spray V3 - Machineries BST\",\"isPartOf\":{\"@id\":\"https:\/\/machineriesbst.com\/en\/#website\"},\"primaryImageOfPage\":{\"@id\":\"https:\/\/machineriesbst.com\/en\/catalogue\/machine-a-vaporiser-reciproque-superfici-compact-spray-v3\/#primaryimage\"},\"datePublished\":\"2021-06-08T13:45:42+00:00\",\"dateModified\":\"2023-12-01T01:24:13+00:00\",\"breadcrumb\":{\"@id\":\"https:\/\/machineriesbst.com\/en\/catalogue\/machine-a-vaporiser-reciproque-superfici-compact-spray-v3\/#breadcrumb\"},\"inLanguage\":\"en-US\",\"potentialAction\":[{\"@type\":\"ReadAction\",\"target\":[\"https:\/\/machineriesbst.com\/en\/catalogue\/machine-a-vaporiser-reciproque-superfici-compact-spray-v3\/\"]}]},{\"@type\":\"BreadcrumbList\",\"@id\":\"https:\/\/machineriesbst.com\/en\/catalogue\/machine-a-vaporiser-reciproque-superfici-compact-spray-v3\/#breadcrumb\",\"itemListElement\":[{\"@type\":\"ListItem\",\"position\":1,\"name\":\"Accueil\",\"item\":\"https:\/\/machineriesbst.com\/en\/\"},{\"@type\":\"ListItem\",\"position\":2,\"name\":\"Catalogue\",\"item\":\"https:\/\/machineriesbst.com\/en\/catalog\/\"},{\"@type\":\"ListItem\",\"position\":3,\"name\":\"Machine \\u00e0 vaporiser r\\u00e9ciproque Superfici Compact Spray V3\"}]}]}<\/script>\n<!-- \/ Yoast SEO plugin. -->","yoast_head_json":{"title":"Machine \u00e0 vaporiser r\u00e9ciproque Superfici Compact Spray V3 - Machineries BST","robots":{"index":"index","follow":"follow","max-snippet":"max-snippet:-1","max-image-preview":"max-image-preview:large","max-video-preview":"max-video-preview:-1"},"canonical":"https:\/\/machineriesbst.com\/en\/catalogue\/machine-a-vaporiser-reciproque-superfici-compact-spray-v3\/","og_locale":"en_US","og_type":"article","og_title":"Machine \u00e0 vaporiser r\u00e9ciproque Superfici Compact Spray V3 - Machineries BST","og_description":"Machine \u00e0 vaporiser r\u00e9ciproque Superfici Compact Spray V3: Produits: Composants d'armoires de cuisine, panneaux, composants de meubles, portes, menuiseries, etc. \u2022 Hauteur de la passe: 35-7 \/ 16 \" \u2022 Longueur minimale du mat\u00e9riau: 12 \" \u2022 Longueur maximale du mat\u00e9riau: 16 \u2022 Largeur minimale du mat\u00e9riau: 1 \" \u2022 Largeur maximale du mat\u00e9riau: 51 [&hellip;]","og_url":"https:\/\/machineriesbst.com\/en\/catalogue\/machine-a-vaporiser-reciproque-superfici-compact-spray-v3\/","og_site_name":"Machineries BST","article_modified_time":"2023-12-01T01:24:13+00:00","og_image":[{"width":640,"height":480,"url":"https:\/\/machineriesbst.com\/wp-content\/uploads\/2021\/05\/superf-m1.jpg","path":"\/home\/jepeto\/public_html\/wp-content\/uploads\/2021\/05\/superf-m1.jpg","size":"full","id":51694,"alt":"","pixels":307200,"type":"image\/jpeg"}],"twitter_card":"summary_large_image","twitter_misc":{"Est. reading time":"2 minutes"},"schema":{"@context":"https:\/\/schema.org","@graph":[{"@type":"WebSite","@id":"https:\/\/machineriesbst.com\/en\/#website","url":"https:\/\/machineriesbst.com\/en\/","name":"Machineries BST","description":"Machines neuves &amp; usag\u00e9es","potentialAction":[{"@type":"SearchAction","target":{"@type":"EntryPoint","urlTemplate":"https:\/\/machineriesbst.com\/en\/?s={search_term_string}"},"query-input":"required name=search_term_string"}],"inLanguage":"en-US"},{"@type":"ImageObject","@id":"https:\/\/machineriesbst.com\/en\/catalogue\/machine-a-vaporiser-reciproque-superfici-compact-spray-v3\/#primaryimage","inLanguage":"en-US","url":"https:\/\/machineriesbst.com\/wp-content\/uploads\/2021\/05\/superf-m1.jpg","contentUrl":"https:\/\/machineriesbst.com\/wp-content\/uploads\/2021\/05\/superf-m1.jpg","width":640,"height":480},{"@type":"WebPage","@id":"https:\/\/machineriesbst.com\/en\/catalogue\/machine-a-vaporiser-reciproque-superfici-compact-spray-v3\/#webpage","url":"https:\/\/machineriesbst.com\/en\/catalogue\/machine-a-vaporiser-reciproque-superfici-compact-spray-v3\/","name":"Machine \u00e0 vaporiser r\u00e9ciproque Superfici Compact Spray V3 - Machineries BST","isPartOf":{"@id":"https:\/\/machineriesbst.com\/en\/#website"},"primaryImageOfPage":{"@id":"https:\/\/machineriesbst.com\/en\/catalogue\/machine-a-vaporiser-reciproque-superfici-compact-spray-v3\/#primaryimage"},"datePublished":"2021-06-08T13:45:42+00:00","dateModified":"2023-12-01T01:24:13+00:00","breadcrumb":{"@id":"https:\/\/machineriesbst.com\/en\/catalogue\/machine-a-vaporiser-reciproque-superfici-compact-spray-v3\/#breadcrumb"},"inLanguage":"en-US","potentialAction":[{"@type":"ReadAction","target":["https:\/\/machineriesbst.com\/en\/catalogue\/machine-a-vaporiser-reciproque-superfici-compact-spray-v3\/"]}]},{"@type":"BreadcrumbList","@id":"https:\/\/machineriesbst.com\/en\/catalogue\/machine-a-vaporiser-reciproque-superfici-compact-spray-v3\/#breadcrumb","itemListElement":[{"@type":"ListItem","position":1,"name":"Accueil","item":"https:\/\/machineriesbst.com\/en\/"},{"@type":"ListItem","position":2,"name":"Catalogue","item":"https:\/\/machineriesbst.com\/en\/catalog\/"},{"@type":"ListItem","position":3,"name":"Machine \u00e0 vaporiser r\u00e9ciproque Superfici Compact Spray V3"}]}]}},"_links":{"self":[{"href":"https:\/\/machineriesbst.com\/en\/wp-json\/wp\/v2\/product\/58115"}],"collection":[{"href":"https:\/\/machineriesbst.com\/en\/wp-json\/wp\/v2\/product"}],"about":[{"href":"https:\/\/machineriesbst.com\/en\/wp-json\/wp\/v2\/types\/product"}],"author":[{"embeddable":true,"href":"https:\/\/machineriesbst.com\/en\/wp-json\/wp\/v2\/users\/3"}],"replies":[{"embeddable":true,"href":"https:\/\/machineriesbst.com\/en\/wp-json\/wp\/v2\/comments?post=58115"}],"wp:featuredmedia":[{"embeddable":true,"href":"https:\/\/machineriesbst.com\/en\/wp-json\/wp\/v2\/media\/51694"}],"wp:attachment":[{"href":"https:\/\/machineriesbst.com\/en\/wp-json\/wp\/v2\/media?parent=58115"}],"wp:term":[{"taxonomy":"product_cat","embeddable":true,"href":"https:\/\/machineriesbst.com\/en\/wp-json\/wp\/v2\/product_cat?post=58115"},{"taxonomy":"product_tag","embeddable":true,"href":"https:\/\/machineriesbst.com\/en\/wp-json\/wp\/v2\/product_tag?post=58115"}],"curies":[{"name":"wp","href":"https:\/\/api.w.org\/{rel}","templated":true}]}}