{"id":58110,"date":"2021-06-08T09:45:19","date_gmt":"2021-06-08T13:45:19","guid":{"rendered":"https:\/\/machineriesbst.com\/?post_type=product&#038;p=58110"},"modified":"2023-11-30T20:24:13","modified_gmt":"2023-12-01T01:24:13","slug":"cvm-gold-heat-ul-csa","status":"publish","type":"product","link":"https:\/\/machineriesbst.com\/en\/catalogue\/cvm-gold-heat-ul-csa\/","title":{"rendered":"CVM Gold Heat UL \/ CSA"},"content":{"rendered":"<p>CVM Gold Heat UL \/ CSA:<\/p>\n<p>-3-BELT CONVEYOR, M004007<br \/>\nConveyor found in the loading area of the machine. The passage of furniture is monitored by photocells located at the ends of the belt. The belts are moved forward by means of a motor controlled by an inverter, which allows the speed and direction of sliding to be changed. The central belt is lifted pneumatically by pressing the specific push button in the push button panels. Photocells that detect the presence of furniture, belts for transporting furniture, metal base of the conveyor.<br \/>\nSINGLE BELT CONVEYOR, M004008<br \/>\nSingle belt conveyor found at the entrance of the GOLD packaging machine. The passage of furniture is monitored by a photocell located at the exit. The belt is moved by means of a motor controlled by an inverter, which makes it possible to change gears and slide<br \/>\ndirection. Photocell that detects the presence of furniture, belt for transporting furniture, metal base of the conveyor.<br \/>\n-GOLD PACKING MACHINE, M004016<br \/>\nIt has two housings for the heat shrink film rolls, one upper and one lower. By means of the heating elements, the upper film is sealed to the lower part<br \/>\nfilm, to create a unique surface on which furniture is pushed. Due to the effect of the tension of the special rollers, the film is<br \/>\napplied to the four sides of the cabinet, upper \/ lower, front \/ back. The upper beams are activated vertically to adapt the station to the<br \/>\nheight of furniture production. The sealed film is cut along the entire length by means of a special horizontal blade. Upper film roll housing, upper film tension rollers, sealing elements and film cutting blade, bearing metal structure, lower roll film tension, lower fill roll housing.<br \/>\nSINGLE BELT CONVEYOR, M004009<br \/>\nConveyor belt placed at the exit of the Gold wrapping machine. The passage of furniture is monitored by a photocell located at the exit. The belt is moved by means of a motor controlled by an inverter, which allows the speed and direction of sliding to be changed.<br \/>\nPhotocells that detect the presence of furniture, belt for transporting furniture, metal base of the conveyor.<br \/>\n-SRUNK TUNNEL, M004017<br \/>\nThe tunnel begins to reduce the film applied to the furniture. Several electric resistances heat the air inside the tunnel. The air is set in motion by 2 fans and, carefully directed, hits the cabinet<br \/>\nfrom all directions. The hot air causes the film to shrink, then it adheres to the piece of<br \/>\nfurniture. Furniture belt conveyor, pressure rollers, fan activation motor<br \/>\n-ROLLER CONVEYOR, M004015<br \/>\nRoller conveyor placed in the exit area of the machine. The transport of furniture begins manually and is operated by the responsible operator. Furniture support rollers, conveyor metal base<\/p>\n<p>1. 3-belt conveyor, characteristics M004007<br \/>\n-No. of belts: 3<br \/>\n-Effective length: 3000 mm<br \/>\n- Total effective width: 1300 mm<br \/>\n- Effective width 2 side bands: 567 mm<br \/>\n-Central band useful width: 126 mm<br \/>\n-Effective height: 800 \u00b1 30 mm<br \/>\n- Central belt effective in height: 0 +60 mm compared to the side belts<br \/>\n- Sliding speed: 24 m \/ min at 50 Hz<br \/>\n-Motor power: 0.37 kW<br \/>\n-Weight: 450 kg<br \/>\n2. Conveyor belt, M004008 the characteristics<br \/>\n-No. of belts: 1<br \/>\n-Effective length: 1500 mm<br \/>\n- Useful width: 1300 mm<br \/>\n-Effective height: 800 \u00b1 30 mm<br \/>\nSliding speed: 25 m \/ min at 50 Hz<br \/>\n-Motor power: 0.37 kW<br \/>\n-Weight: 145 kg<br \/>\n3. GOLD wrapping machine, M004016 characteristics<br \/>\n-Effective height: 2400 mm<br \/>\n-Effective height: 800 \u00b1 30 mm<br \/>\n-Passage effective height: 800 mm<br \/>\n- Maximum width of the lower coil: 1450 mm<br \/>\n- Maximum width of the upper reel: 2400 mm<br \/>\n-Weight: 820 kg<br \/>\n4. Conveyor belt, M004009 the characteristics<br \/>\n-No. of belts: 1<br \/>\n-Effective length: 2400 mm<br \/>\n-Effective width: 1500 mm<br \/>\n-Effective height: 800 \u00b1 30 mm<br \/>\nSliding speed: 25 m \/ min at 50 Hz<br \/>\n-Motor power: 0.37 kW<br \/>\n-Weight: 270 kg<br \/>\n5. Shrink tunnel, M004017 the characteristics<br \/>\n-No. of belts: 1<br \/>\n- Width of the narrowing zone: 2700 mm<br \/>\n-Belt conveyor length: 3700 mm<br \/>\n- Conveyor belt belt: 1521 mm<br \/>\n- Belt conveyor speed: 3 - 15 m \/ min<br \/>\n-Passing maximum height: 800 mm<br \/>\n-Power resistances: 62.4 kW<br \/>\n-Weight: 1,200 kg<br \/>\n6. Roller conveyor, M004015 characteristics<br \/>\n-N.rollers: 85<br \/>\n-Effective length: 2965 mm<br \/>\n- Useful width: 1300 mm<br \/>\n-Effective feeding height: 800 \u00b1 30mm<br \/>\n- Effective outlet height: 700 \u00b1 30mm<br \/>\n-Weight: 250 kg<br \/>\nDESCRIPTION OF TREATED PRODUCTS<br \/>\n-Maximum length: 1400 mm<br \/>\n-Maximum width: 1300 mm<br \/>\n-Maximum height: 800 mm<br \/>\n-Piece of furniture maximum weight: 60 kg<\/p>","protected":false},"excerpt":{"rendered":"<p>CVM Gold Heat UL\/CSA: -3-BELT CONVEYOR, M004007 Conveyor found in loading area of machine. The passage of furniture is monitored by photocells located at the ends of the belt. The belts are moved forward by means of a motor controlled by an inverter, which makes it possible to change the speed and [\u2026]<\/p>","protected":false},"author":3,"featured_media":51663,"comment_status":"open","ping_status":"closed","template":"","meta":[],"product_cat":[3027],"product_tag":[],"acf":[],"yoast_head":"<!-- This site is optimized with the Yoast SEO plugin v16.8 - https:\/\/yoast.com\/wordpress\/plugins\/seo\/ -->\n<title>CVM Gold Heat UL\/CSA - Machineries BST<\/title>\n<meta name=\"robots\" content=\"index, follow, max-snippet:-1, max-image-preview:large, max-video-preview:-1\" \/>\n<link rel=\"canonical\" href=\"https:\/\/machineriesbst.com\/en\/catalogue\/cvm-gold-heat-ul-csa\/\" \/>\n<meta property=\"og:locale\" content=\"en_US\" \/>\n<meta property=\"og:type\" content=\"article\" \/>\n<meta property=\"og:title\" content=\"CVM Gold Heat UL\/CSA - Machineries BST\" \/>\n<meta property=\"og:description\" content=\"CVM Gold Heat UL\/CSA: -3-CONVOYEUR \u00c0 COURROIE, M004007 Convoyeur trouv\u00e9 dans la zone de chargement de la machine. Le passage des meubles est surveill\u00e9 par des photocellules situ\u00e9es aux extr\u00e9mit\u00e9s de la ceinture. Les courroies sont d\u00e9plac\u00e9es vers l&#039;avant au moyen d&#039;un moteur command\u00e9 par un inverseur, ce qui permet de changer la vitesse et [&hellip;]\" \/>\n<meta property=\"og:url\" content=\"https:\/\/machineriesbst.com\/en\/catalogue\/cvm-gold-heat-ul-csa\/\" \/>\n<meta property=\"og:site_name\" content=\"Machineries BST\" \/>\n<meta property=\"article:modified_time\" content=\"2023-12-01T01:24:13+00:00\" \/>\n<meta property=\"og:image\" content=\"https:\/\/machineriesbst.com\/wp-content\/uploads\/2021\/05\/cvm.gold_.shrinkwrap.c3619.012.jpg\" \/>\n\t<meta property=\"og:image:width\" content=\"576\" \/>\n\t<meta property=\"og:image:height\" content=\"1024\" \/>\n<meta name=\"twitter:card\" content=\"summary_large_image\" \/>\n<meta name=\"twitter:label1\" content=\"Est. reading time\" \/>\n\t<meta name=\"twitter:data1\" content=\"4 minutes\" \/>\n<script type=\"application\/ld+json\" class=\"yoast-schema-graph\">{\"@context\":\"https:\/\/schema.org\",\"@graph\":[{\"@type\":\"WebSite\",\"@id\":\"https:\/\/machineriesbst.com\/en\/#website\",\"url\":\"https:\/\/machineriesbst.com\/en\/\",\"name\":\"Machineries BST\",\"description\":\"Machines neuves &amp; usag\\u00e9es\",\"potentialAction\":[{\"@type\":\"SearchAction\",\"target\":{\"@type\":\"EntryPoint\",\"urlTemplate\":\"https:\/\/machineriesbst.com\/en\/?s={search_term_string}\"},\"query-input\":\"required name=search_term_string\"}],\"inLanguage\":\"en-US\"},{\"@type\":\"ImageObject\",\"@id\":\"https:\/\/machineriesbst.com\/en\/catalogue\/cvm-gold-heat-ul-csa\/#primaryimage\",\"inLanguage\":\"en-US\",\"url\":\"https:\/\/machineriesbst.com\/wp-content\/uploads\/2021\/05\/cvm.gold_.shrinkwrap.c3619.012.jpg\",\"contentUrl\":\"https:\/\/machineriesbst.com\/wp-content\/uploads\/2021\/05\/cvm.gold_.shrinkwrap.c3619.012.jpg\",\"width\":576,\"height\":1024},{\"@type\":\"WebPage\",\"@id\":\"https:\/\/machineriesbst.com\/en\/catalogue\/cvm-gold-heat-ul-csa\/#webpage\",\"url\":\"https:\/\/machineriesbst.com\/en\/catalogue\/cvm-gold-heat-ul-csa\/\",\"name\":\"CVM Gold Heat UL\/CSA - Machineries BST\",\"isPartOf\":{\"@id\":\"https:\/\/machineriesbst.com\/en\/#website\"},\"primaryImageOfPage\":{\"@id\":\"https:\/\/machineriesbst.com\/en\/catalogue\/cvm-gold-heat-ul-csa\/#primaryimage\"},\"datePublished\":\"2021-06-08T13:45:19+00:00\",\"dateModified\":\"2023-12-01T01:24:13+00:00\",\"breadcrumb\":{\"@id\":\"https:\/\/machineriesbst.com\/en\/catalogue\/cvm-gold-heat-ul-csa\/#breadcrumb\"},\"inLanguage\":\"en-US\",\"potentialAction\":[{\"@type\":\"ReadAction\",\"target\":[\"https:\/\/machineriesbst.com\/en\/catalogue\/cvm-gold-heat-ul-csa\/\"]}]},{\"@type\":\"BreadcrumbList\",\"@id\":\"https:\/\/machineriesbst.com\/en\/catalogue\/cvm-gold-heat-ul-csa\/#breadcrumb\",\"itemListElement\":[{\"@type\":\"ListItem\",\"position\":1,\"name\":\"Accueil\",\"item\":\"https:\/\/machineriesbst.com\/en\/\"},{\"@type\":\"ListItem\",\"position\":2,\"name\":\"Catalogue\",\"item\":\"https:\/\/machineriesbst.com\/en\/catalog\/\"},{\"@type\":\"ListItem\",\"position\":3,\"name\":\"CVM Gold Heat UL\/CSA\"}]}]}<\/script>\n<!-- \/ Yoast SEO plugin. -->","yoast_head_json":{"title":"CVM Gold Heat UL\/CSA - Machineries BST","robots":{"index":"index","follow":"follow","max-snippet":"max-snippet:-1","max-image-preview":"max-image-preview:large","max-video-preview":"max-video-preview:-1"},"canonical":"https:\/\/machineriesbst.com\/en\/catalogue\/cvm-gold-heat-ul-csa\/","og_locale":"en_US","og_type":"article","og_title":"CVM Gold Heat UL\/CSA - Machineries BST","og_description":"CVM Gold Heat UL\/CSA: -3-CONVOYEUR \u00c0 COURROIE, M004007 Convoyeur trouv\u00e9 dans la zone de chargement de la machine. Le passage des meubles est surveill\u00e9 par des photocellules situ\u00e9es aux extr\u00e9mit\u00e9s de la ceinture. Les courroies sont d\u00e9plac\u00e9es vers l'avant au moyen d'un moteur command\u00e9 par un inverseur, ce qui permet de changer la vitesse et [&hellip;]","og_url":"https:\/\/machineriesbst.com\/en\/catalogue\/cvm-gold-heat-ul-csa\/","og_site_name":"Machineries BST","article_modified_time":"2023-12-01T01:24:13+00:00","og_image":[{"width":576,"height":1024,"url":"https:\/\/machineriesbst.com\/wp-content\/uploads\/2021\/05\/cvm.gold_.shrinkwrap.c3619.012.jpg","path":"\/home\/jepeto\/public_html\/wp-content\/uploads\/2021\/05\/cvm.gold_.shrinkwrap.c3619.012.jpg","size":"full","id":51663,"alt":"","pixels":589824,"type":"image\/jpeg"}],"twitter_card":"summary_large_image","twitter_misc":{"Est. reading time":"4 minutes"},"schema":{"@context":"https:\/\/schema.org","@graph":[{"@type":"WebSite","@id":"https:\/\/machineriesbst.com\/en\/#website","url":"https:\/\/machineriesbst.com\/en\/","name":"Machineries BST","description":"Machines neuves &amp; usag\u00e9es","potentialAction":[{"@type":"SearchAction","target":{"@type":"EntryPoint","urlTemplate":"https:\/\/machineriesbst.com\/en\/?s={search_term_string}"},"query-input":"required name=search_term_string"}],"inLanguage":"en-US"},{"@type":"ImageObject","@id":"https:\/\/machineriesbst.com\/en\/catalogue\/cvm-gold-heat-ul-csa\/#primaryimage","inLanguage":"en-US","url":"https:\/\/machineriesbst.com\/wp-content\/uploads\/2021\/05\/cvm.gold_.shrinkwrap.c3619.012.jpg","contentUrl":"https:\/\/machineriesbst.com\/wp-content\/uploads\/2021\/05\/cvm.gold_.shrinkwrap.c3619.012.jpg","width":576,"height":1024},{"@type":"WebPage","@id":"https:\/\/machineriesbst.com\/en\/catalogue\/cvm-gold-heat-ul-csa\/#webpage","url":"https:\/\/machineriesbst.com\/en\/catalogue\/cvm-gold-heat-ul-csa\/","name":"CVM Gold Heat UL\/CSA - Machineries BST","isPartOf":{"@id":"https:\/\/machineriesbst.com\/en\/#website"},"primaryImageOfPage":{"@id":"https:\/\/machineriesbst.com\/en\/catalogue\/cvm-gold-heat-ul-csa\/#primaryimage"},"datePublished":"2021-06-08T13:45:19+00:00","dateModified":"2023-12-01T01:24:13+00:00","breadcrumb":{"@id":"https:\/\/machineriesbst.com\/en\/catalogue\/cvm-gold-heat-ul-csa\/#breadcrumb"},"inLanguage":"en-US","potentialAction":[{"@type":"ReadAction","target":["https:\/\/machineriesbst.com\/en\/catalogue\/cvm-gold-heat-ul-csa\/"]}]},{"@type":"BreadcrumbList","@id":"https:\/\/machineriesbst.com\/en\/catalogue\/cvm-gold-heat-ul-csa\/#breadcrumb","itemListElement":[{"@type":"ListItem","position":1,"name":"Accueil","item":"https:\/\/machineriesbst.com\/en\/"},{"@type":"ListItem","position":2,"name":"Catalogue","item":"https:\/\/machineriesbst.com\/en\/catalog\/"},{"@type":"ListItem","position":3,"name":"CVM Gold Heat UL\/CSA"}]}]}},"_links":{"self":[{"href":"https:\/\/machineriesbst.com\/en\/wp-json\/wp\/v2\/product\/58110"}],"collection":[{"href":"https:\/\/machineriesbst.com\/en\/wp-json\/wp\/v2\/product"}],"about":[{"href":"https:\/\/machineriesbst.com\/en\/wp-json\/wp\/v2\/types\/product"}],"author":[{"embeddable":true,"href":"https:\/\/machineriesbst.com\/en\/wp-json\/wp\/v2\/users\/3"}],"replies":[{"embeddable":true,"href":"https:\/\/machineriesbst.com\/en\/wp-json\/wp\/v2\/comments?post=58110"}],"wp:featuredmedia":[{"embeddable":true,"href":"https:\/\/machineriesbst.com\/en\/wp-json\/wp\/v2\/media\/51663"}],"wp:attachment":[{"href":"https:\/\/machineriesbst.com\/en\/wp-json\/wp\/v2\/media?parent=58110"}],"wp:term":[{"taxonomy":"product_cat","embeddable":true,"href":"https:\/\/machineriesbst.com\/en\/wp-json\/wp\/v2\/product_cat?post=58110"},{"taxonomy":"product_tag","embeddable":true,"href":"https:\/\/machineriesbst.com\/en\/wp-json\/wp\/v2\/product_tag?post=58110"}],"curies":[{"name":"wp","href":"https:\/\/api.w.org\/{rel}","templated":true}]}}