{"id":58107,"date":"2021-06-08T09:45:19","date_gmt":"2021-06-08T13:45:19","guid":{"rendered":"https:\/\/machineriesbst.com\/?post_type=product&#038;p=58107"},"modified":"2023-11-30T20:24:13","modified_gmt":"2023-12-01T01:24:13","slug":"newman-epr-24-ss-degauchisseuse-a-double-face","status":"publish","type":"product","link":"https:\/\/machineriesbst.com\/en\/catalogue\/newman-epr-24-ss-degauchisseuse-a-double-face\/","title":{"rendered":"Newman EPR-24-SS Double-sided jointer"},"content":{"rendered":"<p>Newman EPR-24-SS Double-sided jointer:<\/p>\n<ul>\n<li>Capacities: 24 &quot;x 6&quot; Thickness<\/li>\n<li>Minimum stock thickness: 3\/8 &quot;<\/li>\n<li>Minimum stock length: 42 &quot;<\/li>\n<li>Feed speeds: 80 - 400 FPM<\/li>\n<li>Helical Carbide Burs<\/li>\n<li>Newman QUIETCUT<\/li>\n<li>Top Main Motor: 60 HP<\/li>\n<li>Lower Head Motor: 50 HP<\/li>\n<li>Pneumatic feed rollers<\/li>\n<li>Automatic cutting control<\/li>\n<li>Anti-turn device<\/li>\n<li>Very low hours<\/li>\n<\/ul>","protected":false},"excerpt":{"rendered":"<p>Newman EPR-24-SS Double-sided jointer: Capacities: 24 &quot;x 6&quot; Thickness Minimum stock thickness: 3\/8 &quot;Minimum stock length: 42&quot; Feed speeds: 80 - 400 FPM Newman helical carbide helical end mills QUIETCUT Top Main motor: 60 HP Lower head motor: 50 HP Pneumatic feed rollers Automatic cutting control Device [\u2026]<\/p>","protected":false},"author":3,"featured_media":51654,"comment_status":"open","ping_status":"closed","template":"","meta":[],"product_cat":[211],"product_tag":[],"acf":[],"yoast_head":"<!-- This site is optimized with the Yoast SEO plugin v16.8 - https:\/\/yoast.com\/wordpress\/plugins\/seo\/ -->\n<title>Newman EPR-24-SS D\u00e9gauchisseuse \u00e0 double face - Machineries BST<\/title>\n<meta name=\"robots\" content=\"index, follow, max-snippet:-1, max-image-preview:large, max-video-preview:-1\" \/>\n<link rel=\"canonical\" href=\"https:\/\/machineriesbst.com\/en\/catalogue\/newman-epr-24-ss-degauchisseuse-a-double-face\/\" \/>\n<meta property=\"og:locale\" content=\"en_US\" \/>\n<meta property=\"og:type\" content=\"article\" \/>\n<meta property=\"og:title\" content=\"Newman EPR-24-SS D\u00e9gauchisseuse \u00e0 double face - Machineries BST\" \/>\n<meta property=\"og:description\" content=\"Newman EPR-24-SS D\u00e9gauchisseuse \u00e0 double face: Capacit\u00e9s: 24 &quot;x 6&quot; \u00c9paisseur Epaisseur minimum du stock: 3\/8 &quot; Longueur de stock minimum: 42 &quot; Vitesses d&#039;alimentation: 80 - 400 FPM Fraises h\u00e9lico\u00efdales en carbure h\u00e9lico\u00efdal Newman QUIETCUT Top Moteur principal: 60 HP Moteur \u00e0 t\u00eate inf\u00e9rieure: 50 HP Rouleaux d&#039;alimentation pneumatiques Contr\u00f4le de coupe automatique Dispositif [&hellip;]\" \/>\n<meta property=\"og:url\" content=\"https:\/\/machineriesbst.com\/en\/catalogue\/newman-epr-24-ss-degauchisseuse-a-double-face\/\" \/>\n<meta property=\"og:site_name\" content=\"Machineries BST\" \/>\n<meta property=\"article:modified_time\" content=\"2023-12-01T01:24:13+00:00\" \/>\n<meta property=\"og:image\" content=\"https:\/\/machineriesbst.com\/wp-content\/uploads\/2021\/05\/newman-1.jpg\" \/>\n\t<meta property=\"og:image:width\" content=\"400\" \/>\n\t<meta property=\"og:image:height\" content=\"300\" \/>\n<meta name=\"twitter:card\" content=\"summary_large_image\" \/>\n<script type=\"application\/ld+json\" class=\"yoast-schema-graph\">{\"@context\":\"https:\/\/schema.org\",\"@graph\":[{\"@type\":\"WebSite\",\"@id\":\"https:\/\/machineriesbst.com\/en\/#website\",\"url\":\"https:\/\/machineriesbst.com\/en\/\",\"name\":\"Machineries BST\",\"description\":\"Machines neuves &amp; usag\\u00e9es\",\"potentialAction\":[{\"@type\":\"SearchAction\",\"target\":{\"@type\":\"EntryPoint\",\"urlTemplate\":\"https:\/\/machineriesbst.com\/en\/?s={search_term_string}\"},\"query-input\":\"required name=search_term_string\"}],\"inLanguage\":\"en-US\"},{\"@type\":\"ImageObject\",\"@id\":\"https:\/\/machineriesbst.com\/en\/catalogue\/newman-epr-24-ss-degauchisseuse-a-double-face\/#primaryimage\",\"inLanguage\":\"en-US\",\"url\":\"https:\/\/machineriesbst.com\/wp-content\/uploads\/2021\/05\/newman-1.jpg\",\"contentUrl\":\"https:\/\/machineriesbst.com\/wp-content\/uploads\/2021\/05\/newman-1.jpg\",\"width\":400,\"height\":300},{\"@type\":\"WebPage\",\"@id\":\"https:\/\/machineriesbst.com\/en\/catalogue\/newman-epr-24-ss-degauchisseuse-a-double-face\/#webpage\",\"url\":\"https:\/\/machineriesbst.com\/en\/catalogue\/newman-epr-24-ss-degauchisseuse-a-double-face\/\",\"name\":\"Newman EPR-24-SS D\\u00e9gauchisseuse \\u00e0 double face - Machineries BST\",\"isPartOf\":{\"@id\":\"https:\/\/machineriesbst.com\/en\/#website\"},\"primaryImageOfPage\":{\"@id\":\"https:\/\/machineriesbst.com\/en\/catalogue\/newman-epr-24-ss-degauchisseuse-a-double-face\/#primaryimage\"},\"datePublished\":\"2021-06-08T13:45:19+00:00\",\"dateModified\":\"2023-12-01T01:24:13+00:00\",\"breadcrumb\":{\"@id\":\"https:\/\/machineriesbst.com\/en\/catalogue\/newman-epr-24-ss-degauchisseuse-a-double-face\/#breadcrumb\"},\"inLanguage\":\"en-US\",\"potentialAction\":[{\"@type\":\"ReadAction\",\"target\":[\"https:\/\/machineriesbst.com\/en\/catalogue\/newman-epr-24-ss-degauchisseuse-a-double-face\/\"]}]},{\"@type\":\"BreadcrumbList\",\"@id\":\"https:\/\/machineriesbst.com\/en\/catalogue\/newman-epr-24-ss-degauchisseuse-a-double-face\/#breadcrumb\",\"itemListElement\":[{\"@type\":\"ListItem\",\"position\":1,\"name\":\"Accueil\",\"item\":\"https:\/\/machineriesbst.com\/en\/\"},{\"@type\":\"ListItem\",\"position\":2,\"name\":\"Catalogue\",\"item\":\"https:\/\/machineriesbst.com\/en\/catalog\/\"},{\"@type\":\"ListItem\",\"position\":3,\"name\":\"Newman EPR-24-SS D\\u00e9gauchisseuse \\u00e0 double face\"}]}]}<\/script>\n<!-- \/ Yoast SEO plugin. -->","yoast_head_json":{"title":"Newman EPR-24-SS D\u00e9gauchisseuse \u00e0 double face - Machineries BST","robots":{"index":"index","follow":"follow","max-snippet":"max-snippet:-1","max-image-preview":"max-image-preview:large","max-video-preview":"max-video-preview:-1"},"canonical":"https:\/\/machineriesbst.com\/en\/catalogue\/newman-epr-24-ss-degauchisseuse-a-double-face\/","og_locale":"en_US","og_type":"article","og_title":"Newman EPR-24-SS D\u00e9gauchisseuse \u00e0 double face - Machineries BST","og_description":"Newman EPR-24-SS D\u00e9gauchisseuse \u00e0 double face: Capacit\u00e9s: 24 \"x 6\" \u00c9paisseur Epaisseur minimum du stock: 3\/8 \" Longueur de stock minimum: 42 \" Vitesses d'alimentation: 80 - 400 FPM Fraises h\u00e9lico\u00efdales en carbure h\u00e9lico\u00efdal Newman QUIETCUT Top Moteur principal: 60 HP Moteur \u00e0 t\u00eate inf\u00e9rieure: 50 HP Rouleaux d'alimentation pneumatiques Contr\u00f4le de coupe automatique Dispositif [&hellip;]","og_url":"https:\/\/machineriesbst.com\/en\/catalogue\/newman-epr-24-ss-degauchisseuse-a-double-face\/","og_site_name":"Machineries BST","article_modified_time":"2023-12-01T01:24:13+00:00","og_image":[{"width":400,"height":300,"url":"https:\/\/machineriesbst.com\/wp-content\/uploads\/2021\/05\/newman-1.jpg","path":"\/home\/jepeto\/public_html\/wp-content\/uploads\/2021\/05\/newman-1.jpg","size":"full","id":51654,"alt":"","pixels":120000,"type":"image\/jpeg"}],"twitter_card":"summary_large_image","schema":{"@context":"https:\/\/schema.org","@graph":[{"@type":"WebSite","@id":"https:\/\/machineriesbst.com\/en\/#website","url":"https:\/\/machineriesbst.com\/en\/","name":"Machineries BST","description":"Machines neuves &amp; usag\u00e9es","potentialAction":[{"@type":"SearchAction","target":{"@type":"EntryPoint","urlTemplate":"https:\/\/machineriesbst.com\/en\/?s={search_term_string}"},"query-input":"required name=search_term_string"}],"inLanguage":"en-US"},{"@type":"ImageObject","@id":"https:\/\/machineriesbst.com\/en\/catalogue\/newman-epr-24-ss-degauchisseuse-a-double-face\/#primaryimage","inLanguage":"en-US","url":"https:\/\/machineriesbst.com\/wp-content\/uploads\/2021\/05\/newman-1.jpg","contentUrl":"https:\/\/machineriesbst.com\/wp-content\/uploads\/2021\/05\/newman-1.jpg","width":400,"height":300},{"@type":"WebPage","@id":"https:\/\/machineriesbst.com\/en\/catalogue\/newman-epr-24-ss-degauchisseuse-a-double-face\/#webpage","url":"https:\/\/machineriesbst.com\/en\/catalogue\/newman-epr-24-ss-degauchisseuse-a-double-face\/","name":"Newman EPR-24-SS D\u00e9gauchisseuse \u00e0 double face - Machineries BST","isPartOf":{"@id":"https:\/\/machineriesbst.com\/en\/#website"},"primaryImageOfPage":{"@id":"https:\/\/machineriesbst.com\/en\/catalogue\/newman-epr-24-ss-degauchisseuse-a-double-face\/#primaryimage"},"datePublished":"2021-06-08T13:45:19+00:00","dateModified":"2023-12-01T01:24:13+00:00","breadcrumb":{"@id":"https:\/\/machineriesbst.com\/en\/catalogue\/newman-epr-24-ss-degauchisseuse-a-double-face\/#breadcrumb"},"inLanguage":"en-US","potentialAction":[{"@type":"ReadAction","target":["https:\/\/machineriesbst.com\/en\/catalogue\/newman-epr-24-ss-degauchisseuse-a-double-face\/"]}]},{"@type":"BreadcrumbList","@id":"https:\/\/machineriesbst.com\/en\/catalogue\/newman-epr-24-ss-degauchisseuse-a-double-face\/#breadcrumb","itemListElement":[{"@type":"ListItem","position":1,"name":"Accueil","item":"https:\/\/machineriesbst.com\/en\/"},{"@type":"ListItem","position":2,"name":"Catalogue","item":"https:\/\/machineriesbst.com\/en\/catalog\/"},{"@type":"ListItem","position":3,"name":"Newman EPR-24-SS D\u00e9gauchisseuse \u00e0 double face"}]}]}},"_links":{"self":[{"href":"https:\/\/machineriesbst.com\/en\/wp-json\/wp\/v2\/product\/58107"}],"collection":[{"href":"https:\/\/machineriesbst.com\/en\/wp-json\/wp\/v2\/product"}],"about":[{"href":"https:\/\/machineriesbst.com\/en\/wp-json\/wp\/v2\/types\/product"}],"author":[{"embeddable":true,"href":"https:\/\/machineriesbst.com\/en\/wp-json\/wp\/v2\/users\/3"}],"replies":[{"embeddable":true,"href":"https:\/\/machineriesbst.com\/en\/wp-json\/wp\/v2\/comments?post=58107"}],"wp:featuredmedia":[{"embeddable":true,"href":"https:\/\/machineriesbst.com\/en\/wp-json\/wp\/v2\/media\/51654"}],"wp:attachment":[{"href":"https:\/\/machineriesbst.com\/en\/wp-json\/wp\/v2\/media?parent=58107"}],"wp:term":[{"taxonomy":"product_cat","embeddable":true,"href":"https:\/\/machineriesbst.com\/en\/wp-json\/wp\/v2\/product_cat?post=58107"},{"taxonomy":"product_tag","embeddable":true,"href":"https:\/\/machineriesbst.com\/en\/wp-json\/wp\/v2\/product_tag?post=58107"}],"curies":[{"name":"wp","href":"https:\/\/api.w.org\/{rel}","templated":true}]}}