{"id":58106,"date":"2021-06-08T09:45:18","date_gmt":"2021-06-08T13:45:18","guid":{"rendered":"https:\/\/machineriesbst.com\/?post_type=product&#038;p=58106"},"modified":"2023-11-30T20:24:13","modified_gmt":"2023-12-01T01:24:13","slug":"kentwood-p407","status":"publish","type":"product","link":"https:\/\/machineriesbst.com\/en\/catalogue\/kentwood-p407\/","title":{"rendered":"Kentwood P407"},"content":{"rendered":"<p>Kentwood P407:<\/p>\n<ul>\n<li>Low 10HP<\/li>\n<li>10HP side fence<\/li>\n<li>Near the 10HP side<\/li>\n<li>Top 10HP<\/li>\n<li>Width capacity: 20-180mm<\/li>\n<li>Thickness capacity: 10-100mm<\/li>\n<li>Spindle speed: 6000 rpm<\/li>\n<li>Pin Diameter: 1 1\/2 &quot;<\/li>\n<li>Straight or profile cutting diameter: vertical and horizontal spindle 100mm<\/li>\n<li>Feed speed: two speeds 6 or 9m \/ min<\/li>\n<li>Machine dimensions: 264 x 111 x 152 cm<\/li>\n<li>Machine weight: 1400 kg<\/li>\n<\/ul>","protected":false},"excerpt":{"rendered":"<p>Kentwood P407: Bottom 10HP Fence side 10HP Close to side 10HP Top 10HP Width capacity: 20-180mm Thickness capacity: 10-100mm Spindle speed: 6000RPM Spindle diameter: 1 1\/2 &quot; Straight or profile cutting diameter: vertical and horizontal spindle 100mm Feed speed: two speeds 6 or 9m [\u2026]<\/p>","protected":false},"author":3,"featured_media":51648,"comment_status":"open","ping_status":"closed","template":"","meta":[],"product_cat":[211],"product_tag":[],"acf":[],"yoast_head":"<!-- This site is optimized with the Yoast SEO plugin v16.8 - https:\/\/yoast.com\/wordpress\/plugins\/seo\/ -->\n<title>Kentwood P407 - Machineries BST<\/title>\n<meta name=\"robots\" content=\"index, follow, max-snippet:-1, max-image-preview:large, max-video-preview:-1\" \/>\n<link rel=\"canonical\" href=\"https:\/\/machineriesbst.com\/en\/catalogue\/kentwood-p407\/\" \/>\n<meta property=\"og:locale\" content=\"en_US\" \/>\n<meta property=\"og:type\" content=\"article\" \/>\n<meta property=\"og:title\" content=\"Kentwood P407 - Machineries BST\" \/>\n<meta property=\"og:description\" content=\"Kentwood P407: Bas 10HP Cl\u00f4ture c\u00f4t\u00e9 10HP Pr\u00e8s du c\u00f4t\u00e9 10HP Top 10HP Capacit\u00e9 de largeur: 20-180mm Capacit\u00e9 d&#039;\u00e9paisseur: 10-100mm Vitesse de rotation de la broche: 6000 tr \/ min Diam\u00e8tre de la broche: 1 1\/2 &quot; Diam\u00e8tre de coupe droite ou profil: broche verticale et horizontale 100mm Vitesse d&#039;avance: deux vitesses 6 ou 9m [&hellip;]\" \/>\n<meta property=\"og:url\" content=\"https:\/\/machineriesbst.com\/en\/catalogue\/kentwood-p407\/\" \/>\n<meta property=\"og:site_name\" content=\"Machineries BST\" \/>\n<meta property=\"article:modified_time\" content=\"2023-12-01T01:24:13+00:00\" \/>\n<meta property=\"og:image\" content=\"https:\/\/machineriesbst.com\/wp-content\/uploads\/2021\/05\/kentwood.p407.c3848.026.jpg\" \/>\n\t<meta property=\"og:image:width\" content=\"584\" \/>\n\t<meta property=\"og:image:height\" content=\"438\" \/>\n<meta name=\"twitter:card\" content=\"summary_large_image\" \/>\n<script type=\"application\/ld+json\" class=\"yoast-schema-graph\">{\"@context\":\"https:\/\/schema.org\",\"@graph\":[{\"@type\":\"WebSite\",\"@id\":\"https:\/\/machineriesbst.com\/en\/#website\",\"url\":\"https:\/\/machineriesbst.com\/en\/\",\"name\":\"Machineries BST\",\"description\":\"Machines neuves &amp; usag\\u00e9es\",\"potentialAction\":[{\"@type\":\"SearchAction\",\"target\":{\"@type\":\"EntryPoint\",\"urlTemplate\":\"https:\/\/machineriesbst.com\/en\/?s={search_term_string}\"},\"query-input\":\"required name=search_term_string\"}],\"inLanguage\":\"en-US\"},{\"@type\":\"ImageObject\",\"@id\":\"https:\/\/machineriesbst.com\/en\/catalogue\/kentwood-p407\/#primaryimage\",\"inLanguage\":\"en-US\",\"url\":\"https:\/\/machineriesbst.com\/wp-content\/uploads\/2021\/05\/kentwood.p407.c3848.026.jpg\",\"contentUrl\":\"https:\/\/machineriesbst.com\/wp-content\/uploads\/2021\/05\/kentwood.p407.c3848.026.jpg\",\"width\":584,\"height\":438},{\"@type\":\"WebPage\",\"@id\":\"https:\/\/machineriesbst.com\/en\/catalogue\/kentwood-p407\/#webpage\",\"url\":\"https:\/\/machineriesbst.com\/en\/catalogue\/kentwood-p407\/\",\"name\":\"Kentwood P407 - Machineries BST\",\"isPartOf\":{\"@id\":\"https:\/\/machineriesbst.com\/en\/#website\"},\"primaryImageOfPage\":{\"@id\":\"https:\/\/machineriesbst.com\/en\/catalogue\/kentwood-p407\/#primaryimage\"},\"datePublished\":\"2021-06-08T13:45:18+00:00\",\"dateModified\":\"2023-12-01T01:24:13+00:00\",\"breadcrumb\":{\"@id\":\"https:\/\/machineriesbst.com\/en\/catalogue\/kentwood-p407\/#breadcrumb\"},\"inLanguage\":\"en-US\",\"potentialAction\":[{\"@type\":\"ReadAction\",\"target\":[\"https:\/\/machineriesbst.com\/en\/catalogue\/kentwood-p407\/\"]}]},{\"@type\":\"BreadcrumbList\",\"@id\":\"https:\/\/machineriesbst.com\/en\/catalogue\/kentwood-p407\/#breadcrumb\",\"itemListElement\":[{\"@type\":\"ListItem\",\"position\":1,\"name\":\"Accueil\",\"item\":\"https:\/\/machineriesbst.com\/en\/\"},{\"@type\":\"ListItem\",\"position\":2,\"name\":\"Catalogue\",\"item\":\"https:\/\/machineriesbst.com\/en\/catalog\/\"},{\"@type\":\"ListItem\",\"position\":3,\"name\":\"Kentwood P407\"}]}]}<\/script>\n<!-- \/ Yoast SEO plugin. -->","yoast_head_json":{"title":"Kentwood P407 - Machineries BST","robots":{"index":"index","follow":"follow","max-snippet":"max-snippet:-1","max-image-preview":"max-image-preview:large","max-video-preview":"max-video-preview:-1"},"canonical":"https:\/\/machineriesbst.com\/en\/catalogue\/kentwood-p407\/","og_locale":"en_US","og_type":"article","og_title":"Kentwood P407 - Machineries BST","og_description":"Kentwood P407: Bas 10HP Cl\u00f4ture c\u00f4t\u00e9 10HP Pr\u00e8s du c\u00f4t\u00e9 10HP Top 10HP Capacit\u00e9 de largeur: 20-180mm Capacit\u00e9 d'\u00e9paisseur: 10-100mm Vitesse de rotation de la broche: 6000 tr \/ min Diam\u00e8tre de la broche: 1 1\/2 \" Diam\u00e8tre de coupe droite ou profil: broche verticale et horizontale 100mm Vitesse d'avance: deux vitesses 6 ou 9m [&hellip;]","og_url":"https:\/\/machineriesbst.com\/en\/catalogue\/kentwood-p407\/","og_site_name":"Machineries BST","article_modified_time":"2023-12-01T01:24:13+00:00","og_image":[{"width":584,"height":438,"url":"https:\/\/machineriesbst.com\/wp-content\/uploads\/2021\/05\/kentwood.p407.c3848.026.jpg","path":"\/home\/jepeto\/public_html\/wp-content\/uploads\/2021\/05\/kentwood.p407.c3848.026.jpg","size":"full","id":51648,"alt":"","pixels":255792,"type":"image\/jpeg"}],"twitter_card":"summary_large_image","schema":{"@context":"https:\/\/schema.org","@graph":[{"@type":"WebSite","@id":"https:\/\/machineriesbst.com\/en\/#website","url":"https:\/\/machineriesbst.com\/en\/","name":"Machineries BST","description":"Machines neuves &amp; usag\u00e9es","potentialAction":[{"@type":"SearchAction","target":{"@type":"EntryPoint","urlTemplate":"https:\/\/machineriesbst.com\/en\/?s={search_term_string}"},"query-input":"required name=search_term_string"}],"inLanguage":"en-US"},{"@type":"ImageObject","@id":"https:\/\/machineriesbst.com\/en\/catalogue\/kentwood-p407\/#primaryimage","inLanguage":"en-US","url":"https:\/\/machineriesbst.com\/wp-content\/uploads\/2021\/05\/kentwood.p407.c3848.026.jpg","contentUrl":"https:\/\/machineriesbst.com\/wp-content\/uploads\/2021\/05\/kentwood.p407.c3848.026.jpg","width":584,"height":438},{"@type":"WebPage","@id":"https:\/\/machineriesbst.com\/en\/catalogue\/kentwood-p407\/#webpage","url":"https:\/\/machineriesbst.com\/en\/catalogue\/kentwood-p407\/","name":"Kentwood P407 - Machineries BST","isPartOf":{"@id":"https:\/\/machineriesbst.com\/en\/#website"},"primaryImageOfPage":{"@id":"https:\/\/machineriesbst.com\/en\/catalogue\/kentwood-p407\/#primaryimage"},"datePublished":"2021-06-08T13:45:18+00:00","dateModified":"2023-12-01T01:24:13+00:00","breadcrumb":{"@id":"https:\/\/machineriesbst.com\/en\/catalogue\/kentwood-p407\/#breadcrumb"},"inLanguage":"en-US","potentialAction":[{"@type":"ReadAction","target":["https:\/\/machineriesbst.com\/en\/catalogue\/kentwood-p407\/"]}]},{"@type":"BreadcrumbList","@id":"https:\/\/machineriesbst.com\/en\/catalogue\/kentwood-p407\/#breadcrumb","itemListElement":[{"@type":"ListItem","position":1,"name":"Accueil","item":"https:\/\/machineriesbst.com\/en\/"},{"@type":"ListItem","position":2,"name":"Catalogue","item":"https:\/\/machineriesbst.com\/en\/catalog\/"},{"@type":"ListItem","position":3,"name":"Kentwood P407"}]}]}},"_links":{"self":[{"href":"https:\/\/machineriesbst.com\/en\/wp-json\/wp\/v2\/product\/58106"}],"collection":[{"href":"https:\/\/machineriesbst.com\/en\/wp-json\/wp\/v2\/product"}],"about":[{"href":"https:\/\/machineriesbst.com\/en\/wp-json\/wp\/v2\/types\/product"}],"author":[{"embeddable":true,"href":"https:\/\/machineriesbst.com\/en\/wp-json\/wp\/v2\/users\/3"}],"replies":[{"embeddable":true,"href":"https:\/\/machineriesbst.com\/en\/wp-json\/wp\/v2\/comments?post=58106"}],"wp:featuredmedia":[{"embeddable":true,"href":"https:\/\/machineriesbst.com\/en\/wp-json\/wp\/v2\/media\/51648"}],"wp:attachment":[{"href":"https:\/\/machineriesbst.com\/en\/wp-json\/wp\/v2\/media?parent=58106"}],"wp:term":[{"taxonomy":"product_cat","embeddable":true,"href":"https:\/\/machineriesbst.com\/en\/wp-json\/wp\/v2\/product_cat?post=58106"},{"taxonomy":"product_tag","embeddable":true,"href":"https:\/\/machineriesbst.com\/en\/wp-json\/wp\/v2\/product_tag?post=58106"}],"curies":[{"name":"wp","href":"https:\/\/api.w.org\/{rel}","templated":true}]}}