{"id":58083,"date":"2021-06-08T09:44:51","date_gmt":"2021-06-08T13:44:51","guid":{"rendered":"https:\/\/machineriesbst.com\/?post_type=product&#038;p=58083"},"modified":"2023-11-30T20:24:13","modified_gmt":"2023-12-01T01:24:13","slug":"sableuse-53-dmc-1994","status":"publish","type":"product","link":"https:\/\/machineriesbst.com\/en\/catalogue\/sableuse-53-dmc-1994\/","title":{"rendered":"Sander 53 &quot;DMC 1994"},"content":{"rendered":"<p>Sandblaster 3 electronically controlled sandblasting stations and 1 cleaning station. Width of 53 &quot;Maximum thickness of the part 4.3&quot; and Minimum of 1\/10 &quot;. Automatic positioning. Memory for thicknesses. Each head can be programmed individually.<\/p>\n<p>Head #1 25Hp motor with 2 speeds (23 and 46ft \/ sec), combined roller pad with 48 pneumatic cylinders with electronic control of the blasting pressure.<\/p>\n<p>Reversible #2 head with 20Hp 2 speed motor (23 and 46ft \/ sec), pad with 48 pneumatic cylinders with electronic control of the blasting pressure.<\/p>\n<p>Variable speed #3 head (10 to 59ft \/ sec) with 20hp motor, pad with 48 pneumatic cylinders with electronic control of the blasting pressure.<\/p>\n<p>#4 5 1\/2 &#39;&#39; cleaning brush head 1Hp motor<\/p>\n<p>Air jet. Apron inlet and outlet pressure roller Belt feed speed, variable from 15 to 69ft \/ MIN. 10Hp vacuum belt.<\/p>\n<p>Foot print 143 \u2033 long x 121 \u2033 wide x 97 \u2033 high. Weight 15000 lbs<\/p>","protected":false},"excerpt":{"rendered":"<p>Sandblasting machine 3 electronically controlled sandblasting stations and 1 cleaning station. 53 &quot;width Maximum workpiece thickness 4.3&quot; and Minimum 1\/10 &quot;. Automatic positioning. Memory for thicknesses. Each head can be programmed individually. Head #1 25Hp motor at 2 speeds (23 and 46pi \/ sec), combined skate roller with 48 [\u2026]<\/p>","protected":false},"author":3,"featured_media":51595,"comment_status":"open","ping_status":"closed","template":"","meta":[],"product_cat":[1731,3055],"product_tag":[],"acf":[],"yoast_head":"<!-- This site is optimized with the Yoast SEO plugin v16.8 - https:\/\/yoast.com\/wordpress\/plugins\/seo\/ -->\n<title>Sableuse 53&quot; DMC 1994 - Machineries BST<\/title>\n<meta name=\"robots\" content=\"index, follow, max-snippet:-1, max-image-preview:large, max-video-preview:-1\" \/>\n<link rel=\"canonical\" href=\"https:\/\/machineriesbst.com\/en\/catalogue\/sableuse-53-dmc-1994\/\" \/>\n<meta property=\"og:locale\" content=\"en_US\" \/>\n<meta property=\"og:type\" content=\"article\" \/>\n<meta property=\"og:title\" content=\"Sableuse 53&quot; DMC 1994 - Machineries BST\" \/>\n<meta property=\"og:description\" content=\"Sableuse 3 stations de sablage \u00e0 contr\u00f4le \u00e9lectronique et 1 station de nettoyage. Largeur de 53 po \u00c9paisseur maximale de la pi\u00e8ce 4.3po et\u00a0 Minimale de 1\/10&quot; .Positionnement automatique . M\u00e9moire pour les \u00e9paisseurs. Chaque t\u00eate se programme indivuduellement . T\u00eate #1 moteur de 25Hp \u00e0 2 vitesses (23\u00a0et 46pi\/sec), combin\u00e9 rouleau patin avec 48 [&hellip;]\" \/>\n<meta property=\"og:url\" content=\"https:\/\/machineriesbst.com\/en\/catalogue\/sableuse-53-dmc-1994\/\" \/>\n<meta property=\"og:site_name\" content=\"Machineries BST\" \/>\n<meta property=\"article:modified_time\" content=\"2023-12-01T01:24:13+00:00\" \/>\n<meta property=\"og:image\" content=\"https:\/\/machineriesbst.com\/wp-content\/uploads\/2021\/05\/DMC.jpeg\" \/>\n\t<meta property=\"og:image:width\" content=\"570\" \/>\n\t<meta property=\"og:image:height\" content=\"682\" \/>\n<meta name=\"twitter:card\" content=\"summary_large_image\" \/>\n<meta name=\"twitter:label1\" content=\"Est. reading time\" \/>\n\t<meta name=\"twitter:data1\" content=\"1 minute\" \/>\n<script type=\"application\/ld+json\" class=\"yoast-schema-graph\">{\"@context\":\"https:\/\/schema.org\",\"@graph\":[{\"@type\":\"WebSite\",\"@id\":\"https:\/\/machineriesbst.com\/en\/#website\",\"url\":\"https:\/\/machineriesbst.com\/en\/\",\"name\":\"Machineries BST\",\"description\":\"Machines neuves &amp; usag\\u00e9es\",\"potentialAction\":[{\"@type\":\"SearchAction\",\"target\":{\"@type\":\"EntryPoint\",\"urlTemplate\":\"https:\/\/machineriesbst.com\/en\/?s={search_term_string}\"},\"query-input\":\"required name=search_term_string\"}],\"inLanguage\":\"en-US\"},{\"@type\":\"ImageObject\",\"@id\":\"https:\/\/machineriesbst.com\/en\/catalogue\/sableuse-53-dmc-1994\/#primaryimage\",\"inLanguage\":\"en-US\",\"url\":\"https:\/\/machineriesbst.com\/wp-content\/uploads\/2021\/05\/DMC.jpeg\",\"contentUrl\":\"https:\/\/machineriesbst.com\/wp-content\/uploads\/2021\/05\/DMC.jpeg\",\"width\":570,\"height\":682},{\"@type\":\"WebPage\",\"@id\":\"https:\/\/machineriesbst.com\/en\/catalogue\/sableuse-53-dmc-1994\/#webpage\",\"url\":\"https:\/\/machineriesbst.com\/en\/catalogue\/sableuse-53-dmc-1994\/\",\"name\":\"Sableuse 53\\\" DMC 1994 - Machineries BST\",\"isPartOf\":{\"@id\":\"https:\/\/machineriesbst.com\/en\/#website\"},\"primaryImageOfPage\":{\"@id\":\"https:\/\/machineriesbst.com\/en\/catalogue\/sableuse-53-dmc-1994\/#primaryimage\"},\"datePublished\":\"2021-06-08T13:44:51+00:00\",\"dateModified\":\"2023-12-01T01:24:13+00:00\",\"breadcrumb\":{\"@id\":\"https:\/\/machineriesbst.com\/en\/catalogue\/sableuse-53-dmc-1994\/#breadcrumb\"},\"inLanguage\":\"en-US\",\"potentialAction\":[{\"@type\":\"ReadAction\",\"target\":[\"https:\/\/machineriesbst.com\/en\/catalogue\/sableuse-53-dmc-1994\/\"]}]},{\"@type\":\"BreadcrumbList\",\"@id\":\"https:\/\/machineriesbst.com\/en\/catalogue\/sableuse-53-dmc-1994\/#breadcrumb\",\"itemListElement\":[{\"@type\":\"ListItem\",\"position\":1,\"name\":\"Accueil\",\"item\":\"https:\/\/machineriesbst.com\/en\/\"},{\"@type\":\"ListItem\",\"position\":2,\"name\":\"Catalogue\",\"item\":\"https:\/\/machineriesbst.com\/en\/catalog\/\"},{\"@type\":\"ListItem\",\"position\":3,\"name\":\"Sableuse 53\\\" DMC 1994\"}]}]}<\/script>\n<!-- \/ Yoast SEO plugin. -->","yoast_head_json":{"title":"Sableuse 53\" DMC 1994 - Machineries BST","robots":{"index":"index","follow":"follow","max-snippet":"max-snippet:-1","max-image-preview":"max-image-preview:large","max-video-preview":"max-video-preview:-1"},"canonical":"https:\/\/machineriesbst.com\/en\/catalogue\/sableuse-53-dmc-1994\/","og_locale":"en_US","og_type":"article","og_title":"Sableuse 53\" DMC 1994 - Machineries BST","og_description":"Sableuse 3 stations de sablage \u00e0 contr\u00f4le \u00e9lectronique et 1 station de nettoyage. Largeur de 53 po \u00c9paisseur maximale de la pi\u00e8ce 4.3po et\u00a0 Minimale de 1\/10\" .Positionnement automatique . M\u00e9moire pour les \u00e9paisseurs. Chaque t\u00eate se programme indivuduellement . T\u00eate #1 moteur de 25Hp \u00e0 2 vitesses (23\u00a0et 46pi\/sec), combin\u00e9 rouleau patin avec 48 [&hellip;]","og_url":"https:\/\/machineriesbst.com\/en\/catalogue\/sableuse-53-dmc-1994\/","og_site_name":"Machineries BST","article_modified_time":"2023-12-01T01:24:13+00:00","og_image":[{"width":570,"height":682,"url":"https:\/\/machineriesbst.com\/wp-content\/uploads\/2021\/05\/DMC.jpeg","path":"\/home\/jepeto\/public_html\/wp-content\/uploads\/2021\/05\/DMC.jpeg","size":"full","id":51595,"alt":"","pixels":388740,"type":"image\/jpeg"}],"twitter_card":"summary_large_image","twitter_misc":{"Est. reading time":"1 minute"},"schema":{"@context":"https:\/\/schema.org","@graph":[{"@type":"WebSite","@id":"https:\/\/machineriesbst.com\/en\/#website","url":"https:\/\/machineriesbst.com\/en\/","name":"Machineries BST","description":"Machines neuves &amp; usag\u00e9es","potentialAction":[{"@type":"SearchAction","target":{"@type":"EntryPoint","urlTemplate":"https:\/\/machineriesbst.com\/en\/?s={search_term_string}"},"query-input":"required name=search_term_string"}],"inLanguage":"en-US"},{"@type":"ImageObject","@id":"https:\/\/machineriesbst.com\/en\/catalogue\/sableuse-53-dmc-1994\/#primaryimage","inLanguage":"en-US","url":"https:\/\/machineriesbst.com\/wp-content\/uploads\/2021\/05\/DMC.jpeg","contentUrl":"https:\/\/machineriesbst.com\/wp-content\/uploads\/2021\/05\/DMC.jpeg","width":570,"height":682},{"@type":"WebPage","@id":"https:\/\/machineriesbst.com\/en\/catalogue\/sableuse-53-dmc-1994\/#webpage","url":"https:\/\/machineriesbst.com\/en\/catalogue\/sableuse-53-dmc-1994\/","name":"Sableuse 53\" DMC 1994 - Machineries BST","isPartOf":{"@id":"https:\/\/machineriesbst.com\/en\/#website"},"primaryImageOfPage":{"@id":"https:\/\/machineriesbst.com\/en\/catalogue\/sableuse-53-dmc-1994\/#primaryimage"},"datePublished":"2021-06-08T13:44:51+00:00","dateModified":"2023-12-01T01:24:13+00:00","breadcrumb":{"@id":"https:\/\/machineriesbst.com\/en\/catalogue\/sableuse-53-dmc-1994\/#breadcrumb"},"inLanguage":"en-US","potentialAction":[{"@type":"ReadAction","target":["https:\/\/machineriesbst.com\/en\/catalogue\/sableuse-53-dmc-1994\/"]}]},{"@type":"BreadcrumbList","@id":"https:\/\/machineriesbst.com\/en\/catalogue\/sableuse-53-dmc-1994\/#breadcrumb","itemListElement":[{"@type":"ListItem","position":1,"name":"Accueil","item":"https:\/\/machineriesbst.com\/en\/"},{"@type":"ListItem","position":2,"name":"Catalogue","item":"https:\/\/machineriesbst.com\/en\/catalog\/"},{"@type":"ListItem","position":3,"name":"Sableuse 53\" DMC 1994"}]}]}},"_links":{"self":[{"href":"https:\/\/machineriesbst.com\/en\/wp-json\/wp\/v2\/product\/58083"}],"collection":[{"href":"https:\/\/machineriesbst.com\/en\/wp-json\/wp\/v2\/product"}],"about":[{"href":"https:\/\/machineriesbst.com\/en\/wp-json\/wp\/v2\/types\/product"}],"author":[{"embeddable":true,"href":"https:\/\/machineriesbst.com\/en\/wp-json\/wp\/v2\/users\/3"}],"replies":[{"embeddable":true,"href":"https:\/\/machineriesbst.com\/en\/wp-json\/wp\/v2\/comments?post=58083"}],"wp:featuredmedia":[{"embeddable":true,"href":"https:\/\/machineriesbst.com\/en\/wp-json\/wp\/v2\/media\/51595"}],"wp:attachment":[{"href":"https:\/\/machineriesbst.com\/en\/wp-json\/wp\/v2\/media?parent=58083"}],"wp:term":[{"taxonomy":"product_cat","embeddable":true,"href":"https:\/\/machineriesbst.com\/en\/wp-json\/wp\/v2\/product_cat?post=58083"},{"taxonomy":"product_tag","embeddable":true,"href":"https:\/\/machineriesbst.com\/en\/wp-json\/wp\/v2\/product_tag?post=58083"}],"curies":[{"name":"wp","href":"https:\/\/api.w.org\/{rel}","templated":true}]}}