{"id":58073,"date":"2021-06-08T09:44:49","date_gmt":"2021-06-08T13:44:49","guid":{"rendered":"https:\/\/machineriesbst.com\/?post_type=product&#038;p=58073"},"modified":"2023-11-30T20:24:13","modified_gmt":"2023-12-01T01:24:13","slug":"friulmac-d-e-t","status":"publish","type":"product","link":"https:\/\/machineriesbst.com\/en\/catalogue\/friulmac-d-e-t\/","title":{"rendered":"Friulmac DET"},"content":{"rendered":"<p>Friulmac DET:<\/p>\n<ul>\n<li>Automatic machine for squaring, tenoning, profiling and sanding hardwoods and similar elements and panels for furniture, doors and windows, flooring industry, etc.<\/li>\n<li>The heavy framing base if it is made of a structure capable of absorbing and avoiding vibrations and resonances caused by the working process.<\/li>\n<li>The right mobile shoulder slides on two precision rectangular beams. The sliding surfaces are covered with an anti-friction material and their lubrication takes place automatically by means of a centralized oil pump.<\/li>\n<li>The opening and closing of the movable shoulder is adjusted by means of a precision TPN screw driven by an electric motor controlled by an inverter.<\/li>\n<li>A magnetic strip with a sensor indicates the position of the mobile shoulder. The quote visualized on an electronic digital instrument positioned on the control panel.<\/li>\n<li>The columns and the support system of the work units are made of cast iron; Precise processing of sliding parts and dovetail guides ensures high precision and long-lasting performance.<\/li>\n<li>The parts are fed by means of precision cast hard steel chains connected to hardened steel pins mounted on sealed and lubricated long life bearings.<\/li>\n<li>The sliding chain structure is fixed to all the columns of the machine support.<\/li>\n<li>Each construction element of the chain is fitted with steel plates coated with hard, non-peelable rubber. The disappearing referencing stops are positioned at a fixed distance.<\/li>\n<li>The sliding movement of the chain occurs on the self-lubricating special fiber guides<\/li>\n<li>The transmission of the forward movement of balanced short axis connected to the toothed wheels<\/li>\n<li>The chain feed speed is continuously adjustable from 4 to 30 m \/ min<\/li>\n<li>The upper chain workpiece clamping system consists of a special non-drivable rubber track, driven by a gear motor and a reverse gear with speed adjustment synchronous with the chain feed speed.<\/li>\n<li>The higher pressure on the workpiece during the working process is uniform throughout the width of the machine and is achieved by means of an air compression adjustment with air pressure regulator<\/li>\n<li>The upper pressure system with vertical electrical adjustment and visualization of operating measurements on the digital electronic indicator is located inside the control panel<\/li>\n<li>The high precision of the sliding guides allows transverse and vertical adjustment of the working units without the need for mechanical locking<\/li>\n<li>Positioning is carried out by means of trapezoidal screws with visualization of the indicated mechanical digital indicators<\/li>\n<li>The working units can be tilted manually with reading of the displacement angle on the mechanical digital indicators; the inclination of the angle is variable depending on the unit used.<\/li>\n<li>WORK MEASURES<br \/>\n-Length (direction of shoulder movement), minimum: 180mm<br \/>\n-Length (direction of shoulder travel), maximum: 2500mm<br \/>\n-Working (working feed direction), minimum: 180mm<br \/>\n-Working (working feed direction), maximum: 2500mm<br \/>\n-Thickness, minimum: 10mm<br \/>\n-Thickness, maximum: 100mm<\/li>\n<li>WORK UNITS:<br \/>\nScoring unit B-28 - Station 1 right + left<br \/>\n- Maximum tool diameter: 150 mm<br \/>\n-Shaft diameter: 30mm<br \/>\n-Shaft rotation: 7600 RPM<br \/>\nDouble reeving unit B-36 - Station 2-3 right + left<br \/>\n-Maximum tool diameter: 250mm<br \/>\n-Shaft diameter: 40mm<br \/>\nShaft rotation: 6000 rpm<\/li>\n<li>J-33 \/ CR Profiling Unit (skip) - Station 4 right + left<br \/>\n-Maximum tool diameter: 300mm<br \/>\n-Shaft diameter: 40mm<br \/>\nShaft rotation: 6000 rpm<\/li>\n<li>Profiling unit J-30 \/ CR - Station 5 right + left<br \/>\n-Maximum tool diameter: 250mm<br \/>\n-Shaft diameter: 40mm<br \/>\nShaft rotation: 6000 rpm<\/li>\n<li>POWER MOTORS<br \/>\n-Scoring unit B-28 (2x 2.2 kW) 4.4 kW<br \/>\n-Double monogiator B36-1 (4x 5.5 kW) 22.0 kW<br \/>\n-Double monogiator B36-2 (4x 5.5 kW) 22.0 kW<br \/>\n-Profile unit J-33 \/ CR (jump) (2x 7.5kW) 15.0 kW<br \/>\n-Profile unit J-30 \/ CR (2x 8.1 kW) 16.2 kW<br \/>\n-Parts carrying the system (1x 4.0kW) 4.0 kW<br \/>\n- Removable shoulder movement (1x 2.2 kW) 2.2 kW<br \/>\n-Power supply track (2x 0.55 kW) 1.1 kW<br \/>\n- Rail height adjustment (2x 0.55 kW) 1.1 kW<br \/>\n-Total input power: 140.0 kW<br \/>\n- Full load current: 220.0 A<\/li>\n<li>Feed speed of the transport system, minimum: 4m<\/li>\n<li>Feeding speed of the transport system, maximum: 30 m<\/li>\n<li>Extraction speed: 30 m \/ sec<\/li>\n<li>Total extraction air: 16,200 m3 \/ h<\/li>\n<li>Total air consumption: 794 l \/ min<\/li>\n<li>Machine dimensions (mm) - doors closed: 5035 x 7750 x 2050<\/li>\n<li>Machine dimensions (mm) - doors open: 7425 x 7750 x 2050<\/li>\n<li>Control board dimensions (mm): 1200 x 800 x 2100<\/li>\n<li>Machine weight: 8300 kg<\/li>\n<li>Control panel weight: 300 kg<\/li>\n<\/ul>","protected":false},"excerpt":{"rendered":"<p>Friulmac DET: Automatic machine for squaring, tenoning, profiling and sanding hardwoods and similar elements and panels for furniture, doors and windows, flooring industry, etc. The heavy framing base if it is made of a structure capable of absorbing and avoiding vibrations and resonances caused by [\u2026]<\/p>","protected":false},"author":3,"featured_media":51588,"comment_status":"open","ping_status":"closed","template":"","meta":[],"product_cat":[308],"product_tag":[],"acf":[],"yoast_head":"<!-- This site is optimized with the Yoast SEO plugin v16.8 - https:\/\/yoast.com\/wordpress\/plugins\/seo\/ -->\n<title>Friulmac D.E.T. - Machineries BST<\/title>\n<meta name=\"robots\" content=\"index, follow, max-snippet:-1, max-image-preview:large, max-video-preview:-1\" \/>\n<link rel=\"canonical\" href=\"https:\/\/machineriesbst.com\/en\/catalogue\/friulmac-d-e-t\/\" \/>\n<meta property=\"og:locale\" content=\"en_US\" \/>\n<meta property=\"og:type\" content=\"article\" \/>\n<meta property=\"og:title\" content=\"Friulmac D.E.T. - Machineries BST\" \/>\n<meta property=\"og:description\" content=\"Friulmac D.E.T.: Machine automatique pour l&#039;\u00e9quarrissage, le tenonnage, le profilage et le pon\u00e7age de bois dur et d&#039;\u00e9l\u00e9ments et de panneaux similaires pour le mobilier, les portes et fen\u00eatres, l&#039;industrie des sols, etc. La base lourde d&#039;encadrement si elle est faite d&#039;une structure capable d&#039;absorber et d&#039;\u00e9viter les vibrations et les r\u00e9sonances caus\u00e9es par le [&hellip;]\" \/>\n<meta property=\"og:url\" content=\"https:\/\/machineriesbst.com\/en\/catalogue\/friulmac-d-e-t\/\" \/>\n<meta property=\"og:site_name\" content=\"Machineries BST\" \/>\n<meta property=\"article:modified_time\" content=\"2023-12-01T01:24:13+00:00\" \/>\n<meta property=\"og:image\" content=\"https:\/\/machineriesbst.com\/wp-content\/uploads\/2021\/05\/friulmac.det_.c3913.03.jpg\" \/>\n\t<meta property=\"og:image:width\" content=\"480\" \/>\n\t<meta property=\"og:image:height\" content=\"269\" \/>\n<meta name=\"twitter:card\" content=\"summary_large_image\" \/>\n<meta name=\"twitter:label1\" content=\"Est. reading time\" \/>\n\t<meta name=\"twitter:data1\" content=\"4 minutes\" \/>\n<script type=\"application\/ld+json\" class=\"yoast-schema-graph\">{\"@context\":\"https:\/\/schema.org\",\"@graph\":[{\"@type\":\"WebSite\",\"@id\":\"https:\/\/machineriesbst.com\/en\/#website\",\"url\":\"https:\/\/machineriesbst.com\/en\/\",\"name\":\"Machineries BST\",\"description\":\"Machines neuves &amp; usag\\u00e9es\",\"potentialAction\":[{\"@type\":\"SearchAction\",\"target\":{\"@type\":\"EntryPoint\",\"urlTemplate\":\"https:\/\/machineriesbst.com\/en\/?s={search_term_string}\"},\"query-input\":\"required name=search_term_string\"}],\"inLanguage\":\"en-US\"},{\"@type\":\"ImageObject\",\"@id\":\"https:\/\/machineriesbst.com\/en\/catalogue\/friulmac-d-e-t\/#primaryimage\",\"inLanguage\":\"en-US\",\"url\":\"https:\/\/machineriesbst.com\/wp-content\/uploads\/2021\/05\/friulmac.det_.c3913.03.jpg\",\"contentUrl\":\"https:\/\/machineriesbst.com\/wp-content\/uploads\/2021\/05\/friulmac.det_.c3913.03.jpg\",\"width\":480,\"height\":269},{\"@type\":\"WebPage\",\"@id\":\"https:\/\/machineriesbst.com\/en\/catalogue\/friulmac-d-e-t\/#webpage\",\"url\":\"https:\/\/machineriesbst.com\/en\/catalogue\/friulmac-d-e-t\/\",\"name\":\"Friulmac D.E.T. - Machineries BST\",\"isPartOf\":{\"@id\":\"https:\/\/machineriesbst.com\/en\/#website\"},\"primaryImageOfPage\":{\"@id\":\"https:\/\/machineriesbst.com\/en\/catalogue\/friulmac-d-e-t\/#primaryimage\"},\"datePublished\":\"2021-06-08T13:44:49+00:00\",\"dateModified\":\"2023-12-01T01:24:13+00:00\",\"breadcrumb\":{\"@id\":\"https:\/\/machineriesbst.com\/en\/catalogue\/friulmac-d-e-t\/#breadcrumb\"},\"inLanguage\":\"en-US\",\"potentialAction\":[{\"@type\":\"ReadAction\",\"target\":[\"https:\/\/machineriesbst.com\/en\/catalogue\/friulmac-d-e-t\/\"]}]},{\"@type\":\"BreadcrumbList\",\"@id\":\"https:\/\/machineriesbst.com\/en\/catalogue\/friulmac-d-e-t\/#breadcrumb\",\"itemListElement\":[{\"@type\":\"ListItem\",\"position\":1,\"name\":\"Accueil\",\"item\":\"https:\/\/machineriesbst.com\/en\/\"},{\"@type\":\"ListItem\",\"position\":2,\"name\":\"Catalogue\",\"item\":\"https:\/\/machineriesbst.com\/en\/catalog\/\"},{\"@type\":\"ListItem\",\"position\":3,\"name\":\"Friulmac D.E.T.\"}]}]}<\/script>\n<!-- \/ Yoast SEO plugin. -->","yoast_head_json":{"title":"Friulmac D.E.T. - Machineries BST","robots":{"index":"index","follow":"follow","max-snippet":"max-snippet:-1","max-image-preview":"max-image-preview:large","max-video-preview":"max-video-preview:-1"},"canonical":"https:\/\/machineriesbst.com\/en\/catalogue\/friulmac-d-e-t\/","og_locale":"en_US","og_type":"article","og_title":"Friulmac D.E.T. - Machineries BST","og_description":"Friulmac D.E.T.: Machine automatique pour l'\u00e9quarrissage, le tenonnage, le profilage et le pon\u00e7age de bois dur et d'\u00e9l\u00e9ments et de panneaux similaires pour le mobilier, les portes et fen\u00eatres, l'industrie des sols, etc. La base lourde d'encadrement si elle est faite d'une structure capable d'absorber et d'\u00e9viter les vibrations et les r\u00e9sonances caus\u00e9es par le [&hellip;]","og_url":"https:\/\/machineriesbst.com\/en\/catalogue\/friulmac-d-e-t\/","og_site_name":"Machineries BST","article_modified_time":"2023-12-01T01:24:13+00:00","og_image":[{"width":480,"height":269,"url":"https:\/\/machineriesbst.com\/wp-content\/uploads\/2021\/05\/friulmac.det_.c3913.03.jpg","path":"\/home\/jepeto\/public_html\/wp-content\/uploads\/2021\/05\/friulmac.det_.c3913.03.jpg","size":"full","id":51588,"alt":"","pixels":129120,"type":"image\/jpeg"}],"twitter_card":"summary_large_image","twitter_misc":{"Est. reading time":"4 minutes"},"schema":{"@context":"https:\/\/schema.org","@graph":[{"@type":"WebSite","@id":"https:\/\/machineriesbst.com\/en\/#website","url":"https:\/\/machineriesbst.com\/en\/","name":"Machineries BST","description":"Machines neuves &amp; usag\u00e9es","potentialAction":[{"@type":"SearchAction","target":{"@type":"EntryPoint","urlTemplate":"https:\/\/machineriesbst.com\/en\/?s={search_term_string}"},"query-input":"required name=search_term_string"}],"inLanguage":"en-US"},{"@type":"ImageObject","@id":"https:\/\/machineriesbst.com\/en\/catalogue\/friulmac-d-e-t\/#primaryimage","inLanguage":"en-US","url":"https:\/\/machineriesbst.com\/wp-content\/uploads\/2021\/05\/friulmac.det_.c3913.03.jpg","contentUrl":"https:\/\/machineriesbst.com\/wp-content\/uploads\/2021\/05\/friulmac.det_.c3913.03.jpg","width":480,"height":269},{"@type":"WebPage","@id":"https:\/\/machineriesbst.com\/en\/catalogue\/friulmac-d-e-t\/#webpage","url":"https:\/\/machineriesbst.com\/en\/catalogue\/friulmac-d-e-t\/","name":"Friulmac D.E.T. - Machineries BST","isPartOf":{"@id":"https:\/\/machineriesbst.com\/en\/#website"},"primaryImageOfPage":{"@id":"https:\/\/machineriesbst.com\/en\/catalogue\/friulmac-d-e-t\/#primaryimage"},"datePublished":"2021-06-08T13:44:49+00:00","dateModified":"2023-12-01T01:24:13+00:00","breadcrumb":{"@id":"https:\/\/machineriesbst.com\/en\/catalogue\/friulmac-d-e-t\/#breadcrumb"},"inLanguage":"en-US","potentialAction":[{"@type":"ReadAction","target":["https:\/\/machineriesbst.com\/en\/catalogue\/friulmac-d-e-t\/"]}]},{"@type":"BreadcrumbList","@id":"https:\/\/machineriesbst.com\/en\/catalogue\/friulmac-d-e-t\/#breadcrumb","itemListElement":[{"@type":"ListItem","position":1,"name":"Accueil","item":"https:\/\/machineriesbst.com\/en\/"},{"@type":"ListItem","position":2,"name":"Catalogue","item":"https:\/\/machineriesbst.com\/en\/catalog\/"},{"@type":"ListItem","position":3,"name":"Friulmac D.E.T."}]}]}},"_links":{"self":[{"href":"https:\/\/machineriesbst.com\/en\/wp-json\/wp\/v2\/product\/58073"}],"collection":[{"href":"https:\/\/machineriesbst.com\/en\/wp-json\/wp\/v2\/product"}],"about":[{"href":"https:\/\/machineriesbst.com\/en\/wp-json\/wp\/v2\/types\/product"}],"author":[{"embeddable":true,"href":"https:\/\/machineriesbst.com\/en\/wp-json\/wp\/v2\/users\/3"}],"replies":[{"embeddable":true,"href":"https:\/\/machineriesbst.com\/en\/wp-json\/wp\/v2\/comments?post=58073"}],"wp:featuredmedia":[{"embeddable":true,"href":"https:\/\/machineriesbst.com\/en\/wp-json\/wp\/v2\/media\/51588"}],"wp:attachment":[{"href":"https:\/\/machineriesbst.com\/en\/wp-json\/wp\/v2\/media?parent=58073"}],"wp:term":[{"taxonomy":"product_cat","embeddable":true,"href":"https:\/\/machineriesbst.com\/en\/wp-json\/wp\/v2\/product_cat?post=58073"},{"taxonomy":"product_tag","embeddable":true,"href":"https:\/\/machineriesbst.com\/en\/wp-json\/wp\/v2\/product_tag?post=58073"}],"curies":[{"name":"wp","href":"https:\/\/api.w.org\/{rel}","templated":true}]}}