{"id":58072,"date":"2021-06-08T09:44:49","date_gmt":"2021-06-08T13:44:49","guid":{"rendered":"https:\/\/machineriesbst.com\/?post_type=product&#038;p=58072"},"modified":"2023-11-30T20:24:13","modified_gmt":"2023-12-01T01:24:13","slug":"balistrini-pico","status":"publish","type":"product","link":"https:\/\/machineriesbst.com\/en\/catalogue\/balistrini-pico\/","title":{"rendered":"Balistrini Pico"},"content":{"rendered":"<p>Balistrini Pico:<\/p>\n<ul>\n<li>Tenonnier with round end.<\/li>\n<li>Hourly production: 600\/700 studs.<\/li>\n<li>Tenon width: max. 100 mm (~ 4 &quot;).<\/li>\n<li>Tenon thickness: max. 30 mm (~ 1.18)<\/li>\n<li>Tenon depth: max. 50 mm (~ 1.96).<\/li>\n<li>Table tilt: max. 20 degrees.<\/li>\n<li>2 pneumatic ties - one per table.<\/li>\n<li>45 degree swivel workpiece fence.<\/li>\n<li>Knife rotation: 9000 rpm.<\/li>\n<li>Cutting motor: 4HP<\/li>\n<li>Engine cycle: 1HP<\/li>\n<\/ul>","protected":false},"excerpt":{"rendered":"<p>Balistrini Pico: Round toe tenoner. Hourly production: 600\/700 tenons. Tenon width: max. 100mm (~4&quot;). Tenon thickness: max. 30mm (~1.18) Tenon depth: max. 50mm (~1.96). Table tilt: max. 20 degrees. 2 pneumatic clamps - one per table 45\u00b0 swivel workpiece fence [\u2026]<\/p>","protected":false},"author":3,"featured_media":51584,"comment_status":"open","ping_status":"closed","template":"","meta":[],"product_cat":[308],"product_tag":[],"acf":[],"yoast_head":"<!-- This site is optimized with the Yoast SEO plugin v16.8 - https:\/\/yoast.com\/wordpress\/plugins\/seo\/ -->\n<title>Balistrini Pico - Machineries BST<\/title>\n<meta name=\"robots\" content=\"index, follow, max-snippet:-1, max-image-preview:large, max-video-preview:-1\" \/>\n<link rel=\"canonical\" href=\"https:\/\/machineriesbst.com\/en\/catalogue\/balistrini-pico\/\" \/>\n<meta property=\"og:locale\" content=\"en_US\" \/>\n<meta property=\"og:type\" content=\"article\" \/>\n<meta property=\"og:title\" content=\"Balistrini Pico - Machineries BST\" \/>\n<meta property=\"og:description\" content=\"Balistrini Pico: Tenonnier \u00e0 bout rond. Production horaire: 600\/700 tenons. Largeur du tenon: max. 100 mm (~ 4 &quot;). Tenon \u00e9paisseur: max. 30 mm (~ 1,18) Tenon profondeur: max. 50 mm (~ 1,96). Inclinaison de la table: max. 20 degr\u00e9s. 2 attaches pneumatiques - une par table. Cl\u00f4ture de pi\u00e8ce de travail pivotant \u00e0 45 [&hellip;]\" \/>\n<meta property=\"og:url\" content=\"https:\/\/machineriesbst.com\/en\/catalogue\/balistrini-pico\/\" \/>\n<meta property=\"og:site_name\" content=\"Machineries BST\" \/>\n<meta property=\"article:modified_time\" content=\"2023-12-01T01:24:13+00:00\" \/>\n<meta property=\"og:image\" content=\"https:\/\/machineriesbst.com\/wp-content\/uploads\/2021\/05\/pico-1-medium.jpg\" \/>\n\t<meta property=\"og:image:width\" content=\"576\" \/>\n\t<meta property=\"og:image:height\" content=\"768\" \/>\n<meta name=\"twitter:card\" content=\"summary_large_image\" \/>\n<script type=\"application\/ld+json\" class=\"yoast-schema-graph\">{\"@context\":\"https:\/\/schema.org\",\"@graph\":[{\"@type\":\"WebSite\",\"@id\":\"https:\/\/machineriesbst.com\/en\/#website\",\"url\":\"https:\/\/machineriesbst.com\/en\/\",\"name\":\"Machineries BST\",\"description\":\"Machines neuves &amp; usag\\u00e9es\",\"potentialAction\":[{\"@type\":\"SearchAction\",\"target\":{\"@type\":\"EntryPoint\",\"urlTemplate\":\"https:\/\/machineriesbst.com\/en\/?s={search_term_string}\"},\"query-input\":\"required name=search_term_string\"}],\"inLanguage\":\"en-US\"},{\"@type\":\"ImageObject\",\"@id\":\"https:\/\/machineriesbst.com\/en\/catalogue\/balistrini-pico\/#primaryimage\",\"inLanguage\":\"en-US\",\"url\":\"https:\/\/machineriesbst.com\/wp-content\/uploads\/2021\/05\/pico-1-medium.jpg\",\"contentUrl\":\"https:\/\/machineriesbst.com\/wp-content\/uploads\/2021\/05\/pico-1-medium.jpg\",\"width\":576,\"height\":768},{\"@type\":\"WebPage\",\"@id\":\"https:\/\/machineriesbst.com\/en\/catalogue\/balistrini-pico\/#webpage\",\"url\":\"https:\/\/machineriesbst.com\/en\/catalogue\/balistrini-pico\/\",\"name\":\"Balistrini Pico - Machineries BST\",\"isPartOf\":{\"@id\":\"https:\/\/machineriesbst.com\/en\/#website\"},\"primaryImageOfPage\":{\"@id\":\"https:\/\/machineriesbst.com\/en\/catalogue\/balistrini-pico\/#primaryimage\"},\"datePublished\":\"2021-06-08T13:44:49+00:00\",\"dateModified\":\"2023-12-01T01:24:13+00:00\",\"breadcrumb\":{\"@id\":\"https:\/\/machineriesbst.com\/en\/catalogue\/balistrini-pico\/#breadcrumb\"},\"inLanguage\":\"en-US\",\"potentialAction\":[{\"@type\":\"ReadAction\",\"target\":[\"https:\/\/machineriesbst.com\/en\/catalogue\/balistrini-pico\/\"]}]},{\"@type\":\"BreadcrumbList\",\"@id\":\"https:\/\/machineriesbst.com\/en\/catalogue\/balistrini-pico\/#breadcrumb\",\"itemListElement\":[{\"@type\":\"ListItem\",\"position\":1,\"name\":\"Accueil\",\"item\":\"https:\/\/machineriesbst.com\/en\/\"},{\"@type\":\"ListItem\",\"position\":2,\"name\":\"Catalogue\",\"item\":\"https:\/\/machineriesbst.com\/en\/catalog\/\"},{\"@type\":\"ListItem\",\"position\":3,\"name\":\"Balistrini Pico\"}]}]}<\/script>\n<!-- \/ Yoast SEO plugin. -->","yoast_head_json":{"title":"Balistrini Pico - Machineries BST","robots":{"index":"index","follow":"follow","max-snippet":"max-snippet:-1","max-image-preview":"max-image-preview:large","max-video-preview":"max-video-preview:-1"},"canonical":"https:\/\/machineriesbst.com\/en\/catalogue\/balistrini-pico\/","og_locale":"en_US","og_type":"article","og_title":"Balistrini Pico - Machineries BST","og_description":"Balistrini Pico: Tenonnier \u00e0 bout rond. Production horaire: 600\/700 tenons. Largeur du tenon: max. 100 mm (~ 4 \"). Tenon \u00e9paisseur: max. 30 mm (~ 1,18) Tenon profondeur: max. 50 mm (~ 1,96). Inclinaison de la table: max. 20 degr\u00e9s. 2 attaches pneumatiques - une par table. Cl\u00f4ture de pi\u00e8ce de travail pivotant \u00e0 45 [&hellip;]","og_url":"https:\/\/machineriesbst.com\/en\/catalogue\/balistrini-pico\/","og_site_name":"Machineries BST","article_modified_time":"2023-12-01T01:24:13+00:00","og_image":[{"width":576,"height":768,"url":"https:\/\/machineriesbst.com\/wp-content\/uploads\/2021\/05\/pico-1-medium.jpg","path":"\/home\/jepeto\/public_html\/wp-content\/uploads\/2021\/05\/pico-1-medium.jpg","size":"full","id":51584,"alt":"","pixels":442368,"type":"image\/jpeg"}],"twitter_card":"summary_large_image","schema":{"@context":"https:\/\/schema.org","@graph":[{"@type":"WebSite","@id":"https:\/\/machineriesbst.com\/en\/#website","url":"https:\/\/machineriesbst.com\/en\/","name":"Machineries BST","description":"Machines neuves &amp; usag\u00e9es","potentialAction":[{"@type":"SearchAction","target":{"@type":"EntryPoint","urlTemplate":"https:\/\/machineriesbst.com\/en\/?s={search_term_string}"},"query-input":"required name=search_term_string"}],"inLanguage":"en-US"},{"@type":"ImageObject","@id":"https:\/\/machineriesbst.com\/en\/catalogue\/balistrini-pico\/#primaryimage","inLanguage":"en-US","url":"https:\/\/machineriesbst.com\/wp-content\/uploads\/2021\/05\/pico-1-medium.jpg","contentUrl":"https:\/\/machineriesbst.com\/wp-content\/uploads\/2021\/05\/pico-1-medium.jpg","width":576,"height":768},{"@type":"WebPage","@id":"https:\/\/machineriesbst.com\/en\/catalogue\/balistrini-pico\/#webpage","url":"https:\/\/machineriesbst.com\/en\/catalogue\/balistrini-pico\/","name":"Balistrini Pico - Machineries BST","isPartOf":{"@id":"https:\/\/machineriesbst.com\/en\/#website"},"primaryImageOfPage":{"@id":"https:\/\/machineriesbst.com\/en\/catalogue\/balistrini-pico\/#primaryimage"},"datePublished":"2021-06-08T13:44:49+00:00","dateModified":"2023-12-01T01:24:13+00:00","breadcrumb":{"@id":"https:\/\/machineriesbst.com\/en\/catalogue\/balistrini-pico\/#breadcrumb"},"inLanguage":"en-US","potentialAction":[{"@type":"ReadAction","target":["https:\/\/machineriesbst.com\/en\/catalogue\/balistrini-pico\/"]}]},{"@type":"BreadcrumbList","@id":"https:\/\/machineriesbst.com\/en\/catalogue\/balistrini-pico\/#breadcrumb","itemListElement":[{"@type":"ListItem","position":1,"name":"Accueil","item":"https:\/\/machineriesbst.com\/en\/"},{"@type":"ListItem","position":2,"name":"Catalogue","item":"https:\/\/machineriesbst.com\/en\/catalog\/"},{"@type":"ListItem","position":3,"name":"Balistrini Pico"}]}]}},"_links":{"self":[{"href":"https:\/\/machineriesbst.com\/en\/wp-json\/wp\/v2\/product\/58072"}],"collection":[{"href":"https:\/\/machineriesbst.com\/en\/wp-json\/wp\/v2\/product"}],"about":[{"href":"https:\/\/machineriesbst.com\/en\/wp-json\/wp\/v2\/types\/product"}],"author":[{"embeddable":true,"href":"https:\/\/machineriesbst.com\/en\/wp-json\/wp\/v2\/users\/3"}],"replies":[{"embeddable":true,"href":"https:\/\/machineriesbst.com\/en\/wp-json\/wp\/v2\/comments?post=58072"}],"wp:featuredmedia":[{"embeddable":true,"href":"https:\/\/machineriesbst.com\/en\/wp-json\/wp\/v2\/media\/51584"}],"wp:attachment":[{"href":"https:\/\/machineriesbst.com\/en\/wp-json\/wp\/v2\/media?parent=58072"}],"wp:term":[{"taxonomy":"product_cat","embeddable":true,"href":"https:\/\/machineriesbst.com\/en\/wp-json\/wp\/v2\/product_cat?post=58072"},{"taxonomy":"product_tag","embeddable":true,"href":"https:\/\/machineriesbst.com\/en\/wp-json\/wp\/v2\/product_tag?post=58072"}],"curies":[{"name":"wp","href":"https:\/\/api.w.org\/{rel}","templated":true}]}}