{"id":58071,"date":"2021-06-08T09:44:48","date_gmt":"2021-06-08T13:44:48","guid":{"rendered":"https:\/\/machineriesbst.com\/?post_type=product&#038;p=58071"},"modified":"2023-11-30T20:24:13","modified_gmt":"2023-12-01T01:24:13","slug":"moulin-a-bois-horizontal-williams-pulverizer","status":"publish","type":"product","link":"https:\/\/machineriesbst.com\/en\/catalogue\/moulin-a-bois-horizontal-williams-pulverizer\/","title":{"rendered":"Williams Pulverizer Horizontal Wood Mill"},"content":{"rendered":"<p>Williams Pulverizer horizontal wood mill:<\/p>\n<ul>\n<li>Horizontal Swing Hammer Crusher with 100HP<\/li>\n<li>The throat of the electric motor measures 28 &quot;wide x 7&quot; high.<\/li>\n<li>S \/ N 19311.<\/li>\n<li>Can be purchased as a package or separately.<\/li>\n<li>Kinergy Vibrating Conveyor measures 25 &#39;x 27&#39; &#39;at bottom<\/li>\n<\/ul>","protected":false},"excerpt":{"rendered":"<p>Moulin \u00e0 bois horizontal Williams Pulverizer: Broyeur horizontal de marteau d'oscillation avec 100HP La gorge du moteur \u00e9lectrique mesure 28 \"de large x 7\" de haut. S \/ N 19311. Peut \u00eatre achet\u00e9 comme paquet ou s\u00e9par\u00e9. Le convoyeur vibrant Kinergy mesure 25 pi x 27 po en bas<\/p>","protected":false},"author":3,"featured_media":51578,"comment_status":"open","ping_status":"closed","template":"","meta":[],"product_cat":[3016],"product_tag":[],"acf":[],"yoast_head":"<!-- This site is optimized with the Yoast SEO plugin v16.8 - https:\/\/yoast.com\/wordpress\/plugins\/seo\/ -->\n<title>Moulin \u00e0 bois horizontal Williams Pulverizer - Machineries BST<\/title>\n<meta name=\"robots\" content=\"index, follow, max-snippet:-1, max-image-preview:large, max-video-preview:-1\" \/>\n<link rel=\"canonical\" href=\"https:\/\/machineriesbst.com\/en\/catalogue\/moulin-a-bois-horizontal-williams-pulverizer\/\" \/>\n<meta property=\"og:locale\" content=\"en_US\" \/>\n<meta property=\"og:type\" content=\"article\" \/>\n<meta property=\"og:title\" content=\"Moulin \u00e0 bois horizontal Williams Pulverizer - Machineries BST\" \/>\n<meta property=\"og:description\" content=\"Moulin \u00e0 bois horizontal Williams Pulverizer: Broyeur horizontal de marteau d&#039;oscillation avec 100HP La gorge du moteur \u00e9lectrique mesure 28 &quot;de large x 7&quot; de haut. S \/ N 19311. Peut \u00eatre achet\u00e9 comme paquet ou s\u00e9par\u00e9. Le convoyeur vibrant Kinergy mesure 25 pi x 27 po en bas\" \/>\n<meta property=\"og:url\" content=\"https:\/\/machineriesbst.com\/en\/catalogue\/moulin-a-bois-horizontal-williams-pulverizer\/\" \/>\n<meta property=\"og:site_name\" content=\"Machineries BST\" \/>\n<meta property=\"article:modified_time\" content=\"2023-12-01T01:24:13+00:00\" \/>\n<meta property=\"og:image\" content=\"https:\/\/machineriesbst.com\/wp-content\/uploads\/2021\/05\/thmb_img_7731.jpg\" \/>\n\t<meta property=\"og:image:width\" content=\"156\" \/>\n\t<meta property=\"og:image:height\" content=\"104\" \/>\n<meta name=\"twitter:card\" content=\"summary_large_image\" \/>\n<script type=\"application\/ld+json\" class=\"yoast-schema-graph\">{\"@context\":\"https:\/\/schema.org\",\"@graph\":[{\"@type\":\"WebSite\",\"@id\":\"https:\/\/machineriesbst.com\/en\/#website\",\"url\":\"https:\/\/machineriesbst.com\/en\/\",\"name\":\"Machineries BST\",\"description\":\"Machines neuves &amp; usag\\u00e9es\",\"potentialAction\":[{\"@type\":\"SearchAction\",\"target\":{\"@type\":\"EntryPoint\",\"urlTemplate\":\"https:\/\/machineriesbst.com\/en\/?s={search_term_string}\"},\"query-input\":\"required name=search_term_string\"}],\"inLanguage\":\"en-US\"},{\"@type\":\"ImageObject\",\"@id\":\"https:\/\/machineriesbst.com\/en\/catalogue\/moulin-a-bois-horizontal-williams-pulverizer\/#primaryimage\",\"inLanguage\":\"en-US\",\"url\":\"https:\/\/machineriesbst.com\/wp-content\/uploads\/2021\/05\/thmb_img_7731.jpg\",\"contentUrl\":\"https:\/\/machineriesbst.com\/wp-content\/uploads\/2021\/05\/thmb_img_7731.jpg\",\"width\":156,\"height\":104},{\"@type\":\"WebPage\",\"@id\":\"https:\/\/machineriesbst.com\/en\/catalogue\/moulin-a-bois-horizontal-williams-pulverizer\/#webpage\",\"url\":\"https:\/\/machineriesbst.com\/en\/catalogue\/moulin-a-bois-horizontal-williams-pulverizer\/\",\"name\":\"Moulin \\u00e0 bois horizontal Williams Pulverizer - Machineries BST\",\"isPartOf\":{\"@id\":\"https:\/\/machineriesbst.com\/en\/#website\"},\"primaryImageOfPage\":{\"@id\":\"https:\/\/machineriesbst.com\/en\/catalogue\/moulin-a-bois-horizontal-williams-pulverizer\/#primaryimage\"},\"datePublished\":\"2021-06-08T13:44:48+00:00\",\"dateModified\":\"2023-12-01T01:24:13+00:00\",\"breadcrumb\":{\"@id\":\"https:\/\/machineriesbst.com\/en\/catalogue\/moulin-a-bois-horizontal-williams-pulverizer\/#breadcrumb\"},\"inLanguage\":\"en-US\",\"potentialAction\":[{\"@type\":\"ReadAction\",\"target\":[\"https:\/\/machineriesbst.com\/en\/catalogue\/moulin-a-bois-horizontal-williams-pulverizer\/\"]}]},{\"@type\":\"BreadcrumbList\",\"@id\":\"https:\/\/machineriesbst.com\/en\/catalogue\/moulin-a-bois-horizontal-williams-pulverizer\/#breadcrumb\",\"itemListElement\":[{\"@type\":\"ListItem\",\"position\":1,\"name\":\"Accueil\",\"item\":\"https:\/\/machineriesbst.com\/en\/\"},{\"@type\":\"ListItem\",\"position\":2,\"name\":\"Catalogue\",\"item\":\"https:\/\/machineriesbst.com\/en\/catalog\/\"},{\"@type\":\"ListItem\",\"position\":3,\"name\":\"Moulin \\u00e0 bois horizontal Williams Pulverizer\"}]}]}<\/script>\n<!-- \/ Yoast SEO plugin. -->","yoast_head_json":{"title":"Moulin \u00e0 bois horizontal Williams Pulverizer - Machineries BST","robots":{"index":"index","follow":"follow","max-snippet":"max-snippet:-1","max-image-preview":"max-image-preview:large","max-video-preview":"max-video-preview:-1"},"canonical":"https:\/\/machineriesbst.com\/en\/catalogue\/moulin-a-bois-horizontal-williams-pulverizer\/","og_locale":"en_US","og_type":"article","og_title":"Moulin \u00e0 bois horizontal Williams Pulverizer - Machineries BST","og_description":"Moulin \u00e0 bois horizontal Williams Pulverizer: Broyeur horizontal de marteau d'oscillation avec 100HP La gorge du moteur \u00e9lectrique mesure 28 \"de large x 7\" de haut. S \/ N 19311. Peut \u00eatre achet\u00e9 comme paquet ou s\u00e9par\u00e9. Le convoyeur vibrant Kinergy mesure 25 pi x 27 po en bas","og_url":"https:\/\/machineriesbst.com\/en\/catalogue\/moulin-a-bois-horizontal-williams-pulverizer\/","og_site_name":"Machineries BST","article_modified_time":"2023-12-01T01:24:13+00:00","og_image":[{"width":156,"height":104,"url":"https:\/\/machineriesbst.com\/wp-content\/uploads\/2021\/05\/thmb_img_7731.jpg","path":"\/home\/jepeto\/public_html\/wp-content\/uploads\/2021\/05\/thmb_img_7731.jpg","size":"full","id":51578,"alt":"","pixels":16224,"type":"image\/jpeg"}],"twitter_card":"summary_large_image","schema":{"@context":"https:\/\/schema.org","@graph":[{"@type":"WebSite","@id":"https:\/\/machineriesbst.com\/en\/#website","url":"https:\/\/machineriesbst.com\/en\/","name":"Machineries BST","description":"Machines neuves &amp; usag\u00e9es","potentialAction":[{"@type":"SearchAction","target":{"@type":"EntryPoint","urlTemplate":"https:\/\/machineriesbst.com\/en\/?s={search_term_string}"},"query-input":"required name=search_term_string"}],"inLanguage":"en-US"},{"@type":"ImageObject","@id":"https:\/\/machineriesbst.com\/en\/catalogue\/moulin-a-bois-horizontal-williams-pulverizer\/#primaryimage","inLanguage":"en-US","url":"https:\/\/machineriesbst.com\/wp-content\/uploads\/2021\/05\/thmb_img_7731.jpg","contentUrl":"https:\/\/machineriesbst.com\/wp-content\/uploads\/2021\/05\/thmb_img_7731.jpg","width":156,"height":104},{"@type":"WebPage","@id":"https:\/\/machineriesbst.com\/en\/catalogue\/moulin-a-bois-horizontal-williams-pulverizer\/#webpage","url":"https:\/\/machineriesbst.com\/en\/catalogue\/moulin-a-bois-horizontal-williams-pulverizer\/","name":"Moulin \u00e0 bois horizontal Williams Pulverizer - Machineries BST","isPartOf":{"@id":"https:\/\/machineriesbst.com\/en\/#website"},"primaryImageOfPage":{"@id":"https:\/\/machineriesbst.com\/en\/catalogue\/moulin-a-bois-horizontal-williams-pulverizer\/#primaryimage"},"datePublished":"2021-06-08T13:44:48+00:00","dateModified":"2023-12-01T01:24:13+00:00","breadcrumb":{"@id":"https:\/\/machineriesbst.com\/en\/catalogue\/moulin-a-bois-horizontal-williams-pulverizer\/#breadcrumb"},"inLanguage":"en-US","potentialAction":[{"@type":"ReadAction","target":["https:\/\/machineriesbst.com\/en\/catalogue\/moulin-a-bois-horizontal-williams-pulverizer\/"]}]},{"@type":"BreadcrumbList","@id":"https:\/\/machineriesbst.com\/en\/catalogue\/moulin-a-bois-horizontal-williams-pulverizer\/#breadcrumb","itemListElement":[{"@type":"ListItem","position":1,"name":"Accueil","item":"https:\/\/machineriesbst.com\/en\/"},{"@type":"ListItem","position":2,"name":"Catalogue","item":"https:\/\/machineriesbst.com\/en\/catalog\/"},{"@type":"ListItem","position":3,"name":"Moulin \u00e0 bois horizontal Williams Pulverizer"}]}]}},"_links":{"self":[{"href":"https:\/\/machineriesbst.com\/en\/wp-json\/wp\/v2\/product\/58071"}],"collection":[{"href":"https:\/\/machineriesbst.com\/en\/wp-json\/wp\/v2\/product"}],"about":[{"href":"https:\/\/machineriesbst.com\/en\/wp-json\/wp\/v2\/types\/product"}],"author":[{"embeddable":true,"href":"https:\/\/machineriesbst.com\/en\/wp-json\/wp\/v2\/users\/3"}],"replies":[{"embeddable":true,"href":"https:\/\/machineriesbst.com\/en\/wp-json\/wp\/v2\/comments?post=58071"}],"wp:featuredmedia":[{"embeddable":true,"href":"https:\/\/machineriesbst.com\/en\/wp-json\/wp\/v2\/media\/51578"}],"wp:attachment":[{"href":"https:\/\/machineriesbst.com\/en\/wp-json\/wp\/v2\/media?parent=58071"}],"wp:term":[{"taxonomy":"product_cat","embeddable":true,"href":"https:\/\/machineriesbst.com\/en\/wp-json\/wp\/v2\/product_cat?post=58071"},{"taxonomy":"product_tag","embeddable":true,"href":"https:\/\/machineriesbst.com\/en\/wp-json\/wp\/v2\/product_tag?post=58071"}],"curies":[{"name":"wp","href":"https:\/\/api.w.org\/{rel}","templated":true}]}}