{"id":58070,"date":"2021-06-08T09:44:48","date_gmt":"2021-06-08T13:44:48","guid":{"rendered":"https:\/\/machineriesbst.com\/?post_type=product&#038;p=58070"},"modified":"2023-11-30T20:24:13","modified_gmt":"2023-12-01T01:24:13","slug":"weima-eco-1000","status":"publish","type":"product","link":"https:\/\/machineriesbst.com\/en\/catalogue\/weima-eco-1000\/","title":{"rendered":"Weima Eco 1000"},"content":{"rendered":"<p>Weima Eco 1000:<\/p>\n<ul>\n<li>Vertical fed hopper, low noise shredder, 23-1 \/ 2 &quot;x 31-1 \/ 2&quot; (600mm - 800mm) hopper opening at top<\/li>\n<li>0.8 cu. yds. (0.6 m3).<\/li>\n<li>30 HP motor with hydraulic clutch<\/li>\n<li>The 14 1\/2 &quot;rotor grinds at 90 rpm.<\/li>\n<li>The patented \u201cV-Rotor\u201d design utilizes a V-groove rotor that closely matches the grooves of the counter knife to provide uniform shatter-free discharge, reduce friction and devote more power to grinding.<\/li>\n<li>Equipped with: (30) removable rear knife-blades, welded knife holders, recessed concaves with low clearance on the rotor to extend knife life, protect bolts and reduce machine wear.<\/li>\n<li>8 &quot;Dia. Token collection socket<\/li>\n<li>Features: Sturdy construction steel frame, welded construction; integrated plug-and-play electrical control system with UL listed components.<\/li>\n<li>Capable of handling 600 - 3500 Lbs \/ h depending on material and screen size.<\/li>\n<\/ul>","protected":false},"excerpt":{"rendered":"<p>Weima Eco 1000: Powered vertical hopper, low noise crusher, 23-1\/2&quot; x 31-1\/2&quot; (600mm - 800mm) hopper opening at top 0.8 cu. yds. (0.6 m3). 30 HP motor with hydraulic clutch 14 1\/2&quot; rotor grinds at 90 rpm. Patented [\u2026]<\/p>","protected":false},"author":3,"featured_media":51572,"comment_status":"open","ping_status":"closed","template":"","meta":[],"product_cat":[3016],"product_tag":[],"acf":[],"yoast_head":"<!-- This site is optimized with the Yoast SEO plugin v16.8 - https:\/\/yoast.com\/wordpress\/plugins\/seo\/ -->\n<title>Weima Eco 1000 - Machineries BST<\/title>\n<meta name=\"robots\" content=\"index, follow, max-snippet:-1, max-image-preview:large, max-video-preview:-1\" \/>\n<link rel=\"canonical\" href=\"https:\/\/machineriesbst.com\/en\/catalogue\/weima-eco-1000\/\" \/>\n<meta property=\"og:locale\" content=\"en_US\" \/>\n<meta property=\"og:type\" content=\"article\" \/>\n<meta property=\"og:title\" content=\"Weima Eco 1000 - Machineries BST\" \/>\n<meta property=\"og:description\" content=\"Weima Eco 1000: Tr\u00e9mie verticale aliment\u00e9e, broyeur \u00e0 faible bruit, ouverture de tr\u00e9mie de 23-1 \/ 2 &quot;x 31-1 \/ 2&quot; (600 mm - 800 mm) en haut 0,8 cu. yds. (0,6 m3). Moteur de 30 CV avec embrayage hydraulique Le rotor de 14 1\/2 &quot;moud \u00e0 90 tr \/ min. La conception brevet\u00e9e du [&hellip;]\" \/>\n<meta property=\"og:url\" content=\"https:\/\/machineriesbst.com\/en\/catalogue\/weima-eco-1000\/\" \/>\n<meta property=\"og:site_name\" content=\"Machineries BST\" \/>\n<meta property=\"article:modified_time\" content=\"2023-12-01T01:24:13+00:00\" \/>\n<meta property=\"og:image\" content=\"https:\/\/machineriesbst.com\/wp-content\/uploads\/2021\/05\/weima.eco1000.grinder.c3796.01.jpg\" \/>\n\t<meta property=\"og:image:width\" content=\"563\" \/>\n\t<meta property=\"og:image:height\" content=\"750\" \/>\n<meta name=\"twitter:card\" content=\"summary_large_image\" \/>\n<meta name=\"twitter:label1\" content=\"Est. reading time\" \/>\n\t<meta name=\"twitter:data1\" content=\"1 minute\" \/>\n<script type=\"application\/ld+json\" class=\"yoast-schema-graph\">{\"@context\":\"https:\/\/schema.org\",\"@graph\":[{\"@type\":\"WebSite\",\"@id\":\"https:\/\/machineriesbst.com\/en\/#website\",\"url\":\"https:\/\/machineriesbst.com\/en\/\",\"name\":\"Machineries BST\",\"description\":\"Machines neuves &amp; usag\\u00e9es\",\"potentialAction\":[{\"@type\":\"SearchAction\",\"target\":{\"@type\":\"EntryPoint\",\"urlTemplate\":\"https:\/\/machineriesbst.com\/en\/?s={search_term_string}\"},\"query-input\":\"required name=search_term_string\"}],\"inLanguage\":\"en-US\"},{\"@type\":\"ImageObject\",\"@id\":\"https:\/\/machineriesbst.com\/en\/catalogue\/weima-eco-1000\/#primaryimage\",\"inLanguage\":\"en-US\",\"url\":\"https:\/\/machineriesbst.com\/wp-content\/uploads\/2021\/05\/weima.eco1000.grinder.c3796.01.jpg\",\"contentUrl\":\"https:\/\/machineriesbst.com\/wp-content\/uploads\/2021\/05\/weima.eco1000.grinder.c3796.01.jpg\",\"width\":563,\"height\":750},{\"@type\":\"WebPage\",\"@id\":\"https:\/\/machineriesbst.com\/en\/catalogue\/weima-eco-1000\/#webpage\",\"url\":\"https:\/\/machineriesbst.com\/en\/catalogue\/weima-eco-1000\/\",\"name\":\"Weima Eco 1000 - Machineries BST\",\"isPartOf\":{\"@id\":\"https:\/\/machineriesbst.com\/en\/#website\"},\"primaryImageOfPage\":{\"@id\":\"https:\/\/machineriesbst.com\/en\/catalogue\/weima-eco-1000\/#primaryimage\"},\"datePublished\":\"2021-06-08T13:44:48+00:00\",\"dateModified\":\"2023-12-01T01:24:13+00:00\",\"breadcrumb\":{\"@id\":\"https:\/\/machineriesbst.com\/en\/catalogue\/weima-eco-1000\/#breadcrumb\"},\"inLanguage\":\"en-US\",\"potentialAction\":[{\"@type\":\"ReadAction\",\"target\":[\"https:\/\/machineriesbst.com\/en\/catalogue\/weima-eco-1000\/\"]}]},{\"@type\":\"BreadcrumbList\",\"@id\":\"https:\/\/machineriesbst.com\/en\/catalogue\/weima-eco-1000\/#breadcrumb\",\"itemListElement\":[{\"@type\":\"ListItem\",\"position\":1,\"name\":\"Accueil\",\"item\":\"https:\/\/machineriesbst.com\/en\/\"},{\"@type\":\"ListItem\",\"position\":2,\"name\":\"Catalogue\",\"item\":\"https:\/\/machineriesbst.com\/en\/catalog\/\"},{\"@type\":\"ListItem\",\"position\":3,\"name\":\"Weima Eco 1000\"}]}]}<\/script>\n<!-- \/ Yoast SEO plugin. -->","yoast_head_json":{"title":"Weima Eco 1000 - Machineries BST","robots":{"index":"index","follow":"follow","max-snippet":"max-snippet:-1","max-image-preview":"max-image-preview:large","max-video-preview":"max-video-preview:-1"},"canonical":"https:\/\/machineriesbst.com\/en\/catalogue\/weima-eco-1000\/","og_locale":"en_US","og_type":"article","og_title":"Weima Eco 1000 - Machineries BST","og_description":"Weima Eco 1000: Tr\u00e9mie verticale aliment\u00e9e, broyeur \u00e0 faible bruit, ouverture de tr\u00e9mie de 23-1 \/ 2 \"x 31-1 \/ 2\" (600 mm - 800 mm) en haut 0,8 cu. yds. (0,6 m3). Moteur de 30 CV avec embrayage hydraulique Le rotor de 14 1\/2 \"moud \u00e0 90 tr \/ min. La conception brevet\u00e9e du [&hellip;]","og_url":"https:\/\/machineriesbst.com\/en\/catalogue\/weima-eco-1000\/","og_site_name":"Machineries BST","article_modified_time":"2023-12-01T01:24:13+00:00","og_image":[{"width":563,"height":750,"url":"https:\/\/machineriesbst.com\/wp-content\/uploads\/2021\/05\/weima.eco1000.grinder.c3796.01.jpg","path":"\/home\/jepeto\/public_html\/wp-content\/uploads\/2021\/05\/weima.eco1000.grinder.c3796.01.jpg","size":"full","id":51572,"alt":"","pixels":422250,"type":"image\/jpeg"}],"twitter_card":"summary_large_image","twitter_misc":{"Est. reading time":"1 minute"},"schema":{"@context":"https:\/\/schema.org","@graph":[{"@type":"WebSite","@id":"https:\/\/machineriesbst.com\/en\/#website","url":"https:\/\/machineriesbst.com\/en\/","name":"Machineries BST","description":"Machines neuves &amp; usag\u00e9es","potentialAction":[{"@type":"SearchAction","target":{"@type":"EntryPoint","urlTemplate":"https:\/\/machineriesbst.com\/en\/?s={search_term_string}"},"query-input":"required name=search_term_string"}],"inLanguage":"en-US"},{"@type":"ImageObject","@id":"https:\/\/machineriesbst.com\/en\/catalogue\/weima-eco-1000\/#primaryimage","inLanguage":"en-US","url":"https:\/\/machineriesbst.com\/wp-content\/uploads\/2021\/05\/weima.eco1000.grinder.c3796.01.jpg","contentUrl":"https:\/\/machineriesbst.com\/wp-content\/uploads\/2021\/05\/weima.eco1000.grinder.c3796.01.jpg","width":563,"height":750},{"@type":"WebPage","@id":"https:\/\/machineriesbst.com\/en\/catalogue\/weima-eco-1000\/#webpage","url":"https:\/\/machineriesbst.com\/en\/catalogue\/weima-eco-1000\/","name":"Weima Eco 1000 - Machineries BST","isPartOf":{"@id":"https:\/\/machineriesbst.com\/en\/#website"},"primaryImageOfPage":{"@id":"https:\/\/machineriesbst.com\/en\/catalogue\/weima-eco-1000\/#primaryimage"},"datePublished":"2021-06-08T13:44:48+00:00","dateModified":"2023-12-01T01:24:13+00:00","breadcrumb":{"@id":"https:\/\/machineriesbst.com\/en\/catalogue\/weima-eco-1000\/#breadcrumb"},"inLanguage":"en-US","potentialAction":[{"@type":"ReadAction","target":["https:\/\/machineriesbst.com\/en\/catalogue\/weima-eco-1000\/"]}]},{"@type":"BreadcrumbList","@id":"https:\/\/machineriesbst.com\/en\/catalogue\/weima-eco-1000\/#breadcrumb","itemListElement":[{"@type":"ListItem","position":1,"name":"Accueil","item":"https:\/\/machineriesbst.com\/en\/"},{"@type":"ListItem","position":2,"name":"Catalogue","item":"https:\/\/machineriesbst.com\/en\/catalog\/"},{"@type":"ListItem","position":3,"name":"Weima Eco 1000"}]}]}},"_links":{"self":[{"href":"https:\/\/machineriesbst.com\/en\/wp-json\/wp\/v2\/product\/58070"}],"collection":[{"href":"https:\/\/machineriesbst.com\/en\/wp-json\/wp\/v2\/product"}],"about":[{"href":"https:\/\/machineriesbst.com\/en\/wp-json\/wp\/v2\/types\/product"}],"author":[{"embeddable":true,"href":"https:\/\/machineriesbst.com\/en\/wp-json\/wp\/v2\/users\/3"}],"replies":[{"embeddable":true,"href":"https:\/\/machineriesbst.com\/en\/wp-json\/wp\/v2\/comments?post=58070"}],"wp:featuredmedia":[{"embeddable":true,"href":"https:\/\/machineriesbst.com\/en\/wp-json\/wp\/v2\/media\/51572"}],"wp:attachment":[{"href":"https:\/\/machineriesbst.com\/en\/wp-json\/wp\/v2\/media?parent=58070"}],"wp:term":[{"taxonomy":"product_cat","embeddable":true,"href":"https:\/\/machineriesbst.com\/en\/wp-json\/wp\/v2\/product_cat?post=58070"},{"taxonomy":"product_tag","embeddable":true,"href":"https:\/\/machineriesbst.com\/en\/wp-json\/wp\/v2\/product_tag?post=58070"}],"curies":[{"name":"wp","href":"https:\/\/api.w.org\/{rel}","templated":true}]}}