{"id":58069,"date":"2021-06-08T09:44:48","date_gmt":"2021-06-08T13:44:48","guid":{"rendered":"https:\/\/machineriesbst.com\/?post_type=product&#038;p=58069"},"modified":"2023-11-30T20:24:13","modified_gmt":"2023-12-01T01:24:13","slug":"rodrigue-lv-308-22","status":"publish","type":"product","link":"https:\/\/machineriesbst.com\/en\/catalogue\/rodrigue-lv-308-22\/","title":{"rendered":"Rodrigue LV-308-22"},"content":{"rendered":"<p>Rodrigue LV-308-22:<\/p>\n<ul>\n<li>Heavy-duty welded steel housing<\/li>\n<li>Rotor with reversible hammers mounted on bearings<\/li>\n<li>Steel screen with openings calibrated according to the desired size<\/li>\n<li>Easy to remove wearing parts<\/li>\n<li>Adjustable air intake<\/li>\n<li>Direct coupling to the motor<\/li>\n<li>Feed opening dimensions: 597 x 774mm<\/li>\n<li>Engine: 125 HP, 1880 RPM<\/li>\n<li>Understand; chute, loading chute, motorized infeed conveyor<\/li>\n<li>Control panel with intensity control for varying the speed of the conveyor<\/li>\n<li>RCNB 22 drainage system, including piping.<\/li>\n<\/ul>","protected":false},"excerpt":{"rendered":"<p>Rodrigue LV-308-22: Bo\u00eetier en acier soud\u00e9 \u00e0 usage intensif Rotor \u00e0 marteaux r\u00e9versibles mont\u00e9s sur des paliers \u00c9cran en acier avec des ouvertures calibr\u00e9es selon la taille d\u00e9sir\u00e9e Facile \u00e0 enlever les pi\u00e8ces d'usure Prise d'air r\u00e9glable Accouplement direct au moteur Dimensions d'ouverture d'alimentation: 597 x 774mm Moteur: 125 HP, 1880 RPM Comprend; goulotte, goulotte [&hellip;]<\/p>","protected":false},"author":3,"featured_media":51558,"comment_status":"open","ping_status":"closed","template":"","meta":[],"product_cat":[3016],"product_tag":[],"acf":[],"yoast_head":"<!-- This site is optimized with the Yoast SEO plugin v16.8 - https:\/\/yoast.com\/wordpress\/plugins\/seo\/ -->\n<title>Rodrigue LV-308-22 - Machineries BST<\/title>\n<meta name=\"robots\" content=\"index, follow, max-snippet:-1, max-image-preview:large, max-video-preview:-1\" \/>\n<link rel=\"canonical\" href=\"https:\/\/machineriesbst.com\/en\/catalogue\/rodrigue-lv-308-22\/\" \/>\n<meta property=\"og:locale\" content=\"en_US\" \/>\n<meta property=\"og:type\" content=\"article\" \/>\n<meta property=\"og:title\" content=\"Rodrigue LV-308-22 - Machineries BST\" \/>\n<meta property=\"og:description\" content=\"Rodrigue LV-308-22: Bo\u00eetier en acier soud\u00e9 \u00e0 usage intensif Rotor \u00e0 marteaux r\u00e9versibles mont\u00e9s sur des paliers \u00c9cran en acier avec des ouvertures calibr\u00e9es selon la taille d\u00e9sir\u00e9e Facile \u00e0 enlever les pi\u00e8ces d&#039;usure Prise d&#039;air r\u00e9glable Accouplement direct au moteur Dimensions d&#039;ouverture d&#039;alimentation: 597 x 774mm Moteur: 125 HP, 1880 RPM Comprend; goulotte, goulotte [&hellip;]\" \/>\n<meta property=\"og:url\" content=\"https:\/\/machineriesbst.com\/en\/catalogue\/rodrigue-lv-308-22\/\" \/>\n<meta property=\"og:site_name\" content=\"Machineries BST\" \/>\n<meta property=\"article:modified_time\" content=\"2023-12-01T01:24:13+00:00\" \/>\n<meta property=\"og:image\" content=\"https:\/\/machineriesbst.com\/wp-content\/uploads\/2021\/05\/rodrgue.125hp.c3742.011.jpeg\" \/>\n\t<meta property=\"og:image:width\" content=\"640\" \/>\n\t<meta property=\"og:image:height\" content=\"480\" \/>\n<meta name=\"twitter:card\" content=\"summary_large_image\" \/>\n<script type=\"application\/ld+json\" class=\"yoast-schema-graph\">{\"@context\":\"https:\/\/schema.org\",\"@graph\":[{\"@type\":\"WebSite\",\"@id\":\"https:\/\/machineriesbst.com\/en\/#website\",\"url\":\"https:\/\/machineriesbst.com\/en\/\",\"name\":\"Machineries BST\",\"description\":\"Machines neuves &amp; usag\\u00e9es\",\"potentialAction\":[{\"@type\":\"SearchAction\",\"target\":{\"@type\":\"EntryPoint\",\"urlTemplate\":\"https:\/\/machineriesbst.com\/en\/?s={search_term_string}\"},\"query-input\":\"required name=search_term_string\"}],\"inLanguage\":\"en-US\"},{\"@type\":\"ImageObject\",\"@id\":\"https:\/\/machineriesbst.com\/en\/catalogue\/rodrigue-lv-308-22\/#primaryimage\",\"inLanguage\":\"en-US\",\"url\":\"https:\/\/machineriesbst.com\/wp-content\/uploads\/2021\/05\/rodrgue.125hp.c3742.011.jpeg\",\"contentUrl\":\"https:\/\/machineriesbst.com\/wp-content\/uploads\/2021\/05\/rodrgue.125hp.c3742.011.jpeg\",\"width\":640,\"height\":480},{\"@type\":\"WebPage\",\"@id\":\"https:\/\/machineriesbst.com\/en\/catalogue\/rodrigue-lv-308-22\/#webpage\",\"url\":\"https:\/\/machineriesbst.com\/en\/catalogue\/rodrigue-lv-308-22\/\",\"name\":\"Rodrigue LV-308-22 - Machineries BST\",\"isPartOf\":{\"@id\":\"https:\/\/machineriesbst.com\/en\/#website\"},\"primaryImageOfPage\":{\"@id\":\"https:\/\/machineriesbst.com\/en\/catalogue\/rodrigue-lv-308-22\/#primaryimage\"},\"datePublished\":\"2021-06-08T13:44:48+00:00\",\"dateModified\":\"2023-12-01T01:24:13+00:00\",\"breadcrumb\":{\"@id\":\"https:\/\/machineriesbst.com\/en\/catalogue\/rodrigue-lv-308-22\/#breadcrumb\"},\"inLanguage\":\"en-US\",\"potentialAction\":[{\"@type\":\"ReadAction\",\"target\":[\"https:\/\/machineriesbst.com\/en\/catalogue\/rodrigue-lv-308-22\/\"]}]},{\"@type\":\"BreadcrumbList\",\"@id\":\"https:\/\/machineriesbst.com\/en\/catalogue\/rodrigue-lv-308-22\/#breadcrumb\",\"itemListElement\":[{\"@type\":\"ListItem\",\"position\":1,\"name\":\"Accueil\",\"item\":\"https:\/\/machineriesbst.com\/en\/\"},{\"@type\":\"ListItem\",\"position\":2,\"name\":\"Catalogue\",\"item\":\"https:\/\/machineriesbst.com\/en\/catalog\/\"},{\"@type\":\"ListItem\",\"position\":3,\"name\":\"Rodrigue LV-308-22\"}]}]}<\/script>\n<!-- \/ Yoast SEO plugin. -->","yoast_head_json":{"title":"Rodrigue LV-308-22 - Machineries BST","robots":{"index":"index","follow":"follow","max-snippet":"max-snippet:-1","max-image-preview":"max-image-preview:large","max-video-preview":"max-video-preview:-1"},"canonical":"https:\/\/machineriesbst.com\/en\/catalogue\/rodrigue-lv-308-22\/","og_locale":"en_US","og_type":"article","og_title":"Rodrigue LV-308-22 - Machineries BST","og_description":"Rodrigue LV-308-22: Bo\u00eetier en acier soud\u00e9 \u00e0 usage intensif Rotor \u00e0 marteaux r\u00e9versibles mont\u00e9s sur des paliers \u00c9cran en acier avec des ouvertures calibr\u00e9es selon la taille d\u00e9sir\u00e9e Facile \u00e0 enlever les pi\u00e8ces d'usure Prise d'air r\u00e9glable Accouplement direct au moteur Dimensions d'ouverture d'alimentation: 597 x 774mm Moteur: 125 HP, 1880 RPM Comprend; goulotte, goulotte [&hellip;]","og_url":"https:\/\/machineriesbst.com\/en\/catalogue\/rodrigue-lv-308-22\/","og_site_name":"Machineries BST","article_modified_time":"2023-12-01T01:24:13+00:00","og_image":[{"width":640,"height":480,"url":"https:\/\/machineriesbst.com\/wp-content\/uploads\/2021\/05\/rodrgue.125hp.c3742.011.jpeg","path":"\/home\/jepeto\/public_html\/wp-content\/uploads\/2021\/05\/rodrgue.125hp.c3742.011.jpeg","size":"full","id":51558,"alt":"","pixels":307200,"type":"image\/jpeg"}],"twitter_card":"summary_large_image","schema":{"@context":"https:\/\/schema.org","@graph":[{"@type":"WebSite","@id":"https:\/\/machineriesbst.com\/en\/#website","url":"https:\/\/machineriesbst.com\/en\/","name":"Machineries BST","description":"Machines neuves &amp; usag\u00e9es","potentialAction":[{"@type":"SearchAction","target":{"@type":"EntryPoint","urlTemplate":"https:\/\/machineriesbst.com\/en\/?s={search_term_string}"},"query-input":"required name=search_term_string"}],"inLanguage":"en-US"},{"@type":"ImageObject","@id":"https:\/\/machineriesbst.com\/en\/catalogue\/rodrigue-lv-308-22\/#primaryimage","inLanguage":"en-US","url":"https:\/\/machineriesbst.com\/wp-content\/uploads\/2021\/05\/rodrgue.125hp.c3742.011.jpeg","contentUrl":"https:\/\/machineriesbst.com\/wp-content\/uploads\/2021\/05\/rodrgue.125hp.c3742.011.jpeg","width":640,"height":480},{"@type":"WebPage","@id":"https:\/\/machineriesbst.com\/en\/catalogue\/rodrigue-lv-308-22\/#webpage","url":"https:\/\/machineriesbst.com\/en\/catalogue\/rodrigue-lv-308-22\/","name":"Rodrigue LV-308-22 - Machineries BST","isPartOf":{"@id":"https:\/\/machineriesbst.com\/en\/#website"},"primaryImageOfPage":{"@id":"https:\/\/machineriesbst.com\/en\/catalogue\/rodrigue-lv-308-22\/#primaryimage"},"datePublished":"2021-06-08T13:44:48+00:00","dateModified":"2023-12-01T01:24:13+00:00","breadcrumb":{"@id":"https:\/\/machineriesbst.com\/en\/catalogue\/rodrigue-lv-308-22\/#breadcrumb"},"inLanguage":"en-US","potentialAction":[{"@type":"ReadAction","target":["https:\/\/machineriesbst.com\/en\/catalogue\/rodrigue-lv-308-22\/"]}]},{"@type":"BreadcrumbList","@id":"https:\/\/machineriesbst.com\/en\/catalogue\/rodrigue-lv-308-22\/#breadcrumb","itemListElement":[{"@type":"ListItem","position":1,"name":"Accueil","item":"https:\/\/machineriesbst.com\/en\/"},{"@type":"ListItem","position":2,"name":"Catalogue","item":"https:\/\/machineriesbst.com\/en\/catalog\/"},{"@type":"ListItem","position":3,"name":"Rodrigue LV-308-22"}]}]}},"_links":{"self":[{"href":"https:\/\/machineriesbst.com\/en\/wp-json\/wp\/v2\/product\/58069"}],"collection":[{"href":"https:\/\/machineriesbst.com\/en\/wp-json\/wp\/v2\/product"}],"about":[{"href":"https:\/\/machineriesbst.com\/en\/wp-json\/wp\/v2\/types\/product"}],"author":[{"embeddable":true,"href":"https:\/\/machineriesbst.com\/en\/wp-json\/wp\/v2\/users\/3"}],"replies":[{"embeddable":true,"href":"https:\/\/machineriesbst.com\/en\/wp-json\/wp\/v2\/comments?post=58069"}],"wp:featuredmedia":[{"embeddable":true,"href":"https:\/\/machineriesbst.com\/en\/wp-json\/wp\/v2\/media\/51558"}],"wp:attachment":[{"href":"https:\/\/machineriesbst.com\/en\/wp-json\/wp\/v2\/media?parent=58069"}],"wp:term":[{"taxonomy":"product_cat","embeddable":true,"href":"https:\/\/machineriesbst.com\/en\/wp-json\/wp\/v2\/product_cat?post=58069"},{"taxonomy":"product_tag","embeddable":true,"href":"https:\/\/machineriesbst.com\/en\/wp-json\/wp\/v2\/product_tag?post=58069"}],"curies":[{"name":"wp","href":"https:\/\/api.w.org\/{rel}","templated":true}]}}