{"id":58059,"date":"2021-06-08T09:44:24","date_gmt":"2021-06-08T13:44:24","guid":{"rendered":"https:\/\/machineriesbst.com\/?post_type=product&#038;p=58059"},"modified":"2023-11-30T20:24:13","modified_gmt":"2023-12-01T01:24:13","slug":"dubois-lfs-12","status":"publish","type":"product","link":"https:\/\/machineriesbst.com\/en\/catalogue\/dubois-lfs-12\/","title":{"rendered":"Dubois LFS-12"},"content":{"rendered":"<p>Dubois LFS-12:<\/p>\n<ul>\n<li>Less than 100 hours of battery life<\/li>\n<li>480 V, 3 phases<\/li>\n<li>Maximum line speed of 100 ft \/ min<\/li>\n<li>22 &quot;minimum length of the piece<\/li>\n<li>12 &quot;maximum room width<\/li>\n<li>28 &#39;total line length<\/li>\n<li>3 infinitely adjustable HVLP end caps<\/li>\n<li>2 horizontal wiping stations, 2 vertical wiping stations<\/li>\n<\/ul>","protected":false},"excerpt":{"rendered":"<p>Dubois LFS-12: Less than 100 hours runtime 480V, 3 phase 100 ft\/min maximum line speed 22&quot; minimum part length 12&quot; maximum part width 28&#39; total line length 3 HVLP ferrules infinitely adjustable 2 horizontal wiping stations, 2 vertical wiping stations<\/p>","protected":false},"author":3,"featured_media":51543,"comment_status":"open","ping_status":"closed","template":"","meta":[],"product_cat":[3069],"product_tag":[],"acf":[],"yoast_head":"<!-- This site is optimized with the Yoast SEO plugin v16.8 - https:\/\/yoast.com\/wordpress\/plugins\/seo\/ -->\n<title>Dubois LFS-12 - Machineries BST<\/title>\n<meta name=\"robots\" content=\"index, follow, max-snippet:-1, max-image-preview:large, max-video-preview:-1\" \/>\n<link rel=\"canonical\" href=\"https:\/\/machineriesbst.com\/en\/catalogue\/dubois-lfs-12\/\" \/>\n<meta property=\"og:locale\" content=\"en_US\" \/>\n<meta property=\"og:type\" content=\"article\" \/>\n<meta property=\"og:title\" content=\"Dubois LFS-12 - Machineries BST\" \/>\n<meta property=\"og:description\" content=\"Dubois LFS-12: Moins de 100 heures d&#039;autonomie 480 V, 3 phases Vitesse de ligne maximale de 100 ft \/ min 22 &quot;longueur minimale de la pi\u00e8ce 12 &quot;largeur maximale de la pi\u00e8ce 28 &#039;longueur totale de la ligne 3 embouts HVLP r\u00e9glables \u00e0 l&#039;infini 2 stations d&#039;essuyage horizontales, 2 stations d&#039;essuyage verticales\" \/>\n<meta property=\"og:url\" content=\"https:\/\/machineriesbst.com\/en\/catalogue\/dubois-lfs-12\/\" \/>\n<meta property=\"og:site_name\" content=\"Machineries BST\" \/>\n<meta property=\"article:modified_time\" content=\"2023-12-01T01:24:13+00:00\" \/>\n<meta property=\"og:image\" content=\"https:\/\/machineriesbst.com\/wp-content\/uploads\/2021\/05\/DUBOIS-LFS12-Machinery-Associates-Veh3nn6w_800.jpg\" \/>\n\t<meta property=\"og:image:width\" content=\"800\" \/>\n\t<meta property=\"og:image:height\" content=\"450\" \/>\n<meta name=\"twitter:card\" content=\"summary_large_image\" \/>\n<script type=\"application\/ld+json\" class=\"yoast-schema-graph\">{\"@context\":\"https:\/\/schema.org\",\"@graph\":[{\"@type\":\"WebSite\",\"@id\":\"https:\/\/machineriesbst.com\/en\/#website\",\"url\":\"https:\/\/machineriesbst.com\/en\/\",\"name\":\"Machineries BST\",\"description\":\"Machines neuves &amp; usag\\u00e9es\",\"potentialAction\":[{\"@type\":\"SearchAction\",\"target\":{\"@type\":\"EntryPoint\",\"urlTemplate\":\"https:\/\/machineriesbst.com\/en\/?s={search_term_string}\"},\"query-input\":\"required name=search_term_string\"}],\"inLanguage\":\"en-US\"},{\"@type\":\"ImageObject\",\"@id\":\"https:\/\/machineriesbst.com\/en\/catalogue\/dubois-lfs-12\/#primaryimage\",\"inLanguage\":\"en-US\",\"url\":\"https:\/\/machineriesbst.com\/wp-content\/uploads\/2021\/05\/DUBOIS-LFS12-Machinery-Associates-Veh3nn6w_800.jpg\",\"contentUrl\":\"https:\/\/machineriesbst.com\/wp-content\/uploads\/2021\/05\/DUBOIS-LFS12-Machinery-Associates-Veh3nn6w_800.jpg\",\"width\":800,\"height\":450},{\"@type\":\"WebPage\",\"@id\":\"https:\/\/machineriesbst.com\/en\/catalogue\/dubois-lfs-12\/#webpage\",\"url\":\"https:\/\/machineriesbst.com\/en\/catalogue\/dubois-lfs-12\/\",\"name\":\"Dubois LFS-12 - Machineries BST\",\"isPartOf\":{\"@id\":\"https:\/\/machineriesbst.com\/en\/#website\"},\"primaryImageOfPage\":{\"@id\":\"https:\/\/machineriesbst.com\/en\/catalogue\/dubois-lfs-12\/#primaryimage\"},\"datePublished\":\"2021-06-08T13:44:24+00:00\",\"dateModified\":\"2023-12-01T01:24:13+00:00\",\"breadcrumb\":{\"@id\":\"https:\/\/machineriesbst.com\/en\/catalogue\/dubois-lfs-12\/#breadcrumb\"},\"inLanguage\":\"en-US\",\"potentialAction\":[{\"@type\":\"ReadAction\",\"target\":[\"https:\/\/machineriesbst.com\/en\/catalogue\/dubois-lfs-12\/\"]}]},{\"@type\":\"BreadcrumbList\",\"@id\":\"https:\/\/machineriesbst.com\/en\/catalogue\/dubois-lfs-12\/#breadcrumb\",\"itemListElement\":[{\"@type\":\"ListItem\",\"position\":1,\"name\":\"Accueil\",\"item\":\"https:\/\/machineriesbst.com\/en\/\"},{\"@type\":\"ListItem\",\"position\":2,\"name\":\"Catalogue\",\"item\":\"https:\/\/machineriesbst.com\/en\/catalog\/\"},{\"@type\":\"ListItem\",\"position\":3,\"name\":\"Dubois LFS-12\"}]}]}<\/script>\n<!-- \/ Yoast SEO plugin. -->","yoast_head_json":{"title":"Dubois LFS-12 - Machineries BST","robots":{"index":"index","follow":"follow","max-snippet":"max-snippet:-1","max-image-preview":"max-image-preview:large","max-video-preview":"max-video-preview:-1"},"canonical":"https:\/\/machineriesbst.com\/en\/catalogue\/dubois-lfs-12\/","og_locale":"en_US","og_type":"article","og_title":"Dubois LFS-12 - Machineries BST","og_description":"Dubois LFS-12: Moins de 100 heures d'autonomie 480 V, 3 phases Vitesse de ligne maximale de 100 ft \/ min 22 \"longueur minimale de la pi\u00e8ce 12 \"largeur maximale de la pi\u00e8ce 28 'longueur totale de la ligne 3 embouts HVLP r\u00e9glables \u00e0 l'infini 2 stations d'essuyage horizontales, 2 stations d'essuyage verticales","og_url":"https:\/\/machineriesbst.com\/en\/catalogue\/dubois-lfs-12\/","og_site_name":"Machineries BST","article_modified_time":"2023-12-01T01:24:13+00:00","og_image":[{"width":800,"height":450,"url":"https:\/\/machineriesbst.com\/wp-content\/uploads\/2021\/05\/DUBOIS-LFS12-Machinery-Associates-Veh3nn6w_800.jpg","path":"\/home\/jepeto\/public_html\/wp-content\/uploads\/2021\/05\/DUBOIS-LFS12-Machinery-Associates-Veh3nn6w_800.jpg","size":"full","id":51543,"alt":"","pixels":360000,"type":"image\/jpeg"}],"twitter_card":"summary_large_image","schema":{"@context":"https:\/\/schema.org","@graph":[{"@type":"WebSite","@id":"https:\/\/machineriesbst.com\/en\/#website","url":"https:\/\/machineriesbst.com\/en\/","name":"Machineries BST","description":"Machines neuves &amp; usag\u00e9es","potentialAction":[{"@type":"SearchAction","target":{"@type":"EntryPoint","urlTemplate":"https:\/\/machineriesbst.com\/en\/?s={search_term_string}"},"query-input":"required name=search_term_string"}],"inLanguage":"en-US"},{"@type":"ImageObject","@id":"https:\/\/machineriesbst.com\/en\/catalogue\/dubois-lfs-12\/#primaryimage","inLanguage":"en-US","url":"https:\/\/machineriesbst.com\/wp-content\/uploads\/2021\/05\/DUBOIS-LFS12-Machinery-Associates-Veh3nn6w_800.jpg","contentUrl":"https:\/\/machineriesbst.com\/wp-content\/uploads\/2021\/05\/DUBOIS-LFS12-Machinery-Associates-Veh3nn6w_800.jpg","width":800,"height":450},{"@type":"WebPage","@id":"https:\/\/machineriesbst.com\/en\/catalogue\/dubois-lfs-12\/#webpage","url":"https:\/\/machineriesbst.com\/en\/catalogue\/dubois-lfs-12\/","name":"Dubois LFS-12 - Machineries BST","isPartOf":{"@id":"https:\/\/machineriesbst.com\/en\/#website"},"primaryImageOfPage":{"@id":"https:\/\/machineriesbst.com\/en\/catalogue\/dubois-lfs-12\/#primaryimage"},"datePublished":"2021-06-08T13:44:24+00:00","dateModified":"2023-12-01T01:24:13+00:00","breadcrumb":{"@id":"https:\/\/machineriesbst.com\/en\/catalogue\/dubois-lfs-12\/#breadcrumb"},"inLanguage":"en-US","potentialAction":[{"@type":"ReadAction","target":["https:\/\/machineriesbst.com\/en\/catalogue\/dubois-lfs-12\/"]}]},{"@type":"BreadcrumbList","@id":"https:\/\/machineriesbst.com\/en\/catalogue\/dubois-lfs-12\/#breadcrumb","itemListElement":[{"@type":"ListItem","position":1,"name":"Accueil","item":"https:\/\/machineriesbst.com\/en\/"},{"@type":"ListItem","position":2,"name":"Catalogue","item":"https:\/\/machineriesbst.com\/en\/catalog\/"},{"@type":"ListItem","position":3,"name":"Dubois LFS-12"}]}]}},"_links":{"self":[{"href":"https:\/\/machineriesbst.com\/en\/wp-json\/wp\/v2\/product\/58059"}],"collection":[{"href":"https:\/\/machineriesbst.com\/en\/wp-json\/wp\/v2\/product"}],"about":[{"href":"https:\/\/machineriesbst.com\/en\/wp-json\/wp\/v2\/types\/product"}],"author":[{"embeddable":true,"href":"https:\/\/machineriesbst.com\/en\/wp-json\/wp\/v2\/users\/3"}],"replies":[{"embeddable":true,"href":"https:\/\/machineriesbst.com\/en\/wp-json\/wp\/v2\/comments?post=58059"}],"wp:featuredmedia":[{"embeddable":true,"href":"https:\/\/machineriesbst.com\/en\/wp-json\/wp\/v2\/media\/51543"}],"wp:attachment":[{"href":"https:\/\/machineriesbst.com\/en\/wp-json\/wp\/v2\/media?parent=58059"}],"wp:term":[{"taxonomy":"product_cat","embeddable":true,"href":"https:\/\/machineriesbst.com\/en\/wp-json\/wp\/v2\/product_cat?post=58059"},{"taxonomy":"product_tag","embeddable":true,"href":"https:\/\/machineriesbst.com\/en\/wp-json\/wp\/v2\/product_tag?post=58059"}],"curies":[{"name":"wp","href":"https:\/\/api.w.org\/{rel}","templated":true}]}}