{"id":58054,"date":"2021-06-08T09:44:23","date_gmt":"2021-06-08T13:44:23","guid":{"rendered":"https:\/\/machineriesbst.com\/?post_type=product&#038;p=58054"},"modified":"2023-11-30T20:24:13","modified_gmt":"2023-12-01T01:24:13","slug":"ponceuse-a-profiler-profilematic","status":"publish","type":"product","link":"https:\/\/machineriesbst.com\/en\/catalogue\/ponceuse-a-profiler-profilematic\/","title":{"rendered":"Profilematic profile sander"},"content":{"rendered":"<p>Profilematic profile sander:<\/p>\n<ul>\n<li>3 double-head sanders<\/li>\n<li>6 &quot;sanding capacity.<\/li>\n<li>The machine has 3 double sanding heads of 0.5 hp.<\/li>\n<li>Perfect for fabricating millwork with up to 6 &#39;&#39; molding width<\/li>\n<li>Capacity: 10 &#39;per minute feed speed.<\/li>\n<\/ul>\n<p>Inspection period: on request - Call your BST expert to schedule a visit or email to ask your questions<\/p>","protected":false},"excerpt":{"rendered":"<p>Profilematic profiling sander: 3 double-head sanders Sanding capacity of 6 &quot;. The machine has 3 double sanding heads of 0.5 hp. Perfect for the manufacture of joinery with a molding width of up to 6&quot; Capacity : 10 &#39;per minute feed speed Inspection period: on request - Call your [\u2026]<\/p>","protected":false},"author":3,"featured_media":51516,"comment_status":"open","ping_status":"closed","template":"","meta":[],"product_cat":[1730],"product_tag":[],"acf":[],"yoast_head":"<!-- This site is optimized with the Yoast SEO plugin v16.8 - https:\/\/yoast.com\/wordpress\/plugins\/seo\/ -->\n<title>Ponceuse \u00e0 profiler Profilematic - Machineries BST<\/title>\n<meta name=\"robots\" content=\"index, follow, max-snippet:-1, max-image-preview:large, max-video-preview:-1\" \/>\n<link rel=\"canonical\" href=\"https:\/\/machineriesbst.com\/en\/catalogue\/ponceuse-a-profiler-profilematic\/\" \/>\n<meta property=\"og:locale\" content=\"en_US\" \/>\n<meta property=\"og:type\" content=\"article\" \/>\n<meta property=\"og:title\" content=\"Ponceuse \u00e0 profiler Profilematic - Machineries BST\" \/>\n<meta property=\"og:description\" content=\"Ponceuse \u00e0 profiler Profilematic: 3 ponceuses \u00e0 double t\u00eate Capacit\u00e9 de pon\u00e7age de 6 &quot;. La machine dispose de 3 doubles t\u00eates de pon\u00e7age de 0,5 cv. Parfait pour la fabrication de menuiseries avec une largeur de moulage allant jusqu&#039;\u00e0 6 po Capacit\u00e9: 10 &#039;par minute vitesse d&#039;alimentation. P\u00e9riode d&#039;inspection: sur demande - Appelez votre [&hellip;]\" \/>\n<meta property=\"og:url\" content=\"https:\/\/machineriesbst.com\/en\/catalogue\/ponceuse-a-profiler-profilematic\/\" \/>\n<meta property=\"og:site_name\" content=\"Machineries BST\" \/>\n<meta property=\"article:modified_time\" content=\"2023-12-01T01:24:13+00:00\" \/>\n<meta property=\"og:image\" content=\"https:\/\/machineriesbst.com\/wp-content\/uploads\/2021\/05\/original-21.jpg\" \/>\n\t<meta property=\"og:image:width\" content=\"640\" \/>\n\t<meta property=\"og:image:height\" content=\"480\" \/>\n<meta name=\"twitter:card\" content=\"summary_large_image\" \/>\n<script type=\"application\/ld+json\" class=\"yoast-schema-graph\">{\"@context\":\"https:\/\/schema.org\",\"@graph\":[{\"@type\":\"WebSite\",\"@id\":\"https:\/\/machineriesbst.com\/en\/#website\",\"url\":\"https:\/\/machineriesbst.com\/en\/\",\"name\":\"Machineries BST\",\"description\":\"Machines neuves &amp; usag\\u00e9es\",\"potentialAction\":[{\"@type\":\"SearchAction\",\"target\":{\"@type\":\"EntryPoint\",\"urlTemplate\":\"https:\/\/machineriesbst.com\/en\/?s={search_term_string}\"},\"query-input\":\"required name=search_term_string\"}],\"inLanguage\":\"en-US\"},{\"@type\":\"ImageObject\",\"@id\":\"https:\/\/machineriesbst.com\/en\/catalogue\/ponceuse-a-profiler-profilematic\/#primaryimage\",\"inLanguage\":\"en-US\",\"url\":\"https:\/\/machineriesbst.com\/wp-content\/uploads\/2021\/05\/original-21.jpg\",\"contentUrl\":\"https:\/\/machineriesbst.com\/wp-content\/uploads\/2021\/05\/original-21.jpg\",\"width\":640,\"height\":480},{\"@type\":\"WebPage\",\"@id\":\"https:\/\/machineriesbst.com\/en\/catalogue\/ponceuse-a-profiler-profilematic\/#webpage\",\"url\":\"https:\/\/machineriesbst.com\/en\/catalogue\/ponceuse-a-profiler-profilematic\/\",\"name\":\"Ponceuse \\u00e0 profiler Profilematic - Machineries BST\",\"isPartOf\":{\"@id\":\"https:\/\/machineriesbst.com\/en\/#website\"},\"primaryImageOfPage\":{\"@id\":\"https:\/\/machineriesbst.com\/en\/catalogue\/ponceuse-a-profiler-profilematic\/#primaryimage\"},\"datePublished\":\"2021-06-08T13:44:23+00:00\",\"dateModified\":\"2023-12-01T01:24:13+00:00\",\"breadcrumb\":{\"@id\":\"https:\/\/machineriesbst.com\/en\/catalogue\/ponceuse-a-profiler-profilematic\/#breadcrumb\"},\"inLanguage\":\"en-US\",\"potentialAction\":[{\"@type\":\"ReadAction\",\"target\":[\"https:\/\/machineriesbst.com\/en\/catalogue\/ponceuse-a-profiler-profilematic\/\"]}]},{\"@type\":\"BreadcrumbList\",\"@id\":\"https:\/\/machineriesbst.com\/en\/catalogue\/ponceuse-a-profiler-profilematic\/#breadcrumb\",\"itemListElement\":[{\"@type\":\"ListItem\",\"position\":1,\"name\":\"Accueil\",\"item\":\"https:\/\/machineriesbst.com\/en\/\"},{\"@type\":\"ListItem\",\"position\":2,\"name\":\"Catalogue\",\"item\":\"https:\/\/machineriesbst.com\/en\/catalog\/\"},{\"@type\":\"ListItem\",\"position\":3,\"name\":\"Ponceuse \\u00e0 profiler Profilematic\"}]}]}<\/script>\n<!-- \/ Yoast SEO plugin. -->","yoast_head_json":{"title":"Ponceuse \u00e0 profiler Profilematic - Machineries BST","robots":{"index":"index","follow":"follow","max-snippet":"max-snippet:-1","max-image-preview":"max-image-preview:large","max-video-preview":"max-video-preview:-1"},"canonical":"https:\/\/machineriesbst.com\/en\/catalogue\/ponceuse-a-profiler-profilematic\/","og_locale":"en_US","og_type":"article","og_title":"Ponceuse \u00e0 profiler Profilematic - Machineries BST","og_description":"Ponceuse \u00e0 profiler Profilematic: 3 ponceuses \u00e0 double t\u00eate Capacit\u00e9 de pon\u00e7age de 6 \". La machine dispose de 3 doubles t\u00eates de pon\u00e7age de 0,5 cv. Parfait pour la fabrication de menuiseries avec une largeur de moulage allant jusqu'\u00e0 6 po Capacit\u00e9: 10 'par minute vitesse d'alimentation. P\u00e9riode d'inspection: sur demande - Appelez votre [&hellip;]","og_url":"https:\/\/machineriesbst.com\/en\/catalogue\/ponceuse-a-profiler-profilematic\/","og_site_name":"Machineries BST","article_modified_time":"2023-12-01T01:24:13+00:00","og_image":[{"width":640,"height":480,"url":"https:\/\/machineriesbst.com\/wp-content\/uploads\/2021\/05\/original-21.jpg","path":"\/home\/jepeto\/public_html\/wp-content\/uploads\/2021\/05\/original-21.jpg","size":"full","id":51516,"alt":"","pixels":307200,"type":"image\/jpeg"}],"twitter_card":"summary_large_image","schema":{"@context":"https:\/\/schema.org","@graph":[{"@type":"WebSite","@id":"https:\/\/machineriesbst.com\/en\/#website","url":"https:\/\/machineriesbst.com\/en\/","name":"Machineries BST","description":"Machines neuves &amp; usag\u00e9es","potentialAction":[{"@type":"SearchAction","target":{"@type":"EntryPoint","urlTemplate":"https:\/\/machineriesbst.com\/en\/?s={search_term_string}"},"query-input":"required name=search_term_string"}],"inLanguage":"en-US"},{"@type":"ImageObject","@id":"https:\/\/machineriesbst.com\/en\/catalogue\/ponceuse-a-profiler-profilematic\/#primaryimage","inLanguage":"en-US","url":"https:\/\/machineriesbst.com\/wp-content\/uploads\/2021\/05\/original-21.jpg","contentUrl":"https:\/\/machineriesbst.com\/wp-content\/uploads\/2021\/05\/original-21.jpg","width":640,"height":480},{"@type":"WebPage","@id":"https:\/\/machineriesbst.com\/en\/catalogue\/ponceuse-a-profiler-profilematic\/#webpage","url":"https:\/\/machineriesbst.com\/en\/catalogue\/ponceuse-a-profiler-profilematic\/","name":"Ponceuse \u00e0 profiler Profilematic - Machineries BST","isPartOf":{"@id":"https:\/\/machineriesbst.com\/en\/#website"},"primaryImageOfPage":{"@id":"https:\/\/machineriesbst.com\/en\/catalogue\/ponceuse-a-profiler-profilematic\/#primaryimage"},"datePublished":"2021-06-08T13:44:23+00:00","dateModified":"2023-12-01T01:24:13+00:00","breadcrumb":{"@id":"https:\/\/machineriesbst.com\/en\/catalogue\/ponceuse-a-profiler-profilematic\/#breadcrumb"},"inLanguage":"en-US","potentialAction":[{"@type":"ReadAction","target":["https:\/\/machineriesbst.com\/en\/catalogue\/ponceuse-a-profiler-profilematic\/"]}]},{"@type":"BreadcrumbList","@id":"https:\/\/machineriesbst.com\/en\/catalogue\/ponceuse-a-profiler-profilematic\/#breadcrumb","itemListElement":[{"@type":"ListItem","position":1,"name":"Accueil","item":"https:\/\/machineriesbst.com\/en\/"},{"@type":"ListItem","position":2,"name":"Catalogue","item":"https:\/\/machineriesbst.com\/en\/catalog\/"},{"@type":"ListItem","position":3,"name":"Ponceuse \u00e0 profiler Profilematic"}]}]}},"_links":{"self":[{"href":"https:\/\/machineriesbst.com\/en\/wp-json\/wp\/v2\/product\/58054"}],"collection":[{"href":"https:\/\/machineriesbst.com\/en\/wp-json\/wp\/v2\/product"}],"about":[{"href":"https:\/\/machineriesbst.com\/en\/wp-json\/wp\/v2\/types\/product"}],"author":[{"embeddable":true,"href":"https:\/\/machineriesbst.com\/en\/wp-json\/wp\/v2\/users\/3"}],"replies":[{"embeddable":true,"href":"https:\/\/machineriesbst.com\/en\/wp-json\/wp\/v2\/comments?post=58054"}],"wp:featuredmedia":[{"embeddable":true,"href":"https:\/\/machineriesbst.com\/en\/wp-json\/wp\/v2\/media\/51516"}],"wp:attachment":[{"href":"https:\/\/machineriesbst.com\/en\/wp-json\/wp\/v2\/media?parent=58054"}],"wp:term":[{"taxonomy":"product_cat","embeddable":true,"href":"https:\/\/machineriesbst.com\/en\/wp-json\/wp\/v2\/product_cat?post=58054"},{"taxonomy":"product_tag","embeddable":true,"href":"https:\/\/machineriesbst.com\/en\/wp-json\/wp\/v2\/product_tag?post=58054"}],"curies":[{"name":"wp","href":"https:\/\/api.w.org\/{rel}","templated":true}]}}