{"id":58053,"date":"2021-06-08T09:44:23","date_gmt":"2021-06-08T13:44:23","guid":{"rendered":"https:\/\/machineriesbst.com\/?post_type=product&#038;p=58053"},"modified":"2023-11-30T20:24:13","modified_gmt":"2023-12-01T01:24:13","slug":"degaineur-performer-8","status":"publish","type":"product","link":"https:\/\/machineriesbst.com\/en\/catalogue\/degaineur-performer-8\/","title":{"rendered":"Performer 8 &quot;stripper"},"content":{"rendered":"<p>Bidspotter auction link: http:\/\/bit.ly\/2BM3wbI<\/p>\n<p>Performer 8 &quot;stripper:<\/p>\n<ul>\n<li>Type: 8 &#39;&#39; jointer WJ-200<\/li>\n<li>Condition: Excellent - Ready to go<\/li>\n<li>Engine: 2 HP<\/li>\n<li>Elect.\/Voltage: 110 \/ 220V<\/li>\n<li>Serial number: 608055l<\/li>\n<\/ul>\n<p>Inspection period: On request - Call your BST expert to schedule a visit or send an email to ask your questions:<\/p>\n<p>Donat Beland, Vice-President, MachineriesBST<\/p>\n<p>438-274-4795<\/p>\n<p>donatbeland@machineriesbst.com<\/p>\n<p>Auctioneer Note: Specifications were taken by the mfg. original literature as well as our own visual inspection. They are believed to be accurate, but not guaranteed. As always, interested bidders should take the inspection period to verify the accuracy and completeness of specifications before bidding.<\/p>","protected":false},"excerpt":{"rendered":"<p>Bidspotter auction link: http:\/\/bit.ly\/2BM3wbI 8 &quot;Performer stripper: Type: 8 &#39;&#39; jointer WJ-200 Condition: Excellent - Ready to go Motor: 2 HP Elect.\/Voltage: 110 \/ 220V Number of series: 608055l Inspection period: On request - Call your BST expert to schedule a visit or send an email to ask your questions: Donat Beland, Vice-President, MachineriesBST 438-274-4795 donatbeland@machineriesbst.com [\u2026]<\/p>","protected":false},"author":3,"featured_media":51510,"comment_status":"open","ping_status":"closed","template":"","meta":[],"product_cat":[278],"product_tag":[],"acf":[],"yoast_head":"<!-- This site is optimized with the Yoast SEO plugin v16.8 - https:\/\/yoast.com\/wordpress\/plugins\/seo\/ -->\n<title>D\u00e9gaineur Performer 8&quot; - Machineries BST<\/title>\n<meta name=\"robots\" content=\"index, follow, max-snippet:-1, max-image-preview:large, max-video-preview:-1\" \/>\n<link rel=\"canonical\" href=\"https:\/\/machineriesbst.com\/en\/catalogue\/degaineur-performer-8\/\" \/>\n<meta property=\"og:locale\" content=\"en_US\" \/>\n<meta property=\"og:type\" content=\"article\" \/>\n<meta property=\"og:title\" content=\"D\u00e9gaineur Performer 8&quot; - Machineries BST\" \/>\n<meta property=\"og:description\" content=\"Lien d&#039;encan Bidspotter:\u00a0http:\/\/bit.ly\/2BM3wbI D\u00e9gaineur Performer 8&quot;: Type: d\u00e9gauchisseuse 8 &#039;&#039; WJ-200 Etat: Excellent - Pr\u00eat \u00e0 partir Moteur: 2 HP Elect.\/Voltage: 110 \/ 220V Num\u00e9ro de s\u00e9rie: 608055l P\u00e9riode d&#039;inspection: Sur demande - Appelez votre expert BST pour planifier une visite ou envoyez un courriel pour poser vos questions: Donat Beland, vice-pr\u00e9sident, MachineriesBST 438-274-4795 donatbeland@machineriesbst.com [&hellip;]\" \/>\n<meta property=\"og:url\" content=\"https:\/\/machineriesbst.com\/en\/catalogue\/degaineur-performer-8\/\" \/>\n<meta property=\"og:site_name\" content=\"Machineries BST\" \/>\n<meta property=\"article:modified_time\" content=\"2023-12-01T01:24:13+00:00\" \/>\n<meta property=\"og:image\" content=\"https:\/\/machineriesbst.com\/wp-content\/uploads\/2021\/05\/original-20.jpg\" \/>\n\t<meta property=\"og:image:width\" content=\"640\" \/>\n\t<meta property=\"og:image:height\" content=\"480\" \/>\n<meta name=\"twitter:card\" content=\"summary_large_image\" \/>\n<meta name=\"twitter:label1\" content=\"Est. reading time\" \/>\n\t<meta name=\"twitter:data1\" content=\"1 minute\" \/>\n<script type=\"application\/ld+json\" class=\"yoast-schema-graph\">{\"@context\":\"https:\/\/schema.org\",\"@graph\":[{\"@type\":\"WebSite\",\"@id\":\"https:\/\/machineriesbst.com\/en\/#website\",\"url\":\"https:\/\/machineriesbst.com\/en\/\",\"name\":\"Machineries BST\",\"description\":\"Machines neuves &amp; usag\\u00e9es\",\"potentialAction\":[{\"@type\":\"SearchAction\",\"target\":{\"@type\":\"EntryPoint\",\"urlTemplate\":\"https:\/\/machineriesbst.com\/en\/?s={search_term_string}\"},\"query-input\":\"required name=search_term_string\"}],\"inLanguage\":\"en-US\"},{\"@type\":\"ImageObject\",\"@id\":\"https:\/\/machineriesbst.com\/en\/catalogue\/degaineur-performer-8\/#primaryimage\",\"inLanguage\":\"en-US\",\"url\":\"https:\/\/machineriesbst.com\/wp-content\/uploads\/2021\/05\/original-20.jpg\",\"contentUrl\":\"https:\/\/machineriesbst.com\/wp-content\/uploads\/2021\/05\/original-20.jpg\",\"width\":640,\"height\":480},{\"@type\":\"WebPage\",\"@id\":\"https:\/\/machineriesbst.com\/en\/catalogue\/degaineur-performer-8\/#webpage\",\"url\":\"https:\/\/machineriesbst.com\/en\/catalogue\/degaineur-performer-8\/\",\"name\":\"D\\u00e9gaineur Performer 8\\\" - Machineries BST\",\"isPartOf\":{\"@id\":\"https:\/\/machineriesbst.com\/en\/#website\"},\"primaryImageOfPage\":{\"@id\":\"https:\/\/machineriesbst.com\/en\/catalogue\/degaineur-performer-8\/#primaryimage\"},\"datePublished\":\"2021-06-08T13:44:23+00:00\",\"dateModified\":\"2023-12-01T01:24:13+00:00\",\"breadcrumb\":{\"@id\":\"https:\/\/machineriesbst.com\/en\/catalogue\/degaineur-performer-8\/#breadcrumb\"},\"inLanguage\":\"en-US\",\"potentialAction\":[{\"@type\":\"ReadAction\",\"target\":[\"https:\/\/machineriesbst.com\/en\/catalogue\/degaineur-performer-8\/\"]}]},{\"@type\":\"BreadcrumbList\",\"@id\":\"https:\/\/machineriesbst.com\/en\/catalogue\/degaineur-performer-8\/#breadcrumb\",\"itemListElement\":[{\"@type\":\"ListItem\",\"position\":1,\"name\":\"Accueil\",\"item\":\"https:\/\/machineriesbst.com\/en\/\"},{\"@type\":\"ListItem\",\"position\":2,\"name\":\"Catalogue\",\"item\":\"https:\/\/machineriesbst.com\/en\/catalog\/\"},{\"@type\":\"ListItem\",\"position\":3,\"name\":\"D\\u00e9gaineur Performer 8\\\"\"}]}]}<\/script>\n<!-- \/ Yoast SEO plugin. -->","yoast_head_json":{"title":"D\u00e9gaineur Performer 8\" - Machineries BST","robots":{"index":"index","follow":"follow","max-snippet":"max-snippet:-1","max-image-preview":"max-image-preview:large","max-video-preview":"max-video-preview:-1"},"canonical":"https:\/\/machineriesbst.com\/en\/catalogue\/degaineur-performer-8\/","og_locale":"en_US","og_type":"article","og_title":"D\u00e9gaineur Performer 8\" - Machineries BST","og_description":"Lien d'encan Bidspotter:\u00a0http:\/\/bit.ly\/2BM3wbI D\u00e9gaineur Performer 8\": Type: d\u00e9gauchisseuse 8 '' WJ-200 Etat: Excellent - Pr\u00eat \u00e0 partir Moteur: 2 HP Elect.\/Voltage: 110 \/ 220V Num\u00e9ro de s\u00e9rie: 608055l P\u00e9riode d'inspection: Sur demande - Appelez votre expert BST pour planifier une visite ou envoyez un courriel pour poser vos questions: Donat Beland, vice-pr\u00e9sident, MachineriesBST 438-274-4795 donatbeland@machineriesbst.com [&hellip;]","og_url":"https:\/\/machineriesbst.com\/en\/catalogue\/degaineur-performer-8\/","og_site_name":"Machineries BST","article_modified_time":"2023-12-01T01:24:13+00:00","og_image":[{"width":640,"height":480,"url":"https:\/\/machineriesbst.com\/wp-content\/uploads\/2021\/05\/original-20.jpg","path":"\/home\/jepeto\/public_html\/wp-content\/uploads\/2021\/05\/original-20.jpg","size":"full","id":51510,"alt":"","pixels":307200,"type":"image\/jpeg"}],"twitter_card":"summary_large_image","twitter_misc":{"Est. reading time":"1 minute"},"schema":{"@context":"https:\/\/schema.org","@graph":[{"@type":"WebSite","@id":"https:\/\/machineriesbst.com\/en\/#website","url":"https:\/\/machineriesbst.com\/en\/","name":"Machineries BST","description":"Machines neuves &amp; usag\u00e9es","potentialAction":[{"@type":"SearchAction","target":{"@type":"EntryPoint","urlTemplate":"https:\/\/machineriesbst.com\/en\/?s={search_term_string}"},"query-input":"required name=search_term_string"}],"inLanguage":"en-US"},{"@type":"ImageObject","@id":"https:\/\/machineriesbst.com\/en\/catalogue\/degaineur-performer-8\/#primaryimage","inLanguage":"en-US","url":"https:\/\/machineriesbst.com\/wp-content\/uploads\/2021\/05\/original-20.jpg","contentUrl":"https:\/\/machineriesbst.com\/wp-content\/uploads\/2021\/05\/original-20.jpg","width":640,"height":480},{"@type":"WebPage","@id":"https:\/\/machineriesbst.com\/en\/catalogue\/degaineur-performer-8\/#webpage","url":"https:\/\/machineriesbst.com\/en\/catalogue\/degaineur-performer-8\/","name":"D\u00e9gaineur Performer 8\" - Machineries BST","isPartOf":{"@id":"https:\/\/machineriesbst.com\/en\/#website"},"primaryImageOfPage":{"@id":"https:\/\/machineriesbst.com\/en\/catalogue\/degaineur-performer-8\/#primaryimage"},"datePublished":"2021-06-08T13:44:23+00:00","dateModified":"2023-12-01T01:24:13+00:00","breadcrumb":{"@id":"https:\/\/machineriesbst.com\/en\/catalogue\/degaineur-performer-8\/#breadcrumb"},"inLanguage":"en-US","potentialAction":[{"@type":"ReadAction","target":["https:\/\/machineriesbst.com\/en\/catalogue\/degaineur-performer-8\/"]}]},{"@type":"BreadcrumbList","@id":"https:\/\/machineriesbst.com\/en\/catalogue\/degaineur-performer-8\/#breadcrumb","itemListElement":[{"@type":"ListItem","position":1,"name":"Accueil","item":"https:\/\/machineriesbst.com\/en\/"},{"@type":"ListItem","position":2,"name":"Catalogue","item":"https:\/\/machineriesbst.com\/en\/catalog\/"},{"@type":"ListItem","position":3,"name":"D\u00e9gaineur Performer 8\""}]}]}},"_links":{"self":[{"href":"https:\/\/machineriesbst.com\/en\/wp-json\/wp\/v2\/product\/58053"}],"collection":[{"href":"https:\/\/machineriesbst.com\/en\/wp-json\/wp\/v2\/product"}],"about":[{"href":"https:\/\/machineriesbst.com\/en\/wp-json\/wp\/v2\/types\/product"}],"author":[{"embeddable":true,"href":"https:\/\/machineriesbst.com\/en\/wp-json\/wp\/v2\/users\/3"}],"replies":[{"embeddable":true,"href":"https:\/\/machineriesbst.com\/en\/wp-json\/wp\/v2\/comments?post=58053"}],"wp:featuredmedia":[{"embeddable":true,"href":"https:\/\/machineriesbst.com\/en\/wp-json\/wp\/v2\/media\/51510"}],"wp:attachment":[{"href":"https:\/\/machineriesbst.com\/en\/wp-json\/wp\/v2\/media?parent=58053"}],"wp:term":[{"taxonomy":"product_cat","embeddable":true,"href":"https:\/\/machineriesbst.com\/en\/wp-json\/wp\/v2\/product_cat?post=58053"},{"taxonomy":"product_tag","embeddable":true,"href":"https:\/\/machineriesbst.com\/en\/wp-json\/wp\/v2\/product_tag?post=58053"}],"curies":[{"name":"wp","href":"https:\/\/api.w.org\/{rel}","templated":true}]}}