{"id":58048,"date":"2021-06-08T09:44:21","date_gmt":"2021-06-08T13:44:21","guid":{"rendered":"https:\/\/machineriesbst.com\/?post_type=product&#038;p=58048"},"modified":"2023-11-30T20:24:14","modified_gmt":"2023-12-01T01:24:14","slug":"tenonneuse-simple-celaschi-progress-54-profileur","status":"publish","type":"product","link":"https:\/\/machineriesbst.com\/en\/catalogue\/tenonneuse-simple-celaschi-progress-54-profileur\/","title":{"rendered":"Single Tenoner Celaschi Progress 54 Profiler"},"content":{"rendered":"<p>Single Tenoner with 3 Heads profiler has 2 drives .IBM Pentium 330 PC processor with 14 &#39;&#39; screen. 15 HP motor for the first 10HP profiler for the second and the third profiler .RPM from 4,000 to 8,000. 35mm chuck and 3 -15\/16 &quot;length of tilting chuck. Speed from 13 to 99 PMP. Soundproof cabin automatic lubrication.<\/p>","protected":false},"excerpt":{"rendered":"<p>Single Tenoner with 3 Heads profiler has 2 drives .IBM Pentium 330 PC processor with 14 &#39;&#39; screen. 15 HP motor for the first 10HP profiler for the second and the third profiler .RPM from 4,000 to 8,000. 35mm chuck and 3 -15\/16 &quot;length of tilting chuck. Speed from 13 to 99 PMP. [\u2026]<\/p>","protected":false},"author":3,"featured_media":51477,"comment_status":"open","ping_status":"closed","template":"","meta":[],"product_cat":[308],"product_tag":[],"acf":[],"yoast_head":"<!-- This site is optimized with the Yoast SEO plugin v16.8 - https:\/\/yoast.com\/wordpress\/plugins\/seo\/ -->\n<title>Tenonneuse Simple Celaschi Progress 54 Profileur - Machineries BST<\/title>\n<meta name=\"robots\" content=\"index, follow, max-snippet:-1, max-image-preview:large, max-video-preview:-1\" \/>\n<link rel=\"canonical\" href=\"https:\/\/machineriesbst.com\/en\/catalogue\/tenonneuse-simple-celaschi-progress-54-profileur\/\" \/>\n<meta property=\"og:locale\" content=\"en_US\" \/>\n<meta property=\"og:type\" content=\"article\" \/>\n<meta property=\"og:title\" content=\"Tenonneuse Simple Celaschi Progress 54 Profileur - Machineries BST\" \/>\n<meta property=\"og:description\" content=\"Tenoneuse simple avec 3 T\u00eates profileuse a 2 entra\u00eenements .IBM Pentium 330 PC processeur avec \u00e9cran de 14&#039;&#039; .Moteur de 15 HP pour le premier profileur 10HP pour le deuxi\u00e8me et le troisi\u00e8me profileur .RPM de 4,000 \u00e0 8,000 .Mandrin de 35mm et 3-15\/16&quot; de longueur de mandrin inclinable. Vitesse de 13 \u00e0 99 PMP. [&hellip;]\" \/>\n<meta property=\"og:url\" content=\"https:\/\/machineriesbst.com\/en\/catalogue\/tenonneuse-simple-celaschi-progress-54-profileur\/\" \/>\n<meta property=\"og:site_name\" content=\"Machineries BST\" \/>\n<meta property=\"article:modified_time\" content=\"2023-12-01T01:24:14+00:00\" \/>\n<meta property=\"og:image\" content=\"https:\/\/machineriesbst.com\/wp-content\/uploads\/2021\/05\/C.jpg\" \/>\n\t<meta property=\"og:image:width\" content=\"578\" \/>\n\t<meta property=\"og:image:height\" content=\"385\" \/>\n<meta name=\"twitter:card\" content=\"summary_large_image\" \/>\n<script type=\"application\/ld+json\" class=\"yoast-schema-graph\">{\"@context\":\"https:\/\/schema.org\",\"@graph\":[{\"@type\":\"WebSite\",\"@id\":\"https:\/\/machineriesbst.com\/en\/#website\",\"url\":\"https:\/\/machineriesbst.com\/en\/\",\"name\":\"Machineries BST\",\"description\":\"Machines neuves &amp; usag\\u00e9es\",\"potentialAction\":[{\"@type\":\"SearchAction\",\"target\":{\"@type\":\"EntryPoint\",\"urlTemplate\":\"https:\/\/machineriesbst.com\/en\/?s={search_term_string}\"},\"query-input\":\"required name=search_term_string\"}],\"inLanguage\":\"en-US\"},{\"@type\":\"ImageObject\",\"@id\":\"https:\/\/machineriesbst.com\/en\/catalogue\/tenonneuse-simple-celaschi-progress-54-profileur\/#primaryimage\",\"inLanguage\":\"en-US\",\"url\":\"https:\/\/machineriesbst.com\/wp-content\/uploads\/2021\/05\/C.jpg\",\"contentUrl\":\"https:\/\/machineriesbst.com\/wp-content\/uploads\/2021\/05\/C.jpg\",\"width\":578,\"height\":385},{\"@type\":\"WebPage\",\"@id\":\"https:\/\/machineriesbst.com\/en\/catalogue\/tenonneuse-simple-celaschi-progress-54-profileur\/#webpage\",\"url\":\"https:\/\/machineriesbst.com\/en\/catalogue\/tenonneuse-simple-celaschi-progress-54-profileur\/\",\"name\":\"Tenonneuse Simple Celaschi Progress 54 Profileur - Machineries BST\",\"isPartOf\":{\"@id\":\"https:\/\/machineriesbst.com\/en\/#website\"},\"primaryImageOfPage\":{\"@id\":\"https:\/\/machineriesbst.com\/en\/catalogue\/tenonneuse-simple-celaschi-progress-54-profileur\/#primaryimage\"},\"datePublished\":\"2021-06-08T13:44:21+00:00\",\"dateModified\":\"2023-12-01T01:24:14+00:00\",\"breadcrumb\":{\"@id\":\"https:\/\/machineriesbst.com\/en\/catalogue\/tenonneuse-simple-celaschi-progress-54-profileur\/#breadcrumb\"},\"inLanguage\":\"en-US\",\"potentialAction\":[{\"@type\":\"ReadAction\",\"target\":[\"https:\/\/machineriesbst.com\/en\/catalogue\/tenonneuse-simple-celaschi-progress-54-profileur\/\"]}]},{\"@type\":\"BreadcrumbList\",\"@id\":\"https:\/\/machineriesbst.com\/en\/catalogue\/tenonneuse-simple-celaschi-progress-54-profileur\/#breadcrumb\",\"itemListElement\":[{\"@type\":\"ListItem\",\"position\":1,\"name\":\"Accueil\",\"item\":\"https:\/\/machineriesbst.com\/en\/\"},{\"@type\":\"ListItem\",\"position\":2,\"name\":\"Catalogue\",\"item\":\"https:\/\/machineriesbst.com\/en\/catalog\/\"},{\"@type\":\"ListItem\",\"position\":3,\"name\":\"Tenonneuse Simple Celaschi Progress 54 Profileur\"}]}]}<\/script>\n<!-- \/ Yoast SEO plugin. -->","yoast_head_json":{"title":"Tenonneuse Simple Celaschi Progress 54 Profileur - Machineries BST","robots":{"index":"index","follow":"follow","max-snippet":"max-snippet:-1","max-image-preview":"max-image-preview:large","max-video-preview":"max-video-preview:-1"},"canonical":"https:\/\/machineriesbst.com\/en\/catalogue\/tenonneuse-simple-celaschi-progress-54-profileur\/","og_locale":"en_US","og_type":"article","og_title":"Tenonneuse Simple Celaschi Progress 54 Profileur - Machineries BST","og_description":"Tenoneuse simple avec 3 T\u00eates profileuse a 2 entra\u00eenements .IBM Pentium 330 PC processeur avec \u00e9cran de 14'' .Moteur de 15 HP pour le premier profileur 10HP pour le deuxi\u00e8me et le troisi\u00e8me profileur .RPM de 4,000 \u00e0 8,000 .Mandrin de 35mm et 3-15\/16\" de longueur de mandrin inclinable. Vitesse de 13 \u00e0 99 PMP. [&hellip;]","og_url":"https:\/\/machineriesbst.com\/en\/catalogue\/tenonneuse-simple-celaschi-progress-54-profileur\/","og_site_name":"Machineries BST","article_modified_time":"2023-12-01T01:24:14+00:00","og_image":[{"width":578,"height":385,"url":"https:\/\/machineriesbst.com\/wp-content\/uploads\/2021\/05\/C.jpg","path":"\/home\/jepeto\/public_html\/wp-content\/uploads\/2021\/05\/C.jpg","size":"full","id":51477,"alt":"","pixels":222530,"type":"image\/jpeg"}],"twitter_card":"summary_large_image","schema":{"@context":"https:\/\/schema.org","@graph":[{"@type":"WebSite","@id":"https:\/\/machineriesbst.com\/en\/#website","url":"https:\/\/machineriesbst.com\/en\/","name":"Machineries BST","description":"Machines neuves &amp; usag\u00e9es","potentialAction":[{"@type":"SearchAction","target":{"@type":"EntryPoint","urlTemplate":"https:\/\/machineriesbst.com\/en\/?s={search_term_string}"},"query-input":"required name=search_term_string"}],"inLanguage":"en-US"},{"@type":"ImageObject","@id":"https:\/\/machineriesbst.com\/en\/catalogue\/tenonneuse-simple-celaschi-progress-54-profileur\/#primaryimage","inLanguage":"en-US","url":"https:\/\/machineriesbst.com\/wp-content\/uploads\/2021\/05\/C.jpg","contentUrl":"https:\/\/machineriesbst.com\/wp-content\/uploads\/2021\/05\/C.jpg","width":578,"height":385},{"@type":"WebPage","@id":"https:\/\/machineriesbst.com\/en\/catalogue\/tenonneuse-simple-celaschi-progress-54-profileur\/#webpage","url":"https:\/\/machineriesbst.com\/en\/catalogue\/tenonneuse-simple-celaschi-progress-54-profileur\/","name":"Tenonneuse Simple Celaschi Progress 54 Profileur - Machineries BST","isPartOf":{"@id":"https:\/\/machineriesbst.com\/en\/#website"},"primaryImageOfPage":{"@id":"https:\/\/machineriesbst.com\/en\/catalogue\/tenonneuse-simple-celaschi-progress-54-profileur\/#primaryimage"},"datePublished":"2021-06-08T13:44:21+00:00","dateModified":"2023-12-01T01:24:14+00:00","breadcrumb":{"@id":"https:\/\/machineriesbst.com\/en\/catalogue\/tenonneuse-simple-celaschi-progress-54-profileur\/#breadcrumb"},"inLanguage":"en-US","potentialAction":[{"@type":"ReadAction","target":["https:\/\/machineriesbst.com\/en\/catalogue\/tenonneuse-simple-celaschi-progress-54-profileur\/"]}]},{"@type":"BreadcrumbList","@id":"https:\/\/machineriesbst.com\/en\/catalogue\/tenonneuse-simple-celaschi-progress-54-profileur\/#breadcrumb","itemListElement":[{"@type":"ListItem","position":1,"name":"Accueil","item":"https:\/\/machineriesbst.com\/en\/"},{"@type":"ListItem","position":2,"name":"Catalogue","item":"https:\/\/machineriesbst.com\/en\/catalog\/"},{"@type":"ListItem","position":3,"name":"Tenonneuse Simple Celaschi Progress 54 Profileur"}]}]}},"_links":{"self":[{"href":"https:\/\/machineriesbst.com\/en\/wp-json\/wp\/v2\/product\/58048"}],"collection":[{"href":"https:\/\/machineriesbst.com\/en\/wp-json\/wp\/v2\/product"}],"about":[{"href":"https:\/\/machineriesbst.com\/en\/wp-json\/wp\/v2\/types\/product"}],"author":[{"embeddable":true,"href":"https:\/\/machineriesbst.com\/en\/wp-json\/wp\/v2\/users\/3"}],"replies":[{"embeddable":true,"href":"https:\/\/machineriesbst.com\/en\/wp-json\/wp\/v2\/comments?post=58048"}],"wp:featuredmedia":[{"embeddable":true,"href":"https:\/\/machineriesbst.com\/en\/wp-json\/wp\/v2\/media\/51477"}],"wp:attachment":[{"href":"https:\/\/machineriesbst.com\/en\/wp-json\/wp\/v2\/media?parent=58048"}],"wp:term":[{"taxonomy":"product_cat","embeddable":true,"href":"https:\/\/machineriesbst.com\/en\/wp-json\/wp\/v2\/product_cat?post=58048"},{"taxonomy":"product_tag","embeddable":true,"href":"https:\/\/machineriesbst.com\/en\/wp-json\/wp\/v2\/product_tag?post=58048"}],"curies":[{"name":"wp","href":"https:\/\/api.w.org\/{rel}","templated":true}]}}