{"id":58044,"date":"2021-06-08T09:43:58","date_gmt":"2021-06-08T13:43:58","guid":{"rendered":"https:\/\/machineriesbst.com\/?post_type=product&#038;p=58044"},"modified":"2023-11-30T20:24:14","modified_gmt":"2023-12-01T01:24:14","slug":"ensacheuse-rethceif-packaging-vff-5010","status":"publish","type":"product","link":"https:\/\/machineriesbst.com\/en\/catalogue\/ensacheuse-rethceif-packaging-vff-5010\/","title":{"rendered":"Rethceif Packaging VFF-5010 bagging machine"},"content":{"rendered":"<p>Rethceif Packaging VFF-5010 bagging machine:<\/p>\n<ul>\n<li>Product designed for: Mulch<\/li>\n<li>Flow: circulate freely<\/li>\n<li>Bag Weight: 40 lbs<\/li>\n<li>Bag material: Polyethylene flat film<\/li>\n<li>Film thickness: 3-5 mil<\/li>\n<li>Flow rate: 12-14 bags per minute with volumetric feeder<\/li>\n<li>Air pressure: 90-120 psi<\/li>\n<li>Allen Bradley Controls<\/li>\n<li>This machine was used for a short time before the plant closed.<\/li>\n<\/ul>","protected":false},"excerpt":{"rendered":"<p>Rethceif Packaging VFF-5010 Bagging Machine: Product Designed For: Mulch Throughput: Free Flow Bag Weight: 40 lbs Bag Material: Polyethylene Flat Film Film Thickness: 3-5 mil Throughput: 12-14 bags per minute with Volumetric Loader Pressure Air Pressure: 90-120 psi Allen Bradley Controls This machine was used for a short time before closing [\u2026]<\/p>","protected":false},"author":3,"featured_media":51473,"comment_status":"open","ping_status":"closed","template":"","meta":[],"product_cat":[3018],"product_tag":[],"acf":[],"yoast_head":"<!-- This site is optimized with the Yoast SEO plugin v16.8 - https:\/\/yoast.com\/wordpress\/plugins\/seo\/ -->\n<title>Ensacheuse Rethceif Packaging VFF-5010 - Machineries BST<\/title>\n<meta name=\"robots\" content=\"index, follow, max-snippet:-1, max-image-preview:large, max-video-preview:-1\" \/>\n<link rel=\"canonical\" href=\"https:\/\/machineriesbst.com\/en\/catalogue\/ensacheuse-rethceif-packaging-vff-5010\/\" \/>\n<meta property=\"og:locale\" content=\"en_US\" \/>\n<meta property=\"og:type\" content=\"article\" \/>\n<meta property=\"og:title\" content=\"Ensacheuse Rethceif Packaging VFF-5010 - Machineries BST\" \/>\n<meta property=\"og:description\" content=\"Ensacheuse Rethceif Packaging VFF-5010: Produit con\u00e7u pour: Paillis D\u00e9bit: Circuler librement Poids du sac: 40 lb Mat\u00e9riel de sac: Film plat de poly\u00e9thyl\u00e8ne \u00c9paisseur du film: 3-5 mil D\u00e9bit: 12-14 sacs par minute avec chargeur volum\u00e9trique Pression d&#039;air: 90-120 psi Allen Bradley Controls Cette machine a \u00e9t\u00e9 utilis\u00e9e pendant une courte p\u00e9riode avant la fermeture [&hellip;]\" \/>\n<meta property=\"og:url\" content=\"https:\/\/machineriesbst.com\/en\/catalogue\/ensacheuse-rethceif-packaging-vff-5010\/\" \/>\n<meta property=\"og:site_name\" content=\"Machineries BST\" \/>\n<meta property=\"article:modified_time\" content=\"2023-12-01T01:24:14+00:00\" \/>\n<meta property=\"og:image\" content=\"https:\/\/machineriesbst.com\/wp-content\/uploads\/2021\/05\/CMS712801.jpg\" \/>\n\t<meta property=\"og:image:width\" content=\"1200\" \/>\n\t<meta property=\"og:image:height\" content=\"1600\" \/>\n<meta name=\"twitter:card\" content=\"summary_large_image\" \/>\n<script type=\"application\/ld+json\" class=\"yoast-schema-graph\">{\"@context\":\"https:\/\/schema.org\",\"@graph\":[{\"@type\":\"WebSite\",\"@id\":\"https:\/\/machineriesbst.com\/en\/#website\",\"url\":\"https:\/\/machineriesbst.com\/en\/\",\"name\":\"Machineries BST\",\"description\":\"Machines neuves &amp; usag\\u00e9es\",\"potentialAction\":[{\"@type\":\"SearchAction\",\"target\":{\"@type\":\"EntryPoint\",\"urlTemplate\":\"https:\/\/machineriesbst.com\/en\/?s={search_term_string}\"},\"query-input\":\"required name=search_term_string\"}],\"inLanguage\":\"en-US\"},{\"@type\":\"ImageObject\",\"@id\":\"https:\/\/machineriesbst.com\/en\/catalogue\/ensacheuse-rethceif-packaging-vff-5010\/#primaryimage\",\"inLanguage\":\"en-US\",\"url\":\"https:\/\/machineriesbst.com\/wp-content\/uploads\/2021\/05\/CMS712801.jpg\",\"contentUrl\":\"https:\/\/machineriesbst.com\/wp-content\/uploads\/2021\/05\/CMS712801.jpg\",\"width\":1200,\"height\":1600},{\"@type\":\"WebPage\",\"@id\":\"https:\/\/machineriesbst.com\/en\/catalogue\/ensacheuse-rethceif-packaging-vff-5010\/#webpage\",\"url\":\"https:\/\/machineriesbst.com\/en\/catalogue\/ensacheuse-rethceif-packaging-vff-5010\/\",\"name\":\"Ensacheuse Rethceif Packaging VFF-5010 - Machineries BST\",\"isPartOf\":{\"@id\":\"https:\/\/machineriesbst.com\/en\/#website\"},\"primaryImageOfPage\":{\"@id\":\"https:\/\/machineriesbst.com\/en\/catalogue\/ensacheuse-rethceif-packaging-vff-5010\/#primaryimage\"},\"datePublished\":\"2021-06-08T13:43:58+00:00\",\"dateModified\":\"2023-12-01T01:24:14+00:00\",\"breadcrumb\":{\"@id\":\"https:\/\/machineriesbst.com\/en\/catalogue\/ensacheuse-rethceif-packaging-vff-5010\/#breadcrumb\"},\"inLanguage\":\"en-US\",\"potentialAction\":[{\"@type\":\"ReadAction\",\"target\":[\"https:\/\/machineriesbst.com\/en\/catalogue\/ensacheuse-rethceif-packaging-vff-5010\/\"]}]},{\"@type\":\"BreadcrumbList\",\"@id\":\"https:\/\/machineriesbst.com\/en\/catalogue\/ensacheuse-rethceif-packaging-vff-5010\/#breadcrumb\",\"itemListElement\":[{\"@type\":\"ListItem\",\"position\":1,\"name\":\"Accueil\",\"item\":\"https:\/\/machineriesbst.com\/en\/\"},{\"@type\":\"ListItem\",\"position\":2,\"name\":\"Catalogue\",\"item\":\"https:\/\/machineriesbst.com\/en\/catalog\/\"},{\"@type\":\"ListItem\",\"position\":3,\"name\":\"Ensacheuse Rethceif Packaging VFF-5010\"}]}]}<\/script>\n<!-- \/ Yoast SEO plugin. -->","yoast_head_json":{"title":"Ensacheuse Rethceif Packaging VFF-5010 - Machineries BST","robots":{"index":"index","follow":"follow","max-snippet":"max-snippet:-1","max-image-preview":"max-image-preview:large","max-video-preview":"max-video-preview:-1"},"canonical":"https:\/\/machineriesbst.com\/en\/catalogue\/ensacheuse-rethceif-packaging-vff-5010\/","og_locale":"en_US","og_type":"article","og_title":"Ensacheuse Rethceif Packaging VFF-5010 - Machineries BST","og_description":"Ensacheuse Rethceif Packaging VFF-5010: Produit con\u00e7u pour: Paillis D\u00e9bit: Circuler librement Poids du sac: 40 lb Mat\u00e9riel de sac: Film plat de poly\u00e9thyl\u00e8ne \u00c9paisseur du film: 3-5 mil D\u00e9bit: 12-14 sacs par minute avec chargeur volum\u00e9trique Pression d'air: 90-120 psi Allen Bradley Controls Cette machine a \u00e9t\u00e9 utilis\u00e9e pendant une courte p\u00e9riode avant la fermeture [&hellip;]","og_url":"https:\/\/machineriesbst.com\/en\/catalogue\/ensacheuse-rethceif-packaging-vff-5010\/","og_site_name":"Machineries BST","article_modified_time":"2023-12-01T01:24:14+00:00","og_image":[{"width":1200,"height":1600,"url":"https:\/\/machineriesbst.com\/wp-content\/uploads\/2021\/05\/CMS712801.jpg","path":"\/home\/jepeto\/public_html\/wp-content\/uploads\/2021\/05\/CMS712801.jpg","size":"full","id":51473,"alt":"","pixels":1920000,"type":"image\/jpeg"}],"twitter_card":"summary_large_image","schema":{"@context":"https:\/\/schema.org","@graph":[{"@type":"WebSite","@id":"https:\/\/machineriesbst.com\/en\/#website","url":"https:\/\/machineriesbst.com\/en\/","name":"Machineries BST","description":"Machines neuves &amp; usag\u00e9es","potentialAction":[{"@type":"SearchAction","target":{"@type":"EntryPoint","urlTemplate":"https:\/\/machineriesbst.com\/en\/?s={search_term_string}"},"query-input":"required name=search_term_string"}],"inLanguage":"en-US"},{"@type":"ImageObject","@id":"https:\/\/machineriesbst.com\/en\/catalogue\/ensacheuse-rethceif-packaging-vff-5010\/#primaryimage","inLanguage":"en-US","url":"https:\/\/machineriesbst.com\/wp-content\/uploads\/2021\/05\/CMS712801.jpg","contentUrl":"https:\/\/machineriesbst.com\/wp-content\/uploads\/2021\/05\/CMS712801.jpg","width":1200,"height":1600},{"@type":"WebPage","@id":"https:\/\/machineriesbst.com\/en\/catalogue\/ensacheuse-rethceif-packaging-vff-5010\/#webpage","url":"https:\/\/machineriesbst.com\/en\/catalogue\/ensacheuse-rethceif-packaging-vff-5010\/","name":"Ensacheuse Rethceif Packaging VFF-5010 - Machineries BST","isPartOf":{"@id":"https:\/\/machineriesbst.com\/en\/#website"},"primaryImageOfPage":{"@id":"https:\/\/machineriesbst.com\/en\/catalogue\/ensacheuse-rethceif-packaging-vff-5010\/#primaryimage"},"datePublished":"2021-06-08T13:43:58+00:00","dateModified":"2023-12-01T01:24:14+00:00","breadcrumb":{"@id":"https:\/\/machineriesbst.com\/en\/catalogue\/ensacheuse-rethceif-packaging-vff-5010\/#breadcrumb"},"inLanguage":"en-US","potentialAction":[{"@type":"ReadAction","target":["https:\/\/machineriesbst.com\/en\/catalogue\/ensacheuse-rethceif-packaging-vff-5010\/"]}]},{"@type":"BreadcrumbList","@id":"https:\/\/machineriesbst.com\/en\/catalogue\/ensacheuse-rethceif-packaging-vff-5010\/#breadcrumb","itemListElement":[{"@type":"ListItem","position":1,"name":"Accueil","item":"https:\/\/machineriesbst.com\/en\/"},{"@type":"ListItem","position":2,"name":"Catalogue","item":"https:\/\/machineriesbst.com\/en\/catalog\/"},{"@type":"ListItem","position":3,"name":"Ensacheuse Rethceif Packaging VFF-5010"}]}]}},"_links":{"self":[{"href":"https:\/\/machineriesbst.com\/en\/wp-json\/wp\/v2\/product\/58044"}],"collection":[{"href":"https:\/\/machineriesbst.com\/en\/wp-json\/wp\/v2\/product"}],"about":[{"href":"https:\/\/machineriesbst.com\/en\/wp-json\/wp\/v2\/types\/product"}],"author":[{"embeddable":true,"href":"https:\/\/machineriesbst.com\/en\/wp-json\/wp\/v2\/users\/3"}],"replies":[{"embeddable":true,"href":"https:\/\/machineriesbst.com\/en\/wp-json\/wp\/v2\/comments?post=58044"}],"wp:featuredmedia":[{"embeddable":true,"href":"https:\/\/machineriesbst.com\/en\/wp-json\/wp\/v2\/media\/51473"}],"wp:attachment":[{"href":"https:\/\/machineriesbst.com\/en\/wp-json\/wp\/v2\/media?parent=58044"}],"wp:term":[{"taxonomy":"product_cat","embeddable":true,"href":"https:\/\/machineriesbst.com\/en\/wp-json\/wp\/v2\/product_cat?post=58044"},{"taxonomy":"product_tag","embeddable":true,"href":"https:\/\/machineriesbst.com\/en\/wp-json\/wp\/v2\/product_tag?post=58044"}],"curies":[{"name":"wp","href":"https:\/\/api.w.org\/{rel}","templated":true}]}}