{"id":58043,"date":"2021-06-08T09:43:58","date_gmt":"2021-06-08T13:43:58","guid":{"rendered":"https:\/\/machineriesbst.com\/?post_type=product&#038;p=58043"},"modified":"2023-11-30T20:24:14","modified_gmt":"2023-12-01T01:24:14","slug":"ensacheuse-a-compression-rethceif-packaging-hc2020","status":"publish","type":"product","link":"https:\/\/machineriesbst.com\/en\/catalogue\/ensacheuse-a-compression-rethceif-packaging-hc2020\/","title":{"rendered":"Rethceif Packaging HC2020 compression bagging machine"},"content":{"rendered":"<p>Rethceif Packaging HC2020 compression bagging machine:<\/p>\n<ul>\n<li>Two-way compression for square and dense bales<\/li>\n<li>Patented forming gusset technology ensures tight gussets and flat ends<\/li>\n<li>Ideal for wood chips, cellulose insulation and other compressible products<\/li>\n<li>Bag size up to 12 &quot;x 18&quot; x 32 &quot;<\/li>\n<li>60 &quot;maximum film width<\/li>\n<li>Up to 7+ bags per minute<\/li>\n<li>Machine designed and built in the USA with quality domestic parts<\/li>\n<li>This machine is in storage and available immediately.<\/li>\n<\/ul>","protected":false},"excerpt":{"rendered":"<p>Rethceif Packaging HC2020 Compression Bagger: Bidirectional compression for square and dense bales Patented forming gusset technology ensures tight gussets and flat ends Ideal for wood chips, cellulose insulation and other compressible products Bag size up to to 12 &quot;x 18&quot; x 32 &quot;60&quot; maximum width of [\u2026]<\/p>","protected":false},"author":3,"featured_media":51472,"comment_status":"open","ping_status":"closed","template":"","meta":[],"product_cat":[3018],"product_tag":[],"acf":[],"yoast_head":"<!-- This site is optimized with the Yoast SEO plugin v16.8 - https:\/\/yoast.com\/wordpress\/plugins\/seo\/ -->\n<title>Ensacheuse \u00e0 compression Rethceif Packaging HC2020 - Machineries BST<\/title>\n<meta name=\"robots\" content=\"index, follow, max-snippet:-1, max-image-preview:large, max-video-preview:-1\" \/>\n<link rel=\"canonical\" href=\"https:\/\/machineriesbst.com\/en\/catalogue\/ensacheuse-a-compression-rethceif-packaging-hc2020\/\" \/>\n<meta property=\"og:locale\" content=\"en_US\" \/>\n<meta property=\"og:type\" content=\"article\" \/>\n<meta property=\"og:title\" content=\"Ensacheuse \u00e0 compression Rethceif Packaging HC2020 - Machineries BST\" \/>\n<meta property=\"og:description\" content=\"Ensacheuse \u00e0 compression Rethceif Packaging HC2020: Compression bidirectionnelle pour des balles carr\u00e9es et denses La technologie brevet\u00e9e de gousset de formation assure des goussets serr\u00e9s et des extr\u00e9mit\u00e9s plates Id\u00e9al pour les copeaux de bois, l&#039;isolant cellulosique et autres produits compressibles Taille de sac jusqu&#039;\u00e0 12 &quot;x 18&quot; x 32 &quot; 60 &quot;largeur maximale du [&hellip;]\" \/>\n<meta property=\"og:url\" content=\"https:\/\/machineriesbst.com\/en\/catalogue\/ensacheuse-a-compression-rethceif-packaging-hc2020\/\" \/>\n<meta property=\"og:site_name\" content=\"Machineries BST\" \/>\n<meta property=\"article:modified_time\" content=\"2023-12-01T01:24:14+00:00\" \/>\n<meta property=\"og:image\" content=\"https:\/\/machineriesbst.com\/wp-content\/uploads\/2021\/05\/CMS709418.jpg\" \/>\n\t<meta property=\"og:image:width\" content=\"1600\" \/>\n\t<meta property=\"og:image:height\" content=\"1200\" \/>\n<meta name=\"twitter:card\" content=\"summary_large_image\" \/>\n<script type=\"application\/ld+json\" class=\"yoast-schema-graph\">{\"@context\":\"https:\/\/schema.org\",\"@graph\":[{\"@type\":\"WebSite\",\"@id\":\"https:\/\/machineriesbst.com\/en\/#website\",\"url\":\"https:\/\/machineriesbst.com\/en\/\",\"name\":\"Machineries BST\",\"description\":\"Machines neuves &amp; usag\\u00e9es\",\"potentialAction\":[{\"@type\":\"SearchAction\",\"target\":{\"@type\":\"EntryPoint\",\"urlTemplate\":\"https:\/\/machineriesbst.com\/en\/?s={search_term_string}\"},\"query-input\":\"required name=search_term_string\"}],\"inLanguage\":\"en-US\"},{\"@type\":\"ImageObject\",\"@id\":\"https:\/\/machineriesbst.com\/en\/catalogue\/ensacheuse-a-compression-rethceif-packaging-hc2020\/#primaryimage\",\"inLanguage\":\"en-US\",\"url\":\"https:\/\/machineriesbst.com\/wp-content\/uploads\/2021\/05\/CMS709418.jpg\",\"contentUrl\":\"https:\/\/machineriesbst.com\/wp-content\/uploads\/2021\/05\/CMS709418.jpg\",\"width\":1600,\"height\":1200},{\"@type\":\"WebPage\",\"@id\":\"https:\/\/machineriesbst.com\/en\/catalogue\/ensacheuse-a-compression-rethceif-packaging-hc2020\/#webpage\",\"url\":\"https:\/\/machineriesbst.com\/en\/catalogue\/ensacheuse-a-compression-rethceif-packaging-hc2020\/\",\"name\":\"Ensacheuse \\u00e0 compression Rethceif Packaging HC2020 - Machineries BST\",\"isPartOf\":{\"@id\":\"https:\/\/machineriesbst.com\/en\/#website\"},\"primaryImageOfPage\":{\"@id\":\"https:\/\/machineriesbst.com\/en\/catalogue\/ensacheuse-a-compression-rethceif-packaging-hc2020\/#primaryimage\"},\"datePublished\":\"2021-06-08T13:43:58+00:00\",\"dateModified\":\"2023-12-01T01:24:14+00:00\",\"breadcrumb\":{\"@id\":\"https:\/\/machineriesbst.com\/en\/catalogue\/ensacheuse-a-compression-rethceif-packaging-hc2020\/#breadcrumb\"},\"inLanguage\":\"en-US\",\"potentialAction\":[{\"@type\":\"ReadAction\",\"target\":[\"https:\/\/machineriesbst.com\/en\/catalogue\/ensacheuse-a-compression-rethceif-packaging-hc2020\/\"]}]},{\"@type\":\"BreadcrumbList\",\"@id\":\"https:\/\/machineriesbst.com\/en\/catalogue\/ensacheuse-a-compression-rethceif-packaging-hc2020\/#breadcrumb\",\"itemListElement\":[{\"@type\":\"ListItem\",\"position\":1,\"name\":\"Accueil\",\"item\":\"https:\/\/machineriesbst.com\/en\/\"},{\"@type\":\"ListItem\",\"position\":2,\"name\":\"Catalogue\",\"item\":\"https:\/\/machineriesbst.com\/en\/catalog\/\"},{\"@type\":\"ListItem\",\"position\":3,\"name\":\"Ensacheuse \\u00e0 compression Rethceif Packaging HC2020\"}]}]}<\/script>\n<!-- \/ Yoast SEO plugin. -->","yoast_head_json":{"title":"Ensacheuse \u00e0 compression Rethceif Packaging HC2020 - Machineries BST","robots":{"index":"index","follow":"follow","max-snippet":"max-snippet:-1","max-image-preview":"max-image-preview:large","max-video-preview":"max-video-preview:-1"},"canonical":"https:\/\/machineriesbst.com\/en\/catalogue\/ensacheuse-a-compression-rethceif-packaging-hc2020\/","og_locale":"en_US","og_type":"article","og_title":"Ensacheuse \u00e0 compression Rethceif Packaging HC2020 - Machineries BST","og_description":"Ensacheuse \u00e0 compression Rethceif Packaging HC2020: Compression bidirectionnelle pour des balles carr\u00e9es et denses La technologie brevet\u00e9e de gousset de formation assure des goussets serr\u00e9s et des extr\u00e9mit\u00e9s plates Id\u00e9al pour les copeaux de bois, l'isolant cellulosique et autres produits compressibles Taille de sac jusqu'\u00e0 12 \"x 18\" x 32 \" 60 \"largeur maximale du [&hellip;]","og_url":"https:\/\/machineriesbst.com\/en\/catalogue\/ensacheuse-a-compression-rethceif-packaging-hc2020\/","og_site_name":"Machineries BST","article_modified_time":"2023-12-01T01:24:14+00:00","og_image":[{"width":1600,"height":1200,"url":"https:\/\/machineriesbst.com\/wp-content\/uploads\/2021\/05\/CMS709418.jpg","path":"\/home\/jepeto\/public_html\/wp-content\/uploads\/2021\/05\/CMS709418.jpg","size":"full","id":51472,"alt":"","pixels":1920000,"type":"image\/jpeg"}],"twitter_card":"summary_large_image","schema":{"@context":"https:\/\/schema.org","@graph":[{"@type":"WebSite","@id":"https:\/\/machineriesbst.com\/en\/#website","url":"https:\/\/machineriesbst.com\/en\/","name":"Machineries BST","description":"Machines neuves &amp; usag\u00e9es","potentialAction":[{"@type":"SearchAction","target":{"@type":"EntryPoint","urlTemplate":"https:\/\/machineriesbst.com\/en\/?s={search_term_string}"},"query-input":"required name=search_term_string"}],"inLanguage":"en-US"},{"@type":"ImageObject","@id":"https:\/\/machineriesbst.com\/en\/catalogue\/ensacheuse-a-compression-rethceif-packaging-hc2020\/#primaryimage","inLanguage":"en-US","url":"https:\/\/machineriesbst.com\/wp-content\/uploads\/2021\/05\/CMS709418.jpg","contentUrl":"https:\/\/machineriesbst.com\/wp-content\/uploads\/2021\/05\/CMS709418.jpg","width":1600,"height":1200},{"@type":"WebPage","@id":"https:\/\/machineriesbst.com\/en\/catalogue\/ensacheuse-a-compression-rethceif-packaging-hc2020\/#webpage","url":"https:\/\/machineriesbst.com\/en\/catalogue\/ensacheuse-a-compression-rethceif-packaging-hc2020\/","name":"Ensacheuse \u00e0 compression Rethceif Packaging HC2020 - Machineries BST","isPartOf":{"@id":"https:\/\/machineriesbst.com\/en\/#website"},"primaryImageOfPage":{"@id":"https:\/\/machineriesbst.com\/en\/catalogue\/ensacheuse-a-compression-rethceif-packaging-hc2020\/#primaryimage"},"datePublished":"2021-06-08T13:43:58+00:00","dateModified":"2023-12-01T01:24:14+00:00","breadcrumb":{"@id":"https:\/\/machineriesbst.com\/en\/catalogue\/ensacheuse-a-compression-rethceif-packaging-hc2020\/#breadcrumb"},"inLanguage":"en-US","potentialAction":[{"@type":"ReadAction","target":["https:\/\/machineriesbst.com\/en\/catalogue\/ensacheuse-a-compression-rethceif-packaging-hc2020\/"]}]},{"@type":"BreadcrumbList","@id":"https:\/\/machineriesbst.com\/en\/catalogue\/ensacheuse-a-compression-rethceif-packaging-hc2020\/#breadcrumb","itemListElement":[{"@type":"ListItem","position":1,"name":"Accueil","item":"https:\/\/machineriesbst.com\/en\/"},{"@type":"ListItem","position":2,"name":"Catalogue","item":"https:\/\/machineriesbst.com\/en\/catalog\/"},{"@type":"ListItem","position":3,"name":"Ensacheuse \u00e0 compression Rethceif Packaging HC2020"}]}]}},"_links":{"self":[{"href":"https:\/\/machineriesbst.com\/en\/wp-json\/wp\/v2\/product\/58043"}],"collection":[{"href":"https:\/\/machineriesbst.com\/en\/wp-json\/wp\/v2\/product"}],"about":[{"href":"https:\/\/machineriesbst.com\/en\/wp-json\/wp\/v2\/types\/product"}],"author":[{"embeddable":true,"href":"https:\/\/machineriesbst.com\/en\/wp-json\/wp\/v2\/users\/3"}],"replies":[{"embeddable":true,"href":"https:\/\/machineriesbst.com\/en\/wp-json\/wp\/v2\/comments?post=58043"}],"wp:featuredmedia":[{"embeddable":true,"href":"https:\/\/machineriesbst.com\/en\/wp-json\/wp\/v2\/media\/51472"}],"wp:attachment":[{"href":"https:\/\/machineriesbst.com\/en\/wp-json\/wp\/v2\/media?parent=58043"}],"wp:term":[{"taxonomy":"product_cat","embeddable":true,"href":"https:\/\/machineriesbst.com\/en\/wp-json\/wp\/v2\/product_cat?post=58043"},{"taxonomy":"product_tag","embeddable":true,"href":"https:\/\/machineriesbst.com\/en\/wp-json\/wp\/v2\/product_tag?post=58043"}],"curies":[{"name":"wp","href":"https:\/\/api.w.org\/{rel}","templated":true}]}}