{"id":58030,"date":"2021-06-08T09:43:54","date_gmt":"2021-06-08T13:43:54","guid":{"rendered":"https:\/\/machineriesbst.com\/?post_type=product&#038;p=58030"},"modified":"2023-11-30T20:24:14","modified_gmt":"2023-12-01T01:24:14","slug":"ligne-automatisee-dapplication-de-laque-barberan","status":"publish","type":"product","link":"https:\/\/machineriesbst.com\/en\/catalogue\/ligne-automatisee-dapplication-de-laque-barberan\/","title":{"rendered":"Automated Barberan Lacquer Application Line"},"content":{"rendered":"<table width=\"598\">\n<tbody>\n<tr>\n<td colspan=\"3\" width=\"598\"><strong>Specifications: Complete line with motorized conveyor. Transport table with Suction. Suction brush. Suction robot with spray. Two independent application circuits with 8 guns for lacquer application.<\/strong><\/td>\n<\/tr>\n<tr>\n<td>Year \/ year:<\/td>\n<td><\/td>\n<td>2009<\/td>\n<\/tr>\n<tr>\n<td>Hrs use:<\/td>\n<td><\/td>\n<td>8000hr<\/td>\n<\/tr>\n<tr>\n<td>Line speed:<\/td>\n<td><\/td>\n<td>1 - 12 M \/ min (3 - 39 &#39;\/ min)<\/td>\n<\/tr>\n<tr>\n<td>RPM (carousel):<\/td>\n<td><\/td>\n<td>1 - 25 RPM<\/td>\n<\/tr>\n<tr>\n<td># application line (# paint line)<\/td>\n<td><\/td>\n<td>2<\/td>\n<\/tr>\n<tr>\n<td># rifles \/ paint guns:<\/td>\n<td><\/td>\n<td>8 \/ line, 1 back-up, Total: 17 rifles \/ gun<\/td>\n<\/tr>\n<tr>\n<td width=\"280\">Product recovery:<\/td>\n<td><\/td>\n<td>Yes)<\/td>\n<\/tr>\n<tr>\n<td>Product:<\/td>\n<td><\/td>\n<td>Water base \/ solvent<\/td>\n<\/tr>\n<tr>\n<td width=\"280\">Start-up time<br \/>\n(set-up time):<\/td>\n<td><\/td>\n<td>1 line: 2min, 2 line: 0min<\/td>\n<\/tr>\n<tr>\n<td>Minimum width (width):<\/td>\n<td><\/td>\n<td>4\"<\/td>\n<\/tr>\n<tr>\n<td>Maximum width (width):<\/td>\n<td><\/td>\n<td>60''<\/td>\n<\/tr>\n<tr>\n<td>Minimum length (length):<\/td>\n<td><\/td>\n<td>6\"<\/td>\n<\/tr>\n<tr>\n<td>Maximum length (length):<\/td>\n<td><\/td>\n<td>120\"<\/td>\n<\/tr>\n<tr>\n<td width=\"280\">distance between rooms \/<br \/>\ndistance betwwen parts<\/td>\n<td><\/td>\n<td>3\"<\/td>\n<\/tr>\n<tr>\n<td width=\"280\">Variation in gun height<br \/>\n(height of guns):<\/td>\n<td><\/td>\n<td>80-215mm (3 1\/8 &quot;-8 3\/8&quot;)<\/td>\n<\/tr>\n<tr>\n<td>Cycle time:<\/td>\n<td><\/td>\n<td>\u00a013.5 min at (4M \/ min, 13 &#39;\/ min)<\/td>\n<\/tr>\n<tr>\n<td>UV oven \/ UV oven:<\/td>\n<td><\/td>\n<td>3 lamps \/ lamps<\/td>\n<\/tr>\n<tr>\n<td>Infra-red oven<\/td>\n<td><\/td>\n<td>2 unit of 3 lamps \/ 2 unity of 3 lamps<\/td>\n<\/tr>\n<tr>\n<td>Voltage:<\/td>\n<td colspan=\"2\">400V<\/td>\n<\/tr>\n<\/tbody>\n<\/table>","protected":false},"excerpt":{"rendered":"<p>Sp\u00e9cifications : Ligne compl\u00e8te avec convoyeur motoris\u00e9 .Table de transport\u00a0 avec Aspiration. Brosse avec Aspiration .Roboy d'aspiration avec pulv\u00e9risation .Deux circuits d'application ind\u00e9pendant avec 8 fusils pour application de la laque. Ann\u00e9e \/ year : 2009 Hrs\u00a0 utilisation (Hr use ): 8000hr Vitesse de la ligne (line speed) : 1 - 12 M\/min (3 - [&hellip;]<\/p>","protected":false},"author":3,"featured_media":51407,"comment_status":"open","ping_status":"closed","template":"","meta":[],"product_cat":[3061,3069,3070,1731],"product_tag":[],"acf":[],"yoast_head":"<!-- This site is optimized with the Yoast SEO plugin v16.8 - https:\/\/yoast.com\/wordpress\/plugins\/seo\/ -->\n<title>Ligne Automatis\u00e9e d&#039;application de Laque Barberan - Machineries BST<\/title>\n<meta name=\"robots\" content=\"index, follow, max-snippet:-1, max-image-preview:large, max-video-preview:-1\" \/>\n<link rel=\"canonical\" href=\"https:\/\/machineriesbst.com\/en\/catalogue\/ligne-automatisee-dapplication-de-laque-barberan\/\" \/>\n<meta property=\"og:locale\" content=\"en_US\" \/>\n<meta property=\"og:type\" content=\"article\" \/>\n<meta property=\"og:title\" content=\"Ligne Automatis\u00e9e d&#039;application de Laque Barberan - Machineries BST\" \/>\n<meta property=\"og:description\" content=\"Sp\u00e9cifications : Ligne compl\u00e8te avec convoyeur motoris\u00e9 .Table de transport\u00a0 avec Aspiration. Brosse avec Aspiration .Roboy d&#039;aspiration avec pulv\u00e9risation .Deux circuits d&#039;application ind\u00e9pendant avec 8 fusils pour application de la laque. Ann\u00e9e \/ year : 2009 Hrs\u00a0 utilisation (Hr use ): 8000hr Vitesse de la ligne (line speed) : 1 - 12 M\/min (3 - [&hellip;]\" \/>\n<meta property=\"og:url\" content=\"https:\/\/machineriesbst.com\/en\/catalogue\/ligne-automatisee-dapplication-de-laque-barberan\/\" \/>\n<meta property=\"og:site_name\" content=\"Machineries BST\" \/>\n<meta property=\"article:modified_time\" content=\"2023-12-01T01:24:14+00:00\" \/>\n<meta property=\"og:image\" content=\"https:\/\/machineriesbst.com\/wp-content\/uploads\/2021\/05\/L4-3.jpg\" \/>\n\t<meta property=\"og:image:width\" content=\"1024\" \/>\n\t<meta property=\"og:image:height\" content=\"768\" \/>\n<meta name=\"twitter:card\" content=\"summary_large_image\" \/>\n<meta name=\"twitter:label1\" content=\"Est. reading time\" \/>\n\t<meta name=\"twitter:data1\" content=\"1 minute\" \/>\n<script type=\"application\/ld+json\" class=\"yoast-schema-graph\">{\"@context\":\"https:\/\/schema.org\",\"@graph\":[{\"@type\":\"WebSite\",\"@id\":\"https:\/\/machineriesbst.com\/en\/#website\",\"url\":\"https:\/\/machineriesbst.com\/en\/\",\"name\":\"Machineries BST\",\"description\":\"Machines neuves &amp; usag\\u00e9es\",\"potentialAction\":[{\"@type\":\"SearchAction\",\"target\":{\"@type\":\"EntryPoint\",\"urlTemplate\":\"https:\/\/machineriesbst.com\/en\/?s={search_term_string}\"},\"query-input\":\"required name=search_term_string\"}],\"inLanguage\":\"en-US\"},{\"@type\":\"ImageObject\",\"@id\":\"https:\/\/machineriesbst.com\/en\/catalogue\/ligne-automatisee-dapplication-de-laque-barberan\/#primaryimage\",\"inLanguage\":\"en-US\",\"url\":\"https:\/\/machineriesbst.com\/wp-content\/uploads\/2021\/05\/L4-3.jpg\",\"contentUrl\":\"https:\/\/machineriesbst.com\/wp-content\/uploads\/2021\/05\/L4-3.jpg\",\"width\":1024,\"height\":768},{\"@type\":\"WebPage\",\"@id\":\"https:\/\/machineriesbst.com\/en\/catalogue\/ligne-automatisee-dapplication-de-laque-barberan\/#webpage\",\"url\":\"https:\/\/machineriesbst.com\/en\/catalogue\/ligne-automatisee-dapplication-de-laque-barberan\/\",\"name\":\"Ligne Automatis\\u00e9e d'application de Laque Barberan - Machineries BST\",\"isPartOf\":{\"@id\":\"https:\/\/machineriesbst.com\/en\/#website\"},\"primaryImageOfPage\":{\"@id\":\"https:\/\/machineriesbst.com\/en\/catalogue\/ligne-automatisee-dapplication-de-laque-barberan\/#primaryimage\"},\"datePublished\":\"2021-06-08T13:43:54+00:00\",\"dateModified\":\"2023-12-01T01:24:14+00:00\",\"breadcrumb\":{\"@id\":\"https:\/\/machineriesbst.com\/en\/catalogue\/ligne-automatisee-dapplication-de-laque-barberan\/#breadcrumb\"},\"inLanguage\":\"en-US\",\"potentialAction\":[{\"@type\":\"ReadAction\",\"target\":[\"https:\/\/machineriesbst.com\/en\/catalogue\/ligne-automatisee-dapplication-de-laque-barberan\/\"]}]},{\"@type\":\"BreadcrumbList\",\"@id\":\"https:\/\/machineriesbst.com\/en\/catalogue\/ligne-automatisee-dapplication-de-laque-barberan\/#breadcrumb\",\"itemListElement\":[{\"@type\":\"ListItem\",\"position\":1,\"name\":\"Accueil\",\"item\":\"https:\/\/machineriesbst.com\/en\/\"},{\"@type\":\"ListItem\",\"position\":2,\"name\":\"Catalogue\",\"item\":\"https:\/\/machineriesbst.com\/en\/catalog\/\"},{\"@type\":\"ListItem\",\"position\":3,\"name\":\"Ligne Automatis\\u00e9e d'application de Laque Barberan\"}]}]}<\/script>\n<!-- \/ Yoast SEO plugin. -->","yoast_head_json":{"title":"Ligne Automatis\u00e9e d'application de Laque Barberan - Machineries BST","robots":{"index":"index","follow":"follow","max-snippet":"max-snippet:-1","max-image-preview":"max-image-preview:large","max-video-preview":"max-video-preview:-1"},"canonical":"https:\/\/machineriesbst.com\/en\/catalogue\/ligne-automatisee-dapplication-de-laque-barberan\/","og_locale":"en_US","og_type":"article","og_title":"Ligne Automatis\u00e9e d'application de Laque Barberan - Machineries BST","og_description":"Sp\u00e9cifications : Ligne compl\u00e8te avec convoyeur motoris\u00e9 .Table de transport\u00a0 avec Aspiration. Brosse avec Aspiration .Roboy d'aspiration avec pulv\u00e9risation .Deux circuits d'application ind\u00e9pendant avec 8 fusils pour application de la laque. Ann\u00e9e \/ year : 2009 Hrs\u00a0 utilisation (Hr use ): 8000hr Vitesse de la ligne (line speed) : 1 - 12 M\/min (3 - [&hellip;]","og_url":"https:\/\/machineriesbst.com\/en\/catalogue\/ligne-automatisee-dapplication-de-laque-barberan\/","og_site_name":"Machineries BST","article_modified_time":"2023-12-01T01:24:14+00:00","og_image":[{"width":1024,"height":768,"url":"https:\/\/machineriesbst.com\/wp-content\/uploads\/2021\/05\/L4-3.jpg","path":"\/home\/jepeto\/public_html\/wp-content\/uploads\/2021\/05\/L4-3.jpg","size":"full","id":51407,"alt":"","pixels":786432,"type":"image\/jpeg"}],"twitter_card":"summary_large_image","twitter_misc":{"Est. reading time":"1 minute"},"schema":{"@context":"https:\/\/schema.org","@graph":[{"@type":"WebSite","@id":"https:\/\/machineriesbst.com\/en\/#website","url":"https:\/\/machineriesbst.com\/en\/","name":"Machineries BST","description":"Machines neuves &amp; usag\u00e9es","potentialAction":[{"@type":"SearchAction","target":{"@type":"EntryPoint","urlTemplate":"https:\/\/machineriesbst.com\/en\/?s={search_term_string}"},"query-input":"required name=search_term_string"}],"inLanguage":"en-US"},{"@type":"ImageObject","@id":"https:\/\/machineriesbst.com\/en\/catalogue\/ligne-automatisee-dapplication-de-laque-barberan\/#primaryimage","inLanguage":"en-US","url":"https:\/\/machineriesbst.com\/wp-content\/uploads\/2021\/05\/L4-3.jpg","contentUrl":"https:\/\/machineriesbst.com\/wp-content\/uploads\/2021\/05\/L4-3.jpg","width":1024,"height":768},{"@type":"WebPage","@id":"https:\/\/machineriesbst.com\/en\/catalogue\/ligne-automatisee-dapplication-de-laque-barberan\/#webpage","url":"https:\/\/machineriesbst.com\/en\/catalogue\/ligne-automatisee-dapplication-de-laque-barberan\/","name":"Ligne Automatis\u00e9e d'application de Laque Barberan - Machineries BST","isPartOf":{"@id":"https:\/\/machineriesbst.com\/en\/#website"},"primaryImageOfPage":{"@id":"https:\/\/machineriesbst.com\/en\/catalogue\/ligne-automatisee-dapplication-de-laque-barberan\/#primaryimage"},"datePublished":"2021-06-08T13:43:54+00:00","dateModified":"2023-12-01T01:24:14+00:00","breadcrumb":{"@id":"https:\/\/machineriesbst.com\/en\/catalogue\/ligne-automatisee-dapplication-de-laque-barberan\/#breadcrumb"},"inLanguage":"en-US","potentialAction":[{"@type":"ReadAction","target":["https:\/\/machineriesbst.com\/en\/catalogue\/ligne-automatisee-dapplication-de-laque-barberan\/"]}]},{"@type":"BreadcrumbList","@id":"https:\/\/machineriesbst.com\/en\/catalogue\/ligne-automatisee-dapplication-de-laque-barberan\/#breadcrumb","itemListElement":[{"@type":"ListItem","position":1,"name":"Accueil","item":"https:\/\/machineriesbst.com\/en\/"},{"@type":"ListItem","position":2,"name":"Catalogue","item":"https:\/\/machineriesbst.com\/en\/catalog\/"},{"@type":"ListItem","position":3,"name":"Ligne Automatis\u00e9e d'application de Laque Barberan"}]}]}},"_links":{"self":[{"href":"https:\/\/machineriesbst.com\/en\/wp-json\/wp\/v2\/product\/58030"}],"collection":[{"href":"https:\/\/machineriesbst.com\/en\/wp-json\/wp\/v2\/product"}],"about":[{"href":"https:\/\/machineriesbst.com\/en\/wp-json\/wp\/v2\/types\/product"}],"author":[{"embeddable":true,"href":"https:\/\/machineriesbst.com\/en\/wp-json\/wp\/v2\/users\/3"}],"replies":[{"embeddable":true,"href":"https:\/\/machineriesbst.com\/en\/wp-json\/wp\/v2\/comments?post=58030"}],"wp:featuredmedia":[{"embeddable":true,"href":"https:\/\/machineriesbst.com\/en\/wp-json\/wp\/v2\/media\/51407"}],"wp:attachment":[{"href":"https:\/\/machineriesbst.com\/en\/wp-json\/wp\/v2\/media?parent=58030"}],"wp:term":[{"taxonomy":"product_cat","embeddable":true,"href":"https:\/\/machineriesbst.com\/en\/wp-json\/wp\/v2\/product_cat?post=58030"},{"taxonomy":"product_tag","embeddable":true,"href":"https:\/\/machineriesbst.com\/en\/wp-json\/wp\/v2\/product_tag?post=58030"}],"curies":[{"name":"wp","href":"https:\/\/api.w.org\/{rel}","templated":true}]}}