{"id":58029,"date":"2021-06-08T09:43:54","date_gmt":"2021-06-08T13:43:54","guid":{"rendered":"https:\/\/machineriesbst.com\/?post_type=product&#038;p=58029"},"modified":"2023-11-30T20:24:14","modified_gmt":"2023-12-01T01:24:14","slug":"ligne-automatisee-dapplication-de-teinture-barberan","status":"publish","type":"product","link":"https:\/\/machineriesbst.com\/en\/catalogue\/ligne-automatisee-dapplication-de-teinture-barberan\/","title":{"rendered":"Barberan automated dye application line"},"content":{"rendered":"<table width=\"620\">\n<tbody>\n<tr>\n<td colspan=\"3\" width=\"620\">Specifications: Still in operation East-Canada .Brush with Suction. Spray application robot with 2 independent circuits with 8 guns. Kremlin Rexon stainless steel and A35 HTI gun. Transport table with Suction. Dye drying tunnel. (Convection) Total length of 95 &#39;feet. (29,000cm)<\/td>\n<\/tr>\n<tr>\n<td>.Barberan Dye Line<\/td>\n<td><\/td>\n<td><\/td>\n<\/tr>\n<tr>\n<td>Year \/ year:<\/td>\n<td><\/td>\n<td>2009<\/td>\n<\/tr>\n<tr>\n<td>Hr use:<\/td>\n<td><\/td>\n<td>8000hr<\/td>\n<\/tr>\n<tr>\n<td>Line speed:<\/td>\n<td><\/td>\n<td>1 - 12 M \/ min (3 - 39 &#39;\/ min)<\/td>\n<\/tr>\n<tr>\n<td>RPM (carousel):<\/td>\n<td><\/td>\n<td>1 - 25 RPM<\/td>\n<\/tr>\n<tr>\n<td>\u00a0Application line (# paint line)<\/td>\n<td><\/td>\n<td>2<\/td>\n<\/tr>\n<tr>\n<td>\u00a0Rifles \/ paint guns:<\/td>\n<td><\/td>\n<td>8 \/ line, 1 back-up, total: 17 rifles \/ spray guns<\/td>\n<\/tr>\n<tr>\n<td width=\"280\">Product recovery:<\/td>\n<td><\/td>\n<td>Yes)<\/td>\n<\/tr>\n<tr>\n<td>Product:<\/td>\n<td><\/td>\n<td>Water base \/ solvent<\/td>\n<\/tr>\n<tr>\n<td width=\"280\">Start-up time<br \/>\n(set-up time):<\/td>\n<td><\/td>\n<td>0min<\/td>\n<\/tr>\n<tr>\n<td>Minimum width (width):<\/td>\n<td><\/td>\n<td>2\"<\/td>\n<\/tr>\n<tr>\n<td>Maximum width (width):<\/td>\n<td><\/td>\n<td>60''<\/td>\n<\/tr>\n<tr>\n<td>Minimum length (length):<\/td>\n<td><\/td>\n<td>6\"<\/td>\n<\/tr>\n<tr>\n<td>Maximum length (length):<\/td>\n<td><\/td>\n<td>unlimited \/ unlimited<\/td>\n<\/tr>\n<tr>\n<td width=\"280\">Variation in gun height<br \/>\n(height of guns):<\/td>\n<td><\/td>\n<td>80-215mm (3 1\/8 &quot;-8 3\/8&quot;)<\/td>\n<\/tr>\n<tr>\n<td>Cycle time:<\/td>\n<td><\/td>\n<td>\u00a06.5min at (4M \/ min, 13 &#39;\/ min)<\/td>\n<\/tr>\n<tr>\n<td width=\"280\">Oven temperature \/<br \/>\noven temperature:<\/td>\n<td><\/td>\n<td>20-200 C<\/td>\n<\/tr>\n<tr>\n<td>Voltage:<\/td>\n<td><\/td>\n<td>400V<\/td>\n<\/tr>\n<\/tbody>\n<\/table>","protected":false},"excerpt":{"rendered":"<p>Specifications: Always in function East-Canada .Brush with Suction .Spray application robot with 2 independent circuits with 8 guns .Kremlin Rexon stainless steel and A35 HTI gun .Transport table with Suction .Dye drying tunnel .(convection) Total length of 95&#39; feet .(29,000cm) Dye Line .Barberan Year \/ year: 2009 Hr [\u2026]<\/p>","protected":false},"author":3,"featured_media":51396,"comment_status":"open","ping_status":"closed","template":"","meta":[],"product_cat":[3061,3069,3060,3070,1731],"product_tag":[],"acf":[],"yoast_head":"<!-- This site is optimized with the Yoast SEO plugin v16.8 - https:\/\/yoast.com\/wordpress\/plugins\/seo\/ -->\n<title>Ligne Automatis\u00e9e d&#039;application de teinture Barberan - Machineries BST<\/title>\n<meta name=\"robots\" content=\"index, follow, max-snippet:-1, max-image-preview:large, max-video-preview:-1\" \/>\n<link rel=\"canonical\" href=\"https:\/\/machineriesbst.com\/en\/catalogue\/ligne-automatisee-dapplication-de-teinture-barberan\/\" \/>\n<meta property=\"og:locale\" content=\"en_US\" \/>\n<meta property=\"og:type\" content=\"article\" \/>\n<meta property=\"og:title\" content=\"Ligne Automatis\u00e9e d&#039;application de teinture Barberan - Machineries BST\" \/>\n<meta property=\"og:description\" content=\"Sp\u00e9cifications : Toujours en Fonction Est-Canada .Brosse avec Aspiration .Robot d&#039;application en pulv\u00e9risation\u00a0 avec 2 circuits ind\u00e9pendant \u00e0 8 fusils .Inox Kremlin Rexon et Pistolet A35 HTI .Table de Transport avec Aspiration .Tunnel de S\u00e9chage \u00e0 Teinture .(convection ) Longueur total de 95&#039; pied .(29,000cm) Ligne de Teinture\u00a0 .Barberan Ann\u00e9e \/ year : 2009 Hr [&hellip;]\" \/>\n<meta property=\"og:url\" content=\"https:\/\/machineriesbst.com\/en\/catalogue\/ligne-automatisee-dapplication-de-teinture-barberan\/\" \/>\n<meta property=\"og:site_name\" content=\"Machineries BST\" \/>\n<meta property=\"article:modified_time\" content=\"2023-12-01T01:24:14+00:00\" \/>\n<meta property=\"og:image\" content=\"https:\/\/machineriesbst.com\/wp-content\/uploads\/2021\/05\/T3-1.jpg\" \/>\n\t<meta property=\"og:image:width\" content=\"1024\" \/>\n\t<meta property=\"og:image:height\" content=\"768\" \/>\n<meta name=\"twitter:card\" content=\"summary_large_image\" \/>\n<meta name=\"twitter:label1\" content=\"Est. reading time\" \/>\n\t<meta name=\"twitter:data1\" content=\"1 minute\" \/>\n<script type=\"application\/ld+json\" class=\"yoast-schema-graph\">{\"@context\":\"https:\/\/schema.org\",\"@graph\":[{\"@type\":\"WebSite\",\"@id\":\"https:\/\/machineriesbst.com\/en\/#website\",\"url\":\"https:\/\/machineriesbst.com\/en\/\",\"name\":\"Machineries BST\",\"description\":\"Machines neuves &amp; usag\\u00e9es\",\"potentialAction\":[{\"@type\":\"SearchAction\",\"target\":{\"@type\":\"EntryPoint\",\"urlTemplate\":\"https:\/\/machineriesbst.com\/en\/?s={search_term_string}\"},\"query-input\":\"required name=search_term_string\"}],\"inLanguage\":\"en-US\"},{\"@type\":\"ImageObject\",\"@id\":\"https:\/\/machineriesbst.com\/en\/catalogue\/ligne-automatisee-dapplication-de-teinture-barberan\/#primaryimage\",\"inLanguage\":\"en-US\",\"url\":\"https:\/\/machineriesbst.com\/wp-content\/uploads\/2021\/05\/T3-1.jpg\",\"contentUrl\":\"https:\/\/machineriesbst.com\/wp-content\/uploads\/2021\/05\/T3-1.jpg\",\"width\":1024,\"height\":768},{\"@type\":\"WebPage\",\"@id\":\"https:\/\/machineriesbst.com\/en\/catalogue\/ligne-automatisee-dapplication-de-teinture-barberan\/#webpage\",\"url\":\"https:\/\/machineriesbst.com\/en\/catalogue\/ligne-automatisee-dapplication-de-teinture-barberan\/\",\"name\":\"Ligne Automatis\\u00e9e d'application de teinture Barberan - Machineries BST\",\"isPartOf\":{\"@id\":\"https:\/\/machineriesbst.com\/en\/#website\"},\"primaryImageOfPage\":{\"@id\":\"https:\/\/machineriesbst.com\/en\/catalogue\/ligne-automatisee-dapplication-de-teinture-barberan\/#primaryimage\"},\"datePublished\":\"2021-06-08T13:43:54+00:00\",\"dateModified\":\"2023-12-01T01:24:14+00:00\",\"breadcrumb\":{\"@id\":\"https:\/\/machineriesbst.com\/en\/catalogue\/ligne-automatisee-dapplication-de-teinture-barberan\/#breadcrumb\"},\"inLanguage\":\"en-US\",\"potentialAction\":[{\"@type\":\"ReadAction\",\"target\":[\"https:\/\/machineriesbst.com\/en\/catalogue\/ligne-automatisee-dapplication-de-teinture-barberan\/\"]}]},{\"@type\":\"BreadcrumbList\",\"@id\":\"https:\/\/machineriesbst.com\/en\/catalogue\/ligne-automatisee-dapplication-de-teinture-barberan\/#breadcrumb\",\"itemListElement\":[{\"@type\":\"ListItem\",\"position\":1,\"name\":\"Accueil\",\"item\":\"https:\/\/machineriesbst.com\/en\/\"},{\"@type\":\"ListItem\",\"position\":2,\"name\":\"Catalogue\",\"item\":\"https:\/\/machineriesbst.com\/en\/catalog\/\"},{\"@type\":\"ListItem\",\"position\":3,\"name\":\"Ligne Automatis\\u00e9e d'application de teinture Barberan\"}]}]}<\/script>\n<!-- \/ Yoast SEO plugin. -->","yoast_head_json":{"title":"Ligne Automatis\u00e9e d'application de teinture Barberan - Machineries BST","robots":{"index":"index","follow":"follow","max-snippet":"max-snippet:-1","max-image-preview":"max-image-preview:large","max-video-preview":"max-video-preview:-1"},"canonical":"https:\/\/machineriesbst.com\/en\/catalogue\/ligne-automatisee-dapplication-de-teinture-barberan\/","og_locale":"en_US","og_type":"article","og_title":"Ligne Automatis\u00e9e d'application de teinture Barberan - Machineries BST","og_description":"Sp\u00e9cifications : Toujours en Fonction Est-Canada .Brosse avec Aspiration .Robot d'application en pulv\u00e9risation\u00a0 avec 2 circuits ind\u00e9pendant \u00e0 8 fusils .Inox Kremlin Rexon et Pistolet A35 HTI .Table de Transport avec Aspiration .Tunnel de S\u00e9chage \u00e0 Teinture .(convection ) Longueur total de 95' pied .(29,000cm) Ligne de Teinture\u00a0 .Barberan Ann\u00e9e \/ year : 2009 Hr [&hellip;]","og_url":"https:\/\/machineriesbst.com\/en\/catalogue\/ligne-automatisee-dapplication-de-teinture-barberan\/","og_site_name":"Machineries BST","article_modified_time":"2023-12-01T01:24:14+00:00","og_image":[{"width":1024,"height":768,"url":"https:\/\/machineriesbst.com\/wp-content\/uploads\/2021\/05\/T3-1.jpg","path":"\/home\/jepeto\/public_html\/wp-content\/uploads\/2021\/05\/T3-1.jpg","size":"full","id":51396,"alt":"","pixels":786432,"type":"image\/jpeg"}],"twitter_card":"summary_large_image","twitter_misc":{"Est. reading time":"1 minute"},"schema":{"@context":"https:\/\/schema.org","@graph":[{"@type":"WebSite","@id":"https:\/\/machineriesbst.com\/en\/#website","url":"https:\/\/machineriesbst.com\/en\/","name":"Machineries BST","description":"Machines neuves &amp; usag\u00e9es","potentialAction":[{"@type":"SearchAction","target":{"@type":"EntryPoint","urlTemplate":"https:\/\/machineriesbst.com\/en\/?s={search_term_string}"},"query-input":"required name=search_term_string"}],"inLanguage":"en-US"},{"@type":"ImageObject","@id":"https:\/\/machineriesbst.com\/en\/catalogue\/ligne-automatisee-dapplication-de-teinture-barberan\/#primaryimage","inLanguage":"en-US","url":"https:\/\/machineriesbst.com\/wp-content\/uploads\/2021\/05\/T3-1.jpg","contentUrl":"https:\/\/machineriesbst.com\/wp-content\/uploads\/2021\/05\/T3-1.jpg","width":1024,"height":768},{"@type":"WebPage","@id":"https:\/\/machineriesbst.com\/en\/catalogue\/ligne-automatisee-dapplication-de-teinture-barberan\/#webpage","url":"https:\/\/machineriesbst.com\/en\/catalogue\/ligne-automatisee-dapplication-de-teinture-barberan\/","name":"Ligne Automatis\u00e9e d'application de teinture Barberan - Machineries BST","isPartOf":{"@id":"https:\/\/machineriesbst.com\/en\/#website"},"primaryImageOfPage":{"@id":"https:\/\/machineriesbst.com\/en\/catalogue\/ligne-automatisee-dapplication-de-teinture-barberan\/#primaryimage"},"datePublished":"2021-06-08T13:43:54+00:00","dateModified":"2023-12-01T01:24:14+00:00","breadcrumb":{"@id":"https:\/\/machineriesbst.com\/en\/catalogue\/ligne-automatisee-dapplication-de-teinture-barberan\/#breadcrumb"},"inLanguage":"en-US","potentialAction":[{"@type":"ReadAction","target":["https:\/\/machineriesbst.com\/en\/catalogue\/ligne-automatisee-dapplication-de-teinture-barberan\/"]}]},{"@type":"BreadcrumbList","@id":"https:\/\/machineriesbst.com\/en\/catalogue\/ligne-automatisee-dapplication-de-teinture-barberan\/#breadcrumb","itemListElement":[{"@type":"ListItem","position":1,"name":"Accueil","item":"https:\/\/machineriesbst.com\/en\/"},{"@type":"ListItem","position":2,"name":"Catalogue","item":"https:\/\/machineriesbst.com\/en\/catalog\/"},{"@type":"ListItem","position":3,"name":"Ligne Automatis\u00e9e d'application de teinture Barberan"}]}]}},"_links":{"self":[{"href":"https:\/\/machineriesbst.com\/en\/wp-json\/wp\/v2\/product\/58029"}],"collection":[{"href":"https:\/\/machineriesbst.com\/en\/wp-json\/wp\/v2\/product"}],"about":[{"href":"https:\/\/machineriesbst.com\/en\/wp-json\/wp\/v2\/types\/product"}],"author":[{"embeddable":true,"href":"https:\/\/machineriesbst.com\/en\/wp-json\/wp\/v2\/users\/3"}],"replies":[{"embeddable":true,"href":"https:\/\/machineriesbst.com\/en\/wp-json\/wp\/v2\/comments?post=58029"}],"wp:featuredmedia":[{"embeddable":true,"href":"https:\/\/machineriesbst.com\/en\/wp-json\/wp\/v2\/media\/51396"}],"wp:attachment":[{"href":"https:\/\/machineriesbst.com\/en\/wp-json\/wp\/v2\/media?parent=58029"}],"wp:term":[{"taxonomy":"product_cat","embeddable":true,"href":"https:\/\/machineriesbst.com\/en\/wp-json\/wp\/v2\/product_cat?post=58029"},{"taxonomy":"product_tag","embeddable":true,"href":"https:\/\/machineriesbst.com\/en\/wp-json\/wp\/v2\/product_tag?post=58029"}],"curies":[{"name":"wp","href":"https:\/\/api.w.org\/{rel}","templated":true}]}}