{"id":58025,"date":"2021-06-08T09:43:32","date_gmt":"2021-06-08T13:43:32","guid":{"rendered":"https:\/\/machineriesbst.com\/?post_type=product&#038;p=58025"},"modified":"2023-11-30T20:24:14","modified_gmt":"2023-12-01T01:24:14","slug":"perceuse-insereuse-a-goujons-cnc-koch-sprint-ptp-2","status":"publish","type":"product","link":"https:\/\/machineriesbst.com\/en\/catalogue\/perceuse-insereuse-a-goujons-cnc-koch-sprint-ptp-2\/","title":{"rendered":"Koch sprint-PTP-2 CNC dowel insert drill"},"content":{"rendered":"<p>Koch sprint-PTP-2 CNC dowel insert drill:<\/p>\n<ul>\n<li>Horizontal boring - glue injection - inserting dowels Drill and insert can be freely programmed Adjustable drilling depth 23 - 18 mm Z axis with automatic adjustment, 7 - 36 mm Workpiece thickness: 10 - 40 mm Max. Room width with central fence on 2 fields: 600 mm, on 1 field: 1200 mm&nbsp;<\/li>\n<li>6 vertical pressure units&nbsp;<\/li>\n<li>Studs diameter: 8 mm, length 30 mm&nbsp;<\/li>\n<li>Positioning speed 97 feet per minute.&nbsp;<\/li>\n<li>About 60 studs per minute.<\/li>\n<\/ul>","protected":false},"excerpt":{"rendered":"<p>Koch sprint-PTP-2 cnc dowel inserter drill: Horizontal boring \u2013 glue injection \u2013 dowel insertion Drill and insert can be programmed freely Drilling depth adjustable 23 \u2013 18 mm Z axis with automatic adjustment, 7 \u2013 36 mm Thickness of the piece: 10 \u2013 40 mm Max. Room width with [\u2026]<\/p>","protected":false},"author":3,"featured_media":51386,"comment_status":"open","ping_status":"closed","template":"","meta":[],"product_cat":[86],"product_tag":[],"acf":[],"yoast_head":"<!-- This site is optimized with the Yoast SEO plugin v16.8 - https:\/\/yoast.com\/wordpress\/plugins\/seo\/ -->\n<title>Perceuse insereuse \u00e0 goujons cnc Koch sprint-PTP-2 - Machineries BST<\/title>\n<meta name=\"robots\" content=\"index, follow, max-snippet:-1, max-image-preview:large, max-video-preview:-1\" \/>\n<link rel=\"canonical\" href=\"https:\/\/machineriesbst.com\/en\/catalogue\/perceuse-insereuse-a-goujons-cnc-koch-sprint-ptp-2\/\" \/>\n<meta property=\"og:locale\" content=\"en_US\" \/>\n<meta property=\"og:type\" content=\"article\" \/>\n<meta property=\"og:title\" content=\"Perceuse insereuse \u00e0 goujons cnc Koch sprint-PTP-2 - Machineries BST\" \/>\n<meta property=\"og:description\" content=\"Perceuse insereuse \u00e0 goujons cnc Koch sprint-PTP-2: Al\u00e9sage horizontal \u2013 injection de colle \u2013 insertion de goujons Perceuse et insert pouvant \u00eatre programm\u00e9s librement Profondeur de per\u00e7age r\u00e9glable 23 \u2013 18 mm Axe Z avec r\u00e9glage automatique, 7 \u2013 36 mm Epaisseur de la pi\u00e8ce: 10 \u2013 40 mm Max. Largeur de la pi\u00e8ce avec [&hellip;]\" \/>\n<meta property=\"og:url\" content=\"https:\/\/machineriesbst.com\/en\/catalogue\/perceuse-insereuse-a-goujons-cnc-koch-sprint-ptp-2\/\" \/>\n<meta property=\"og:site_name\" content=\"Machineries BST\" \/>\n<meta property=\"article:modified_time\" content=\"2023-12-01T01:24:14+00:00\" \/>\n<meta property=\"og:image\" content=\"https:\/\/machineriesbst.com\/wp-content\/uploads\/2021\/05\/kosh-ptp2-3.jpg\" \/>\n\t<meta property=\"og:image:width\" content=\"800\" \/>\n\t<meta property=\"og:image:height\" content=\"600\" \/>\n<meta name=\"twitter:card\" content=\"summary_large_image\" \/>\n<script type=\"application\/ld+json\" class=\"yoast-schema-graph\">{\"@context\":\"https:\/\/schema.org\",\"@graph\":[{\"@type\":\"WebSite\",\"@id\":\"https:\/\/machineriesbst.com\/en\/#website\",\"url\":\"https:\/\/machineriesbst.com\/en\/\",\"name\":\"Machineries BST\",\"description\":\"Machines neuves &amp; usag\\u00e9es\",\"potentialAction\":[{\"@type\":\"SearchAction\",\"target\":{\"@type\":\"EntryPoint\",\"urlTemplate\":\"https:\/\/machineriesbst.com\/en\/?s={search_term_string}\"},\"query-input\":\"required name=search_term_string\"}],\"inLanguage\":\"en-US\"},{\"@type\":\"ImageObject\",\"@id\":\"https:\/\/machineriesbst.com\/en\/catalogue\/perceuse-insereuse-a-goujons-cnc-koch-sprint-ptp-2\/#primaryimage\",\"inLanguage\":\"en-US\",\"url\":\"https:\/\/machineriesbst.com\/wp-content\/uploads\/2021\/05\/kosh-ptp2-3.jpg\",\"contentUrl\":\"https:\/\/machineriesbst.com\/wp-content\/uploads\/2021\/05\/kosh-ptp2-3.jpg\",\"width\":800,\"height\":600},{\"@type\":\"WebPage\",\"@id\":\"https:\/\/machineriesbst.com\/en\/catalogue\/perceuse-insereuse-a-goujons-cnc-koch-sprint-ptp-2\/#webpage\",\"url\":\"https:\/\/machineriesbst.com\/en\/catalogue\/perceuse-insereuse-a-goujons-cnc-koch-sprint-ptp-2\/\",\"name\":\"Perceuse insereuse \\u00e0 goujons cnc Koch sprint-PTP-2 - Machineries BST\",\"isPartOf\":{\"@id\":\"https:\/\/machineriesbst.com\/en\/#website\"},\"primaryImageOfPage\":{\"@id\":\"https:\/\/machineriesbst.com\/en\/catalogue\/perceuse-insereuse-a-goujons-cnc-koch-sprint-ptp-2\/#primaryimage\"},\"datePublished\":\"2021-06-08T13:43:32+00:00\",\"dateModified\":\"2023-12-01T01:24:14+00:00\",\"breadcrumb\":{\"@id\":\"https:\/\/machineriesbst.com\/en\/catalogue\/perceuse-insereuse-a-goujons-cnc-koch-sprint-ptp-2\/#breadcrumb\"},\"inLanguage\":\"en-US\",\"potentialAction\":[{\"@type\":\"ReadAction\",\"target\":[\"https:\/\/machineriesbst.com\/en\/catalogue\/perceuse-insereuse-a-goujons-cnc-koch-sprint-ptp-2\/\"]}]},{\"@type\":\"BreadcrumbList\",\"@id\":\"https:\/\/machineriesbst.com\/en\/catalogue\/perceuse-insereuse-a-goujons-cnc-koch-sprint-ptp-2\/#breadcrumb\",\"itemListElement\":[{\"@type\":\"ListItem\",\"position\":1,\"name\":\"Accueil\",\"item\":\"https:\/\/machineriesbst.com\/en\/\"},{\"@type\":\"ListItem\",\"position\":2,\"name\":\"Catalogue\",\"item\":\"https:\/\/machineriesbst.com\/en\/catalog\/\"},{\"@type\":\"ListItem\",\"position\":3,\"name\":\"Perceuse insereuse \\u00e0 goujons cnc Koch sprint-PTP-2\"}]}]}<\/script>\n<!-- \/ Yoast SEO plugin. -->","yoast_head_json":{"title":"Perceuse insereuse \u00e0 goujons cnc Koch sprint-PTP-2 - Machineries BST","robots":{"index":"index","follow":"follow","max-snippet":"max-snippet:-1","max-image-preview":"max-image-preview:large","max-video-preview":"max-video-preview:-1"},"canonical":"https:\/\/machineriesbst.com\/en\/catalogue\/perceuse-insereuse-a-goujons-cnc-koch-sprint-ptp-2\/","og_locale":"en_US","og_type":"article","og_title":"Perceuse insereuse \u00e0 goujons cnc Koch sprint-PTP-2 - Machineries BST","og_description":"Perceuse insereuse \u00e0 goujons cnc Koch sprint-PTP-2: Al\u00e9sage horizontal \u2013 injection de colle \u2013 insertion de goujons Perceuse et insert pouvant \u00eatre programm\u00e9s librement Profondeur de per\u00e7age r\u00e9glable 23 \u2013 18 mm Axe Z avec r\u00e9glage automatique, 7 \u2013 36 mm Epaisseur de la pi\u00e8ce: 10 \u2013 40 mm Max. Largeur de la pi\u00e8ce avec [&hellip;]","og_url":"https:\/\/machineriesbst.com\/en\/catalogue\/perceuse-insereuse-a-goujons-cnc-koch-sprint-ptp-2\/","og_site_name":"Machineries BST","article_modified_time":"2023-12-01T01:24:14+00:00","og_image":[{"width":800,"height":600,"url":"https:\/\/machineriesbst.com\/wp-content\/uploads\/2021\/05\/kosh-ptp2-3.jpg","path":"\/home\/jepeto\/public_html\/wp-content\/uploads\/2021\/05\/kosh-ptp2-3.jpg","size":"full","id":51386,"alt":"","pixels":480000,"type":"image\/jpeg"}],"twitter_card":"summary_large_image","schema":{"@context":"https:\/\/schema.org","@graph":[{"@type":"WebSite","@id":"https:\/\/machineriesbst.com\/en\/#website","url":"https:\/\/machineriesbst.com\/en\/","name":"Machineries BST","description":"Machines neuves &amp; usag\u00e9es","potentialAction":[{"@type":"SearchAction","target":{"@type":"EntryPoint","urlTemplate":"https:\/\/machineriesbst.com\/en\/?s={search_term_string}"},"query-input":"required name=search_term_string"}],"inLanguage":"en-US"},{"@type":"ImageObject","@id":"https:\/\/machineriesbst.com\/en\/catalogue\/perceuse-insereuse-a-goujons-cnc-koch-sprint-ptp-2\/#primaryimage","inLanguage":"en-US","url":"https:\/\/machineriesbst.com\/wp-content\/uploads\/2021\/05\/kosh-ptp2-3.jpg","contentUrl":"https:\/\/machineriesbst.com\/wp-content\/uploads\/2021\/05\/kosh-ptp2-3.jpg","width":800,"height":600},{"@type":"WebPage","@id":"https:\/\/machineriesbst.com\/en\/catalogue\/perceuse-insereuse-a-goujons-cnc-koch-sprint-ptp-2\/#webpage","url":"https:\/\/machineriesbst.com\/en\/catalogue\/perceuse-insereuse-a-goujons-cnc-koch-sprint-ptp-2\/","name":"Perceuse insereuse \u00e0 goujons cnc Koch sprint-PTP-2 - Machineries BST","isPartOf":{"@id":"https:\/\/machineriesbst.com\/en\/#website"},"primaryImageOfPage":{"@id":"https:\/\/machineriesbst.com\/en\/catalogue\/perceuse-insereuse-a-goujons-cnc-koch-sprint-ptp-2\/#primaryimage"},"datePublished":"2021-06-08T13:43:32+00:00","dateModified":"2023-12-01T01:24:14+00:00","breadcrumb":{"@id":"https:\/\/machineriesbst.com\/en\/catalogue\/perceuse-insereuse-a-goujons-cnc-koch-sprint-ptp-2\/#breadcrumb"},"inLanguage":"en-US","potentialAction":[{"@type":"ReadAction","target":["https:\/\/machineriesbst.com\/en\/catalogue\/perceuse-insereuse-a-goujons-cnc-koch-sprint-ptp-2\/"]}]},{"@type":"BreadcrumbList","@id":"https:\/\/machineriesbst.com\/en\/catalogue\/perceuse-insereuse-a-goujons-cnc-koch-sprint-ptp-2\/#breadcrumb","itemListElement":[{"@type":"ListItem","position":1,"name":"Accueil","item":"https:\/\/machineriesbst.com\/en\/"},{"@type":"ListItem","position":2,"name":"Catalogue","item":"https:\/\/machineriesbst.com\/en\/catalog\/"},{"@type":"ListItem","position":3,"name":"Perceuse insereuse \u00e0 goujons cnc Koch sprint-PTP-2"}]}]}},"_links":{"self":[{"href":"https:\/\/machineriesbst.com\/en\/wp-json\/wp\/v2\/product\/58025"}],"collection":[{"href":"https:\/\/machineriesbst.com\/en\/wp-json\/wp\/v2\/product"}],"about":[{"href":"https:\/\/machineriesbst.com\/en\/wp-json\/wp\/v2\/types\/product"}],"author":[{"embeddable":true,"href":"https:\/\/machineriesbst.com\/en\/wp-json\/wp\/v2\/users\/3"}],"replies":[{"embeddable":true,"href":"https:\/\/machineriesbst.com\/en\/wp-json\/wp\/v2\/comments?post=58025"}],"wp:featuredmedia":[{"embeddable":true,"href":"https:\/\/machineriesbst.com\/en\/wp-json\/wp\/v2\/media\/51386"}],"wp:attachment":[{"href":"https:\/\/machineriesbst.com\/en\/wp-json\/wp\/v2\/media?parent=58025"}],"wp:term":[{"taxonomy":"product_cat","embeddable":true,"href":"https:\/\/machineriesbst.com\/en\/wp-json\/wp\/v2\/product_cat?post=58025"},{"taxonomy":"product_tag","embeddable":true,"href":"https:\/\/machineriesbst.com\/en\/wp-json\/wp\/v2\/product_tag?post=58025"}],"curies":[{"name":"wp","href":"https:\/\/api.w.org\/{rel}","templated":true}]}}