{"id":57996,"date":"2021-06-08T09:43:04","date_gmt":"2021-06-08T13:43:04","guid":{"rendered":"https:\/\/machineriesbst.com\/?post_type=product&#038;p=57996"},"modified":"2024-02-05T15:34:33","modified_gmt":"2024-02-05T20:34:33","slug":"sableuse-a-moulures-holytek-m-b4","status":"publish","type":"product","link":"https:\/\/machineriesbst.com\/en\/catalogue\/sableuse-a-moulures-holytek-m-b4\/","title":{"rendered":"Holytek M-B4 Molding Sander"},"content":{"rendered":"<p>Holytek M-B4 Molding Sander:<\/p>\n<ul>\n<li>\n<div>This sandblaster has all the advantages to obtain a superior quality finish.<\/div>\n<div><\/div>\n<\/li>\n<li>\n<div>For moldings, building materials, decorative plaques and trim.<\/div>\n<div><\/div>\n<\/li>\n<li>\n<div>Versatile machine easily adjustable.<\/div>\n<div><\/div>\n<\/li>\n<li>\n<div>Drive and two (2) horizontal brushes and two (2) horizontal-vertical brushes.<\/div>\n<div><\/div>\n<\/li>\n<li>\n<div>Control panels with display of the drive speed and rotation of the sandblasting heads.<\/div>\n<div><\/div>\n<\/li>\n<li>\n<div>Mechanical digital display for positioning the sandblasting heads.<\/div>\n<div><\/div>\n<\/li>\n<li>\n<div>Emergency stop button.<\/div>\n<div><\/div>\n<\/li>\n<li>\n<div>0.5 HP \/ 600V \/ 60Hz \/ 3ph drive motor (x3)<\/div>\n<div><\/div>\n<\/li>\n<li>\n<div>Brush motors 2 HP \/ 600V \/ 60Hz \/ 3ph (x4)<\/div>\n<div><\/div>\n<\/li>\n<li>\n<div>Minimum length of work pieces 650 mm \/ 25.5 \u2033<\/div>\n<div><\/div>\n<div><\/div>\n<\/li>\n<li>\n<div>Maximum length of work pieces Infinite<\/div>\n<div><\/div>\n<\/li>\n<li>Workpiece thickness 15 ~ 100mm \/\n<div>0.5 \u2033 ~ 4 \u2033 Width of work pieces 20 ~ 200 mm \/ 0.75 \u2033 ~ 8 \u2033<\/div>\n<div><\/div>\n<\/li>\n<li>\n<div>Variable speed drive belt 0 ~ 33 M \/ min<\/div>\n<div><\/div>\n<\/li>\n<li>\n<div>Maximum sanding brush dimensions 305 (D) X 200 (L) mm \/ 12 \u2033 (D) X 8 \u2033 (L)<\/div>\n<div><\/div>\n<\/li>\n<li>\n<div>Variable brush speed (by reverse control) 0 ~ 1800 RPM<\/div>\n<div><\/div>\n<\/li>\n<li>\n<div>Inclination of the sanding brushes horizontal-vertical 3 &amp; 4 -90 \u00b0 ~ + 90 \u00b0<\/div>\n<div><\/div>\n<\/li>\n<li>\n<div>Machine dimensions 3100 (W) X 1150 (D) X 1500 (H) mm \/<\/div>\n<div><\/div>\n<\/li>\n<li>\n<div>122 \u2033 (W) X 45 \u2033 (D) X 59 \u2033 (H)<\/div>\n<div><\/div>\n<\/li>\n<li>\n<div>Weight 1650kg \/ 3630 lb<\/div>\n<div><\/div>\n<\/li>\n<li>\n<div>Included: 1 set of brushes.<\/div>\n<\/li>\n<li>Feeder belt width 200 mm \/ 8 \u2033<\/li>\n<\/ul>","protected":false},"excerpt":{"rendered":"<p>Holytek M-B4 molding sanding machine: This sanding machine has all the advantages to obtain a superior quality finish. For moldings, building materials, decorative plaques and trim. Versatile machine easily adjustable. Drive and two (2) horizontal brushes and two (2) horizontal-vertical brushes. Control panels with display of drive speed and head rotation [\u2026]<\/p>","protected":false},"author":3,"featured_media":51319,"comment_status":"open","ping_status":"closed","template":"","meta":[],"product_cat":[1730],"product_tag":[],"acf":[],"yoast_head":"<!-- This site is optimized with the Yoast SEO plugin v16.8 - https:\/\/yoast.com\/wordpress\/plugins\/seo\/ -->\n<title>Sableuse \u00e0 moulures Holytek M-B4 - Machineries BST<\/title>\n<meta name=\"robots\" content=\"index, follow, max-snippet:-1, max-image-preview:large, max-video-preview:-1\" \/>\n<link rel=\"canonical\" href=\"https:\/\/machineriesbst.com\/en\/catalogue\/sableuse-a-moulures-holytek-m-b4\/\" \/>\n<meta property=\"og:locale\" content=\"en_US\" \/>\n<meta property=\"og:type\" content=\"article\" \/>\n<meta property=\"og:title\" content=\"Sableuse \u00e0 moulures Holytek M-B4 - Machineries BST\" \/>\n<meta property=\"og:description\" content=\"Sableuse \u00e0 moulures Holytek M-B4: Cette sableuse poss\u00e8de tous les avantages pour obtenir une finition d\u2019une qualit\u00e9 sup\u00e9rieure. Pour moulures, mat\u00e9riaux de construction, plaques d\u00e9coratives et garnitures. Machine polyvalente facilement ajustable. Entra\u00eenement et deux (2) brosses horizontales et deux (2) brosses horizontales-verticales. Panneaux de contr\u00f4le avec affichage de la vitesse d\u2019entra\u00eenement et rotation des t\u00eates [&hellip;]\" \/>\n<meta property=\"og:url\" content=\"https:\/\/machineriesbst.com\/en\/catalogue\/sableuse-a-moulures-holytek-m-b4\/\" \/>\n<meta property=\"og:site_name\" content=\"Machineries BST\" \/>\n<meta property=\"article:modified_time\" content=\"2024-02-05T20:34:33+00:00\" \/>\n<meta property=\"og:image\" content=\"https:\/\/machineriesbst.com\/wp-content\/uploads\/2021\/05\/sableuse-moulure-M-B4-3.jpg\" \/>\n\t<meta property=\"og:image:width\" content=\"768\" \/>\n\t<meta property=\"og:image:height\" content=\"1024\" \/>\n<meta name=\"twitter:card\" content=\"summary_large_image\" \/>\n<meta name=\"twitter:label1\" content=\"Est. reading time\" \/>\n\t<meta name=\"twitter:data1\" content=\"1 minute\" \/>\n<script type=\"application\/ld+json\" class=\"yoast-schema-graph\">{\"@context\":\"https:\/\/schema.org\",\"@graph\":[{\"@type\":\"WebSite\",\"@id\":\"https:\/\/machineriesbst.com\/en\/#website\",\"url\":\"https:\/\/machineriesbst.com\/en\/\",\"name\":\"Machineries BST\",\"description\":\"Machines neuves &amp; usag\\u00e9es\",\"potentialAction\":[{\"@type\":\"SearchAction\",\"target\":{\"@type\":\"EntryPoint\",\"urlTemplate\":\"https:\/\/machineriesbst.com\/en\/?s={search_term_string}\"},\"query-input\":\"required name=search_term_string\"}],\"inLanguage\":\"en-US\"},{\"@type\":\"ImageObject\",\"@id\":\"https:\/\/machineriesbst.com\/en\/catalogue\/sableuse-a-moulures-holytek-m-b4\/#primaryimage\",\"inLanguage\":\"en-US\",\"url\":\"https:\/\/machineriesbst.com\/wp-content\/uploads\/2021\/05\/sableuse-moulure-M-B4-3.jpg\",\"contentUrl\":\"https:\/\/machineriesbst.com\/wp-content\/uploads\/2021\/05\/sableuse-moulure-M-B4-3.jpg\",\"width\":768,\"height\":1024},{\"@type\":\"WebPage\",\"@id\":\"https:\/\/machineriesbst.com\/en\/catalogue\/sableuse-a-moulures-holytek-m-b4\/#webpage\",\"url\":\"https:\/\/machineriesbst.com\/en\/catalogue\/sableuse-a-moulures-holytek-m-b4\/\",\"name\":\"Sableuse \\u00e0 moulures Holytek M-B4 - Machineries BST\",\"isPartOf\":{\"@id\":\"https:\/\/machineriesbst.com\/en\/#website\"},\"primaryImageOfPage\":{\"@id\":\"https:\/\/machineriesbst.com\/en\/catalogue\/sableuse-a-moulures-holytek-m-b4\/#primaryimage\"},\"datePublished\":\"2021-06-08T13:43:04+00:00\",\"dateModified\":\"2024-02-05T20:34:33+00:00\",\"breadcrumb\":{\"@id\":\"https:\/\/machineriesbst.com\/en\/catalogue\/sableuse-a-moulures-holytek-m-b4\/#breadcrumb\"},\"inLanguage\":\"en-US\",\"potentialAction\":[{\"@type\":\"ReadAction\",\"target\":[\"https:\/\/machineriesbst.com\/en\/catalogue\/sableuse-a-moulures-holytek-m-b4\/\"]}]},{\"@type\":\"BreadcrumbList\",\"@id\":\"https:\/\/machineriesbst.com\/en\/catalogue\/sableuse-a-moulures-holytek-m-b4\/#breadcrumb\",\"itemListElement\":[{\"@type\":\"ListItem\",\"position\":1,\"name\":\"Accueil\",\"item\":\"https:\/\/machineriesbst.com\/en\/\"},{\"@type\":\"ListItem\",\"position\":2,\"name\":\"Catalogue\",\"item\":\"https:\/\/machineriesbst.com\/en\/catalog\/\"},{\"@type\":\"ListItem\",\"position\":3,\"name\":\"Sableuse \\u00e0 moulures Holytek M-B4\"}]}]}<\/script>\n<!-- \/ Yoast SEO plugin. -->","yoast_head_json":{"title":"Sableuse \u00e0 moulures Holytek M-B4 - Machineries BST","robots":{"index":"index","follow":"follow","max-snippet":"max-snippet:-1","max-image-preview":"max-image-preview:large","max-video-preview":"max-video-preview:-1"},"canonical":"https:\/\/machineriesbst.com\/en\/catalogue\/sableuse-a-moulures-holytek-m-b4\/","og_locale":"en_US","og_type":"article","og_title":"Sableuse \u00e0 moulures Holytek M-B4 - Machineries BST","og_description":"Sableuse \u00e0 moulures Holytek M-B4: Cette sableuse poss\u00e8de tous les avantages pour obtenir une finition d\u2019une qualit\u00e9 sup\u00e9rieure. Pour moulures, mat\u00e9riaux de construction, plaques d\u00e9coratives et garnitures. Machine polyvalente facilement ajustable. Entra\u00eenement et deux (2) brosses horizontales et deux (2) brosses horizontales-verticales. Panneaux de contr\u00f4le avec affichage de la vitesse d\u2019entra\u00eenement et rotation des t\u00eates [&hellip;]","og_url":"https:\/\/machineriesbst.com\/en\/catalogue\/sableuse-a-moulures-holytek-m-b4\/","og_site_name":"Machineries BST","article_modified_time":"2024-02-05T20:34:33+00:00","og_image":[{"width":768,"height":1024,"url":"https:\/\/machineriesbst.com\/wp-content\/uploads\/2021\/05\/sableuse-moulure-M-B4-3.jpg","path":"\/home\/jepeto\/public_html\/wp-content\/uploads\/2021\/05\/sableuse-moulure-M-B4-3.jpg","size":"full","id":51319,"alt":"","pixels":786432,"type":"image\/jpeg"}],"twitter_card":"summary_large_image","twitter_misc":{"Est. reading time":"1 minute"},"schema":{"@context":"https:\/\/schema.org","@graph":[{"@type":"WebSite","@id":"https:\/\/machineriesbst.com\/en\/#website","url":"https:\/\/machineriesbst.com\/en\/","name":"Machineries BST","description":"Machines neuves &amp; usag\u00e9es","potentialAction":[{"@type":"SearchAction","target":{"@type":"EntryPoint","urlTemplate":"https:\/\/machineriesbst.com\/en\/?s={search_term_string}"},"query-input":"required name=search_term_string"}],"inLanguage":"en-US"},{"@type":"ImageObject","@id":"https:\/\/machineriesbst.com\/en\/catalogue\/sableuse-a-moulures-holytek-m-b4\/#primaryimage","inLanguage":"en-US","url":"https:\/\/machineriesbst.com\/wp-content\/uploads\/2021\/05\/sableuse-moulure-M-B4-3.jpg","contentUrl":"https:\/\/machineriesbst.com\/wp-content\/uploads\/2021\/05\/sableuse-moulure-M-B4-3.jpg","width":768,"height":1024},{"@type":"WebPage","@id":"https:\/\/machineriesbst.com\/en\/catalogue\/sableuse-a-moulures-holytek-m-b4\/#webpage","url":"https:\/\/machineriesbst.com\/en\/catalogue\/sableuse-a-moulures-holytek-m-b4\/","name":"Sableuse \u00e0 moulures Holytek M-B4 - Machineries BST","isPartOf":{"@id":"https:\/\/machineriesbst.com\/en\/#website"},"primaryImageOfPage":{"@id":"https:\/\/machineriesbst.com\/en\/catalogue\/sableuse-a-moulures-holytek-m-b4\/#primaryimage"},"datePublished":"2021-06-08T13:43:04+00:00","dateModified":"2024-02-05T20:34:33+00:00","breadcrumb":{"@id":"https:\/\/machineriesbst.com\/en\/catalogue\/sableuse-a-moulures-holytek-m-b4\/#breadcrumb"},"inLanguage":"en-US","potentialAction":[{"@type":"ReadAction","target":["https:\/\/machineriesbst.com\/en\/catalogue\/sableuse-a-moulures-holytek-m-b4\/"]}]},{"@type":"BreadcrumbList","@id":"https:\/\/machineriesbst.com\/en\/catalogue\/sableuse-a-moulures-holytek-m-b4\/#breadcrumb","itemListElement":[{"@type":"ListItem","position":1,"name":"Accueil","item":"https:\/\/machineriesbst.com\/en\/"},{"@type":"ListItem","position":2,"name":"Catalogue","item":"https:\/\/machineriesbst.com\/en\/catalog\/"},{"@type":"ListItem","position":3,"name":"Sableuse \u00e0 moulures Holytek M-B4"}]}]}},"_links":{"self":[{"href":"https:\/\/machineriesbst.com\/en\/wp-json\/wp\/v2\/product\/57996"}],"collection":[{"href":"https:\/\/machineriesbst.com\/en\/wp-json\/wp\/v2\/product"}],"about":[{"href":"https:\/\/machineriesbst.com\/en\/wp-json\/wp\/v2\/types\/product"}],"author":[{"embeddable":true,"href":"https:\/\/machineriesbst.com\/en\/wp-json\/wp\/v2\/users\/3"}],"replies":[{"embeddable":true,"href":"https:\/\/machineriesbst.com\/en\/wp-json\/wp\/v2\/comments?post=57996"}],"wp:featuredmedia":[{"embeddable":true,"href":"https:\/\/machineriesbst.com\/en\/wp-json\/wp\/v2\/media\/51319"}],"wp:attachment":[{"href":"https:\/\/machineriesbst.com\/en\/wp-json\/wp\/v2\/media?parent=57996"}],"wp:term":[{"taxonomy":"product_cat","embeddable":true,"href":"https:\/\/machineriesbst.com\/en\/wp-json\/wp\/v2\/product_cat?post=57996"},{"taxonomy":"product_tag","embeddable":true,"href":"https:\/\/machineriesbst.com\/en\/wp-json\/wp\/v2\/product_tag?post=57996"}],"curies":[{"name":"wp","href":"https:\/\/api.w.org\/{rel}","templated":true}]}}