{"id":57974,"date":"2021-06-08T09:42:36","date_gmt":"2021-06-08T13:42:36","guid":{"rendered":"https:\/\/machineriesbst.com\/?post_type=product&#038;p=57974"},"modified":"2023-11-30T20:24:14","modified_gmt":"2023-12-01T01:24:14","slug":"epandeur-de-colle-black-bros","status":"publish","type":"product","link":"https:\/\/machineriesbst.com\/en\/catalogue\/epandeur-de-colle-black-bros\/","title":{"rendered":"Black Bros Glue Spreader"},"content":{"rendered":"<p>Black Bros Glue Spreader:<\/p>\n<ul>\n<li>32 &quot;width capacity<\/li>\n<li>(2) application rollers covered with neoprene<\/li>\n<li>Controlled flow with (2) neoprene doctor roll<\/li>\n<li>Upper lift<\/li>\n<li>Applicator roller is 10 TPI<\/li>\n<li>0.75 HP fixed speed drive, 88 FPM feed rate<\/li>\n<li>Safety stop bar<\/li>\n<li>Teflon coated input tray<\/li>\n<li>Automatic glue level system<\/li>\n<\/ul>","protected":false},"excerpt":{"rendered":"<p>Black Bros Glue Spreader: 32 &quot;Width Capacity (2) neoprene coated application rollers Controlled flow with (2) neoprene doctor roller Top lift Applicator roller is 10 TPI Fixed speed drive 0.75 HP, 88 FPM feed speed Safety stop bar Teflon coated feeder tray [\u2026]<\/p>","protected":false},"author":3,"featured_media":51247,"comment_status":"open","ping_status":"closed","template":"","meta":[],"product_cat":[579],"product_tag":[],"acf":[],"yoast_head":"<!-- This site is optimized with the Yoast SEO plugin v16.8 - https:\/\/yoast.com\/wordpress\/plugins\/seo\/ -->\n<title>\u00c9pandeur de colle Black Bros - Machineries BST<\/title>\n<meta name=\"robots\" content=\"index, follow, max-snippet:-1, max-image-preview:large, max-video-preview:-1\" \/>\n<link rel=\"canonical\" href=\"https:\/\/machineriesbst.com\/en\/catalogue\/epandeur-de-colle-black-bros\/\" \/>\n<meta property=\"og:locale\" content=\"en_US\" \/>\n<meta property=\"og:type\" content=\"article\" \/>\n<meta property=\"og:title\" content=\"\u00c9pandeur de colle Black Bros - Machineries BST\" \/>\n<meta property=\"og:description\" content=\"\u00c9pandeur de colle Black Bros: 32 &quot;Capacit\u00e9 de largeur (2) rouleaux d&#039;application recouverts de n\u00e9opr\u00e8ne D\u00e9bit contr\u00f4l\u00e9 avec (2) rouleau de docteur en n\u00e9opr\u00e8ne Ascenseur sup\u00e9rieur Le rouleau d&#039;applicateur est 10 TPI Entra\u00eenement \u00e0 vitesse fixe de 0,75 HP, vitesse d&#039;avance de 88 FPM Barre d&#039;arr\u00eat de s\u00e9curit\u00e9 Bac d&#039;alimentation recouvert de t\u00e9flon Syst\u00e8me de [&hellip;]\" \/>\n<meta property=\"og:url\" content=\"https:\/\/machineriesbst.com\/en\/catalogue\/epandeur-de-colle-black-bros\/\" \/>\n<meta property=\"og:site_name\" content=\"Machineries BST\" \/>\n<meta property=\"article:modified_time\" content=\"2023-12-01T01:24:14+00:00\" \/>\n<meta property=\"og:image\" content=\"https:\/\/machineriesbst.com\/wp-content\/uploads\/2021\/05\/530-500x500-1.jpg\" \/>\n\t<meta property=\"og:image:width\" content=\"500\" \/>\n\t<meta property=\"og:image:height\" content=\"500\" \/>\n<meta name=\"twitter:card\" content=\"summary_large_image\" \/>\n<script type=\"application\/ld+json\" class=\"yoast-schema-graph\">{\"@context\":\"https:\/\/schema.org\",\"@graph\":[{\"@type\":\"WebSite\",\"@id\":\"https:\/\/machineriesbst.com\/en\/#website\",\"url\":\"https:\/\/machineriesbst.com\/en\/\",\"name\":\"Machineries BST\",\"description\":\"Machines neuves &amp; usag\\u00e9es\",\"potentialAction\":[{\"@type\":\"SearchAction\",\"target\":{\"@type\":\"EntryPoint\",\"urlTemplate\":\"https:\/\/machineriesbst.com\/en\/?s={search_term_string}\"},\"query-input\":\"required name=search_term_string\"}],\"inLanguage\":\"en-US\"},{\"@type\":\"ImageObject\",\"@id\":\"https:\/\/machineriesbst.com\/en\/catalogue\/epandeur-de-colle-black-bros\/#primaryimage\",\"inLanguage\":\"en-US\",\"url\":\"https:\/\/machineriesbst.com\/wp-content\/uploads\/2021\/05\/530-500x500-1.jpg\",\"contentUrl\":\"https:\/\/machineriesbst.com\/wp-content\/uploads\/2021\/05\/530-500x500-1.jpg\",\"width\":500,\"height\":500},{\"@type\":\"WebPage\",\"@id\":\"https:\/\/machineriesbst.com\/en\/catalogue\/epandeur-de-colle-black-bros\/#webpage\",\"url\":\"https:\/\/machineriesbst.com\/en\/catalogue\/epandeur-de-colle-black-bros\/\",\"name\":\"\\u00c9pandeur de colle Black Bros - Machineries BST\",\"isPartOf\":{\"@id\":\"https:\/\/machineriesbst.com\/en\/#website\"},\"primaryImageOfPage\":{\"@id\":\"https:\/\/machineriesbst.com\/en\/catalogue\/epandeur-de-colle-black-bros\/#primaryimage\"},\"datePublished\":\"2021-06-08T13:42:36+00:00\",\"dateModified\":\"2023-12-01T01:24:14+00:00\",\"breadcrumb\":{\"@id\":\"https:\/\/machineriesbst.com\/en\/catalogue\/epandeur-de-colle-black-bros\/#breadcrumb\"},\"inLanguage\":\"en-US\",\"potentialAction\":[{\"@type\":\"ReadAction\",\"target\":[\"https:\/\/machineriesbst.com\/en\/catalogue\/epandeur-de-colle-black-bros\/\"]}]},{\"@type\":\"BreadcrumbList\",\"@id\":\"https:\/\/machineriesbst.com\/en\/catalogue\/epandeur-de-colle-black-bros\/#breadcrumb\",\"itemListElement\":[{\"@type\":\"ListItem\",\"position\":1,\"name\":\"Accueil\",\"item\":\"https:\/\/machineriesbst.com\/en\/\"},{\"@type\":\"ListItem\",\"position\":2,\"name\":\"Catalogue\",\"item\":\"https:\/\/machineriesbst.com\/en\/catalog\/\"},{\"@type\":\"ListItem\",\"position\":3,\"name\":\"\\u00c9pandeur de colle Black Bros\"}]}]}<\/script>\n<!-- \/ Yoast SEO plugin. -->","yoast_head_json":{"title":"\u00c9pandeur de colle Black Bros - Machineries BST","robots":{"index":"index","follow":"follow","max-snippet":"max-snippet:-1","max-image-preview":"max-image-preview:large","max-video-preview":"max-video-preview:-1"},"canonical":"https:\/\/machineriesbst.com\/en\/catalogue\/epandeur-de-colle-black-bros\/","og_locale":"en_US","og_type":"article","og_title":"\u00c9pandeur de colle Black Bros - Machineries BST","og_description":"\u00c9pandeur de colle Black Bros: 32 \"Capacit\u00e9 de largeur (2) rouleaux d'application recouverts de n\u00e9opr\u00e8ne D\u00e9bit contr\u00f4l\u00e9 avec (2) rouleau de docteur en n\u00e9opr\u00e8ne Ascenseur sup\u00e9rieur Le rouleau d'applicateur est 10 TPI Entra\u00eenement \u00e0 vitesse fixe de 0,75 HP, vitesse d'avance de 88 FPM Barre d'arr\u00eat de s\u00e9curit\u00e9 Bac d'alimentation recouvert de t\u00e9flon Syst\u00e8me de [&hellip;]","og_url":"https:\/\/machineriesbst.com\/en\/catalogue\/epandeur-de-colle-black-bros\/","og_site_name":"Machineries BST","article_modified_time":"2023-12-01T01:24:14+00:00","og_image":[{"width":500,"height":500,"url":"https:\/\/machineriesbst.com\/wp-content\/uploads\/2021\/05\/530-500x500-1.jpg","path":"\/home\/jepeto\/public_html\/wp-content\/uploads\/2021\/05\/530-500x500-1.jpg","size":"full","id":51247,"alt":"","pixels":250000,"type":"image\/jpeg"}],"twitter_card":"summary_large_image","schema":{"@context":"https:\/\/schema.org","@graph":[{"@type":"WebSite","@id":"https:\/\/machineriesbst.com\/en\/#website","url":"https:\/\/machineriesbst.com\/en\/","name":"Machineries BST","description":"Machines neuves &amp; usag\u00e9es","potentialAction":[{"@type":"SearchAction","target":{"@type":"EntryPoint","urlTemplate":"https:\/\/machineriesbst.com\/en\/?s={search_term_string}"},"query-input":"required name=search_term_string"}],"inLanguage":"en-US"},{"@type":"ImageObject","@id":"https:\/\/machineriesbst.com\/en\/catalogue\/epandeur-de-colle-black-bros\/#primaryimage","inLanguage":"en-US","url":"https:\/\/machineriesbst.com\/wp-content\/uploads\/2021\/05\/530-500x500-1.jpg","contentUrl":"https:\/\/machineriesbst.com\/wp-content\/uploads\/2021\/05\/530-500x500-1.jpg","width":500,"height":500},{"@type":"WebPage","@id":"https:\/\/machineriesbst.com\/en\/catalogue\/epandeur-de-colle-black-bros\/#webpage","url":"https:\/\/machineriesbst.com\/en\/catalogue\/epandeur-de-colle-black-bros\/","name":"\u00c9pandeur de colle Black Bros - Machineries BST","isPartOf":{"@id":"https:\/\/machineriesbst.com\/en\/#website"},"primaryImageOfPage":{"@id":"https:\/\/machineriesbst.com\/en\/catalogue\/epandeur-de-colle-black-bros\/#primaryimage"},"datePublished":"2021-06-08T13:42:36+00:00","dateModified":"2023-12-01T01:24:14+00:00","breadcrumb":{"@id":"https:\/\/machineriesbst.com\/en\/catalogue\/epandeur-de-colle-black-bros\/#breadcrumb"},"inLanguage":"en-US","potentialAction":[{"@type":"ReadAction","target":["https:\/\/machineriesbst.com\/en\/catalogue\/epandeur-de-colle-black-bros\/"]}]},{"@type":"BreadcrumbList","@id":"https:\/\/machineriesbst.com\/en\/catalogue\/epandeur-de-colle-black-bros\/#breadcrumb","itemListElement":[{"@type":"ListItem","position":1,"name":"Accueil","item":"https:\/\/machineriesbst.com\/en\/"},{"@type":"ListItem","position":2,"name":"Catalogue","item":"https:\/\/machineriesbst.com\/en\/catalog\/"},{"@type":"ListItem","position":3,"name":"\u00c9pandeur de colle Black Bros"}]}]}},"_links":{"self":[{"href":"https:\/\/machineriesbst.com\/en\/wp-json\/wp\/v2\/product\/57974"}],"collection":[{"href":"https:\/\/machineriesbst.com\/en\/wp-json\/wp\/v2\/product"}],"about":[{"href":"https:\/\/machineriesbst.com\/en\/wp-json\/wp\/v2\/types\/product"}],"author":[{"embeddable":true,"href":"https:\/\/machineriesbst.com\/en\/wp-json\/wp\/v2\/users\/3"}],"replies":[{"embeddable":true,"href":"https:\/\/machineriesbst.com\/en\/wp-json\/wp\/v2\/comments?post=57974"}],"wp:featuredmedia":[{"embeddable":true,"href":"https:\/\/machineriesbst.com\/en\/wp-json\/wp\/v2\/media\/51247"}],"wp:attachment":[{"href":"https:\/\/machineriesbst.com\/en\/wp-json\/wp\/v2\/media?parent=57974"}],"wp:term":[{"taxonomy":"product_cat","embeddable":true,"href":"https:\/\/machineriesbst.com\/en\/wp-json\/wp\/v2\/product_cat?post=57974"},{"taxonomy":"product_tag","embeddable":true,"href":"https:\/\/machineriesbst.com\/en\/wp-json\/wp\/v2\/product_tag?post=57974"}],"curies":[{"name":"wp","href":"https:\/\/api.w.org\/{rel}","templated":true}]}}