{"id":57973,"date":"2021-06-08T09:42:35","date_gmt":"2021-06-08T13:42:35","guid":{"rendered":"https:\/\/machineriesbst.com\/?post_type=product&#038;p=57973"},"modified":"2023-11-30T20:24:14","modified_gmt":"2023-12-01T01:24:14","slug":"ligne-de-finition-cefla-tcf-404","status":"publish","type":"product","link":"https:\/\/machineriesbst.com\/en\/catalogue\/ligne-de-finition-cefla-tcf-404\/","title":{"rendered":"Cefla TCF 404 finishing line"},"content":{"rendered":"<p>Cefla TCF 404 finishing line:<\/p>\n<ul>\n<li>Cefla FV4 \/ 3500\/133\/116 TCF 404 Drying oven. Treat the steam heat supplied. 3 bedrooms with independent, multi-level digital temperature controls with chain verical carousel. S \/ N: 06010\/60.<\/li>\n<li>Cefla TRC 2500 \/ TC \/ TX TCF 404 transfer conveyor. Power roller type. 56 &quot;x 8&quot; S \/ N: 06010\/61.<\/li>\n<li>Cefla TRC 2500 \/ TC TCF 404 transfer conveyor. Power roller type. 56 &quot;x 8&quot; S \/ N: 06010\/62.<\/li>\n<li>Cefla RIB \/ B3500 TCF 404 pinball machine. S \/ N: 06010\/63.<\/li>\n<li>Cefla TRC 4000 \/ 2V-2S TCF 404 transfer conveyor. Power roller type. 56 &quot;x 13&quot; S \/ N: 06010\/6.<\/li>\n<li>(2x) Cefla TNS 5000 \/ A TCF 404 output conveyors. Belt type. 55 &quot;x 16&quot; S \/ N: 06010\/66 and 06010\/67.<\/li>\n<li>(2x) Cefla TNS 3500 TCF 404 output conveyors. Power belt type. S \/ N: 06010\/71 and 06010\/72.<\/li>\n<li>This Cefla spray-on finish line was used primarily as a topcoat and to seal the cabinet door and front frame parts. It can be used for staining as well, but is not installed with stain wiping brushes (can be added after the spray machine later if staining is desired).<\/li>\n<li>The line can be used to spray all other cabinet components (sides, shelves, etc.). A spray line allows you to cover the edges as well as the top at the same time.<\/li>\n<li>Roll coating has better transfer efficiency for flat parts and higher line speeds, but does not offer the flexibility of spraying, you also need to coat the edges separately.<\/li>\n<li>This line is fully automated in a number of ways.<\/li>\n<li>The line allows you to load the feed, and the laser eye automatically reads the height of the workpieces, and automatically adjusts the height of the wire sander and the spray machine to ensure the optimum adjustments for both.<\/li>\n<\/ul>","protected":false},"excerpt":{"rendered":"<p>Cefla TCF 404 finishing line: Cefla FV4 \/ 3500\/133\/116 TCF 404 Drying oven. Treat the steam heat supplied. 3 bedrooms with independent, multi-level digital temperature controls with chain verical carousel. S \/ N: 06010\/60. Transfer conveyor Cefla TRC 2500 \/ TC \/ TX TCF 404. Roller type [\u2026]<\/p>","protected":false},"author":3,"featured_media":51241,"comment_status":"open","ping_status":"closed","template":"","meta":[],"product_cat":[1731],"product_tag":[],"acf":[],"yoast_head":"<!-- This site is optimized with the Yoast SEO plugin v16.8 - https:\/\/yoast.com\/wordpress\/plugins\/seo\/ -->\n<title>Ligne de finition Cefla TCF 404 - Machineries BST<\/title>\n<meta name=\"robots\" content=\"index, follow, max-snippet:-1, max-image-preview:large, max-video-preview:-1\" \/>\n<link rel=\"canonical\" href=\"https:\/\/machineriesbst.com\/en\/catalogue\/ligne-de-finition-cefla-tcf-404\/\" \/>\n<meta property=\"og:locale\" content=\"en_US\" \/>\n<meta property=\"og:type\" content=\"article\" \/>\n<meta property=\"og:title\" content=\"Ligne de finition Cefla TCF 404 - Machineries BST\" \/>\n<meta property=\"og:description\" content=\"Ligne de finition Cefla TCF 404: Cefla FV4 \/ 3500\/133\/116 TCF 404 Four de s\u00e9chage. Traiter la chaleur de vapeur fournie. 3 chambres avec commandes de temp\u00e9rature num\u00e9riques ind\u00e9pendantes, multi-niveaux avec carrousel verical \u00e0 cha\u00eene. S \/ N: 06010\/60. Convoyeur de transfert Cefla TRC 2500 \/ TC \/ TX TCF 404. Type de rouleau de [&hellip;]\" \/>\n<meta property=\"og:url\" content=\"https:\/\/machineriesbst.com\/en\/catalogue\/ligne-de-finition-cefla-tcf-404\/\" \/>\n<meta property=\"og:site_name\" content=\"Machineries BST\" \/>\n<meta property=\"article:modified_time\" content=\"2023-12-01T01:24:14+00:00\" \/>\n<meta property=\"og:image\" content=\"https:\/\/machineriesbst.com\/wp-content\/uploads\/2021\/05\/cefla-tcf-404-finishing-line0gZlEG-500x500-1.jpg\" \/>\n\t<meta property=\"og:image:width\" content=\"500\" \/>\n\t<meta property=\"og:image:height\" content=\"500\" \/>\n<meta name=\"twitter:card\" content=\"summary_large_image\" \/>\n<meta name=\"twitter:label1\" content=\"Est. reading time\" \/>\n\t<meta name=\"twitter:data1\" content=\"2 minutes\" \/>\n<script type=\"application\/ld+json\" class=\"yoast-schema-graph\">{\"@context\":\"https:\/\/schema.org\",\"@graph\":[{\"@type\":\"WebSite\",\"@id\":\"https:\/\/machineriesbst.com\/en\/#website\",\"url\":\"https:\/\/machineriesbst.com\/en\/\",\"name\":\"Machineries BST\",\"description\":\"Machines neuves &amp; usag\\u00e9es\",\"potentialAction\":[{\"@type\":\"SearchAction\",\"target\":{\"@type\":\"EntryPoint\",\"urlTemplate\":\"https:\/\/machineriesbst.com\/en\/?s={search_term_string}\"},\"query-input\":\"required name=search_term_string\"}],\"inLanguage\":\"en-US\"},{\"@type\":\"ImageObject\",\"@id\":\"https:\/\/machineriesbst.com\/en\/catalogue\/ligne-de-finition-cefla-tcf-404\/#primaryimage\",\"inLanguage\":\"en-US\",\"url\":\"https:\/\/machineriesbst.com\/wp-content\/uploads\/2021\/05\/cefla-tcf-404-finishing-line0gZlEG-500x500-1.jpg\",\"contentUrl\":\"https:\/\/machineriesbst.com\/wp-content\/uploads\/2021\/05\/cefla-tcf-404-finishing-line0gZlEG-500x500-1.jpg\",\"width\":500,\"height\":500},{\"@type\":\"WebPage\",\"@id\":\"https:\/\/machineriesbst.com\/en\/catalogue\/ligne-de-finition-cefla-tcf-404\/#webpage\",\"url\":\"https:\/\/machineriesbst.com\/en\/catalogue\/ligne-de-finition-cefla-tcf-404\/\",\"name\":\"Ligne de finition Cefla TCF 404 - Machineries BST\",\"isPartOf\":{\"@id\":\"https:\/\/machineriesbst.com\/en\/#website\"},\"primaryImageOfPage\":{\"@id\":\"https:\/\/machineriesbst.com\/en\/catalogue\/ligne-de-finition-cefla-tcf-404\/#primaryimage\"},\"datePublished\":\"2021-06-08T13:42:35+00:00\",\"dateModified\":\"2023-12-01T01:24:14+00:00\",\"breadcrumb\":{\"@id\":\"https:\/\/machineriesbst.com\/en\/catalogue\/ligne-de-finition-cefla-tcf-404\/#breadcrumb\"},\"inLanguage\":\"en-US\",\"potentialAction\":[{\"@type\":\"ReadAction\",\"target\":[\"https:\/\/machineriesbst.com\/en\/catalogue\/ligne-de-finition-cefla-tcf-404\/\"]}]},{\"@type\":\"BreadcrumbList\",\"@id\":\"https:\/\/machineriesbst.com\/en\/catalogue\/ligne-de-finition-cefla-tcf-404\/#breadcrumb\",\"itemListElement\":[{\"@type\":\"ListItem\",\"position\":1,\"name\":\"Accueil\",\"item\":\"https:\/\/machineriesbst.com\/en\/\"},{\"@type\":\"ListItem\",\"position\":2,\"name\":\"Catalogue\",\"item\":\"https:\/\/machineriesbst.com\/en\/catalog\/\"},{\"@type\":\"ListItem\",\"position\":3,\"name\":\"Ligne de finition Cefla TCF 404\"}]}]}<\/script>\n<!-- \/ Yoast SEO plugin. -->","yoast_head_json":{"title":"Ligne de finition Cefla TCF 404 - Machineries BST","robots":{"index":"index","follow":"follow","max-snippet":"max-snippet:-1","max-image-preview":"max-image-preview:large","max-video-preview":"max-video-preview:-1"},"canonical":"https:\/\/machineriesbst.com\/en\/catalogue\/ligne-de-finition-cefla-tcf-404\/","og_locale":"en_US","og_type":"article","og_title":"Ligne de finition Cefla TCF 404 - Machineries BST","og_description":"Ligne de finition Cefla TCF 404: Cefla FV4 \/ 3500\/133\/116 TCF 404 Four de s\u00e9chage. Traiter la chaleur de vapeur fournie. 3 chambres avec commandes de temp\u00e9rature num\u00e9riques ind\u00e9pendantes, multi-niveaux avec carrousel verical \u00e0 cha\u00eene. S \/ N: 06010\/60. Convoyeur de transfert Cefla TRC 2500 \/ TC \/ TX TCF 404. Type de rouleau de [&hellip;]","og_url":"https:\/\/machineriesbst.com\/en\/catalogue\/ligne-de-finition-cefla-tcf-404\/","og_site_name":"Machineries BST","article_modified_time":"2023-12-01T01:24:14+00:00","og_image":[{"width":500,"height":500,"url":"https:\/\/machineriesbst.com\/wp-content\/uploads\/2021\/05\/cefla-tcf-404-finishing-line0gZlEG-500x500-1.jpg","path":"\/home\/jepeto\/public_html\/wp-content\/uploads\/2021\/05\/cefla-tcf-404-finishing-line0gZlEG-500x500-1.jpg","size":"full","id":51241,"alt":"","pixels":250000,"type":"image\/jpeg"}],"twitter_card":"summary_large_image","twitter_misc":{"Est. reading time":"2 minutes"},"schema":{"@context":"https:\/\/schema.org","@graph":[{"@type":"WebSite","@id":"https:\/\/machineriesbst.com\/en\/#website","url":"https:\/\/machineriesbst.com\/en\/","name":"Machineries BST","description":"Machines neuves &amp; usag\u00e9es","potentialAction":[{"@type":"SearchAction","target":{"@type":"EntryPoint","urlTemplate":"https:\/\/machineriesbst.com\/en\/?s={search_term_string}"},"query-input":"required name=search_term_string"}],"inLanguage":"en-US"},{"@type":"ImageObject","@id":"https:\/\/machineriesbst.com\/en\/catalogue\/ligne-de-finition-cefla-tcf-404\/#primaryimage","inLanguage":"en-US","url":"https:\/\/machineriesbst.com\/wp-content\/uploads\/2021\/05\/cefla-tcf-404-finishing-line0gZlEG-500x500-1.jpg","contentUrl":"https:\/\/machineriesbst.com\/wp-content\/uploads\/2021\/05\/cefla-tcf-404-finishing-line0gZlEG-500x500-1.jpg","width":500,"height":500},{"@type":"WebPage","@id":"https:\/\/machineriesbst.com\/en\/catalogue\/ligne-de-finition-cefla-tcf-404\/#webpage","url":"https:\/\/machineriesbst.com\/en\/catalogue\/ligne-de-finition-cefla-tcf-404\/","name":"Ligne de finition Cefla TCF 404 - Machineries BST","isPartOf":{"@id":"https:\/\/machineriesbst.com\/en\/#website"},"primaryImageOfPage":{"@id":"https:\/\/machineriesbst.com\/en\/catalogue\/ligne-de-finition-cefla-tcf-404\/#primaryimage"},"datePublished":"2021-06-08T13:42:35+00:00","dateModified":"2023-12-01T01:24:14+00:00","breadcrumb":{"@id":"https:\/\/machineriesbst.com\/en\/catalogue\/ligne-de-finition-cefla-tcf-404\/#breadcrumb"},"inLanguage":"en-US","potentialAction":[{"@type":"ReadAction","target":["https:\/\/machineriesbst.com\/en\/catalogue\/ligne-de-finition-cefla-tcf-404\/"]}]},{"@type":"BreadcrumbList","@id":"https:\/\/machineriesbst.com\/en\/catalogue\/ligne-de-finition-cefla-tcf-404\/#breadcrumb","itemListElement":[{"@type":"ListItem","position":1,"name":"Accueil","item":"https:\/\/machineriesbst.com\/en\/"},{"@type":"ListItem","position":2,"name":"Catalogue","item":"https:\/\/machineriesbst.com\/en\/catalog\/"},{"@type":"ListItem","position":3,"name":"Ligne de finition Cefla TCF 404"}]}]}},"_links":{"self":[{"href":"https:\/\/machineriesbst.com\/en\/wp-json\/wp\/v2\/product\/57973"}],"collection":[{"href":"https:\/\/machineriesbst.com\/en\/wp-json\/wp\/v2\/product"}],"about":[{"href":"https:\/\/machineriesbst.com\/en\/wp-json\/wp\/v2\/types\/product"}],"author":[{"embeddable":true,"href":"https:\/\/machineriesbst.com\/en\/wp-json\/wp\/v2\/users\/3"}],"replies":[{"embeddable":true,"href":"https:\/\/machineriesbst.com\/en\/wp-json\/wp\/v2\/comments?post=57973"}],"wp:featuredmedia":[{"embeddable":true,"href":"https:\/\/machineriesbst.com\/en\/wp-json\/wp\/v2\/media\/51241"}],"wp:attachment":[{"href":"https:\/\/machineriesbst.com\/en\/wp-json\/wp\/v2\/media?parent=57973"}],"wp:term":[{"taxonomy":"product_cat","embeddable":true,"href":"https:\/\/machineriesbst.com\/en\/wp-json\/wp\/v2\/product_cat?post=57973"},{"taxonomy":"product_tag","embeddable":true,"href":"https:\/\/machineriesbst.com\/en\/wp-json\/wp\/v2\/product_tag?post=57973"}],"curies":[{"name":"wp","href":"https:\/\/api.w.org\/{rel}","templated":true}]}}