{"id":57948,"date":"2021-06-08T09:42:07","date_gmt":"2021-06-08T13:42:07","guid":{"rendered":"https:\/\/machineriesbst.com\/?post_type=product&#038;p=57948"},"modified":"2023-11-30T20:24:15","modified_gmt":"2023-12-01T01:24:15","slug":"ecorceur-nicholson-a5-de-17-1993","status":"publish","type":"product","link":"https:\/\/machineriesbst.com\/en\/catalogue\/ecorceur-nicholson-a5-de-17-1993\/","title":{"rendered":"1993 Nicholson A5 17 &#39;&#39; Debarker"},"content":{"rendered":"<p>Nicholson ring debarker model # A5 (1993) 17 &#39;&#39; capacity, Air Seal.<\/p>\n<p>New Brunswick. Loading not included.<\/p>","protected":false},"excerpt":{"rendered":"<p>Nicholson ring debarker model # A5 (1993) 17&#39;&#39; capacity, Air Seal. New Brunswick. Loading not included.<\/p>","protected":false},"author":3,"featured_media":51147,"comment_status":"open","ping_status":"closed","template":"","meta":[],"product_cat":[1801],"product_tag":[],"acf":[],"yoast_head":"<!-- This site is optimized with the Yoast SEO plugin v16.8 - https:\/\/yoast.com\/wordpress\/plugins\/seo\/ -->\n<title>\u00c9corceur Nicholson A5 de 17&#039;&#039; 1993 - Machineries BST<\/title>\n<meta name=\"robots\" content=\"index, follow, max-snippet:-1, max-image-preview:large, max-video-preview:-1\" \/>\n<link rel=\"canonical\" href=\"https:\/\/machineriesbst.com\/en\/catalogue\/ecorceur-nicholson-a5-de-17-1993\/\" \/>\n<meta property=\"og:locale\" content=\"en_US\" \/>\n<meta property=\"og:type\" content=\"article\" \/>\n<meta property=\"og:title\" content=\"\u00c9corceur Nicholson A5 de 17&#039;&#039; 1993 - Machineries BST\" \/>\n<meta property=\"og:description\" content=\"\u00c9corceur Nicholson \u00e0 anneaux mod\u00e8le # A5 (1993) 17&#039;&#039; de capacit\u00e9, Air Seal. Nouveau-Brunswick .\u00a0 Chargement non inclus.\" \/>\n<meta property=\"og:url\" content=\"https:\/\/machineriesbst.com\/en\/catalogue\/ecorceur-nicholson-a5-de-17-1993\/\" \/>\n<meta property=\"og:site_name\" content=\"Machineries BST\" \/>\n<meta property=\"article:modified_time\" content=\"2023-12-01T01:24:15+00:00\" \/>\n<meta property=\"og:image\" content=\"https:\/\/machineriesbst.com\/wp-content\/uploads\/2021\/05\/3997a.jpg\" \/>\n\t<meta property=\"og:image:width\" content=\"1280\" \/>\n\t<meta property=\"og:image:height\" content=\"853\" \/>\n<meta name=\"twitter:card\" content=\"summary_large_image\" \/>\n<script type=\"application\/ld+json\" class=\"yoast-schema-graph\">{\"@context\":\"https:\/\/schema.org\",\"@graph\":[{\"@type\":\"WebSite\",\"@id\":\"https:\/\/machineriesbst.com\/en\/#website\",\"url\":\"https:\/\/machineriesbst.com\/en\/\",\"name\":\"Machineries BST\",\"description\":\"Machines neuves &amp; usag\\u00e9es\",\"potentialAction\":[{\"@type\":\"SearchAction\",\"target\":{\"@type\":\"EntryPoint\",\"urlTemplate\":\"https:\/\/machineriesbst.com\/en\/?s={search_term_string}\"},\"query-input\":\"required name=search_term_string\"}],\"inLanguage\":\"en-US\"},{\"@type\":\"ImageObject\",\"@id\":\"https:\/\/machineriesbst.com\/en\/catalogue\/ecorceur-nicholson-a5-de-17-1993\/#primaryimage\",\"inLanguage\":\"en-US\",\"url\":\"https:\/\/machineriesbst.com\/wp-content\/uploads\/2021\/05\/3997a.jpg\",\"contentUrl\":\"https:\/\/machineriesbst.com\/wp-content\/uploads\/2021\/05\/3997a.jpg\",\"width\":1280,\"height\":853},{\"@type\":\"WebPage\",\"@id\":\"https:\/\/machineriesbst.com\/en\/catalogue\/ecorceur-nicholson-a5-de-17-1993\/#webpage\",\"url\":\"https:\/\/machineriesbst.com\/en\/catalogue\/ecorceur-nicholson-a5-de-17-1993\/\",\"name\":\"\\u00c9corceur Nicholson A5 de 17'' 1993 - Machineries BST\",\"isPartOf\":{\"@id\":\"https:\/\/machineriesbst.com\/en\/#website\"},\"primaryImageOfPage\":{\"@id\":\"https:\/\/machineriesbst.com\/en\/catalogue\/ecorceur-nicholson-a5-de-17-1993\/#primaryimage\"},\"datePublished\":\"2021-06-08T13:42:07+00:00\",\"dateModified\":\"2023-12-01T01:24:15+00:00\",\"breadcrumb\":{\"@id\":\"https:\/\/machineriesbst.com\/en\/catalogue\/ecorceur-nicholson-a5-de-17-1993\/#breadcrumb\"},\"inLanguage\":\"en-US\",\"potentialAction\":[{\"@type\":\"ReadAction\",\"target\":[\"https:\/\/machineriesbst.com\/en\/catalogue\/ecorceur-nicholson-a5-de-17-1993\/\"]}]},{\"@type\":\"BreadcrumbList\",\"@id\":\"https:\/\/machineriesbst.com\/en\/catalogue\/ecorceur-nicholson-a5-de-17-1993\/#breadcrumb\",\"itemListElement\":[{\"@type\":\"ListItem\",\"position\":1,\"name\":\"Accueil\",\"item\":\"https:\/\/machineriesbst.com\/en\/\"},{\"@type\":\"ListItem\",\"position\":2,\"name\":\"Catalogue\",\"item\":\"https:\/\/machineriesbst.com\/en\/catalog\/\"},{\"@type\":\"ListItem\",\"position\":3,\"name\":\"\\u00c9corceur Nicholson A5 de 17'' 1993\"}]}]}<\/script>\n<!-- \/ Yoast SEO plugin. -->","yoast_head_json":{"title":"\u00c9corceur Nicholson A5 de 17'' 1993 - Machineries BST","robots":{"index":"index","follow":"follow","max-snippet":"max-snippet:-1","max-image-preview":"max-image-preview:large","max-video-preview":"max-video-preview:-1"},"canonical":"https:\/\/machineriesbst.com\/en\/catalogue\/ecorceur-nicholson-a5-de-17-1993\/","og_locale":"en_US","og_type":"article","og_title":"\u00c9corceur Nicholson A5 de 17'' 1993 - Machineries BST","og_description":"\u00c9corceur Nicholson \u00e0 anneaux mod\u00e8le # A5 (1993) 17'' de capacit\u00e9, Air Seal. Nouveau-Brunswick .\u00a0 Chargement non inclus.","og_url":"https:\/\/machineriesbst.com\/en\/catalogue\/ecorceur-nicholson-a5-de-17-1993\/","og_site_name":"Machineries BST","article_modified_time":"2023-12-01T01:24:15+00:00","og_image":[{"width":1280,"height":853,"url":"https:\/\/machineriesbst.com\/wp-content\/uploads\/2021\/05\/3997a.jpg","path":"\/home\/jepeto\/public_html\/wp-content\/uploads\/2021\/05\/3997a.jpg","size":"full","id":51147,"alt":"","pixels":1091840,"type":"image\/jpeg"}],"twitter_card":"summary_large_image","schema":{"@context":"https:\/\/schema.org","@graph":[{"@type":"WebSite","@id":"https:\/\/machineriesbst.com\/en\/#website","url":"https:\/\/machineriesbst.com\/en\/","name":"Machineries BST","description":"Machines neuves &amp; usag\u00e9es","potentialAction":[{"@type":"SearchAction","target":{"@type":"EntryPoint","urlTemplate":"https:\/\/machineriesbst.com\/en\/?s={search_term_string}"},"query-input":"required name=search_term_string"}],"inLanguage":"en-US"},{"@type":"ImageObject","@id":"https:\/\/machineriesbst.com\/en\/catalogue\/ecorceur-nicholson-a5-de-17-1993\/#primaryimage","inLanguage":"en-US","url":"https:\/\/machineriesbst.com\/wp-content\/uploads\/2021\/05\/3997a.jpg","contentUrl":"https:\/\/machineriesbst.com\/wp-content\/uploads\/2021\/05\/3997a.jpg","width":1280,"height":853},{"@type":"WebPage","@id":"https:\/\/machineriesbst.com\/en\/catalogue\/ecorceur-nicholson-a5-de-17-1993\/#webpage","url":"https:\/\/machineriesbst.com\/en\/catalogue\/ecorceur-nicholson-a5-de-17-1993\/","name":"\u00c9corceur Nicholson A5 de 17'' 1993 - Machineries BST","isPartOf":{"@id":"https:\/\/machineriesbst.com\/en\/#website"},"primaryImageOfPage":{"@id":"https:\/\/machineriesbst.com\/en\/catalogue\/ecorceur-nicholson-a5-de-17-1993\/#primaryimage"},"datePublished":"2021-06-08T13:42:07+00:00","dateModified":"2023-12-01T01:24:15+00:00","breadcrumb":{"@id":"https:\/\/machineriesbst.com\/en\/catalogue\/ecorceur-nicholson-a5-de-17-1993\/#breadcrumb"},"inLanguage":"en-US","potentialAction":[{"@type":"ReadAction","target":["https:\/\/machineriesbst.com\/en\/catalogue\/ecorceur-nicholson-a5-de-17-1993\/"]}]},{"@type":"BreadcrumbList","@id":"https:\/\/machineriesbst.com\/en\/catalogue\/ecorceur-nicholson-a5-de-17-1993\/#breadcrumb","itemListElement":[{"@type":"ListItem","position":1,"name":"Accueil","item":"https:\/\/machineriesbst.com\/en\/"},{"@type":"ListItem","position":2,"name":"Catalogue","item":"https:\/\/machineriesbst.com\/en\/catalog\/"},{"@type":"ListItem","position":3,"name":"\u00c9corceur Nicholson A5 de 17'' 1993"}]}]}},"_links":{"self":[{"href":"https:\/\/machineriesbst.com\/en\/wp-json\/wp\/v2\/product\/57948"}],"collection":[{"href":"https:\/\/machineriesbst.com\/en\/wp-json\/wp\/v2\/product"}],"about":[{"href":"https:\/\/machineriesbst.com\/en\/wp-json\/wp\/v2\/types\/product"}],"author":[{"embeddable":true,"href":"https:\/\/machineriesbst.com\/en\/wp-json\/wp\/v2\/users\/3"}],"replies":[{"embeddable":true,"href":"https:\/\/machineriesbst.com\/en\/wp-json\/wp\/v2\/comments?post=57948"}],"wp:featuredmedia":[{"embeddable":true,"href":"https:\/\/machineriesbst.com\/en\/wp-json\/wp\/v2\/media\/51147"}],"wp:attachment":[{"href":"https:\/\/machineriesbst.com\/en\/wp-json\/wp\/v2\/media?parent=57948"}],"wp:term":[{"taxonomy":"product_cat","embeddable":true,"href":"https:\/\/machineriesbst.com\/en\/wp-json\/wp\/v2\/product_cat?post=57948"},{"taxonomy":"product_tag","embeddable":true,"href":"https:\/\/machineriesbst.com\/en\/wp-json\/wp\/v2\/product_tag?post=57948"}],"curies":[{"name":"wp","href":"https:\/\/api.w.org\/{rel}","templated":true}]}}